{"id":1008,"date":"2019-08-19T16:50:50","date_gmt":"2019-08-19T14:50:50","guid":{"rendered":"http:\/\/dhr.se\/ale\/?page_id=1008"},"modified":"2021-02-18T11:16:27","modified_gmt":"2021-02-18T10:16:27","slug":"kalender","status":"publish","type":"page","link":"https:\/\/dhr.se\/ale\/kalender\/","title":{"rendered":"Kalendarium"},"content":{"rendered":"<section class=\"block-simple-title\" >\n    <div class=\"main\">\n        <div class=\"main-inner\">\n            <h1>Kalendarium<\/h1>\n        <\/div>\n    <\/div>\n<\/section>\n\n<section class=\"block-chosen-events\">\n    <div class=\"main\">\n        <div class=\"main-inner\">\n            <div class=\"title\">\n                <h2>P\u00c5G\u00c5R UNDER EN L\u00c4NGRE TID<\/h2>\n            <\/div>\n            <div class=\"flex-container\">\n\n                \n            <\/div>\n        <\/div>\n    <\/div>\n<\/section>\n\n<section class=\"block-chosen-events\">\n    <div class=\"main\">\n        <div class=\"main-inner\">\n            <div class=\"title\">\n                <h2>Februari<\/h2>\n            <\/div>\n            <div class=\"flex-container\">\n\n                \n            <\/div>\n        <\/div>\n    <\/div>\n<\/section>\n\n<section class=\"block-chosen-events\">\n    <div class=\"main\">\n        <div class=\"main-inner\">\n            <div class=\"title\">\n                <h2>Mars<\/h2>\n            <\/div>\n            <div class=\"flex-container\">\n\n                \n            <\/div>\n        <\/div>\n    <\/div>\n<\/section>","protected":false},"excerpt":{"rendered":"","protected":false},"author":20,"featured_media":0,"parent":0,"menu_order":0,"comment_status":"closed","ping_status":"closed","template":"","meta":{"_acf_changed":false,"_monsterinsights_skip_tracking":false,"_monsterinsights_sitenote_active":false,"_monsterinsights_sitenote_note":"","_monsterinsights_sitenote_category":0,"footnotes":""},"class_list":["post-1008","page","type-page","status-publish","hentry"],"acf":[],"yoast_head":"<!-- This site is optimized with the Yoast SEO plugin v27.2 - https:\/\/yoast.com\/product\/yoast-seo-wordpress\/ -->\n<title>Kalendarium - DHR - Ale<\/title>\n<meta name=\"robots\" content=\"index, follow, max-snippet:-1, max-image-preview:large, max-video-preview:-1\" \/>\n<link rel=\"canonical\" href=\"https:\/\/dhr.se\/ale\/kalender\/\" \/>\n<meta property=\"og:locale\" content=\"sv_SE\" \/>\n<meta property=\"og:type\" content=\"article\" \/>\n<meta property=\"og:title\" content=\"Kalendarium - DHR - Ale\" \/>\n<meta property=\"og:url\" content=\"https:\/\/dhr.se\/ale\/kalender\/\" \/>\n<meta property=\"og:site_name\" content=\"DHR - Ale\" \/>\n<meta property=\"article:modified_time\" content=\"2021-02-18T10:16:27+00:00\" \/>\n<meta name=\"twitter:card\" content=\"summary_large_image\" \/>\n<script type=\"application\/ld+json\" class=\"yoast-schema-graph\">{\"@context\":\"https:\/\/schema.org\",\"@graph\":[{\"@type\":\"WebPage\",\"@id\":\"https:\/\/dhr.se\/ale\/kalender\/\",\"url\":\"https:\/\/dhr.se\/ale\/kalender\/\",\"name\":\"Kalendarium - DHR - Ale\",\"isPartOf\":{\"@id\":\"https:\/\/dhr.se\/ale\/#website\"},\"datePublished\":\"2019-08-19T14:50:50+00:00\",\"dateModified\":\"2021-02-18T10:16:27+00:00\",\"breadcrumb\":{\"@id\":\"https:\/\/dhr.se\/ale\/kalender\/#breadcrumb\"},\"inLanguage\":\"sv-SE\",\"potentialAction\":[{\"@type\":\"ReadAction\",\"target\":[\"https:\/\/dhr.se\/ale\/kalender\/\"]}]},{\"@type\":\"BreadcrumbList\",\"@id\":\"https:\/\/dhr.se\/ale\/kalender\/#breadcrumb\",\"itemListElement\":[{\"@type\":\"ListItem\",\"position\":1,\"name\":\"Hem\",\"item\":\"https:\/\/dhr.se\/ale\/\"},{\"@type\":\"ListItem\",\"position\":2,\"name\":\"Kalendarium\"}]},{\"@type\":\"WebSite\",\"@id\":\"https:\/\/dhr.se\/ale\/#website\",\"url\":\"https:\/\/dhr.se\/ale\/\",\"name\":\"DHR - Ale\",\"description\":\"Delaktighet, r\u00f6relsefrihet och handlingskraft\",\"potentialAction\":[{\"@type\":\"SearchAction\",\"target\":{\"@type\":\"EntryPoint\",\"urlTemplate\":\"https:\/\/dhr.se\/ale\/?s={search_term_string}\"},\"query-input\":{\"@type\":\"PropertyValueSpecification\",\"valueRequired\":true,\"valueName\":\"search_term_string\"}}],\"inLanguage\":\"sv-SE\"}]}<\/script>\n<!-- \/ Yoast SEO plugin. -->","yoast_head_json":{"title":"Kalendarium - DHR - Ale","robots":{"index":"index","follow":"follow","max-snippet":"max-snippet:-1","max-image-preview":"max-image-preview:large","max-video-preview":"max-video-preview:-1"},"canonical":"https:\/\/dhr.se\/ale\/kalender\/","og_locale":"sv_SE","og_type":"article","og_title":"Kalendarium - DHR - Ale","og_url":"https:\/\/dhr.se\/ale\/kalender\/","og_site_name":"DHR - Ale","article_modified_time":"2021-02-18T10:16:27+00:00","twitter_card":"summary_large_image","schema":{"@context":"https:\/\/schema.org","@graph":[{"@type":"WebPage","@id":"https:\/\/dhr.se\/ale\/kalender\/","url":"https:\/\/dhr.se\/ale\/kalender\/","name":"Kalendarium - DHR - Ale","isPartOf":{"@id":"https:\/\/dhr.se\/ale\/#website"},"datePublished":"2019-08-19T14:50:50+00:00","dateModified":"2021-02-18T10:16:27+00:00","breadcrumb":{"@id":"https:\/\/dhr.se\/ale\/kalender\/#breadcrumb"},"inLanguage":"sv-SE","potentialAction":[{"@type":"ReadAction","target":["https:\/\/dhr.se\/ale\/kalender\/"]}]},{"@type":"BreadcrumbList","@id":"https:\/\/dhr.se\/ale\/kalender\/#breadcrumb","itemListElement":[{"@type":"ListItem","position":1,"name":"Hem","item":"https:\/\/dhr.se\/ale\/"},{"@type":"ListItem","position":2,"name":"Kalendarium"}]},{"@type":"WebSite","@id":"https:\/\/dhr.se\/ale\/#website","url":"https:\/\/dhr.se\/ale\/","name":"DHR - Ale","description":"Delaktighet, r\u00f6relsefrihet och handlingskraft","potentialAction":[{"@type":"SearchAction","target":{"@type":"EntryPoint","urlTemplate":"https:\/\/dhr.se\/ale\/?s={search_term_string}"},"query-input":{"@type":"PropertyValueSpecification","valueRequired":true,"valueName":"search_term_string"}}],"inLanguage":"sv-SE"}]}},"publishpress_future_action":{"enabled":false,"date":"2026-04-25 09:44:39","action":"change-status","newStatus":"draft","terms":[],"taxonomy":"translation_priority","extraData":[]},"publishpress_future_workflow_manual_trigger":{"enabledWorkflows":[]},"_links":{"self":[{"href":"https:\/\/dhr.se\/ale\/wp-json\/wp\/v2\/pages\/1008","targetHints":{"allow":["GET"]}}],"collection":[{"href":"https:\/\/dhr.se\/ale\/wp-json\/wp\/v2\/pages"}],"about":[{"href":"https:\/\/dhr.se\/ale\/wp-json\/wp\/v2\/types\/page"}],"author":[{"embeddable":true,"href":"https:\/\/dhr.se\/ale\/wp-json\/wp\/v2\/users\/20"}],"replies":[{"embeddable":true,"href":"https:\/\/dhr.se\/ale\/wp-json\/wp\/v2\/comments?post=1008"}],"version-history":[{"count":0,"href":"https:\/\/dhr.se\/ale\/wp-json\/wp\/v2\/pages\/1008\/revisions"}],"wp:attachment":[{"href":"https:\/\/dhr.se\/ale\/wp-json\/wp\/v2\/media?parent=1008"}],"curies":[{"name":"wp","href":"https:\/\/api.w.org\/{rel}","templated":true}]}}