{"id":1549,"date":"2019-10-12T15:55:08","date_gmt":"2019-10-12T13:55:08","guid":{"rendered":"http:\/\/dhr.se\/ale\/?page_id=1549"},"modified":"2020-09-16T15:08:53","modified_gmt":"2020-09-16T13:08:53","slug":"bvc","status":"publish","type":"page","link":"https:\/\/dhr.se\/ale\/bvc\/","title":{"rendered":"F\u00e4rdtj\u00e4nst"},"content":{"rendered":"<section class=\"block-simple-text\">\n    <div class=\"main\">\n        <div class=\"main-inner\">\n            <div class=\"ingress text-darker\"><p>F\u00e4rdtj\u00e4nst \u00e4r en del av kollektivtrafiken och \u00e4r till f\u00f6r personer som har v\u00e4sentliga sv\u00e5righeter att ta sig till eller \u00e5ka med den allm\u00e4nna kollektivtrafiken. Reglerna f\u00f6r f\u00e4rdtj\u00e4nst finns i f\u00e4rdtj\u00e4nstlagen som \u00e4r en trafiklag.<\/p>\n<p>Ordf\u00f6rande <a href=\"mailto:ale@dhr.se\">Gunilla Wallengren<\/a> \u00e4r den du ska kontakta om du \u00e4r intresserad av fr\u00e5gor kring F\u00e4rdtj\u00e4nst och Riksf\u00e4rdtj\u00e4nst<\/p>\n<\/div>\n            <div class=\"content\"><p><a href=\"http:\/\/dhr.se\/ale\/wp-content\/uploads\/sites\/18\/2020\/03\/f\u00e4rdtj\u00e4nst.jpg\"><img loading=\"lazy\" decoding=\"async\" class=\"alignnone size-large wp-image-1847\" src=\"http:\/\/dhr.se\/ale\/wp-content\/uploads\/sites\/18\/2020\/03\/f\u00e4rdtj\u00e4nst-1024x691.jpg\" alt=\"\" width=\"640\" height=\"432\" srcset=\"https:\/\/dhr.se\/ale\/wp-content\/uploads\/sites\/18\/2020\/03\/f\u00e4rdtj\u00e4nst-1024x691.jpg 1024w, https:\/\/dhr.se\/ale\/wp-content\/uploads\/sites\/18\/2020\/03\/f\u00e4rdtj\u00e4nst-300x202.jpg 300w, https:\/\/dhr.se\/ale\/wp-content\/uploads\/sites\/18\/2020\/03\/f\u00e4rdtj\u00e4nst-768x518.jpg 768w, https:\/\/dhr.se\/ale\/wp-content\/uploads\/sites\/18\/2020\/03\/f\u00e4rdtj\u00e4nst.jpg 1472w\" sizes=\"auto, (max-width: 640px) 100vw, 640px\" \/><\/a><\/p>\n<\/div>\n        <\/div>\n    <\/div>\n<\/section>","protected":false},"excerpt":{"rendered":"","protected":false},"author":20,"featured_media":0,"parent":0,"menu_order":0,"comment_status":"closed","ping_status":"closed","template":"template-side-menu.php","meta":{"_acf_changed":false,"_monsterinsights_skip_tracking":false,"_monsterinsights_sitenote_active":false,"_monsterinsights_sitenote_note":"","_monsterinsights_sitenote_category":0,"footnotes":""},"class_list":["post-1549","page","type-page","status-publish","hentry"],"acf":[],"yoast_head":"<!-- This site is optimized with the Yoast SEO plugin v27.2 - https:\/\/yoast.com\/product\/yoast-seo-wordpress\/ -->\n<title>F\u00e4rdtj\u00e4nst - DHR - Ale<\/title>\n<meta name=\"robots\" content=\"index, follow, max-snippet:-1, max-image-preview:large, max-video-preview:-1\" \/>\n<link rel=\"canonical\" href=\"https:\/\/dhr.se\/ale\/bvc\/\" \/>\n<meta property=\"og:locale\" content=\"sv_SE\" \/>\n<meta property=\"og:type\" content=\"article\" \/>\n<meta property=\"og:title\" content=\"F\u00e4rdtj\u00e4nst - DHR - Ale\" \/>\n<meta property=\"og:url\" content=\"https:\/\/dhr.se\/ale\/bvc\/\" \/>\n<meta property=\"og:site_name\" content=\"DHR - Ale\" \/>\n<meta property=\"article:modified_time\" content=\"2020-09-16T13:08:53+00:00\" \/>\n<meta name=\"twitter:card\" content=\"summary_large_image\" \/>\n<script type=\"application\/ld+json\" class=\"yoast-schema-graph\">{\"@context\":\"https:\/\/schema.org\",\"@graph\":[{\"@type\":\"WebPage\",\"@id\":\"https:\/\/dhr.se\/ale\/bvc\/\",\"url\":\"https:\/\/dhr.se\/ale\/bvc\/\",\"name\":\"F\u00e4rdtj\u00e4nst - DHR - Ale\",\"isPartOf\":{\"@id\":\"https:\/\/dhr.se\/ale\/#website\"},\"datePublished\":\"2019-10-12T13:55:08+00:00\",\"dateModified\":\"2020-09-16T13:08:53+00:00\",\"breadcrumb\":{\"@id\":\"https:\/\/dhr.se\/ale\/bvc\/#breadcrumb\"},\"inLanguage\":\"sv-SE\",\"potentialAction\":[{\"@type\":\"ReadAction\",\"target\":[\"https:\/\/dhr.se\/ale\/bvc\/\"]}]},{\"@type\":\"BreadcrumbList\",\"@id\":\"https:\/\/dhr.se\/ale\/bvc\/#breadcrumb\",\"itemListElement\":[{\"@type\":\"ListItem\",\"position\":1,\"name\":\"Hem\",\"item\":\"https:\/\/dhr.se\/ale\/\"},{\"@type\":\"ListItem\",\"position\":2,\"name\":\"F\u00e4rdtj\u00e4nst\"}]},{\"@type\":\"WebSite\",\"@id\":\"https:\/\/dhr.se\/ale\/#website\",\"url\":\"https:\/\/dhr.se\/ale\/\",\"name\":\"DHR - Ale\",\"description\":\"Delaktighet, r\u00f6relsefrihet och handlingskraft\",\"potentialAction\":[{\"@type\":\"SearchAction\",\"target\":{\"@type\":\"EntryPoint\",\"urlTemplate\":\"https:\/\/dhr.se\/ale\/?s={search_term_string}\"},\"query-input\":{\"@type\":\"PropertyValueSpecification\",\"valueRequired\":true,\"valueName\":\"search_term_string\"}}],\"inLanguage\":\"sv-SE\"}]}<\/script>\n<!-- \/ Yoast SEO plugin. -->","yoast_head_json":{"title":"F\u00e4rdtj\u00e4nst - DHR - Ale","robots":{"index":"index","follow":"follow","max-snippet":"max-snippet:-1","max-image-preview":"max-image-preview:large","max-video-preview":"max-video-preview:-1"},"canonical":"https:\/\/dhr.se\/ale\/bvc\/","og_locale":"sv_SE","og_type":"article","og_title":"F\u00e4rdtj\u00e4nst - DHR - Ale","og_url":"https:\/\/dhr.se\/ale\/bvc\/","og_site_name":"DHR - Ale","article_modified_time":"2020-09-16T13:08:53+00:00","twitter_card":"summary_large_image","schema":{"@context":"https:\/\/schema.org","@graph":[{"@type":"WebPage","@id":"https:\/\/dhr.se\/ale\/bvc\/","url":"https:\/\/dhr.se\/ale\/bvc\/","name":"F\u00e4rdtj\u00e4nst - DHR - Ale","isPartOf":{"@id":"https:\/\/dhr.se\/ale\/#website"},"datePublished":"2019-10-12T13:55:08+00:00","dateModified":"2020-09-16T13:08:53+00:00","breadcrumb":{"@id":"https:\/\/dhr.se\/ale\/bvc\/#breadcrumb"},"inLanguage":"sv-SE","potentialAction":[{"@type":"ReadAction","target":["https:\/\/dhr.se\/ale\/bvc\/"]}]},{"@type":"BreadcrumbList","@id":"https:\/\/dhr.se\/ale\/bvc\/#breadcrumb","itemListElement":[{"@type":"ListItem","position":1,"name":"Hem","item":"https:\/\/dhr.se\/ale\/"},{"@type":"ListItem","position":2,"name":"F\u00e4rdtj\u00e4nst"}]},{"@type":"WebSite","@id":"https:\/\/dhr.se\/ale\/#website","url":"https:\/\/dhr.se\/ale\/","name":"DHR - Ale","description":"Delaktighet, r\u00f6relsefrihet och handlingskraft","potentialAction":[{"@type":"SearchAction","target":{"@type":"EntryPoint","urlTemplate":"https:\/\/dhr.se\/ale\/?s={search_term_string}"},"query-input":{"@type":"PropertyValueSpecification","valueRequired":true,"valueName":"search_term_string"}}],"inLanguage":"sv-SE"}]}},"publishpress_future_action":{"enabled":false,"date":"2026-04-26 20:56:12","action":"change-status","newStatus":"draft","terms":[],"taxonomy":"translation_priority","extraData":[]},"publishpress_future_workflow_manual_trigger":{"enabledWorkflows":[]},"_links":{"self":[{"href":"https:\/\/dhr.se\/ale\/wp-json\/wp\/v2\/pages\/1549","targetHints":{"allow":["GET"]}}],"collection":[{"href":"https:\/\/dhr.se\/ale\/wp-json\/wp\/v2\/pages"}],"about":[{"href":"https:\/\/dhr.se\/ale\/wp-json\/wp\/v2\/types\/page"}],"author":[{"embeddable":true,"href":"https:\/\/dhr.se\/ale\/wp-json\/wp\/v2\/users\/20"}],"replies":[{"embeddable":true,"href":"https:\/\/dhr.se\/ale\/wp-json\/wp\/v2\/comments?post=1549"}],"version-history":[{"count":0,"href":"https:\/\/dhr.se\/ale\/wp-json\/wp\/v2\/pages\/1549\/revisions"}],"wp:attachment":[{"href":"https:\/\/dhr.se\/ale\/wp-json\/wp\/v2\/media?parent=1549"}],"curies":[{"name":"wp","href":"https:\/\/api.w.org\/{rel}","templated":true}]}}