{"id":1831,"date":"2020-03-19T12:16:05","date_gmt":"2020-03-19T11:16:05","guid":{"rendered":"http:\/\/dhr.se\/ale\/?page_id=1831"},"modified":"2020-03-19T12:16:11","modified_gmt":"2020-03-19T11:16:11","slug":"natverket-oppna-goteborg","status":"publish","type":"page","link":"https:\/\/dhr.se\/ale\/natverket-oppna-goteborg\/","title":{"rendered":"N\u00e4tverket \u00d6ppna G\u00f6teborg"},"content":{"rendered":"","protected":false},"excerpt":{"rendered":"","protected":false},"author":1,"featured_media":0,"parent":0,"menu_order":0,"comment_status":"closed","ping_status":"closed","template":"template-side-menu.php","meta":{"_acf_changed":false,"_monsterinsights_skip_tracking":false,"_monsterinsights_sitenote_active":false,"_monsterinsights_sitenote_note":"","_monsterinsights_sitenote_category":0,"footnotes":""},"class_list":["post-1831","page","type-page","status-publish","hentry"],"acf":[],"yoast_head":"<!-- This site is optimized with the Yoast SEO plugin v27.2 - https:\/\/yoast.com\/product\/yoast-seo-wordpress\/ -->\n<title>N\u00e4tverket \u00d6ppna G\u00f6teborg - DHR - Ale<\/title>\n<meta name=\"robots\" content=\"index, follow, max-snippet:-1, max-image-preview:large, max-video-preview:-1\" \/>\n<link rel=\"canonical\" href=\"https:\/\/dhr.se\/ale\/natverket-oppna-goteborg\/\" \/>\n<meta property=\"og:locale\" content=\"sv_SE\" \/>\n<meta property=\"og:type\" content=\"article\" \/>\n<meta property=\"og:title\" content=\"N\u00e4tverket \u00d6ppna G\u00f6teborg - DHR - Ale\" \/>\n<meta property=\"og:url\" content=\"https:\/\/dhr.se\/ale\/natverket-oppna-goteborg\/\" \/>\n<meta property=\"og:site_name\" content=\"DHR - Ale\" \/>\n<meta property=\"article:modified_time\" content=\"2020-03-19T11:16:11+00:00\" \/>\n<meta name=\"twitter:card\" content=\"summary_large_image\" \/>\n<script type=\"application\/ld+json\" class=\"yoast-schema-graph\">{\"@context\":\"https:\/\/schema.org\",\"@graph\":[{\"@type\":\"WebPage\",\"@id\":\"https:\/\/dhr.se\/ale\/natverket-oppna-goteborg\/\",\"url\":\"https:\/\/dhr.se\/ale\/natverket-oppna-goteborg\/\",\"name\":\"N\u00e4tverket \u00d6ppna G\u00f6teborg - DHR - Ale\",\"isPartOf\":{\"@id\":\"https:\/\/dhr.se\/ale\/#website\"},\"datePublished\":\"2020-03-19T11:16:05+00:00\",\"dateModified\":\"2020-03-19T11:16:11+00:00\",\"breadcrumb\":{\"@id\":\"https:\/\/dhr.se\/ale\/natverket-oppna-goteborg\/#breadcrumb\"},\"inLanguage\":\"sv-SE\",\"potentialAction\":[{\"@type\":\"ReadAction\",\"target\":[\"https:\/\/dhr.se\/ale\/natverket-oppna-goteborg\/\"]}]},{\"@type\":\"BreadcrumbList\",\"@id\":\"https:\/\/dhr.se\/ale\/natverket-oppna-goteborg\/#breadcrumb\",\"itemListElement\":[{\"@type\":\"ListItem\",\"position\":1,\"name\":\"Hem\",\"item\":\"https:\/\/dhr.se\/ale\/\"},{\"@type\":\"ListItem\",\"position\":2,\"name\":\"N\u00e4tverket \u00d6ppna G\u00f6teborg\"}]},{\"@type\":\"WebSite\",\"@id\":\"https:\/\/dhr.se\/ale\/#website\",\"url\":\"https:\/\/dhr.se\/ale\/\",\"name\":\"DHR - Ale\",\"description\":\"Delaktighet, r\u00f6relsefrihet och handlingskraft\",\"potentialAction\":[{\"@type\":\"SearchAction\",\"target\":{\"@type\":\"EntryPoint\",\"urlTemplate\":\"https:\/\/dhr.se\/ale\/?s={search_term_string}\"},\"query-input\":{\"@type\":\"PropertyValueSpecification\",\"valueRequired\":true,\"valueName\":\"search_term_string\"}}],\"inLanguage\":\"sv-SE\"}]}<\/script>\n<!-- \/ Yoast SEO plugin. -->","yoast_head_json":{"title":"N\u00e4tverket \u00d6ppna G\u00f6teborg - DHR - Ale","robots":{"index":"index","follow":"follow","max-snippet":"max-snippet:-1","max-image-preview":"max-image-preview:large","max-video-preview":"max-video-preview:-1"},"canonical":"https:\/\/dhr.se\/ale\/natverket-oppna-goteborg\/","og_locale":"sv_SE","og_type":"article","og_title":"N\u00e4tverket \u00d6ppna G\u00f6teborg - DHR - Ale","og_url":"https:\/\/dhr.se\/ale\/natverket-oppna-goteborg\/","og_site_name":"DHR - Ale","article_modified_time":"2020-03-19T11:16:11+00:00","twitter_card":"summary_large_image","schema":{"@context":"https:\/\/schema.org","@graph":[{"@type":"WebPage","@id":"https:\/\/dhr.se\/ale\/natverket-oppna-goteborg\/","url":"https:\/\/dhr.se\/ale\/natverket-oppna-goteborg\/","name":"N\u00e4tverket \u00d6ppna G\u00f6teborg - DHR - Ale","isPartOf":{"@id":"https:\/\/dhr.se\/ale\/#website"},"datePublished":"2020-03-19T11:16:05+00:00","dateModified":"2020-03-19T11:16:11+00:00","breadcrumb":{"@id":"https:\/\/dhr.se\/ale\/natverket-oppna-goteborg\/#breadcrumb"},"inLanguage":"sv-SE","potentialAction":[{"@type":"ReadAction","target":["https:\/\/dhr.se\/ale\/natverket-oppna-goteborg\/"]}]},{"@type":"BreadcrumbList","@id":"https:\/\/dhr.se\/ale\/natverket-oppna-goteborg\/#breadcrumb","itemListElement":[{"@type":"ListItem","position":1,"name":"Hem","item":"https:\/\/dhr.se\/ale\/"},{"@type":"ListItem","position":2,"name":"N\u00e4tverket \u00d6ppna G\u00f6teborg"}]},{"@type":"WebSite","@id":"https:\/\/dhr.se\/ale\/#website","url":"https:\/\/dhr.se\/ale\/","name":"DHR - Ale","description":"Delaktighet, r\u00f6relsefrihet och handlingskraft","potentialAction":[{"@type":"SearchAction","target":{"@type":"EntryPoint","urlTemplate":"https:\/\/dhr.se\/ale\/?s={search_term_string}"},"query-input":{"@type":"PropertyValueSpecification","valueRequired":true,"valueName":"search_term_string"}}],"inLanguage":"sv-SE"}]}},"publishpress_future_action":{"enabled":false,"date":"2026-04-27 18:05:32","action":"change-status","newStatus":"draft","terms":[],"taxonomy":"translation_priority","extraData":[]},"publishpress_future_workflow_manual_trigger":{"enabledWorkflows":[]},"_links":{"self":[{"href":"https:\/\/dhr.se\/ale\/wp-json\/wp\/v2\/pages\/1831","targetHints":{"allow":["GET"]}}],"collection":[{"href":"https:\/\/dhr.se\/ale\/wp-json\/wp\/v2\/pages"}],"about":[{"href":"https:\/\/dhr.se\/ale\/wp-json\/wp\/v2\/types\/page"}],"author":[{"embeddable":true,"href":"https:\/\/dhr.se\/ale\/wp-json\/wp\/v2\/users\/1"}],"replies":[{"embeddable":true,"href":"https:\/\/dhr.se\/ale\/wp-json\/wp\/v2\/comments?post=1831"}],"version-history":[{"count":0,"href":"https:\/\/dhr.se\/ale\/wp-json\/wp\/v2\/pages\/1831\/revisions"}],"wp:attachment":[{"href":"https:\/\/dhr.se\/ale\/wp-json\/wp\/v2\/media?parent=1831"}],"curies":[{"name":"wp","href":"https:\/\/api.w.org\/{rel}","templated":true}]}}