{"id":1834,"date":"2020-03-19T12:17:42","date_gmt":"2020-03-19T11:17:42","guid":{"rendered":"http:\/\/dhr.se\/ale\/?page_id=1834"},"modified":"2020-03-19T12:25:47","modified_gmt":"2020-03-19T11:25:47","slug":"tillganglighet","status":"publish","type":"page","link":"https:\/\/dhr.se\/ale\/tillganglighet\/","title":{"rendered":"Tillg\u00e4nglighet"},"content":{"rendered":"<section class=\"block-one-two\">\n    <div class=\"main\">\n        <div class=\"main-inner\">\n        <h2>Ett tillg\u00e4ngligt G\u00f6teborg<\/h2>\n\n            <div class=\"flex-container\">\n                <div class=\"col-small\">\n                    <div class=\"content\"><p>I filmen visar Robert en del av de problem man kan st\u00f6ta p\u00e5 n\u00e4r man \u00e5ker med kollektivtrafiken som anv\u00e4ndare av Permobil.<\/p>\n<\/div>\n                <\/div>\n                <div class=\"col-big\">\n                    <div class=\"content\"><\/div>\n                <\/div>\n            <\/div>\n            \n        <\/div>\n    <\/div>\n<\/section>","protected":false},"excerpt":{"rendered":"","protected":false},"author":1,"featured_media":0,"parent":0,"menu_order":0,"comment_status":"closed","ping_status":"closed","template":"template-side-menu.php","meta":{"_acf_changed":false,"_monsterinsights_skip_tracking":false,"_monsterinsights_sitenote_active":false,"_monsterinsights_sitenote_note":"","_monsterinsights_sitenote_category":0,"footnotes":""},"class_list":["post-1834","page","type-page","status-publish","hentry"],"acf":[],"yoast_head":"<!-- This site is optimized with the Yoast SEO plugin v27.2 - https:\/\/yoast.com\/product\/yoast-seo-wordpress\/ -->\n<title>Tillg\u00e4nglighet - DHR - Ale<\/title>\n<meta name=\"robots\" content=\"index, follow, max-snippet:-1, max-image-preview:large, max-video-preview:-1\" \/>\n<link rel=\"canonical\" href=\"https:\/\/dhr.se\/ale\/tillganglighet\/\" \/>\n<meta property=\"og:locale\" content=\"sv_SE\" \/>\n<meta property=\"og:type\" content=\"article\" \/>\n<meta property=\"og:title\" content=\"Tillg\u00e4nglighet - DHR - Ale\" \/>\n<meta property=\"og:url\" content=\"https:\/\/dhr.se\/ale\/tillganglighet\/\" \/>\n<meta property=\"og:site_name\" content=\"DHR - Ale\" \/>\n<meta property=\"article:modified_time\" content=\"2020-03-19T11:25:47+00:00\" \/>\n<meta name=\"twitter:card\" content=\"summary_large_image\" \/>\n<script type=\"application\/ld+json\" class=\"yoast-schema-graph\">{\"@context\":\"https:\/\/schema.org\",\"@graph\":[{\"@type\":\"WebPage\",\"@id\":\"https:\/\/dhr.se\/ale\/tillganglighet\/\",\"url\":\"https:\/\/dhr.se\/ale\/tillganglighet\/\",\"name\":\"Tillg\u00e4nglighet - DHR - Ale\",\"isPartOf\":{\"@id\":\"https:\/\/dhr.se\/ale\/#website\"},\"datePublished\":\"2020-03-19T11:17:42+00:00\",\"dateModified\":\"2020-03-19T11:25:47+00:00\",\"breadcrumb\":{\"@id\":\"https:\/\/dhr.se\/ale\/tillganglighet\/#breadcrumb\"},\"inLanguage\":\"sv-SE\",\"potentialAction\":[{\"@type\":\"ReadAction\",\"target\":[\"https:\/\/dhr.se\/ale\/tillganglighet\/\"]}]},{\"@type\":\"BreadcrumbList\",\"@id\":\"https:\/\/dhr.se\/ale\/tillganglighet\/#breadcrumb\",\"itemListElement\":[{\"@type\":\"ListItem\",\"position\":1,\"name\":\"Hem\",\"item\":\"https:\/\/dhr.se\/ale\/\"},{\"@type\":\"ListItem\",\"position\":2,\"name\":\"Tillg\u00e4nglighet\"}]},{\"@type\":\"WebSite\",\"@id\":\"https:\/\/dhr.se\/ale\/#website\",\"url\":\"https:\/\/dhr.se\/ale\/\",\"name\":\"DHR - Ale\",\"description\":\"Delaktighet, r\u00f6relsefrihet och handlingskraft\",\"potentialAction\":[{\"@type\":\"SearchAction\",\"target\":{\"@type\":\"EntryPoint\",\"urlTemplate\":\"https:\/\/dhr.se\/ale\/?s={search_term_string}\"},\"query-input\":{\"@type\":\"PropertyValueSpecification\",\"valueRequired\":true,\"valueName\":\"search_term_string\"}}],\"inLanguage\":\"sv-SE\"}]}<\/script>\n<!-- \/ Yoast SEO plugin. -->","yoast_head_json":{"title":"Tillg\u00e4nglighet - DHR - Ale","robots":{"index":"index","follow":"follow","max-snippet":"max-snippet:-1","max-image-preview":"max-image-preview:large","max-video-preview":"max-video-preview:-1"},"canonical":"https:\/\/dhr.se\/ale\/tillganglighet\/","og_locale":"sv_SE","og_type":"article","og_title":"Tillg\u00e4nglighet - DHR - Ale","og_url":"https:\/\/dhr.se\/ale\/tillganglighet\/","og_site_name":"DHR - Ale","article_modified_time":"2020-03-19T11:25:47+00:00","twitter_card":"summary_large_image","schema":{"@context":"https:\/\/schema.org","@graph":[{"@type":"WebPage","@id":"https:\/\/dhr.se\/ale\/tillganglighet\/","url":"https:\/\/dhr.se\/ale\/tillganglighet\/","name":"Tillg\u00e4nglighet - DHR - Ale","isPartOf":{"@id":"https:\/\/dhr.se\/ale\/#website"},"datePublished":"2020-03-19T11:17:42+00:00","dateModified":"2020-03-19T11:25:47+00:00","breadcrumb":{"@id":"https:\/\/dhr.se\/ale\/tillganglighet\/#breadcrumb"},"inLanguage":"sv-SE","potentialAction":[{"@type":"ReadAction","target":["https:\/\/dhr.se\/ale\/tillganglighet\/"]}]},{"@type":"BreadcrumbList","@id":"https:\/\/dhr.se\/ale\/tillganglighet\/#breadcrumb","itemListElement":[{"@type":"ListItem","position":1,"name":"Hem","item":"https:\/\/dhr.se\/ale\/"},{"@type":"ListItem","position":2,"name":"Tillg\u00e4nglighet"}]},{"@type":"WebSite","@id":"https:\/\/dhr.se\/ale\/#website","url":"https:\/\/dhr.se\/ale\/","name":"DHR - Ale","description":"Delaktighet, r\u00f6relsefrihet och handlingskraft","potentialAction":[{"@type":"SearchAction","target":{"@type":"EntryPoint","urlTemplate":"https:\/\/dhr.se\/ale\/?s={search_term_string}"},"query-input":{"@type":"PropertyValueSpecification","valueRequired":true,"valueName":"search_term_string"}}],"inLanguage":"sv-SE"}]}},"publishpress_future_action":{"enabled":false,"date":"2026-04-22 07:59:20","action":"change-status","newStatus":"draft","terms":[],"taxonomy":"translation_priority","extraData":[]},"publishpress_future_workflow_manual_trigger":{"enabledWorkflows":[]},"_links":{"self":[{"href":"https:\/\/dhr.se\/ale\/wp-json\/wp\/v2\/pages\/1834","targetHints":{"allow":["GET"]}}],"collection":[{"href":"https:\/\/dhr.se\/ale\/wp-json\/wp\/v2\/pages"}],"about":[{"href":"https:\/\/dhr.se\/ale\/wp-json\/wp\/v2\/types\/page"}],"author":[{"embeddable":true,"href":"https:\/\/dhr.se\/ale\/wp-json\/wp\/v2\/users\/1"}],"replies":[{"embeddable":true,"href":"https:\/\/dhr.se\/ale\/wp-json\/wp\/v2\/comments?post=1834"}],"version-history":[{"count":0,"href":"https:\/\/dhr.se\/ale\/wp-json\/wp\/v2\/pages\/1834\/revisions"}],"wp:attachment":[{"href":"https:\/\/dhr.se\/ale\/wp-json\/wp\/v2\/media?parent=1834"}],"curies":[{"name":"wp","href":"https:\/\/api.w.org\/{rel}","templated":true}]}}