{"id":2050,"date":"2020-09-16T15:59:35","date_gmt":"2020-09-16T13:59:35","guid":{"rendered":"http:\/\/dhr.se\/ale\/?page_id=2050"},"modified":"2020-09-16T16:01:44","modified_gmt":"2020-09-16T14:01:44","slug":"radet-for-funktionshinderfragor","status":"publish","type":"page","link":"https:\/\/dhr.se\/ale\/radet-for-funktionshinderfragor\/","title":{"rendered":"R\u00e5det f\u00f6r funktionshinderfr\u00e5gor"},"content":{"rendered":"<section class=\"block-simple-text\">\n    <div class=\"main\">\n        <div class=\"main-inner\">\n            <div class=\"ingress text-darker\"><p>R\u00e5det \u00e4r ett organ f\u00f6r \u00f6verl\u00e4ggningar, samr\u00e5d och \u00f6msesidig information mellan f\u00f6retr\u00e4dare f\u00f6r funktionshinderorganisationerna och ber\u00f6rda n\u00e4mnder\/kommunstyrelsen.<\/p>\n<p>DHR Ale representeras i r\u00e5det av Pia-Lotta Lagerl\u00f6f (v ordf) och Marianne Kristoffersen (kass\u00f6r). Vill du kontakta dem kan du g\u00f6ra det via <a href=\"mailto:ale@dhr.se\">ale@dhr.se<\/a><\/p>\n<\/div>\n            <div class=\"content\"><figure id=\"attachment_2010\" aria-describedby=\"caption-attachment-2010\" style=\"width: 570px\" class=\"wp-caption aligncenter\"><a href=\"http:\/\/dhr.se\/ale\/wp-content\/uploads\/sites\/18\/2020\/09\/DHR_28_CMYK.jpg\"><img loading=\"lazy\" decoding=\"async\" class=\"wp-image-2010\" title=\"Lika r\u00e4tt till trygghet och v\u00e4rdig levnadsstandard\" src=\"http:\/\/dhr.se\/ale\/wp-content\/uploads\/sites\/18\/2020\/09\/DHR_28_CMYK-1024x1024.jpg\" alt=\"Lika r\u00e4tt till trygghet och v\u00e4rdig levnadsstandard, lila ikon som illustrerar paragraf 28 i r\u00e4ttighetskonventionen.\" width=\"570\" height=\"570\" srcset=\"https:\/\/dhr.se\/ale\/wp-content\/uploads\/sites\/18\/2020\/09\/DHR_28_CMYK-1024x1024.jpg 1024w, https:\/\/dhr.se\/ale\/wp-content\/uploads\/sites\/18\/2020\/09\/DHR_28_CMYK-150x150.jpg 150w, https:\/\/dhr.se\/ale\/wp-content\/uploads\/sites\/18\/2020\/09\/DHR_28_CMYK-300x300.jpg 300w, https:\/\/dhr.se\/ale\/wp-content\/uploads\/sites\/18\/2020\/09\/DHR_28_CMYK-768x768.jpg 768w\" sizes=\"auto, (max-width: 570px) 100vw, 570px\" \/><\/a><figcaption id=\"caption-attachment-2010\" class=\"wp-caption-text\">Lika r\u00e4tt till trygghet och v\u00e4rdig levnadsstandard. Illustration av paragraf 28 i FN:s konvention om r\u00e4ttigheter f\u00f6r personer med funktionsneds\u00e4ttning.<\/figcaption><\/figure>\n<\/div>\n        <\/div>\n    <\/div>\n<\/section>","protected":false},"excerpt":{"rendered":"","protected":false},"author":1,"featured_media":0,"parent":0,"menu_order":0,"comment_status":"closed","ping_status":"closed","template":"template-side-menu.php","meta":{"_acf_changed":false,"_monsterinsights_skip_tracking":false,"_monsterinsights_sitenote_active":false,"_monsterinsights_sitenote_note":"","_monsterinsights_sitenote_category":0,"footnotes":""},"class_list":["post-2050","page","type-page","status-publish","hentry"],"acf":[],"yoast_head":"<!-- This site is optimized with the Yoast SEO plugin v27.2 - https:\/\/yoast.com\/product\/yoast-seo-wordpress\/ -->\n<title>R\u00e5det f\u00f6r funktionshinderfr\u00e5gor - DHR - Ale<\/title>\n<meta name=\"robots\" content=\"index, follow, max-snippet:-1, max-image-preview:large, max-video-preview:-1\" \/>\n<link rel=\"canonical\" href=\"https:\/\/dhr.se\/ale\/radet-for-funktionshinderfragor\/\" \/>\n<meta property=\"og:locale\" content=\"sv_SE\" \/>\n<meta property=\"og:type\" content=\"article\" \/>\n<meta property=\"og:title\" content=\"R\u00e5det f\u00f6r funktionshinderfr\u00e5gor - DHR - Ale\" \/>\n<meta property=\"og:url\" content=\"https:\/\/dhr.se\/ale\/radet-for-funktionshinderfragor\/\" \/>\n<meta property=\"og:site_name\" content=\"DHR - Ale\" \/>\n<meta property=\"article:modified_time\" content=\"2020-09-16T14:01:44+00:00\" \/>\n<meta name=\"twitter:card\" content=\"summary_large_image\" \/>\n<script type=\"application\/ld+json\" class=\"yoast-schema-graph\">{\"@context\":\"https:\/\/schema.org\",\"@graph\":[{\"@type\":\"WebPage\",\"@id\":\"https:\/\/dhr.se\/ale\/radet-for-funktionshinderfragor\/\",\"url\":\"https:\/\/dhr.se\/ale\/radet-for-funktionshinderfragor\/\",\"name\":\"R\u00e5det f\u00f6r funktionshinderfr\u00e5gor - DHR - Ale\",\"isPartOf\":{\"@id\":\"https:\/\/dhr.se\/ale\/#website\"},\"datePublished\":\"2020-09-16T13:59:35+00:00\",\"dateModified\":\"2020-09-16T14:01:44+00:00\",\"breadcrumb\":{\"@id\":\"https:\/\/dhr.se\/ale\/radet-for-funktionshinderfragor\/#breadcrumb\"},\"inLanguage\":\"sv-SE\",\"potentialAction\":[{\"@type\":\"ReadAction\",\"target\":[\"https:\/\/dhr.se\/ale\/radet-for-funktionshinderfragor\/\"]}]},{\"@type\":\"BreadcrumbList\",\"@id\":\"https:\/\/dhr.se\/ale\/radet-for-funktionshinderfragor\/#breadcrumb\",\"itemListElement\":[{\"@type\":\"ListItem\",\"position\":1,\"name\":\"Hem\",\"item\":\"https:\/\/dhr.se\/ale\/\"},{\"@type\":\"ListItem\",\"position\":2,\"name\":\"R\u00e5det f\u00f6r funktionshinderfr\u00e5gor\"}]},{\"@type\":\"WebSite\",\"@id\":\"https:\/\/dhr.se\/ale\/#website\",\"url\":\"https:\/\/dhr.se\/ale\/\",\"name\":\"DHR - Ale\",\"description\":\"Delaktighet, r\u00f6relsefrihet och handlingskraft\",\"potentialAction\":[{\"@type\":\"SearchAction\",\"target\":{\"@type\":\"EntryPoint\",\"urlTemplate\":\"https:\/\/dhr.se\/ale\/?s={search_term_string}\"},\"query-input\":{\"@type\":\"PropertyValueSpecification\",\"valueRequired\":true,\"valueName\":\"search_term_string\"}}],\"inLanguage\":\"sv-SE\"}]}<\/script>\n<!-- \/ Yoast SEO plugin. -->","yoast_head_json":{"title":"R\u00e5det f\u00f6r funktionshinderfr\u00e5gor - DHR - Ale","robots":{"index":"index","follow":"follow","max-snippet":"max-snippet:-1","max-image-preview":"max-image-preview:large","max-video-preview":"max-video-preview:-1"},"canonical":"https:\/\/dhr.se\/ale\/radet-for-funktionshinderfragor\/","og_locale":"sv_SE","og_type":"article","og_title":"R\u00e5det f\u00f6r funktionshinderfr\u00e5gor - DHR - Ale","og_url":"https:\/\/dhr.se\/ale\/radet-for-funktionshinderfragor\/","og_site_name":"DHR - Ale","article_modified_time":"2020-09-16T14:01:44+00:00","twitter_card":"summary_large_image","schema":{"@context":"https:\/\/schema.org","@graph":[{"@type":"WebPage","@id":"https:\/\/dhr.se\/ale\/radet-for-funktionshinderfragor\/","url":"https:\/\/dhr.se\/ale\/radet-for-funktionshinderfragor\/","name":"R\u00e5det f\u00f6r funktionshinderfr\u00e5gor - DHR - Ale","isPartOf":{"@id":"https:\/\/dhr.se\/ale\/#website"},"datePublished":"2020-09-16T13:59:35+00:00","dateModified":"2020-09-16T14:01:44+00:00","breadcrumb":{"@id":"https:\/\/dhr.se\/ale\/radet-for-funktionshinderfragor\/#breadcrumb"},"inLanguage":"sv-SE","potentialAction":[{"@type":"ReadAction","target":["https:\/\/dhr.se\/ale\/radet-for-funktionshinderfragor\/"]}]},{"@type":"BreadcrumbList","@id":"https:\/\/dhr.se\/ale\/radet-for-funktionshinderfragor\/#breadcrumb","itemListElement":[{"@type":"ListItem","position":1,"name":"Hem","item":"https:\/\/dhr.se\/ale\/"},{"@type":"ListItem","position":2,"name":"R\u00e5det f\u00f6r funktionshinderfr\u00e5gor"}]},{"@type":"WebSite","@id":"https:\/\/dhr.se\/ale\/#website","url":"https:\/\/dhr.se\/ale\/","name":"DHR - Ale","description":"Delaktighet, r\u00f6relsefrihet och handlingskraft","potentialAction":[{"@type":"SearchAction","target":{"@type":"EntryPoint","urlTemplate":"https:\/\/dhr.se\/ale\/?s={search_term_string}"},"query-input":{"@type":"PropertyValueSpecification","valueRequired":true,"valueName":"search_term_string"}}],"inLanguage":"sv-SE"}]}},"publishpress_future_action":{"enabled":false,"date":"2026-04-27 18:05:32","action":"change-status","newStatus":"draft","terms":[],"taxonomy":"translation_priority","extraData":[]},"publishpress_future_workflow_manual_trigger":{"enabledWorkflows":[]},"_links":{"self":[{"href":"https:\/\/dhr.se\/ale\/wp-json\/wp\/v2\/pages\/2050","targetHints":{"allow":["GET"]}}],"collection":[{"href":"https:\/\/dhr.se\/ale\/wp-json\/wp\/v2\/pages"}],"about":[{"href":"https:\/\/dhr.se\/ale\/wp-json\/wp\/v2\/types\/page"}],"author":[{"embeddable":true,"href":"https:\/\/dhr.se\/ale\/wp-json\/wp\/v2\/users\/1"}],"replies":[{"embeddable":true,"href":"https:\/\/dhr.se\/ale\/wp-json\/wp\/v2\/comments?post=2050"}],"version-history":[{"count":0,"href":"https:\/\/dhr.se\/ale\/wp-json\/wp\/v2\/pages\/2050\/revisions"}],"wp:attachment":[{"href":"https:\/\/dhr.se\/ale\/wp-json\/wp\/v2\/media?parent=2050"}],"curies":[{"name":"wp","href":"https:\/\/api.w.org\/{rel}","templated":true}]}}