{"id":2146,"date":"2021-03-04T13:53:16","date_gmt":"2021-03-04T12:53:16","guid":{"rendered":"http:\/\/dhr.se\/ale\/?page_id=2146"},"modified":"2021-04-20T18:04:38","modified_gmt":"2021-04-20T16:04:38","slug":"lankar-inom-dhr","status":"publish","type":"page","link":"https:\/\/dhr.se\/ale\/lankar\/lankar-inom-dhr\/","title":{"rendered":"L\u00e4nkar inom DHR"},"content":{"rendered":"<section class=\"block-simple-text\">\n    <div class=\"main\">\n        <div class=\"main-inner\">\n            <div class=\"ingress text-darker\"><p>&nbsp;<\/p>\n<h2><span style=\"font-size: 1.5em\">F\u00f6rbundet<\/span><\/h2>\n<p><strong><a href=\"http:\/\/www.dhr.se\" target=\"_blank\" rel=\"noopener noreferrer\"><br \/>\nDHR f\u00f6rbundet<br \/>\n<\/a><\/strong>(Detta \u00e4r f\u00f6rbundets hemsida och h\u00e4r finner du allt som r\u00f6r DHR)<\/p>\n<p><a href=\"https:\/\/dhr.se\/om-oss\/vara-stadgar\/\" target=\"_blank\" rel=\"noopener noreferrer\"><strong>Stadgar<\/strong><\/a><br \/>\n(H\u00e4r finner du v\u00e5ra stadgar)<\/p>\n<p>&nbsp;<\/p>\n<h2>Region<\/h2>\n<p><strong><br \/>\n<a href=\"http:\/\/www.dhr.se\/vastragotaland\" target=\"_blank\" rel=\"noopener noreferrer\">DHR V\u00e4stra G\u00f6taland<\/a><br \/>\n<\/strong>(Detta \u00e4r regionens hemsida och h\u00e4r finner du information om vad som h\u00e4nder och \u00e4r aktuellt p\u00e5 distriktsniv\u00e5)<\/p>\n<p>&nbsp;<\/p>\n<h2>Lokalt<\/h2>\n<div align=\"center\"><\/div>\n<div style=\"text-align: left\" align=\"center\"><\/div>\n<p><a href=\"https:\/\/dhr.se\/distrikt-och-avdelningar\/\" target=\"_blank\" rel=\"noopener noreferrer\"><strong>DHR lokalt<\/strong><\/a><br \/>\n(H\u00e4r finner du alla DHRs avdelningar och DHRs distrikt som finns i Sverige)<\/p>\n<p>&nbsp;<\/p>\n<h2>DHRs ungdomsf\u00f6rbund<\/h2>\n<p><strong><strong><br \/>\n<a href=\"http:\/\/ungarorelsehindrade.se\/\" target=\"_blank\" rel=\"noopener noreferrer\">Unga R\u00f6relsehindrade<\/a><\/strong><\/strong><\/p>\n<p><a href=\"http:\/\/goteborg.ungarorelsehindrade.se\/\" target=\"_blank\" rel=\"noopener noreferrer\"><strong>Unga R\u00f6relsehindrade G\u00f6teborg<\/strong><\/a><\/p>\n<p>&nbsp;<\/p>\n<p>&nbsp;<\/p>\n<\/div>\n            <div class=\"content\"><\/div>\n        <\/div>\n    <\/div>\n<\/section>","protected":false},"excerpt":{"rendered":"","protected":false},"author":1,"featured_media":0,"parent":2156,"menu_order":0,"comment_status":"closed","ping_status":"closed","template":"template-side-menu.php","meta":{"_acf_changed":false,"_monsterinsights_skip_tracking":false,"_monsterinsights_sitenote_active":false,"_monsterinsights_sitenote_note":"","_monsterinsights_sitenote_category":0,"footnotes":""},"class_list":["post-2146","page","type-page","status-publish","hentry"],"acf":[],"yoast_head":"<!-- This site is optimized with the Yoast SEO plugin v27.2 - https:\/\/yoast.com\/product\/yoast-seo-wordpress\/ -->\n<title>L\u00e4nkar inom DHR - DHR - Ale<\/title>\n<meta name=\"robots\" content=\"index, follow, max-snippet:-1, max-image-preview:large, max-video-preview:-1\" \/>\n<link rel=\"canonical\" href=\"https:\/\/dhr.se\/ale\/lankar\/lankar-inom-dhr\/\" \/>\n<meta property=\"og:locale\" content=\"sv_SE\" \/>\n<meta property=\"og:type\" content=\"article\" \/>\n<meta property=\"og:title\" content=\"L\u00e4nkar inom DHR - DHR - Ale\" \/>\n<meta property=\"og:url\" content=\"https:\/\/dhr.se\/ale\/lankar\/lankar-inom-dhr\/\" \/>\n<meta property=\"og:site_name\" content=\"DHR - Ale\" \/>\n<meta property=\"article:modified_time\" content=\"2021-04-20T16:04:38+00:00\" \/>\n<meta name=\"twitter:card\" content=\"summary_large_image\" \/>\n<script type=\"application\/ld+json\" class=\"yoast-schema-graph\">{\"@context\":\"https:\/\/schema.org\",\"@graph\":[{\"@type\":\"WebPage\",\"@id\":\"https:\/\/dhr.se\/ale\/lankar\/lankar-inom-dhr\/\",\"url\":\"https:\/\/dhr.se\/ale\/lankar\/lankar-inom-dhr\/\",\"name\":\"L\u00e4nkar inom DHR - DHR - Ale\",\"isPartOf\":{\"@id\":\"https:\/\/dhr.se\/ale\/#website\"},\"datePublished\":\"2021-03-04T12:53:16+00:00\",\"dateModified\":\"2021-04-20T16:04:38+00:00\",\"breadcrumb\":{\"@id\":\"https:\/\/dhr.se\/ale\/lankar\/lankar-inom-dhr\/#breadcrumb\"},\"inLanguage\":\"sv-SE\",\"potentialAction\":[{\"@type\":\"ReadAction\",\"target\":[\"https:\/\/dhr.se\/ale\/lankar\/lankar-inom-dhr\/\"]}]},{\"@type\":\"BreadcrumbList\",\"@id\":\"https:\/\/dhr.se\/ale\/lankar\/lankar-inom-dhr\/#breadcrumb\",\"itemListElement\":[{\"@type\":\"ListItem\",\"position\":1,\"name\":\"Hem\",\"item\":\"https:\/\/dhr.se\/ale\/\"},{\"@type\":\"ListItem\",\"position\":2,\"name\":\"L\u00e4nkar\",\"item\":\"https:\/\/dhr.se\/ale\/lankar\/\"},{\"@type\":\"ListItem\",\"position\":3,\"name\":\"L\u00e4nkar inom DHR\"}]},{\"@type\":\"WebSite\",\"@id\":\"https:\/\/dhr.se\/ale\/#website\",\"url\":\"https:\/\/dhr.se\/ale\/\",\"name\":\"DHR - Ale\",\"description\":\"Delaktighet, r\u00f6relsefrihet och handlingskraft\",\"potentialAction\":[{\"@type\":\"SearchAction\",\"target\":{\"@type\":\"EntryPoint\",\"urlTemplate\":\"https:\/\/dhr.se\/ale\/?s={search_term_string}\"},\"query-input\":{\"@type\":\"PropertyValueSpecification\",\"valueRequired\":true,\"valueName\":\"search_term_string\"}}],\"inLanguage\":\"sv-SE\"}]}<\/script>\n<!-- \/ Yoast SEO plugin. -->","yoast_head_json":{"title":"L\u00e4nkar inom DHR - DHR - Ale","robots":{"index":"index","follow":"follow","max-snippet":"max-snippet:-1","max-image-preview":"max-image-preview:large","max-video-preview":"max-video-preview:-1"},"canonical":"https:\/\/dhr.se\/ale\/lankar\/lankar-inom-dhr\/","og_locale":"sv_SE","og_type":"article","og_title":"L\u00e4nkar inom DHR - DHR - Ale","og_url":"https:\/\/dhr.se\/ale\/lankar\/lankar-inom-dhr\/","og_site_name":"DHR - Ale","article_modified_time":"2021-04-20T16:04:38+00:00","twitter_card":"summary_large_image","schema":{"@context":"https:\/\/schema.org","@graph":[{"@type":"WebPage","@id":"https:\/\/dhr.se\/ale\/lankar\/lankar-inom-dhr\/","url":"https:\/\/dhr.se\/ale\/lankar\/lankar-inom-dhr\/","name":"L\u00e4nkar inom DHR - DHR - Ale","isPartOf":{"@id":"https:\/\/dhr.se\/ale\/#website"},"datePublished":"2021-03-04T12:53:16+00:00","dateModified":"2021-04-20T16:04:38+00:00","breadcrumb":{"@id":"https:\/\/dhr.se\/ale\/lankar\/lankar-inom-dhr\/#breadcrumb"},"inLanguage":"sv-SE","potentialAction":[{"@type":"ReadAction","target":["https:\/\/dhr.se\/ale\/lankar\/lankar-inom-dhr\/"]}]},{"@type":"BreadcrumbList","@id":"https:\/\/dhr.se\/ale\/lankar\/lankar-inom-dhr\/#breadcrumb","itemListElement":[{"@type":"ListItem","position":1,"name":"Hem","item":"https:\/\/dhr.se\/ale\/"},{"@type":"ListItem","position":2,"name":"L\u00e4nkar","item":"https:\/\/dhr.se\/ale\/lankar\/"},{"@type":"ListItem","position":3,"name":"L\u00e4nkar inom DHR"}]},{"@type":"WebSite","@id":"https:\/\/dhr.se\/ale\/#website","url":"https:\/\/dhr.se\/ale\/","name":"DHR - Ale","description":"Delaktighet, r\u00f6relsefrihet och handlingskraft","potentialAction":[{"@type":"SearchAction","target":{"@type":"EntryPoint","urlTemplate":"https:\/\/dhr.se\/ale\/?s={search_term_string}"},"query-input":{"@type":"PropertyValueSpecification","valueRequired":true,"valueName":"search_term_string"}}],"inLanguage":"sv-SE"}]}},"publishpress_future_action":{"enabled":false,"date":"2026-04-27 18:08:12","action":"change-status","newStatus":"draft","terms":[],"taxonomy":"translation_priority","extraData":[]},"publishpress_future_workflow_manual_trigger":{"enabledWorkflows":[]},"_links":{"self":[{"href":"https:\/\/dhr.se\/ale\/wp-json\/wp\/v2\/pages\/2146","targetHints":{"allow":["GET"]}}],"collection":[{"href":"https:\/\/dhr.se\/ale\/wp-json\/wp\/v2\/pages"}],"about":[{"href":"https:\/\/dhr.se\/ale\/wp-json\/wp\/v2\/types\/page"}],"author":[{"embeddable":true,"href":"https:\/\/dhr.se\/ale\/wp-json\/wp\/v2\/users\/1"}],"replies":[{"embeddable":true,"href":"https:\/\/dhr.se\/ale\/wp-json\/wp\/v2\/comments?post=2146"}],"version-history":[{"count":0,"href":"https:\/\/dhr.se\/ale\/wp-json\/wp\/v2\/pages\/2146\/revisions"}],"up":[{"embeddable":true,"href":"https:\/\/dhr.se\/ale\/wp-json\/wp\/v2\/pages\/2156"}],"wp:attachment":[{"href":"https:\/\/dhr.se\/ale\/wp-json\/wp\/v2\/media?parent=2146"}],"curies":[{"name":"wp","href":"https:\/\/api.w.org\/{rel}","templated":true}]}}