{"id":2279,"date":"2021-03-31T10:53:49","date_gmt":"2021-03-31T08:53:49","guid":{"rendered":"http:\/\/dhr.se\/ale\/?page_id=2279"},"modified":"2024-11-13T17:29:21","modified_gmt":"2024-11-13T16:29:21","slug":"medlem","status":"publish","type":"page","link":"https:\/\/dhr.se\/ale\/medlem\/","title":{"rendered":"Medlem"},"content":{"rendered":"<section class=\"block-textbox\" style=\"background-image:url(https:\/\/dhr.se\/ale\/wp-content\/uploads\/sites\/18\/2020\/03\/Kvinna-med-ljust-l\u00e5ngt-h\u00e5r-tittar-in-i-kameran-Botaniska.jpg);\">\n    <div class=\"main\">\n        <div class=\"main-inner\">\n\n                <div class=\"text-container\">\n                    <h2><H1>Medlem<\/h2>\n                    <p><\/p>\n\n                    \n                <\/div>\n\n        <\/div>\n    <\/div>\n<\/section>\n\n<section class=\"block-simple-text\">\n    <div class=\"main\">\n        <div class=\"main-inner\">\n            <div class=\"ingress text-darker\"><p>&nbsp;<\/p>\n<p class=\"has-medium-font-size\"><strong>DHR Ale beh\u00f6ver dig som medlem. Oavsett om du v\u00e4ljer att vara aktiv eller bara vill st\u00f6dja oss \u00e4r ditt medlemskap viktigt. Ju fler vi \u00e4r, desto starkare blir v\u00e5r r\u00f6st!<\/strong><\/p>\n<p>Vi hoppas att du vill st\u00f6tta oss och delta i v\u00e5ra aktiviteter, men gl\u00f6m inte att ange n\u00e4r du ans\u00f6ker om medlemskap, att du vill vara ansluten till DHR Aleavdelningen.<\/p>\n<p>Under DHR:s snart 100 \u00e5r (vi fyller \u00e5r 2023) har villkoren f\u00f6r medlemmarna sj\u00e4lvklart f\u00f6rb\u00e4ttrats. Men nu b\u00f6rjar det bl\u00e5sa kallt igen, och behovet av en stark motst\u00e5ndsr\u00f6relse \u00e4r st\u00f6rre \u00e4n p\u00e5 m\u00e5nga \u00e5r. Den personliga assistansen \u00e4r i fara, parkeringstillst\u00e5nd dras in och det sn\u00e5las p\u00e5 bilst\u00f6d. Vi h\u00f6r till och med \u00e5sikter om att det borde inf\u00f6ras institutioner igen. D\u00e4rf\u00f6r beh\u00f6vs ocks\u00e5 du som medlem!<\/p>\n<p>Som medlem i DHR kan du tillsammans med andra medlemmar p\u00e5verka att samh\u00e4llet blir mer j\u00e4mlikt och j\u00e4mst\u00e4llt. Tillsammans med andra medlemmar kan du ocks\u00e5 delta i fritidsaktiviteter, kamratst\u00f6d och social gemenskap.<\/p>\n<p>&nbsp;<\/p>\n<h3><strong><sup>VAD KOSTAR DET?<\/sup><\/strong><\/h3>\n<p>Ett nytt medlemskap kostar 150 kronor det f\u00f6rsta kalender\u00e5ret. Fr\u00e5n och med \u00e5r tv\u00e5 \u00e4r \u00e5rsavgiften 300 kronor\/\u00e5r.\u00a0I vissa fall betalar du ocks\u00e5 en avgift till den avdelning du kommer att tillh\u00f6ra.\u00a0F\u00f6r att tillh\u00f6ra Aleavdelningen s\u00e5 tillkommer en avgift p\u00e5 20 kr\/\u00e5r.<\/p>\n<p>\u00c4r fler personer folkbokf\u00f6rda p\u00e5 samma adress som du kan de ocks\u00e5 bli medlemmar, men d\u00e5 f\u00f6r en kostnad om bara 100 kronor om \u00e5ret. Som familjemedlem har du samma r\u00e4ttigheter. Enda skillnaden \u00e4r att familjens medlemmar delar p\u00e5 ett exemplar av Funktionshinderpolitik.<\/p>\n<p>Du kan ocks\u00e5 bli riksmedlem. Det kostar 250 kronor f\u00f6rsta kalender\u00e5ret, och d\u00e4refter 400 kronor om \u00e5ret. Familjemedlem betalar 200 kronor f\u00f6r ett riksmedlemskap.<\/p>\n<p>F\u00f6r dig upp till 32 \u00e5r finns DHRs ungdomsf\u00f6rbund. Som medlem i F\u00f6rbundet Unga R\u00f6relsehindrade\u00a0kan du utan kostnad bli medlem \u00e4ven i DHR.<\/p>\n<p>Blir du medlem efter 1 november, \u00e4r resten av \u00e5ret avgiftsfritt. Du betalar bara f\u00f6r \u00e5ret som kommer.<\/p>\n<p>OBS! Om du \u00e5ngrar dig och vill bli medlem igen m\u00e5ste det ha g\u00e5tt minst tv\u00e5 \u00e5r f\u00f6r att du ska r\u00e4knas som ny medlem och d\u00e4rmed betala intr\u00e4desavgift om 150 kronor<\/p>\n<p>Klicka p\u00e5 l\u00e4nken nedan och f\u00f6lj instruktionerna f\u00f6r att bli medlem<\/p>\n<p class=\"has-medium-font-size\"><a href=\"https:\/\/sbtdhr.mysoft.no\/modules\/blimedlem\/blimedlem.aspx\" target=\"_blank\" rel=\"noreferrer noopener\" data-type=\"URL\" data-id=\"https:\/\/forms.office.com\/Pages\/ResponsePage.aspx?id=32BUTYdTy06hR4o3SJpzp70BmoAou8hMvOIhRXibDYxUNElEQVIzRTJGNlY5OTZMUU9OWkMwMko3Ty4u\">Bli medlem<\/a><\/p>\n<h3><\/h3>\n<p>&nbsp;<\/p>\n<h3><strong><sup>MEDLEMSF\u00d6RM\u00c5NER<\/sup><\/strong><\/h3>\n<p>DHR har som organisation diverse olika medlemsf\u00f6rm\u00e5ner. Vill du veta mer, klicka p\u00e5 l\u00e4nken nedan<\/p>\n<p class=\"has-medium-font-size\"><a href=\"https:\/\/dhr.se\/om-oss\/medlemsformaner\/\" target=\"_blank\" rel=\"noreferrer noopener\" data-type=\"URL\" data-id=\"https:\/\/dhr.se\/medlem\/formaner\/\">Medlemsf\u00f6rm\u00e5ner<\/a><\/p>\n<\/div>\n            <div class=\"content\"><\/div>\n        <\/div>\n    <\/div>\n<\/section>","protected":false},"excerpt":{"rendered":"","protected":false},"author":43,"featured_media":0,"parent":0,"menu_order":0,"comment_status":"closed","ping_status":"closed","template":"","meta":{"_acf_changed":false,"_monsterinsights_skip_tracking":false,"_monsterinsights_sitenote_active":false,"_monsterinsights_sitenote_note":"","_monsterinsights_sitenote_category":0,"footnotes":""},"class_list":["post-2279","page","type-page","status-publish","hentry"],"acf":[],"yoast_head":"<!-- This site is optimized with the Yoast SEO plugin v27.2 - https:\/\/yoast.com\/product\/yoast-seo-wordpress\/ -->\n<title>Medlem - DHR - Ale<\/title>\n<meta name=\"robots\" content=\"index, follow, max-snippet:-1, max-image-preview:large, max-video-preview:-1\" \/>\n<link rel=\"canonical\" href=\"https:\/\/dhr.se\/ale\/medlem\/\" \/>\n<meta property=\"og:locale\" content=\"sv_SE\" \/>\n<meta property=\"og:type\" content=\"article\" \/>\n<meta property=\"og:title\" content=\"Medlem - DHR - Ale\" \/>\n<meta property=\"og:url\" content=\"https:\/\/dhr.se\/ale\/medlem\/\" \/>\n<meta property=\"og:site_name\" content=\"DHR - Ale\" \/>\n<meta property=\"article:modified_time\" content=\"2024-11-13T16:29:21+00:00\" \/>\n<meta name=\"twitter:card\" content=\"summary_large_image\" \/>\n<script type=\"application\/ld+json\" class=\"yoast-schema-graph\">{\"@context\":\"https:\/\/schema.org\",\"@graph\":[{\"@type\":\"WebPage\",\"@id\":\"https:\/\/dhr.se\/ale\/medlem\/\",\"url\":\"https:\/\/dhr.se\/ale\/medlem\/\",\"name\":\"Medlem - DHR - Ale\",\"isPartOf\":{\"@id\":\"https:\/\/dhr.se\/ale\/#website\"},\"datePublished\":\"2021-03-31T08:53:49+00:00\",\"dateModified\":\"2024-11-13T16:29:21+00:00\",\"breadcrumb\":{\"@id\":\"https:\/\/dhr.se\/ale\/medlem\/#breadcrumb\"},\"inLanguage\":\"sv-SE\",\"potentialAction\":[{\"@type\":\"ReadAction\",\"target\":[\"https:\/\/dhr.se\/ale\/medlem\/\"]}]},{\"@type\":\"BreadcrumbList\",\"@id\":\"https:\/\/dhr.se\/ale\/medlem\/#breadcrumb\",\"itemListElement\":[{\"@type\":\"ListItem\",\"position\":1,\"name\":\"Hem\",\"item\":\"https:\/\/dhr.se\/ale\/\"},{\"@type\":\"ListItem\",\"position\":2,\"name\":\"Medlem\"}]},{\"@type\":\"WebSite\",\"@id\":\"https:\/\/dhr.se\/ale\/#website\",\"url\":\"https:\/\/dhr.se\/ale\/\",\"name\":\"DHR - Ale\",\"description\":\"Delaktighet, r\u00f6relsefrihet och handlingskraft\",\"potentialAction\":[{\"@type\":\"SearchAction\",\"target\":{\"@type\":\"EntryPoint\",\"urlTemplate\":\"https:\/\/dhr.se\/ale\/?s={search_term_string}\"},\"query-input\":{\"@type\":\"PropertyValueSpecification\",\"valueRequired\":true,\"valueName\":\"search_term_string\"}}],\"inLanguage\":\"sv-SE\"}]}<\/script>\n<!-- \/ Yoast SEO plugin. -->","yoast_head_json":{"title":"Medlem - DHR - Ale","robots":{"index":"index","follow":"follow","max-snippet":"max-snippet:-1","max-image-preview":"max-image-preview:large","max-video-preview":"max-video-preview:-1"},"canonical":"https:\/\/dhr.se\/ale\/medlem\/","og_locale":"sv_SE","og_type":"article","og_title":"Medlem - DHR - Ale","og_url":"https:\/\/dhr.se\/ale\/medlem\/","og_site_name":"DHR - Ale","article_modified_time":"2024-11-13T16:29:21+00:00","twitter_card":"summary_large_image","schema":{"@context":"https:\/\/schema.org","@graph":[{"@type":"WebPage","@id":"https:\/\/dhr.se\/ale\/medlem\/","url":"https:\/\/dhr.se\/ale\/medlem\/","name":"Medlem - DHR - Ale","isPartOf":{"@id":"https:\/\/dhr.se\/ale\/#website"},"datePublished":"2021-03-31T08:53:49+00:00","dateModified":"2024-11-13T16:29:21+00:00","breadcrumb":{"@id":"https:\/\/dhr.se\/ale\/medlem\/#breadcrumb"},"inLanguage":"sv-SE","potentialAction":[{"@type":"ReadAction","target":["https:\/\/dhr.se\/ale\/medlem\/"]}]},{"@type":"BreadcrumbList","@id":"https:\/\/dhr.se\/ale\/medlem\/#breadcrumb","itemListElement":[{"@type":"ListItem","position":1,"name":"Hem","item":"https:\/\/dhr.se\/ale\/"},{"@type":"ListItem","position":2,"name":"Medlem"}]},{"@type":"WebSite","@id":"https:\/\/dhr.se\/ale\/#website","url":"https:\/\/dhr.se\/ale\/","name":"DHR - Ale","description":"Delaktighet, r\u00f6relsefrihet och handlingskraft","potentialAction":[{"@type":"SearchAction","target":{"@type":"EntryPoint","urlTemplate":"https:\/\/dhr.se\/ale\/?s={search_term_string}"},"query-input":{"@type":"PropertyValueSpecification","valueRequired":true,"valueName":"search_term_string"}}],"inLanguage":"sv-SE"}]}},"publishpress_future_action":{"enabled":false,"date":"2026-04-27 17:52:32","action":"change-status","newStatus":"draft","terms":[],"taxonomy":"translation_priority","extraData":[]},"publishpress_future_workflow_manual_trigger":{"enabledWorkflows":[]},"_links":{"self":[{"href":"https:\/\/dhr.se\/ale\/wp-json\/wp\/v2\/pages\/2279","targetHints":{"allow":["GET"]}}],"collection":[{"href":"https:\/\/dhr.se\/ale\/wp-json\/wp\/v2\/pages"}],"about":[{"href":"https:\/\/dhr.se\/ale\/wp-json\/wp\/v2\/types\/page"}],"author":[{"embeddable":true,"href":"https:\/\/dhr.se\/ale\/wp-json\/wp\/v2\/users\/43"}],"replies":[{"embeddable":true,"href":"https:\/\/dhr.se\/ale\/wp-json\/wp\/v2\/comments?post=2279"}],"version-history":[{"count":0,"href":"https:\/\/dhr.se\/ale\/wp-json\/wp\/v2\/pages\/2279\/revisions"}],"wp:attachment":[{"href":"https:\/\/dhr.se\/ale\/wp-json\/wp\/v2\/media?parent=2279"}],"curies":[{"name":"wp","href":"https:\/\/api.w.org\/{rel}","templated":true}]}}