{"id":754,"date":"2019-08-15T20:18:44","date_gmt":"2019-08-15T18:18:44","guid":{"rendered":"http:\/\/dhr.se\/ale\/?page_id=754"},"modified":"2025-11-29T14:49:49","modified_gmt":"2025-11-29T13:49:49","slug":"drivhuset-stockholm","status":"publish","type":"page","link":"https:\/\/dhr.se\/ale\/","title":{"rendered":"DHR -Ale"},"content":{"rendered":"<section class=\"block-textbox\" style=\"background-image:url(https:\/\/dhr.se\/ale\/wp-content\/uploads\/sites\/18\/2021\/03\/aaron-burden-5AiWn2U10cw-unsplash-scaled.jpg);\">\n    <div class=\"main\">\n        <div class=\"main-inner\">\n\n                <div class=\"text-container\">\n                    <h2><H1>V\u00c4LKOMMEN TILL DHR ALE<\/H1><\/h2>\n                    <p>V\u00e5rt m\u00e5l \u00e4r att alla m\u00e4nniskor ska k\u00e4nna sig v\u00e4lkomna och inkluderade i samh\u00e4llet. V\u00e5r vision \u00e4r ett universellt utformat samh\u00e4lle \u2013 ett j\u00e4mlikt och j\u00e4mst\u00e4llt samh\u00e4lle d\u00e4r varje m\u00e4nniska ses som en tillg\u00e5ng.<\/p>\n\n                    \n                <\/div>\n\n        <\/div>\n    <\/div>\n<\/section>\n\n<section class=\"block-latest-news bright-background\">\n    <div class=\"main\">\n        <div class=\"main-inner\">\n            <div class=\"title\">\n                <h2>Nyheter<\/h2>\n                                    <a class=\"small-button-underline text-link\" href=\"http:\/\/dhr.se\/ale\/nyheter\/\" target=\"_self\">Nyheter<\/a>\n                \n            <\/div>\n            \n            <div class=\"flex-container\">\n\n                                        \n                                <div class=\"one-post\">\n                                                                            <a href=\"https:\/\/dhr.se\/ale\/arsmote-19-mars-2026\/\">\n                                            <img loading=\"lazy\" decoding=\"async\" width=\"288\" height=\"288\" src=\"https:\/\/dhr.se\/ale\/wp-content\/uploads\/sites\/18\/2021\/04\/j0441394.png\" class=\"attachment-post-thumbnail size-post-thumbnail wp-post-image\" alt=\"\" srcset=\"https:\/\/dhr.se\/ale\/wp-content\/uploads\/sites\/18\/2021\/04\/j0441394.png 288w, https:\/\/dhr.se\/ale\/wp-content\/uploads\/sites\/18\/2021\/04\/j0441394-150x150.png 150w\" sizes=\"auto, (max-width: 288px) 100vw, 288px\" \/>                                        <\/a>\n                                                                        <h3>\u00c5rsm\u00f6te 19 mars 2026<\/h3>\n                                    <!--<p class=\"date\"><\/p> -->\n                                    <p class=\"excerpt\">\u00c5rsm\u00f6tesklubba Vi v\u00e4lkomnar alla er medlemmar till v\u00e5rt \u00c5rsm\u00f6te.V\u00e5rt \u00c5rsm\u00f6te h\u00e5lls den&#8230;<\/p>\n\n                                    <a class=\"small-button text-link\" href=\"https:\/\/dhr.se\/ale\/arsmote-19-mars-2026\/\">L\u00e4s mer<\/a>\n                                <\/div>\n                        \n                                                \n                                <div class=\"one-post\">\n                                                                            <a href=\"https:\/\/dhr.se\/ale\/god-jul-och-gott-nytt-ar-2\/\">\n                                            <img loading=\"lazy\" decoding=\"async\" width=\"1245\" height=\"811\" src=\"https:\/\/dhr.se\/ale\/wp-content\/uploads\/sites\/18\/2025\/12\/god-jul-onskar-DHR.jpg\" class=\"attachment-post-thumbnail size-post-thumbnail wp-post-image\" alt=\"\" srcset=\"https:\/\/dhr.se\/ale\/wp-content\/uploads\/sites\/18\/2025\/12\/god-jul-onskar-DHR.jpg 1245w, https:\/\/dhr.se\/ale\/wp-content\/uploads\/sites\/18\/2025\/12\/god-jul-onskar-DHR-300x195.jpg 300w, https:\/\/dhr.se\/ale\/wp-content\/uploads\/sites\/18\/2025\/12\/god-jul-onskar-DHR-1024x667.jpg 1024w, https:\/\/dhr.se\/ale\/wp-content\/uploads\/sites\/18\/2025\/12\/god-jul-onskar-DHR-768x500.jpg 768w, https:\/\/dhr.se\/ale\/wp-content\/uploads\/sites\/18\/2025\/12\/god-jul-onskar-DHR-50x33.jpg 50w\" sizes=\"auto, (max-width: 1245px) 100vw, 1245px\" \/>                                        <\/a>\n                                                                        <h3>God Jul och Gott Nytt \u00c5r<\/h3>\n                                    <!--<p class=\"date\"><\/p> -->\n                                    <p class=\"excerpt\">God Jul och Gott Nytt \u00e5r \u00f6nskar vi er alla<\/p>\n\n                                    <a class=\"small-button text-link\" href=\"https:\/\/dhr.se\/ale\/god-jul-och-gott-nytt-ar-2\/\">L\u00e4s mer<\/a>\n                                <\/div>\n                        \n                                                \n                                <div class=\"one-post\">\n                                                                            <a href=\"https:\/\/dhr.se\/ale\/artikel-i-alekuriren-om-enkelt-avhjalpta-hinder\/\">\n                                            <img loading=\"lazy\" decoding=\"async\" width=\"1414\" height=\"672\" src=\"https:\/\/dhr.se\/ale\/wp-content\/uploads\/sites\/18\/2025\/11\/591155506_1157042856598302_1430276522494981128_n.jpeg\" class=\"attachment-post-thumbnail size-post-thumbnail wp-post-image\" alt=\"\" srcset=\"https:\/\/dhr.se\/ale\/wp-content\/uploads\/sites\/18\/2025\/11\/591155506_1157042856598302_1430276522494981128_n.jpeg 1414w, https:\/\/dhr.se\/ale\/wp-content\/uploads\/sites\/18\/2025\/11\/591155506_1157042856598302_1430276522494981128_n-300x143.jpeg 300w, https:\/\/dhr.se\/ale\/wp-content\/uploads\/sites\/18\/2025\/11\/591155506_1157042856598302_1430276522494981128_n-1024x487.jpeg 1024w, https:\/\/dhr.se\/ale\/wp-content\/uploads\/sites\/18\/2025\/11\/591155506_1157042856598302_1430276522494981128_n-768x365.jpeg 768w, https:\/\/dhr.se\/ale\/wp-content\/uploads\/sites\/18\/2025\/11\/591155506_1157042856598302_1430276522494981128_n-50x24.jpeg 50w\" sizes=\"auto, (max-width: 1414px) 100vw, 1414px\" \/>                                        <\/a>\n                                                                        <h3>Artikel i Alekuriren om Enkelt avhj\u00e4lpta hinder<\/h3>\n                                    <!--<p class=\"date\"><\/p> -->\n                                    <p class=\"excerpt\">Alekuriren har en artikel i veckans tidning. Det handlar om vad Ale&#8230;<\/p>\n\n                                    <a class=\"small-button text-link\" href=\"https:\/\/dhr.se\/ale\/artikel-i-alekuriren-om-enkelt-avhjalpta-hinder\/\">L\u00e4s mer<\/a>\n                                <\/div>\n                        \n                           \n            <\/div>\n\n                            <a class=\"button big accent\" href=\"http:\/\/dhr.se\/ale\/nyheter\/\" target=\"_self\">Nyheter<\/a>\n                        \n        <\/div>\n    <\/div>\n<\/section>\n\n<section class=\"block-calender\">\n    <div class=\"main\">\n        <div class=\"main-inner\">\n            <div class=\"title\">\n                <h2>Kalender<\/h2>\n                            <\/div>\n            <div class=\"flex-container\">\n\n                                            \n                    \n                                <a class=\"one-post bright-background\" href=\"https:\/\/dhr.se\/ale\/event\/arsmote-2\/\">\n                                    <div class=\"date\">\n                                        <p class=\"day title-color\">19<\/p>\n                                        <p class=\"month title-color\">mars<\/p>\n                                    <\/div>\n                                    <div class=\"text-container\">\n                                        <h3 class=\"accent-text\">\u00c5RSM\u00d6TE<\/h3>\n                                        <div class=\"event-info\">\n                                            <p class=\"time\">19 mars 2026 kl 18.00 i matsalen p\u00e5 Backavik \u00c4ldreboende i N\u00f6dinge<\/p>\n                                            <p class=\"place text-darker\"><\/p>\n                                        <\/div>\n                                    <\/div>\n                                <\/a>\n                        \n                           \n            <\/div>\n        <\/div>\n    <\/div>\n<\/section>\n\n<section class=\"block-image-and-text right white\">\n    <div class=\"main\">\n        <div class=\"main-inner\">\n            <div class=\"left-col\" style=\"background-image: url(https:\/\/dhr.se\/ale\/wp-content\/uploads\/sites\/18\/2024\/02\/Trappa-hinder2-768x787-1.jpg);\"><\/div>\n\n            <div class=\"right-col\">\n                <h2>BORT MED HINDRET!<\/h2>\n                <p class=\"text\">En kant eller en tr\u00f6g d\u00f6rr. F\u00f6r oss med nedsatt r\u00f6relsef\u00f6rm\u00e5ga \u00e4r vardagen ofta full av hinder som skulle vara enkla att ta bort. Men hur anm\u00e4ler jag, och till vem? F\u00f6r att underl\u00e4tta har DHR tagit fram appen Bort med hindret!<\/p>\n\n                                    <a class=\"button big accent\" href=\"https:\/\/dhr.se\/vad-vi-gor\/bort-med-hindret\/\" target=\"_self\">L\u00e4s mer h\u00e4r<\/a>\n                            <\/div>\n\n        <\/div>\n    <\/div>\n<\/section>\n\n<section class=\"block-image-and-text left grey\">\n    <div class=\"main\">\n        <div class=\"main-inner\">\n            <div class=\"left-col\" style=\"background-image: url(https:\/\/dhr.se\/ale\/wp-content\/uploads\/sites\/18\/2020\/03\/Kvinna-med-ljust-l\u00e5ngt-h\u00e5r-tittar-in-i-kameran-Botaniska.jpg);\"><\/div>\n\n            <div class=\"right-col\">\n                <h2>Bli medlem hos oss<\/h2>\n                <p class=\"text\">DHR Ale beh\u00f6ver dig som medlem. Oavsett om du v\u00e4ljer att vara aktiv eller bara vill st\u00f6dja oss \u00e4r ditt medlemskap viktigt. Ju fler vi \u00e4r, desto starkare blir v\u00e5r r\u00f6st!<\/p>\n\n                                    <a class=\"button big accent\" href=\"https:\/\/dhr.se\/ale\/medlem\/\" target=\"_blank\">L\u00e4s mer h\u00e4r<\/a>\n                            <\/div>\n\n        <\/div>\n    <\/div>\n<\/section>\n\n<section class=\"block-image-and-text right grey\">\n    <div class=\"main\">\n        <div class=\"main-inner\">\n            <div class=\"left-col\" style=\"background-image: url(https:\/\/dhr.se\/ale\/wp-content\/uploads\/sites\/18\/2022\/04\/Globala-mal-och-rattigheter.jpg);\"><\/div>\n\n            <div class=\"right-col\">\n                <h2>Globala m\u00e5l och r\u00e4ttigheter<\/h2>\n                <p class=\"text\">DHR arbetar r\u00e4ttighetspolitiskt med utg\u00e5ngspunkt fr\u00e5n FNs konvention om r\u00e4ttigheter f\u00f6r personer med funktionsneds\u00e4ttning.<br \/>\r\n<br \/>\r\nAtt koppla samman konventionens artiklar och de globala m\u00e5len i Agenda 2030 skapar samband och begriplighet, samt ut\u00f6kar anv\u00e4ndningen av b\u00e4gge tillsammans.<br \/>\r\n<br \/>\r\nNio av de globala m\u00e5len har direkt koppling till konventionens r\u00e4ttighetsartiklar. Vi har valt ut 13 artiklar som illustrerats i samma man\u00e9r som m\u00e5len \u00e4r illustrerade f\u00f6r att p\u00e5 ett enklare vis f\u00f6rst\u00e5 kopplingen. Vi kallar dem f\u00f6r R\u00e4ttighetsikoner.<br \/>\r\n<br \/>\r\nR\u00e4ttighetsikonerna \u00e4r fria att ladda ner och anv\u00e4nda.<\/p>\n\n                                    <a class=\"button big accent\" href=\"https:\/\/globalarattigheter.dhr.se\/\" target=\"_blank\">Globala r\u00e4ttigheter<\/a>\n                            <\/div>\n\n        <\/div>\n    <\/div>\n<\/section>","protected":false},"excerpt":{"rendered":"","protected":false},"author":20,"featured_media":0,"parent":0,"menu_order":0,"comment_status":"closed","ping_status":"closed","template":"","meta":{"_acf_changed":false,"_monsterinsights_skip_tracking":false,"_monsterinsights_sitenote_active":false,"_monsterinsights_sitenote_note":"","_monsterinsights_sitenote_category":0,"footnotes":""},"class_list":["post-754","page","type-page","status-publish","hentry"],"acf":[],"yoast_head":"<!-- This site is optimized with the Yoast SEO plugin v27.2 - https:\/\/yoast.com\/product\/yoast-seo-wordpress\/ -->\n<title>DHR -Ale - DHR - Ale<\/title>\n<meta name=\"robots\" content=\"index, follow, max-snippet:-1, max-image-preview:large, max-video-preview:-1\" \/>\n<link rel=\"canonical\" href=\"https:\/\/dhr.se\/ale\/\" \/>\n<meta property=\"og:locale\" content=\"sv_SE\" \/>\n<meta property=\"og:type\" content=\"article\" \/>\n<meta property=\"og:title\" content=\"DHR -Ale - DHR - Ale\" \/>\n<meta property=\"og:url\" content=\"https:\/\/dhr.se\/ale\/\" \/>\n<meta property=\"og:site_name\" content=\"DHR - Ale\" \/>\n<meta property=\"article:modified_time\" content=\"2025-11-29T13:49:49+00:00\" \/>\n<meta name=\"twitter:card\" content=\"summary_large_image\" \/>\n<script type=\"application\/ld+json\" class=\"yoast-schema-graph\">{\"@context\":\"https:\/\/schema.org\",\"@graph\":[{\"@type\":\"WebPage\",\"@id\":\"https:\/\/dhr.se\/ale\/\",\"url\":\"https:\/\/dhr.se\/ale\/\",\"name\":\"DHR -Ale - DHR - Ale\",\"isPartOf\":{\"@id\":\"https:\/\/dhr.se\/ale\/#website\"},\"datePublished\":\"2019-08-15T18:18:44+00:00\",\"dateModified\":\"2025-11-29T13:49:49+00:00\",\"breadcrumb\":{\"@id\":\"https:\/\/dhr.se\/ale\/#breadcrumb\"},\"inLanguage\":\"sv-SE\",\"potentialAction\":[{\"@type\":\"ReadAction\",\"target\":[\"https:\/\/dhr.se\/ale\/\"]}]},{\"@type\":\"BreadcrumbList\",\"@id\":\"https:\/\/dhr.se\/ale\/#breadcrumb\",\"itemListElement\":[{\"@type\":\"ListItem\",\"position\":1,\"name\":\"Hem\",\"item\":\"https:\/\/dhr.se\/ale\/\"},{\"@type\":\"ListItem\",\"position\":2,\"name\":\"DHR -Ale\"}]},{\"@type\":\"WebSite\",\"@id\":\"https:\/\/dhr.se\/ale\/#website\",\"url\":\"https:\/\/dhr.se\/ale\/\",\"name\":\"DHR - Ale\",\"description\":\"Delaktighet, r\u00f6relsefrihet och handlingskraft\",\"potentialAction\":[{\"@type\":\"SearchAction\",\"target\":{\"@type\":\"EntryPoint\",\"urlTemplate\":\"https:\/\/dhr.se\/ale\/?s={search_term_string}\"},\"query-input\":{\"@type\":\"PropertyValueSpecification\",\"valueRequired\":true,\"valueName\":\"search_term_string\"}}],\"inLanguage\":\"sv-SE\"}]}<\/script>\n<!-- \/ Yoast SEO plugin. -->","yoast_head_json":{"title":"DHR -Ale - DHR - Ale","robots":{"index":"index","follow":"follow","max-snippet":"max-snippet:-1","max-image-preview":"max-image-preview:large","max-video-preview":"max-video-preview:-1"},"canonical":"https:\/\/dhr.se\/ale\/","og_locale":"sv_SE","og_type":"article","og_title":"DHR -Ale - DHR - Ale","og_url":"https:\/\/dhr.se\/ale\/","og_site_name":"DHR - Ale","article_modified_time":"2025-11-29T13:49:49+00:00","twitter_card":"summary_large_image","schema":{"@context":"https:\/\/schema.org","@graph":[{"@type":"WebPage","@id":"https:\/\/dhr.se\/ale\/","url":"https:\/\/dhr.se\/ale\/","name":"DHR -Ale - DHR - Ale","isPartOf":{"@id":"https:\/\/dhr.se\/ale\/#website"},"datePublished":"2019-08-15T18:18:44+00:00","dateModified":"2025-11-29T13:49:49+00:00","breadcrumb":{"@id":"https:\/\/dhr.se\/ale\/#breadcrumb"},"inLanguage":"sv-SE","potentialAction":[{"@type":"ReadAction","target":["https:\/\/dhr.se\/ale\/"]}]},{"@type":"BreadcrumbList","@id":"https:\/\/dhr.se\/ale\/#breadcrumb","itemListElement":[{"@type":"ListItem","position":1,"name":"Hem","item":"https:\/\/dhr.se\/ale\/"},{"@type":"ListItem","position":2,"name":"DHR -Ale"}]},{"@type":"WebSite","@id":"https:\/\/dhr.se\/ale\/#website","url":"https:\/\/dhr.se\/ale\/","name":"DHR - Ale","description":"Delaktighet, r\u00f6relsefrihet och handlingskraft","potentialAction":[{"@type":"SearchAction","target":{"@type":"EntryPoint","urlTemplate":"https:\/\/dhr.se\/ale\/?s={search_term_string}"},"query-input":{"@type":"PropertyValueSpecification","valueRequired":true,"valueName":"search_term_string"}}],"inLanguage":"sv-SE"}]}},"publishpress_future_action":{"enabled":false,"date":"2026-04-27 17:52:32","action":"change-status","newStatus":"draft","terms":[],"taxonomy":"translation_priority","extraData":[]},"publishpress_future_workflow_manual_trigger":{"enabledWorkflows":[]},"_links":{"self":[{"href":"https:\/\/dhr.se\/ale\/wp-json\/wp\/v2\/pages\/754","targetHints":{"allow":["GET"]}}],"collection":[{"href":"https:\/\/dhr.se\/ale\/wp-json\/wp\/v2\/pages"}],"about":[{"href":"https:\/\/dhr.se\/ale\/wp-json\/wp\/v2\/types\/page"}],"author":[{"embeddable":true,"href":"https:\/\/dhr.se\/ale\/wp-json\/wp\/v2\/users\/20"}],"replies":[{"embeddable":true,"href":"https:\/\/dhr.se\/ale\/wp-json\/wp\/v2\/comments?post=754"}],"version-history":[{"count":0,"href":"https:\/\/dhr.se\/ale\/wp-json\/wp\/v2\/pages\/754\/revisions"}],"wp:attachment":[{"href":"https:\/\/dhr.se\/ale\/wp-json\/wp\/v2\/media?parent=754"}],"curies":[{"name":"wp","href":"https:\/\/api.w.org\/{rel}","templated":true}]}}