{"id":936,"date":"2019-08-19T11:01:18","date_gmt":"2019-08-19T09:01:18","guid":{"rendered":"http:\/\/dhr.se\/ale\/?page_id=936"},"modified":"2021-12-11T11:05:04","modified_gmt":"2021-12-11T10:05:04","slug":"om-dhr-ale","status":"publish","type":"page","link":"https:\/\/dhr.se\/ale\/om-dhr-ale\/","title":{"rendered":"Om DHR Ale"},"content":{"rendered":"<section class=\"block-simple-text\">\n    <div class=\"main\">\n        <div class=\"main-inner\">\n            <div class=\"ingress text-darker\"><p>&nbsp;<\/p>\n<h2>Allas lika v\u00e4rde och r\u00e4ttigheter<\/h2>\n<p>DHR Ale \u00e4r en avdelning inom f\u00f6rbundet DHR. Vi arbetar f\u00f6r allas lika v\u00e4rde och r\u00e4ttigheter. Ingen ska beh\u00f6va\u00a0 avst\u00e5 n\u00e5gon aktivitet p\u00e5 grund av att det inte g\u00e5r att komma in\/fram med\u00a0 rullstol eller annat hj\u00e4lpmedel. Vi v\u00e4nder oss i f\u00f6rsta hand till dig som bor i Ale Kommun eller i s\u00f6dra delen av Lilla Edets kommun, men alla \u00e4r v\u00e4lkomna i v\u00e5r gemenskap.<\/p>\n<p>F\u00f6r medlemmar arrangerar vi diverse olika aktiviteter s\u00e5 som f\u00f6rel\u00e4sningar, studiecirklar och andra tillst\u00e4llningar. Allt fr\u00e5n reseskildringar, informationsm\u00f6ten om aktuella fr\u00e5gor som till exempel f\u00e4rdtj\u00e4nst, tillg\u00e4nglighet, till G\u00f6kotta och andra sociala sammankomster. Vi skickar ut ett medlemsblad ett par g\u00e5nger om \u00e5ret d\u00e4r det framg\u00e5r vad som \u00e4r p\u00e5 g\u00e5ng.<\/p>\n<p>Vi samarbetar med andra f\u00f6reningar i kommunen i f\u00f6r oss aktuella fr\u00e5gor. Styrelsen arbetar intressepolitiskt genom att delta i bland annat R\u00e5det f\u00f6r funktionshinderfr\u00e5gor och F\u00f6reningsr\u00e5det. Vi deltar \u00e4ven i kurser och konferenser som DHR:s Region och F\u00f6rbund anordnar samt i Distriktets EU-n\u00e4tverk.<br \/>\nVilka som ing\u00e5r i styrelsen, vad vi arbetar med och annat f\u00f6reningsmaterial finner du under menyerna h\u00e4r ovan.<\/p>\n<p>Hj\u00e4rtligt v\u00e4lkommen till oss!!! Styrelsen DHR Aleavdelningen<\/p>\n<p>&nbsp;<\/p>\n<\/div>\n            <div class=\"content\"><figure id=\"attachment_1990\" aria-describedby=\"caption-attachment-1990\" style=\"width: 640px\" class=\"wp-caption alignleft\"><img loading=\"lazy\" decoding=\"async\" class=\"wp-image-1990 size-large\" src=\"http:\/\/dhr.se\/ale\/wp-content\/uploads\/sites\/18\/2020\/09\/DHR_05_CMYK-1024x1024.jpg\" alt=\"\" width=\"640\" height=\"640\" srcset=\"https:\/\/dhr.se\/ale\/wp-content\/uploads\/sites\/18\/2020\/09\/DHR_05_CMYK-1024x1024.jpg 1024w, https:\/\/dhr.se\/ale\/wp-content\/uploads\/sites\/18\/2020\/09\/DHR_05_CMYK-150x150.jpg 150w, https:\/\/dhr.se\/ale\/wp-content\/uploads\/sites\/18\/2020\/09\/DHR_05_CMYK-300x300.jpg 300w, https:\/\/dhr.se\/ale\/wp-content\/uploads\/sites\/18\/2020\/09\/DHR_05_CMYK-768x768.jpg 768w\" sizes=\"auto, (max-width: 640px) 100vw, 640px\" \/><figcaption id=\"caption-attachment-1990\" class=\"wp-caption-text\">Allas lika v\u00e4rde och r\u00e4ttigheter. Illustration av paragraf fem i r\u00e4ttighetskonventionen<\/figcaption><\/figure>\n<\/div>\n        <\/div>\n    <\/div>\n<\/section>","protected":false},"excerpt":{"rendered":"","protected":false},"author":20,"featured_media":0,"parent":0,"menu_order":0,"comment_status":"closed","ping_status":"closed","template":"template-side-menu.php","meta":{"_acf_changed":false,"_monsterinsights_skip_tracking":false,"_monsterinsights_sitenote_active":false,"_monsterinsights_sitenote_note":"","_monsterinsights_sitenote_category":0,"footnotes":""},"class_list":["post-936","page","type-page","status-publish","hentry"],"acf":[],"yoast_head":"<!-- This site is optimized with the Yoast SEO plugin v27.2 - https:\/\/yoast.com\/product\/yoast-seo-wordpress\/ -->\n<title>Om DHR Ale - DHR - Ale<\/title>\n<meta name=\"robots\" content=\"index, follow, max-snippet:-1, max-image-preview:large, max-video-preview:-1\" \/>\n<link rel=\"canonical\" href=\"https:\/\/dhr.se\/ale\/om-dhr-ale\/\" \/>\n<meta property=\"og:locale\" content=\"sv_SE\" \/>\n<meta property=\"og:type\" content=\"article\" \/>\n<meta property=\"og:title\" content=\"Om DHR Ale - DHR - Ale\" \/>\n<meta property=\"og:url\" content=\"https:\/\/dhr.se\/ale\/om-dhr-ale\/\" \/>\n<meta property=\"og:site_name\" content=\"DHR - Ale\" \/>\n<meta property=\"article:modified_time\" content=\"2021-12-11T10:05:04+00:00\" \/>\n<meta name=\"twitter:card\" content=\"summary_large_image\" \/>\n<script type=\"application\/ld+json\" class=\"yoast-schema-graph\">{\"@context\":\"https:\/\/schema.org\",\"@graph\":[{\"@type\":\"WebPage\",\"@id\":\"https:\/\/dhr.se\/ale\/om-dhr-ale\/\",\"url\":\"https:\/\/dhr.se\/ale\/om-dhr-ale\/\",\"name\":\"Om DHR Ale - DHR - Ale\",\"isPartOf\":{\"@id\":\"https:\/\/dhr.se\/ale\/#website\"},\"datePublished\":\"2019-08-19T09:01:18+00:00\",\"dateModified\":\"2021-12-11T10:05:04+00:00\",\"breadcrumb\":{\"@id\":\"https:\/\/dhr.se\/ale\/om-dhr-ale\/#breadcrumb\"},\"inLanguage\":\"sv-SE\",\"potentialAction\":[{\"@type\":\"ReadAction\",\"target\":[\"https:\/\/dhr.se\/ale\/om-dhr-ale\/\"]}]},{\"@type\":\"BreadcrumbList\",\"@id\":\"https:\/\/dhr.se\/ale\/om-dhr-ale\/#breadcrumb\",\"itemListElement\":[{\"@type\":\"ListItem\",\"position\":1,\"name\":\"Hem\",\"item\":\"https:\/\/dhr.se\/ale\/\"},{\"@type\":\"ListItem\",\"position\":2,\"name\":\"Om DHR Ale\"}]},{\"@type\":\"WebSite\",\"@id\":\"https:\/\/dhr.se\/ale\/#website\",\"url\":\"https:\/\/dhr.se\/ale\/\",\"name\":\"DHR - Ale\",\"description\":\"Delaktighet, r\u00f6relsefrihet och handlingskraft\",\"potentialAction\":[{\"@type\":\"SearchAction\",\"target\":{\"@type\":\"EntryPoint\",\"urlTemplate\":\"https:\/\/dhr.se\/ale\/?s={search_term_string}\"},\"query-input\":{\"@type\":\"PropertyValueSpecification\",\"valueRequired\":true,\"valueName\":\"search_term_string\"}}],\"inLanguage\":\"sv-SE\"}]}<\/script>\n<!-- \/ Yoast SEO plugin. -->","yoast_head_json":{"title":"Om DHR Ale - DHR - Ale","robots":{"index":"index","follow":"follow","max-snippet":"max-snippet:-1","max-image-preview":"max-image-preview:large","max-video-preview":"max-video-preview:-1"},"canonical":"https:\/\/dhr.se\/ale\/om-dhr-ale\/","og_locale":"sv_SE","og_type":"article","og_title":"Om DHR Ale - DHR - Ale","og_url":"https:\/\/dhr.se\/ale\/om-dhr-ale\/","og_site_name":"DHR - Ale","article_modified_time":"2021-12-11T10:05:04+00:00","twitter_card":"summary_large_image","schema":{"@context":"https:\/\/schema.org","@graph":[{"@type":"WebPage","@id":"https:\/\/dhr.se\/ale\/om-dhr-ale\/","url":"https:\/\/dhr.se\/ale\/om-dhr-ale\/","name":"Om DHR Ale - DHR - Ale","isPartOf":{"@id":"https:\/\/dhr.se\/ale\/#website"},"datePublished":"2019-08-19T09:01:18+00:00","dateModified":"2021-12-11T10:05:04+00:00","breadcrumb":{"@id":"https:\/\/dhr.se\/ale\/om-dhr-ale\/#breadcrumb"},"inLanguage":"sv-SE","potentialAction":[{"@type":"ReadAction","target":["https:\/\/dhr.se\/ale\/om-dhr-ale\/"]}]},{"@type":"BreadcrumbList","@id":"https:\/\/dhr.se\/ale\/om-dhr-ale\/#breadcrumb","itemListElement":[{"@type":"ListItem","position":1,"name":"Hem","item":"https:\/\/dhr.se\/ale\/"},{"@type":"ListItem","position":2,"name":"Om DHR Ale"}]},{"@type":"WebSite","@id":"https:\/\/dhr.se\/ale\/#website","url":"https:\/\/dhr.se\/ale\/","name":"DHR - Ale","description":"Delaktighet, r\u00f6relsefrihet och handlingskraft","potentialAction":[{"@type":"SearchAction","target":{"@type":"EntryPoint","urlTemplate":"https:\/\/dhr.se\/ale\/?s={search_term_string}"},"query-input":{"@type":"PropertyValueSpecification","valueRequired":true,"valueName":"search_term_string"}}],"inLanguage":"sv-SE"}]}},"publishpress_future_action":{"enabled":false,"date":"2026-04-23 22:12:57","action":"change-status","newStatus":"draft","terms":[],"taxonomy":"translation_priority","extraData":[]},"publishpress_future_workflow_manual_trigger":{"enabledWorkflows":[]},"_links":{"self":[{"href":"https:\/\/dhr.se\/ale\/wp-json\/wp\/v2\/pages\/936","targetHints":{"allow":["GET"]}}],"collection":[{"href":"https:\/\/dhr.se\/ale\/wp-json\/wp\/v2\/pages"}],"about":[{"href":"https:\/\/dhr.se\/ale\/wp-json\/wp\/v2\/types\/page"}],"author":[{"embeddable":true,"href":"https:\/\/dhr.se\/ale\/wp-json\/wp\/v2\/users\/20"}],"replies":[{"embeddable":true,"href":"https:\/\/dhr.se\/ale\/wp-json\/wp\/v2\/comments?post=936"}],"version-history":[{"count":0,"href":"https:\/\/dhr.se\/ale\/wp-json\/wp\/v2\/pages\/936\/revisions"}],"wp:attachment":[{"href":"https:\/\/dhr.se\/ale\/wp-json\/wp\/v2\/media?parent=936"}],"curies":[{"name":"wp","href":"https:\/\/api.w.org\/{rel}","templated":true}]}}