{"id":2020,"date":"2020-05-01T14:41:56","date_gmt":"2020-05-01T12:41:56","guid":{"rendered":"http:\/\/dhr.se\/angelholm\/?page_id=2020"},"modified":"2025-12-22T13:57:56","modified_gmt":"2025-12-22T12:57:56","slug":"fortroendevalda-dhr-angelholm","status":"publish","type":"page","link":"https:\/\/dhr.se\/angelholm\/fortroendevalda-dhr-angelholm\/","title":{"rendered":"F\u00f6rtroendevalda DHR-\u00c4ngelholm"},"content":{"rendered":"<section class=\"block-staff\">\n    <div class=\"main\">\n        <div class=\"main-inner\">\n            <h3><\/h3>\n\n            <div class=\"flex-container\">\n\n                \n\n                        <div class=\"person\">\n                            \n                                                            <img decoding=\"async\" src=\"https:\/\/dhr.se\/angelholm\/wp-content\/uploads\/sites\/42\/2025\/06\/Goran.jpg\" alt=\"\" \/>\n                            \n                            <h4>G\u00f6ran<\/h4>\n                            <h4>Johnsson<\/h4>\n                            <p class=\"description\">Ordf\u00f6rande<\/p>\n                            <p class=\"phone\">0725 34 44 00<\/p>\n\t\t\t\t\t\t\t                            <a class=\"text-link\" href=\"mailto:ingbrittgoran@gmail.com\">Maila mig<\/a>\n\t\t\t\t\t\t\t                        <\/div>\n\n\n                        \n\n                        <div class=\"person\">\n                            \n                                                            <img decoding=\"async\" src=\"https:\/\/dhr.se\/angelholm\/wp-content\/uploads\/sites\/42\/2021\/06\/Roland-scaled.jpg\" alt=\"\" \/>\n                            \n                            <h4>Roland<\/h4>\n                            <h4>Andersson<\/h4>\n                            <p class=\"description\">Kass\u00f6r<\/p>\n                            <p class=\"phone\"><\/p>\n\t\t\t\t\t\t\t                            <a class=\"text-link\" href=\"mailto:jr.andersson45@gmail.com\">Maila mig<\/a>\n\t\t\t\t\t\t\t                        <\/div>\n\n\n                        \n\n                        <div class=\"person\">\n                            \n                                                            <img decoding=\"async\" src=\"https:\/\/dhr.se\/angelholm\/wp-content\/uploads\/sites\/42\/2021\/04\/Janne-2.jpg\" alt=\"\" \/>\n                            \n                            <h4>Jan<\/h4>\n                            <h4>Andersson<\/h4>\n                            <p class=\"description\">Sekreterare<\/p>\n                            <p class=\"phone\">0709 42 67 24<\/p>\n\t\t\t\t\t\t\t                            <a class=\"text-link\" href=\"mailto:gonke@hotmail.se\">Maila mig<\/a>\n\t\t\t\t\t\t\t                        <\/div>\n\n\n                        \n\n                        <div class=\"person\">\n                            \n                                                            <img decoding=\"async\" src=\"https:\/\/dhr.se\/angelholm\/wp-content\/uploads\/sites\/42\/2021\/05\/Bengt.jpg\" alt=\"\" \/>\n                            \n                            <h4>Bengt<\/h4>\n                            <h4>Linderos<\/h4>\n                            <p class=\"description\">Revisor<\/p>\n                            <p class=\"phone\"><\/p>\n\t\t\t\t\t\t\t                            <a class=\"text-link\" href=\"mailto:b.linderos@hotmail.se\">Maila mig<\/a>\n\t\t\t\t\t\t\t                        <\/div>\n\n\n                        \n\n                        <div class=\"person\">\n                            \n                                                            <img decoding=\"async\" src=\"https:\/\/dhr.se\/angelholm\/wp-content\/uploads\/sites\/42\/2022\/07\/Lisbeth.jpg\" alt=\"\" \/>\n                            \n                            <h4>Lisbeth<\/h4>\n                            <h4>Pettersson<\/h4>\n                            <p class=\"description\">Valberedning<\/p>\n                            <p class=\"phone\">0435-100 34<\/p>\n\t\t\t\t\t\t\t                            <a class=\"text-link\" href=\"mailto:lisbeth.pettersson44@gmail.com\">Maila mig<\/a>\n\t\t\t\t\t\t\t                        <\/div>\n\n\n                        \n\n                        <div class=\"person\">\n                            \n                                                            <img decoding=\"async\" src=\"https:\/\/dhr.se\/angelholm\/wp-content\/uploads\/sites\/42\/2021\/05\/GunBritt.jpg\" alt=\"\" \/>\n                            \n                            <h4>Gun-Britt <\/h4>\n                            <h4>Bergman<\/h4>\n                            <p class=\"description\">Valberedning<\/p>\n                            <p class=\"phone\"><\/p>\n\t\t\t\t\t\t\t                            <a class=\"text-link\" href=\"mailto:gbergman409@gmail.com\">Maila mig<\/a>\n\t\t\t\t\t\t\t                        <\/div>\n\n\n                        \n\n                        <div class=\"person\">\n                            \n                                                            <img decoding=\"async\" src=\"https:\/\/dhr.se\/angelholm\/wp-content\/uploads\/sites\/42\/2025\/06\/Sven-Erik.jpg\" alt=\"\" \/>\n                            \n                            <h4>Sven Erik<\/h4>\n                            <h4>J\u00e4german<\/h4>\n                            <p class=\"description\">Suppleant<\/p>\n                            <p class=\"phone\">070-325 96 12<\/p>\n\t\t\t\t\t\t\t                            <a class=\"text-link\" href=\"mailto:svenerikjagerman@hotmail.com\">Maila mig<\/a>\n\t\t\t\t\t\t\t                        <\/div>\n\n\n                        \n\n                        <div class=\"person\">\n                            \n                                                            <img decoding=\"async\" src=\"https:\/\/dhr.se\/angelholm\/wp-content\/uploads\/sites\/42\/2025\/06\/Kjell.jpg\" alt=\"\" \/>\n                            \n                            <h4>Kjell<\/h4>\n                            <h4>J\u00f6nsson<\/h4>\n                            <p class=\"description\">Revisor<\/p>\n                            <p class=\"phone\">070-606 05 93<\/p>\n\t\t\t\t\t\t\t                            <a class=\"text-link\" href=\"mailto:grossisten53@gmail.com\">Maila mig<\/a>\n\t\t\t\t\t\t\t                        <\/div>\n\n\n                        \n            <\/div>\n        <\/div>\n    <\/div>\n<\/section>\n\n\n<p><\/p>\n\n\n<section class=\"block-contact-info\">\n    <div class=\"main\">\n        <div class=\"main-inner\">\n            <h2><\/h2>\n\n            <div class=\"flex-container\">\n                <div class=\"col\">\n                    <p><strong>Studieorganisat\u00f6rer:<br \/>\n<\/strong><\/p>\n                <\/div>\n                <div class=\"col\">\n                    <p><strong>Festkommitt\u00e9:<br \/>\n<\/strong><\/p>\n<p>Anneli Hansson<br \/>\nLena Sandberg<\/p>\n                <\/div>\n                <div class=\"col\">\n                    <p><strong>Resekommitt\u00e9:<\/p>\n<p><\/strong>Kerstin Jansson<br \/>\nOve Jansson<\/p>\n                <\/div>\n                <div class=\"col\">\n                    <p><strong>Lotteriansvarig:<\/strong><\/p>\n                <\/div>\n            <\/div>\n        <\/div>\n    <\/div>\n<\/section>","protected":false},"excerpt":{"rendered":"","protected":false},"author":34,"featured_media":0,"parent":0,"menu_order":0,"comment_status":"closed","ping_status":"closed","template":"","meta":{"_acf_changed":false,"_monsterinsights_skip_tracking":false,"_monsterinsights_sitenote_active":false,"_monsterinsights_sitenote_note":"","_monsterinsights_sitenote_category":0,"footnotes":""},"class_list":["post-2020","page","type-page","status-publish","hentry"],"acf":[],"yoast_head":"<!-- This site is optimized with the Yoast SEO plugin v27.2 - https:\/\/yoast.com\/product\/yoast-seo-wordpress\/ -->\n<title>F\u00f6rtroendevalda DHR-\u00c4ngelholm - DHR - \u00c4ngelholm<\/title>\n<meta name=\"robots\" content=\"index, follow, max-snippet:-1, max-image-preview:large, max-video-preview:-1\" \/>\n<link rel=\"canonical\" href=\"https:\/\/dhr.se\/angelholm\/fortroendevalda-dhr-angelholm\/\" \/>\n<meta property=\"og:locale\" content=\"sv_SE\" \/>\n<meta property=\"og:type\" content=\"article\" \/>\n<meta property=\"og:title\" content=\"F\u00f6rtroendevalda DHR-\u00c4ngelholm - DHR - \u00c4ngelholm\" \/>\n<meta property=\"og:url\" content=\"https:\/\/dhr.se\/angelholm\/fortroendevalda-dhr-angelholm\/\" \/>\n<meta property=\"og:site_name\" content=\"DHR - \u00c4ngelholm\" \/>\n<meta property=\"article:modified_time\" content=\"2025-12-22T12:57:56+00:00\" \/>\n<meta name=\"twitter:card\" content=\"summary_large_image\" \/>\n<script type=\"application\/ld+json\" class=\"yoast-schema-graph\">{\"@context\":\"https:\/\/schema.org\",\"@graph\":[{\"@type\":\"WebPage\",\"@id\":\"https:\/\/dhr.se\/angelholm\/fortroendevalda-dhr-angelholm\/\",\"url\":\"https:\/\/dhr.se\/angelholm\/fortroendevalda-dhr-angelholm\/\",\"name\":\"F\u00f6rtroendevalda DHR-\u00c4ngelholm - DHR - \u00c4ngelholm\",\"isPartOf\":{\"@id\":\"https:\/\/dhr.se\/angelholm\/#website\"},\"datePublished\":\"2020-05-01T12:41:56+00:00\",\"dateModified\":\"2025-12-22T12:57:56+00:00\",\"breadcrumb\":{\"@id\":\"https:\/\/dhr.se\/angelholm\/fortroendevalda-dhr-angelholm\/#breadcrumb\"},\"inLanguage\":\"sv-SE\",\"potentialAction\":[{\"@type\":\"ReadAction\",\"target\":[\"https:\/\/dhr.se\/angelholm\/fortroendevalda-dhr-angelholm\/\"]}]},{\"@type\":\"BreadcrumbList\",\"@id\":\"https:\/\/dhr.se\/angelholm\/fortroendevalda-dhr-angelholm\/#breadcrumb\",\"itemListElement\":[{\"@type\":\"ListItem\",\"position\":1,\"name\":\"Hem\",\"item\":\"https:\/\/dhr.se\/angelholm\/\"},{\"@type\":\"ListItem\",\"position\":2,\"name\":\"F\u00f6rtroendevalda DHR-\u00c4ngelholm\"}]},{\"@type\":\"WebSite\",\"@id\":\"https:\/\/dhr.se\/angelholm\/#website\",\"url\":\"https:\/\/dhr.se\/angelholm\/\",\"name\":\"DHR - \u00c4ngelholm\",\"description\":\"Delaktighet, r\u00f6relsefrihet och handlingskraft\",\"potentialAction\":[{\"@type\":\"SearchAction\",\"target\":{\"@type\":\"EntryPoint\",\"urlTemplate\":\"https:\/\/dhr.se\/angelholm\/?s={search_term_string}\"},\"query-input\":{\"@type\":\"PropertyValueSpecification\",\"valueRequired\":true,\"valueName\":\"search_term_string\"}}],\"inLanguage\":\"sv-SE\"}]}<\/script>\n<!-- \/ Yoast SEO plugin. -->","yoast_head_json":{"title":"F\u00f6rtroendevalda DHR-\u00c4ngelholm - DHR - \u00c4ngelholm","robots":{"index":"index","follow":"follow","max-snippet":"max-snippet:-1","max-image-preview":"max-image-preview:large","max-video-preview":"max-video-preview:-1"},"canonical":"https:\/\/dhr.se\/angelholm\/fortroendevalda-dhr-angelholm\/","og_locale":"sv_SE","og_type":"article","og_title":"F\u00f6rtroendevalda DHR-\u00c4ngelholm - DHR - \u00c4ngelholm","og_url":"https:\/\/dhr.se\/angelholm\/fortroendevalda-dhr-angelholm\/","og_site_name":"DHR - \u00c4ngelholm","article_modified_time":"2025-12-22T12:57:56+00:00","twitter_card":"summary_large_image","schema":{"@context":"https:\/\/schema.org","@graph":[{"@type":"WebPage","@id":"https:\/\/dhr.se\/angelholm\/fortroendevalda-dhr-angelholm\/","url":"https:\/\/dhr.se\/angelholm\/fortroendevalda-dhr-angelholm\/","name":"F\u00f6rtroendevalda DHR-\u00c4ngelholm - DHR - \u00c4ngelholm","isPartOf":{"@id":"https:\/\/dhr.se\/angelholm\/#website"},"datePublished":"2020-05-01T12:41:56+00:00","dateModified":"2025-12-22T12:57:56+00:00","breadcrumb":{"@id":"https:\/\/dhr.se\/angelholm\/fortroendevalda-dhr-angelholm\/#breadcrumb"},"inLanguage":"sv-SE","potentialAction":[{"@type":"ReadAction","target":["https:\/\/dhr.se\/angelholm\/fortroendevalda-dhr-angelholm\/"]}]},{"@type":"BreadcrumbList","@id":"https:\/\/dhr.se\/angelholm\/fortroendevalda-dhr-angelholm\/#breadcrumb","itemListElement":[{"@type":"ListItem","position":1,"name":"Hem","item":"https:\/\/dhr.se\/angelholm\/"},{"@type":"ListItem","position":2,"name":"F\u00f6rtroendevalda DHR-\u00c4ngelholm"}]},{"@type":"WebSite","@id":"https:\/\/dhr.se\/angelholm\/#website","url":"https:\/\/dhr.se\/angelholm\/","name":"DHR - \u00c4ngelholm","description":"Delaktighet, r\u00f6relsefrihet och handlingskraft","potentialAction":[{"@type":"SearchAction","target":{"@type":"EntryPoint","urlTemplate":"https:\/\/dhr.se\/angelholm\/?s={search_term_string}"},"query-input":{"@type":"PropertyValueSpecification","valueRequired":true,"valueName":"search_term_string"}}],"inLanguage":"sv-SE"}]}},"publishpress_future_workflow_manual_trigger":{"enabledWorkflows":[]},"_links":{"self":[{"href":"https:\/\/dhr.se\/angelholm\/wp-json\/wp\/v2\/pages\/2020","targetHints":{"allow":["GET"]}}],"collection":[{"href":"https:\/\/dhr.se\/angelholm\/wp-json\/wp\/v2\/pages"}],"about":[{"href":"https:\/\/dhr.se\/angelholm\/wp-json\/wp\/v2\/types\/page"}],"author":[{"embeddable":true,"href":"https:\/\/dhr.se\/angelholm\/wp-json\/wp\/v2\/users\/34"}],"replies":[{"embeddable":true,"href":"https:\/\/dhr.se\/angelholm\/wp-json\/wp\/v2\/comments?post=2020"}],"version-history":[{"count":0,"href":"https:\/\/dhr.se\/angelholm\/wp-json\/wp\/v2\/pages\/2020\/revisions"}],"wp:attachment":[{"href":"https:\/\/dhr.se\/angelholm\/wp-json\/wp\/v2\/media?parent=2020"}],"curies":[{"name":"wp","href":"https:\/\/api.w.org\/{rel}","templated":true}]}}