{"id":2198,"date":"2020-05-08T09:35:24","date_gmt":"2020-05-08T07:35:24","guid":{"rendered":"http:\/\/dhr.se\/angelholm\/?page_id=2198"},"modified":"2025-12-04T15:45:54","modified_gmt":"2025-12-04T14:45:54","slug":"bilder","status":"publish","type":"page","link":"https:\/\/dhr.se\/angelholm\/bilder\/","title":{"rendered":"Bilder"},"content":{"rendered":"<section class=\"block-simple-text\">\n    <div class=\"main\">\n        <div class=\"main-inner\">\n            <div class=\"ingress text-darker\"><p><strong>H\u00e4r \u00e4r lite bilder ifr\u00e5n olika arrangemang vi haft<\/strong><\/p>\n<\/div>\n            <div class=\"content\"><p><a href=\"https:\/\/dhr.se\/angelholm\/wp-content\/uploads\/sites\/42\/2025\/12\/Julbord-2025.pdf\">Julbord 2025<\/a><\/p>\n<p><a href=\"https:\/\/dhr.se\/angelholm\/wp-content\/uploads\/sites\/42\/2025\/09\/Festen-sept-2025.pdf\">Skaldjursfest 2025<\/a><\/p>\n<p><a href=\"https:\/\/dhr.se\/angelholm\/wp-content\/uploads\/sites\/42\/2025\/07\/Sommarfest-2025.pdf\">Sommarfest 2025<\/a><\/p>\n<p><a href=\"https:\/\/dhr.se\/angelholm\/wp-content\/uploads\/sites\/42\/2025\/05\/DHR-Danmark.pdf\">Danmark 2025<\/a><\/p>\n<p><a href=\"https:\/\/dhr.se\/angelholm\/wp-content\/uploads\/sites\/42\/2022\/08\/Adelfors-2022.pdf\" target=\"_blank\" rel=\"noopener\">\u00c4deelfors<\/a><br \/>\n<a href=\"https:\/\/dhr.se\/angelholm\/wp-content\/uploads\/sites\/42\/2022\/08\/Luffarmuseet-2022.pdf\" target=\"_blank\" rel=\"noopener\">Luffarmuseet<\/a><br \/>\n<a href=\"https:\/\/dhr.se\/angelholm\/wp-content\/uploads\/sites\/42\/2022\/08\/Husqvarna-2022.pdf\" target=\"_blank\" rel=\"noopener\">Husqvarna<\/a><br \/>\n<a href=\"https:\/\/dhr.se\/angelholm\/wp-content\/uploads\/sites\/42\/2022\/08\/Eksjo-2022.pdf\" target=\"_blank\" rel=\"noopener\">Eksj\u00f6<\/a><\/p>\n<p>&nbsp;<\/p>\n<p>&nbsp;<\/p>\n<p><a href=\"https:\/\/dhr.se\/angelholm\/wp-content\/uploads\/sites\/42\/2022\/07\/Rakaft-2207.pdf\" target=\"_blank\" rel=\"noopener\">R\u00e4kafton p\u00e5 Villan 15 juli<\/a><br \/>\n<a href=\"https:\/\/dhr.se\/angelholm\/wp-content\/uploads\/sites\/42\/2022\/05\/Hembygdsparken-maj-22.pdf\" target=\"_blank\" rel=\"noopener\">Hembygdsparken 22<\/a><br \/>\n<a href=\"https:\/\/dhr.se\/angelholm\/wp-content\/uploads\/sites\/42\/2022\/03\/Ulla-Britts-begravning.pdf\" target=\"_blank\" rel=\"noopener\">Ulla-Britts begravning<\/a><br \/>\n<a href=\"https:\/\/dhr.se\/angelholm\/wp-content\/uploads\/sites\/42\/2022\/03\/Arsmote-22.pdf\" target=\"_blank\" rel=\"noopener\">\u00c5rsm\u00f6te 22-03-19<\/a><br \/>\n<a href=\"https:\/\/dhr.se\/angelholm\/wp-content\/uploads\/sites\/42\/2021\/11\/Pubafton-2021-1.pdf\" target=\"_blank\" rel=\"noopener\">Pubafton 1<\/a><br \/>\n<a href=\"https:\/\/dhr.se\/angelholm\/wp-content\/uploads\/sites\/42\/2021\/11\/Pubaftor-2021-2.pdf\" target=\"_blank\" rel=\"noopener\">Pubafton 2<\/a><br \/>\n<a href=\"https:\/\/dhr.se\/angelholm\/wp-content\/uploads\/sites\/42\/2021\/10\/Skytte-14okt-21.pdf\" target=\"_blank\" rel=\"noopener\">Skytte i \u00d6ssj\u00f6 211017<\/a><br \/>\n<a href=\"https:\/\/dhr.se\/angelholm\/wp-content\/uploads\/sites\/42\/2021\/08\/Dok1-Kraftfest-2021-1.pdf\" target=\"_blank\" rel=\"noopener\">Kr\u00e4ftskivan p\u00e5 Villan aug 2021<\/a><br \/>\n<a href=\"https:\/\/dhr.se\/angelholm\/wp-content\/uploads\/sites\/42\/2021\/07\/Rakfest-pa-Villan.pdf\">R\u00e4kfest p\u00e5 Villan 17 juli 2021<\/a><br \/>\n<a href=\"https:\/\/dhr.se\/angelholm\/wp-content\/uploads\/sites\/42\/2021\/06\/Villan-5-juni-1.pdf\">Grillningen p\u00e5 Villan 5 juni<\/a><br \/>\n<a href=\"https:\/\/dhr.se\/angelholm\/wp-content\/uploads\/sites\/42\/2021\/05\/Arsmote-21-bilder.pdf\">\u00c5rsm\u00f6tet f\u00f6r 2019 och 2020 p\u00e5 Villan<\/a><br \/>\n<a href=\"https:\/\/dhrforbundet-my.sharepoint.com\/:b:\/g\/personal\/angelholm_dhr_se\/Ec9eBtLeJSJEq8Do7HjzLQUB3fRs4fgT3UoO4-kCq7EWGw?e=5onRUa\">F\u00f6reningens egen grillm\u00e4stare<\/a><br \/>\n<a href=\"https:\/\/dhrforbundet-my.sharepoint.com\/:b:\/g\/personal\/angelholm_dhr_se\/EfJ7jVd5UYFNnlZGT2EKfA0BsmeCMb7WYdgyiYbarteq6w?e=E3z9hh\">Skytte i \u00d6ssj\u00f6 den 13 februari 2020<\/a><br \/>\n<a href=\"https:\/\/dhrforbundet-my.sharepoint.com\/:b:\/g\/personal\/angelholm_dhr_se\/EadkwS_YEX1Oqa4LL53--eIB3mjlh1eB4JTsempoqHjdog?e=hrFT3Z\">Grillfest p\u00e5 Villan 13 juli<\/a><br \/>\n<a href=\"https:\/\/dhrforbundet-my.sharepoint.com\/:b:\/g\/personal\/angelholm_dhr_se\/EWL5HscdfmVIn_T5903basABeJEKQdPIkblXgPsivMvk6w?e=uv4TAv\">Medlemsm\u00f6te 18 oktober 2019<\/a><br \/>\n<a href=\"http:\/\/dhr.se\/angelholm\/wp-content\/uploads\/sites\/42\/2020\/08\/Dok1-Hembygdsparken-2020-1.pdf\">Hembygdsparken 2020 Korvgrillning som blev sallader i st\u00e4llet<\/a><\/p>\n<p>&nbsp;<\/p>\n<p>&nbsp;<\/p>\n<\/div>\n        <\/div>\n    <\/div>\n<\/section>\n\n\n<p><\/p>\n","protected":false},"excerpt":{"rendered":"","protected":false},"author":34,"featured_media":0,"parent":0,"menu_order":0,"comment_status":"closed","ping_status":"closed","template":"","meta":{"_acf_changed":false,"_monsterinsights_skip_tracking":false,"_monsterinsights_sitenote_active":false,"_monsterinsights_sitenote_note":"","_monsterinsights_sitenote_category":0,"footnotes":""},"class_list":["post-2198","page","type-page","status-publish","hentry"],"acf":[],"yoast_head":"<!-- This site is optimized with the Yoast SEO plugin v27.2 - https:\/\/yoast.com\/product\/yoast-seo-wordpress\/ -->\n<title>Bilder - DHR - \u00c4ngelholm<\/title>\n<meta name=\"robots\" content=\"index, follow, max-snippet:-1, max-image-preview:large, max-video-preview:-1\" \/>\n<link rel=\"canonical\" href=\"https:\/\/dhr.se\/angelholm\/bilder\/\" \/>\n<meta property=\"og:locale\" content=\"sv_SE\" \/>\n<meta property=\"og:type\" content=\"article\" \/>\n<meta property=\"og:title\" content=\"Bilder - DHR - \u00c4ngelholm\" \/>\n<meta property=\"og:url\" content=\"https:\/\/dhr.se\/angelholm\/bilder\/\" \/>\n<meta property=\"og:site_name\" content=\"DHR - \u00c4ngelholm\" \/>\n<meta property=\"article:modified_time\" content=\"2025-12-04T14:45:54+00:00\" \/>\n<meta name=\"twitter:card\" content=\"summary_large_image\" \/>\n<script type=\"application\/ld+json\" class=\"yoast-schema-graph\">{\"@context\":\"https:\/\/schema.org\",\"@graph\":[{\"@type\":\"WebPage\",\"@id\":\"https:\/\/dhr.se\/angelholm\/bilder\/\",\"url\":\"https:\/\/dhr.se\/angelholm\/bilder\/\",\"name\":\"Bilder - DHR - \u00c4ngelholm\",\"isPartOf\":{\"@id\":\"https:\/\/dhr.se\/angelholm\/#website\"},\"datePublished\":\"2020-05-08T07:35:24+00:00\",\"dateModified\":\"2025-12-04T14:45:54+00:00\",\"breadcrumb\":{\"@id\":\"https:\/\/dhr.se\/angelholm\/bilder\/#breadcrumb\"},\"inLanguage\":\"sv-SE\",\"potentialAction\":[{\"@type\":\"ReadAction\",\"target\":[\"https:\/\/dhr.se\/angelholm\/bilder\/\"]}]},{\"@type\":\"BreadcrumbList\",\"@id\":\"https:\/\/dhr.se\/angelholm\/bilder\/#breadcrumb\",\"itemListElement\":[{\"@type\":\"ListItem\",\"position\":1,\"name\":\"Hem\",\"item\":\"https:\/\/dhr.se\/angelholm\/\"},{\"@type\":\"ListItem\",\"position\":2,\"name\":\"Bilder\"}]},{\"@type\":\"WebSite\",\"@id\":\"https:\/\/dhr.se\/angelholm\/#website\",\"url\":\"https:\/\/dhr.se\/angelholm\/\",\"name\":\"DHR - \u00c4ngelholm\",\"description\":\"Delaktighet, r\u00f6relsefrihet och handlingskraft\",\"potentialAction\":[{\"@type\":\"SearchAction\",\"target\":{\"@type\":\"EntryPoint\",\"urlTemplate\":\"https:\/\/dhr.se\/angelholm\/?s={search_term_string}\"},\"query-input\":{\"@type\":\"PropertyValueSpecification\",\"valueRequired\":true,\"valueName\":\"search_term_string\"}}],\"inLanguage\":\"sv-SE\"}]}<\/script>\n<!-- \/ Yoast SEO plugin. -->","yoast_head_json":{"title":"Bilder - DHR - \u00c4ngelholm","robots":{"index":"index","follow":"follow","max-snippet":"max-snippet:-1","max-image-preview":"max-image-preview:large","max-video-preview":"max-video-preview:-1"},"canonical":"https:\/\/dhr.se\/angelholm\/bilder\/","og_locale":"sv_SE","og_type":"article","og_title":"Bilder - DHR - \u00c4ngelholm","og_url":"https:\/\/dhr.se\/angelholm\/bilder\/","og_site_name":"DHR - \u00c4ngelholm","article_modified_time":"2025-12-04T14:45:54+00:00","twitter_card":"summary_large_image","schema":{"@context":"https:\/\/schema.org","@graph":[{"@type":"WebPage","@id":"https:\/\/dhr.se\/angelholm\/bilder\/","url":"https:\/\/dhr.se\/angelholm\/bilder\/","name":"Bilder - DHR - \u00c4ngelholm","isPartOf":{"@id":"https:\/\/dhr.se\/angelholm\/#website"},"datePublished":"2020-05-08T07:35:24+00:00","dateModified":"2025-12-04T14:45:54+00:00","breadcrumb":{"@id":"https:\/\/dhr.se\/angelholm\/bilder\/#breadcrumb"},"inLanguage":"sv-SE","potentialAction":[{"@type":"ReadAction","target":["https:\/\/dhr.se\/angelholm\/bilder\/"]}]},{"@type":"BreadcrumbList","@id":"https:\/\/dhr.se\/angelholm\/bilder\/#breadcrumb","itemListElement":[{"@type":"ListItem","position":1,"name":"Hem","item":"https:\/\/dhr.se\/angelholm\/"},{"@type":"ListItem","position":2,"name":"Bilder"}]},{"@type":"WebSite","@id":"https:\/\/dhr.se\/angelholm\/#website","url":"https:\/\/dhr.se\/angelholm\/","name":"DHR - \u00c4ngelholm","description":"Delaktighet, r\u00f6relsefrihet och handlingskraft","potentialAction":[{"@type":"SearchAction","target":{"@type":"EntryPoint","urlTemplate":"https:\/\/dhr.se\/angelholm\/?s={search_term_string}"},"query-input":{"@type":"PropertyValueSpecification","valueRequired":true,"valueName":"search_term_string"}}],"inLanguage":"sv-SE"}]}},"publishpress_future_workflow_manual_trigger":{"enabledWorkflows":[]},"_links":{"self":[{"href":"https:\/\/dhr.se\/angelholm\/wp-json\/wp\/v2\/pages\/2198","targetHints":{"allow":["GET"]}}],"collection":[{"href":"https:\/\/dhr.se\/angelholm\/wp-json\/wp\/v2\/pages"}],"about":[{"href":"https:\/\/dhr.se\/angelholm\/wp-json\/wp\/v2\/types\/page"}],"author":[{"embeddable":true,"href":"https:\/\/dhr.se\/angelholm\/wp-json\/wp\/v2\/users\/34"}],"replies":[{"embeddable":true,"href":"https:\/\/dhr.se\/angelholm\/wp-json\/wp\/v2\/comments?post=2198"}],"version-history":[{"count":0,"href":"https:\/\/dhr.se\/angelholm\/wp-json\/wp\/v2\/pages\/2198\/revisions"}],"wp:attachment":[{"href":"https:\/\/dhr.se\/angelholm\/wp-json\/wp\/v2\/media?parent=2198"}],"curies":[{"name":"wp","href":"https:\/\/api.w.org\/{rel}","templated":true}]}}