{"id":2213,"date":"2020-05-08T12:06:11","date_gmt":"2020-05-08T10:06:11","guid":{"rendered":"http:\/\/dhr.se\/angelholm\/?page_id=2213"},"modified":"2020-05-08T12:07:18","modified_gmt":"2020-05-08T10:07:18","slug":"lamna-tips-till-styrelsen","status":"publish","type":"page","link":"https:\/\/dhr.se\/angelholm\/lamna-tips-till-styrelsen\/","title":{"rendered":"L\u00e4mna tips till styrelsen"},"content":{"rendered":"<section class=\"block-simple-text\">\n    <div class=\"main\">\n        <div class=\"main-inner\">\n            <div class=\"ingress text-darker\"><p>Klicka h\u00e4r under f\u00f6r att komma till tipsformul\u00e4ret<\/p>\n<\/div>\n            <div class=\"content\"><p><a href=\"https:\/\/forms.office.com\/Pages\/ResponsePage.aspx?id=32BUTYdTy06hR4o3SJpzpwANakTS889NrZN81gmPqGRUMTZVNDZGS0hDOVBFTDlPNERBNlZHODJYVC4u\">Till tipsformul\u00e4ret<\/a><\/p>\n<\/div>\n        <\/div>\n    <\/div>\n<\/section>","protected":false},"excerpt":{"rendered":"","protected":false},"author":34,"featured_media":0,"parent":0,"menu_order":0,"comment_status":"closed","ping_status":"closed","template":"","meta":{"_acf_changed":false,"_monsterinsights_skip_tracking":false,"_monsterinsights_sitenote_active":false,"_monsterinsights_sitenote_note":"","_monsterinsights_sitenote_category":0,"footnotes":""},"class_list":["post-2213","page","type-page","status-publish","hentry"],"acf":[],"yoast_head":"<!-- This site is optimized with the Yoast SEO plugin v27.2 - https:\/\/yoast.com\/product\/yoast-seo-wordpress\/ -->\n<title>L\u00e4mna tips till styrelsen - DHR - \u00c4ngelholm<\/title>\n<meta name=\"robots\" content=\"index, follow, max-snippet:-1, max-image-preview:large, max-video-preview:-1\" \/>\n<link rel=\"canonical\" href=\"https:\/\/dhr.se\/angelholm\/lamna-tips-till-styrelsen\/\" \/>\n<meta property=\"og:locale\" content=\"sv_SE\" \/>\n<meta property=\"og:type\" content=\"article\" \/>\n<meta property=\"og:title\" content=\"L\u00e4mna tips till styrelsen - DHR - \u00c4ngelholm\" \/>\n<meta property=\"og:url\" content=\"https:\/\/dhr.se\/angelholm\/lamna-tips-till-styrelsen\/\" \/>\n<meta property=\"og:site_name\" content=\"DHR - \u00c4ngelholm\" \/>\n<meta property=\"article:modified_time\" content=\"2020-05-08T10:07:18+00:00\" \/>\n<meta name=\"twitter:card\" content=\"summary_large_image\" \/>\n<script type=\"application\/ld+json\" class=\"yoast-schema-graph\">{\"@context\":\"https:\/\/schema.org\",\"@graph\":[{\"@type\":\"WebPage\",\"@id\":\"https:\/\/dhr.se\/angelholm\/lamna-tips-till-styrelsen\/\",\"url\":\"https:\/\/dhr.se\/angelholm\/lamna-tips-till-styrelsen\/\",\"name\":\"L\u00e4mna tips till styrelsen - DHR - \u00c4ngelholm\",\"isPartOf\":{\"@id\":\"https:\/\/dhr.se\/angelholm\/#website\"},\"datePublished\":\"2020-05-08T10:06:11+00:00\",\"dateModified\":\"2020-05-08T10:07:18+00:00\",\"breadcrumb\":{\"@id\":\"https:\/\/dhr.se\/angelholm\/lamna-tips-till-styrelsen\/#breadcrumb\"},\"inLanguage\":\"sv-SE\",\"potentialAction\":[{\"@type\":\"ReadAction\",\"target\":[\"https:\/\/dhr.se\/angelholm\/lamna-tips-till-styrelsen\/\"]}]},{\"@type\":\"BreadcrumbList\",\"@id\":\"https:\/\/dhr.se\/angelholm\/lamna-tips-till-styrelsen\/#breadcrumb\",\"itemListElement\":[{\"@type\":\"ListItem\",\"position\":1,\"name\":\"Hem\",\"item\":\"https:\/\/dhr.se\/angelholm\/\"},{\"@type\":\"ListItem\",\"position\":2,\"name\":\"L\u00e4mna tips till styrelsen\"}]},{\"@type\":\"WebSite\",\"@id\":\"https:\/\/dhr.se\/angelholm\/#website\",\"url\":\"https:\/\/dhr.se\/angelholm\/\",\"name\":\"DHR - \u00c4ngelholm\",\"description\":\"Delaktighet, r\u00f6relsefrihet och handlingskraft\",\"potentialAction\":[{\"@type\":\"SearchAction\",\"target\":{\"@type\":\"EntryPoint\",\"urlTemplate\":\"https:\/\/dhr.se\/angelholm\/?s={search_term_string}\"},\"query-input\":{\"@type\":\"PropertyValueSpecification\",\"valueRequired\":true,\"valueName\":\"search_term_string\"}}],\"inLanguage\":\"sv-SE\"}]}<\/script>\n<!-- \/ Yoast SEO plugin. -->","yoast_head_json":{"title":"L\u00e4mna tips till styrelsen - DHR - \u00c4ngelholm","robots":{"index":"index","follow":"follow","max-snippet":"max-snippet:-1","max-image-preview":"max-image-preview:large","max-video-preview":"max-video-preview:-1"},"canonical":"https:\/\/dhr.se\/angelholm\/lamna-tips-till-styrelsen\/","og_locale":"sv_SE","og_type":"article","og_title":"L\u00e4mna tips till styrelsen - DHR - \u00c4ngelholm","og_url":"https:\/\/dhr.se\/angelholm\/lamna-tips-till-styrelsen\/","og_site_name":"DHR - \u00c4ngelholm","article_modified_time":"2020-05-08T10:07:18+00:00","twitter_card":"summary_large_image","schema":{"@context":"https:\/\/schema.org","@graph":[{"@type":"WebPage","@id":"https:\/\/dhr.se\/angelholm\/lamna-tips-till-styrelsen\/","url":"https:\/\/dhr.se\/angelholm\/lamna-tips-till-styrelsen\/","name":"L\u00e4mna tips till styrelsen - DHR - \u00c4ngelholm","isPartOf":{"@id":"https:\/\/dhr.se\/angelholm\/#website"},"datePublished":"2020-05-08T10:06:11+00:00","dateModified":"2020-05-08T10:07:18+00:00","breadcrumb":{"@id":"https:\/\/dhr.se\/angelholm\/lamna-tips-till-styrelsen\/#breadcrumb"},"inLanguage":"sv-SE","potentialAction":[{"@type":"ReadAction","target":["https:\/\/dhr.se\/angelholm\/lamna-tips-till-styrelsen\/"]}]},{"@type":"BreadcrumbList","@id":"https:\/\/dhr.se\/angelholm\/lamna-tips-till-styrelsen\/#breadcrumb","itemListElement":[{"@type":"ListItem","position":1,"name":"Hem","item":"https:\/\/dhr.se\/angelholm\/"},{"@type":"ListItem","position":2,"name":"L\u00e4mna tips till styrelsen"}]},{"@type":"WebSite","@id":"https:\/\/dhr.se\/angelholm\/#website","url":"https:\/\/dhr.se\/angelholm\/","name":"DHR - \u00c4ngelholm","description":"Delaktighet, r\u00f6relsefrihet och handlingskraft","potentialAction":[{"@type":"SearchAction","target":{"@type":"EntryPoint","urlTemplate":"https:\/\/dhr.se\/angelholm\/?s={search_term_string}"},"query-input":{"@type":"PropertyValueSpecification","valueRequired":true,"valueName":"search_term_string"}}],"inLanguage":"sv-SE"}]}},"publishpress_future_workflow_manual_trigger":{"enabledWorkflows":[]},"_links":{"self":[{"href":"https:\/\/dhr.se\/angelholm\/wp-json\/wp\/v2\/pages\/2213","targetHints":{"allow":["GET"]}}],"collection":[{"href":"https:\/\/dhr.se\/angelholm\/wp-json\/wp\/v2\/pages"}],"about":[{"href":"https:\/\/dhr.se\/angelholm\/wp-json\/wp\/v2\/types\/page"}],"author":[{"embeddable":true,"href":"https:\/\/dhr.se\/angelholm\/wp-json\/wp\/v2\/users\/34"}],"replies":[{"embeddable":true,"href":"https:\/\/dhr.se\/angelholm\/wp-json\/wp\/v2\/comments?post=2213"}],"version-history":[{"count":0,"href":"https:\/\/dhr.se\/angelholm\/wp-json\/wp\/v2\/pages\/2213\/revisions"}],"wp:attachment":[{"href":"https:\/\/dhr.se\/angelholm\/wp-json\/wp\/v2\/media?parent=2213"}],"curies":[{"name":"wp","href":"https:\/\/api.w.org\/{rel}","templated":true}]}}