{"id":3160,"date":"2021-04-15T14:27:59","date_gmt":"2021-04-15T12:27:59","guid":{"rendered":"http:\/\/dhr.se\/angelholm\/?page_id=3160"},"modified":"2022-11-22T10:56:07","modified_gmt":"2022-11-22T09:56:07","slug":"nyheter","status":"publish","type":"page","link":"https:\/\/dhr.se\/angelholm\/nyheter\/","title":{"rendered":"Nyheter"},"content":{"rendered":"<section class=\"block-simple-text\">\n    <div class=\"main\">\n        <div class=\"main-inner\">\n            <div class=\"ingress text-darker\"><\/div>\n            <div class=\"content\"><p><strong>\u00c4ngelholmsrevyn den 28 januari<br \/>\n<img loading=\"lazy\" decoding=\"async\" class=\"alignnone size-medium wp-image-5455\" src=\"https:\/\/dhr.se\/angelholm\/wp-content\/uploads\/sites\/42\/2022\/11\/Affisch-3-259x300.jpg\" alt=\"\" width=\"259\" height=\"300\" srcset=\"https:\/\/dhr.se\/angelholm\/wp-content\/uploads\/sites\/42\/2022\/11\/Affisch-3-259x300.jpg 259w, https:\/\/dhr.se\/angelholm\/wp-content\/uploads\/sites\/42\/2022\/11\/Affisch-3.jpg 690w\" sizes=\"auto, (max-width: 259px) 100vw, 259px\" \/><br \/>\n<\/strong><\/p>\n<p><strong>Sommarresan 2023<\/strong><\/p>\n<p>\u00c5rets sommarresa 2023, 28\/8-2\/9, kommer att g\u00e5 till Stockholm med buss. I resan ing\u00e5r hotellrum med frukost samt en m\u00e5ltid\/dag och avgifter till gemensamma aktiviteter. Resan kostar 2000 kr p\/p och f\u00f6r dem som inte varit medlemmar i ett \u00e5r 4500 kr\/p. Anm\u00e4lan senast till Liz 30\/6 2023 och betalning n\u00e4r ni anm\u00e4ler er.<\/p>\n<p><a href=\"https:\/\/www.visitstockholm.se\/\" target=\"_blank\" rel=\"noopener\">Klicka h\u00e4r f\u00f6r att komma till Stockholms officiella guide<\/a><\/p>\n<p>&nbsp;<\/p>\n<p>&nbsp;<\/p>\n<p><img loading=\"lazy\" decoding=\"async\" class=\"alignnone size-medium wp-image-5380\" src=\"https:\/\/dhr.se\/angelholm\/wp-content\/uploads\/sites\/42\/2022\/11\/IMG_9629-300x225.jpg\" alt=\"\" width=\"300\" height=\"225\" srcset=\"https:\/\/dhr.se\/angelholm\/wp-content\/uploads\/sites\/42\/2022\/11\/IMG_9629-300x225.jpg 300w, https:\/\/dhr.se\/angelholm\/wp-content\/uploads\/sites\/42\/2022\/11\/IMG_9629-1024x768.jpg 1024w, https:\/\/dhr.se\/angelholm\/wp-content\/uploads\/sites\/42\/2022\/11\/IMG_9629-768x576.jpg 768w, https:\/\/dhr.se\/angelholm\/wp-content\/uploads\/sites\/42\/2022\/11\/IMG_9629.jpg 1500w\" sizes=\"auto, (max-width: 300px) 100vw, 300px\" \/><br \/>\nFotograf Judit<br \/>\n<img loading=\"lazy\" decoding=\"async\" class=\"alignnone size-medium wp-image-5388\" src=\"https:\/\/dhr.se\/angelholm\/wp-content\/uploads\/sites\/42\/2022\/11\/IMG_4266-300x225.jpeg\" alt=\"\" width=\"300\" height=\"225\" srcset=\"https:\/\/dhr.se\/angelholm\/wp-content\/uploads\/sites\/42\/2022\/11\/IMG_4266-300x225.jpeg 300w, https:\/\/dhr.se\/angelholm\/wp-content\/uploads\/sites\/42\/2022\/11\/IMG_4266-1024x768.jpeg 1024w, https:\/\/dhr.se\/angelholm\/wp-content\/uploads\/sites\/42\/2022\/11\/IMG_4266-768x576.jpeg 768w, https:\/\/dhr.se\/angelholm\/wp-content\/uploads\/sites\/42\/2022\/11\/IMG_4266.jpeg 1500w\" sizes=\"auto, (max-width: 300px) 100vw, 300px\" \/><br \/>\nFotograf Judit<br \/>\n<img loading=\"lazy\" decoding=\"async\" class=\"alignnone size-medium wp-image-5378\" src=\"https:\/\/dhr.se\/angelholm\/wp-content\/uploads\/sites\/42\/2022\/11\/IMG_5993-300x225.jpg\" alt=\"\" width=\"300\" height=\"225\" srcset=\"https:\/\/dhr.se\/angelholm\/wp-content\/uploads\/sites\/42\/2022\/11\/IMG_5993-300x225.jpg 300w, https:\/\/dhr.se\/angelholm\/wp-content\/uploads\/sites\/42\/2022\/11\/IMG_5993-1024x768.jpg 1024w, https:\/\/dhr.se\/angelholm\/wp-content\/uploads\/sites\/42\/2022\/11\/IMG_5993-768x576.jpg 768w, https:\/\/dhr.se\/angelholm\/wp-content\/uploads\/sites\/42\/2022\/11\/IMG_5993.jpg 1500w\" sizes=\"auto, (max-width: 300px) 100vw, 300px\" \/><br \/>\nFotograf Judit<br \/>\n<img loading=\"lazy\" decoding=\"async\" class=\"alignnone size-medium wp-image-5386\" src=\"https:\/\/dhr.se\/angelholm\/wp-content\/uploads\/sites\/42\/2022\/11\/IMG_2664-225x300.jpeg\" alt=\"\" width=\"225\" height=\"300\" srcset=\"https:\/\/dhr.se\/angelholm\/wp-content\/uploads\/sites\/42\/2022\/11\/IMG_2664-225x300.jpeg 225w, https:\/\/dhr.se\/angelholm\/wp-content\/uploads\/sites\/42\/2022\/11\/IMG_2664-768x1024.jpeg 768w, https:\/\/dhr.se\/angelholm\/wp-content\/uploads\/sites\/42\/2022\/11\/IMG_2664.jpeg 1125w\" sizes=\"auto, (max-width: 225px) 100vw, 225px\" \/><br \/>\nFotograf Judit<br \/>\n<img loading=\"lazy\" decoding=\"async\" class=\"alignnone size-medium wp-image-5376\" src=\"https:\/\/dhr.se\/angelholm\/wp-content\/uploads\/sites\/42\/2022\/11\/IMG_2648-225x300.jpg\" alt=\"\" width=\"225\" height=\"300\" srcset=\"https:\/\/dhr.se\/angelholm\/wp-content\/uploads\/sites\/42\/2022\/11\/IMG_2648-225x300.jpg 225w, https:\/\/dhr.se\/angelholm\/wp-content\/uploads\/sites\/42\/2022\/11\/IMG_2648-768x1024.jpg 768w, https:\/\/dhr.se\/angelholm\/wp-content\/uploads\/sites\/42\/2022\/11\/IMG_2648-1152x1536.jpg 1152w, https:\/\/dhr.se\/angelholm\/wp-content\/uploads\/sites\/42\/2022\/11\/IMG_2648-1536x2048.jpg 1536w, https:\/\/dhr.se\/angelholm\/wp-content\/uploads\/sites\/42\/2022\/11\/IMG_2648-1600x2133.jpg 1600w, https:\/\/dhr.se\/angelholm\/wp-content\/uploads\/sites\/42\/2022\/11\/IMG_2648-scaled.jpg 1920w\" sizes=\"auto, (max-width: 225px) 100vw, 225px\" \/><br \/>\nFotograf Judit<br \/>\n<img loading=\"lazy\" decoding=\"async\" class=\"alignnone size-medium wp-image-5374\" src=\"https:\/\/dhr.se\/angelholm\/wp-content\/uploads\/sites\/42\/2022\/11\/IMG_2631-300x225.jpg\" alt=\"\" width=\"300\" height=\"225\" srcset=\"https:\/\/dhr.se\/angelholm\/wp-content\/uploads\/sites\/42\/2022\/11\/IMG_2631-300x225.jpg 300w, https:\/\/dhr.se\/angelholm\/wp-content\/uploads\/sites\/42\/2022\/11\/IMG_2631-1024x768.jpg 1024w, https:\/\/dhr.se\/angelholm\/wp-content\/uploads\/sites\/42\/2022\/11\/IMG_2631-768x576.jpg 768w, https:\/\/dhr.se\/angelholm\/wp-content\/uploads\/sites\/42\/2022\/11\/IMG_2631.jpg 1500w\" sizes=\"auto, (max-width: 300px) 100vw, 300px\" \/><br \/>\nFotograf Judit<br \/>\n<img loading=\"lazy\" decoding=\"async\" class=\"alignnone size-medium wp-image-5372\" src=\"https:\/\/dhr.se\/angelholm\/wp-content\/uploads\/sites\/42\/2022\/11\/IMG_2621-300x225.jpg\" alt=\"\" width=\"300\" height=\"225\" srcset=\"https:\/\/dhr.se\/angelholm\/wp-content\/uploads\/sites\/42\/2022\/11\/IMG_2621-300x225.jpg 300w, https:\/\/dhr.se\/angelholm\/wp-content\/uploads\/sites\/42\/2022\/11\/IMG_2621-1024x768.jpg 1024w, https:\/\/dhr.se\/angelholm\/wp-content\/uploads\/sites\/42\/2022\/11\/IMG_2621-768x576.jpg 768w, https:\/\/dhr.se\/angelholm\/wp-content\/uploads\/sites\/42\/2022\/11\/IMG_2621.jpg 1500w\" sizes=\"auto, (max-width: 300px) 100vw, 300px\" \/><br \/>\nFotograf Judit<\/p>\n<\/div>\n        <\/div>\n    <\/div>\n<\/section>","protected":false},"excerpt":{"rendered":"","protected":false},"author":1,"featured_media":3486,"parent":0,"menu_order":0,"comment_status":"closed","ping_status":"closed","template":"","meta":{"_acf_changed":false,"_monsterinsights_skip_tracking":false,"_monsterinsights_sitenote_active":false,"_monsterinsights_sitenote_note":"","_monsterinsights_sitenote_category":0,"footnotes":""},"class_list":["post-3160","page","type-page","status-publish","has-post-thumbnail","hentry"],"acf":[],"yoast_head":"<!-- This site is optimized with the Yoast SEO plugin v27.2 - https:\/\/yoast.com\/product\/yoast-seo-wordpress\/ -->\n<title>Nyheter - DHR - \u00c4ngelholm<\/title>\n<meta name=\"robots\" content=\"index, follow, max-snippet:-1, max-image-preview:large, max-video-preview:-1\" \/>\n<link rel=\"canonical\" href=\"https:\/\/dhr.se\/angelholm\/nyheter\/\" \/>\n<meta property=\"og:locale\" content=\"sv_SE\" \/>\n<meta property=\"og:type\" content=\"article\" \/>\n<meta property=\"og:title\" content=\"Nyheter - DHR - \u00c4ngelholm\" \/>\n<meta property=\"og:url\" content=\"https:\/\/dhr.se\/angelholm\/nyheter\/\" \/>\n<meta property=\"og:site_name\" content=\"DHR - \u00c4ngelholm\" \/>\n<meta property=\"article:modified_time\" content=\"2022-11-22T09:56:07+00:00\" \/>\n<meta property=\"og:image\" content=\"https:\/\/dhr.se\/angelholm\/wp-content\/uploads\/sites\/42\/2021\/08\/Edvard.jpg\" \/>\n\t<meta property=\"og:image:width\" content=\"392\" \/>\n\t<meta property=\"og:image:height\" content=\"497\" \/>\n\t<meta property=\"og:image:type\" content=\"image\/jpeg\" \/>\n<meta name=\"twitter:card\" content=\"summary_large_image\" \/>\n<script type=\"application\/ld+json\" class=\"yoast-schema-graph\">{\"@context\":\"https:\/\/schema.org\",\"@graph\":[{\"@type\":\"WebPage\",\"@id\":\"https:\/\/dhr.se\/angelholm\/nyheter\/\",\"url\":\"https:\/\/dhr.se\/angelholm\/nyheter\/\",\"name\":\"Nyheter - DHR - \u00c4ngelholm\",\"isPartOf\":{\"@id\":\"https:\/\/dhr.se\/angelholm\/#website\"},\"primaryImageOfPage\":{\"@id\":\"https:\/\/dhr.se\/angelholm\/nyheter\/#primaryimage\"},\"image\":{\"@id\":\"https:\/\/dhr.se\/angelholm\/nyheter\/#primaryimage\"},\"thumbnailUrl\":\"https:\/\/dhr.se\/angelholm\/wp-content\/uploads\/sites\/42\/2021\/08\/Edvard.jpg\",\"datePublished\":\"2021-04-15T12:27:59+00:00\",\"dateModified\":\"2022-11-22T09:56:07+00:00\",\"breadcrumb\":{\"@id\":\"https:\/\/dhr.se\/angelholm\/nyheter\/#breadcrumb\"},\"inLanguage\":\"sv-SE\",\"potentialAction\":[{\"@type\":\"ReadAction\",\"target\":[\"https:\/\/dhr.se\/angelholm\/nyheter\/\"]}]},{\"@type\":\"ImageObject\",\"inLanguage\":\"sv-SE\",\"@id\":\"https:\/\/dhr.se\/angelholm\/nyheter\/#primaryimage\",\"url\":\"https:\/\/dhr.se\/angelholm\/wp-content\/uploads\/sites\/42\/2021\/08\/Edvard.jpg\",\"contentUrl\":\"https:\/\/dhr.se\/angelholm\/wp-content\/uploads\/sites\/42\/2021\/08\/Edvard.jpg\",\"width\":392,\"height\":497},{\"@type\":\"BreadcrumbList\",\"@id\":\"https:\/\/dhr.se\/angelholm\/nyheter\/#breadcrumb\",\"itemListElement\":[{\"@type\":\"ListItem\",\"position\":1,\"name\":\"Hem\",\"item\":\"https:\/\/dhr.se\/angelholm\/\"},{\"@type\":\"ListItem\",\"position\":2,\"name\":\"Nyheter\"}]},{\"@type\":\"WebSite\",\"@id\":\"https:\/\/dhr.se\/angelholm\/#website\",\"url\":\"https:\/\/dhr.se\/angelholm\/\",\"name\":\"DHR - \u00c4ngelholm\",\"description\":\"Delaktighet, r\u00f6relsefrihet och handlingskraft\",\"potentialAction\":[{\"@type\":\"SearchAction\",\"target\":{\"@type\":\"EntryPoint\",\"urlTemplate\":\"https:\/\/dhr.se\/angelholm\/?s={search_term_string}\"},\"query-input\":{\"@type\":\"PropertyValueSpecification\",\"valueRequired\":true,\"valueName\":\"search_term_string\"}}],\"inLanguage\":\"sv-SE\"}]}<\/script>\n<!-- \/ Yoast SEO plugin. -->","yoast_head_json":{"title":"Nyheter - DHR - \u00c4ngelholm","robots":{"index":"index","follow":"follow","max-snippet":"max-snippet:-1","max-image-preview":"max-image-preview:large","max-video-preview":"max-video-preview:-1"},"canonical":"https:\/\/dhr.se\/angelholm\/nyheter\/","og_locale":"sv_SE","og_type":"article","og_title":"Nyheter - DHR - \u00c4ngelholm","og_url":"https:\/\/dhr.se\/angelholm\/nyheter\/","og_site_name":"DHR - \u00c4ngelholm","article_modified_time":"2022-11-22T09:56:07+00:00","og_image":[{"width":392,"height":497,"url":"https:\/\/dhr.se\/angelholm\/wp-content\/uploads\/sites\/42\/2021\/08\/Edvard.jpg","type":"image\/jpeg"}],"twitter_card":"summary_large_image","schema":{"@context":"https:\/\/schema.org","@graph":[{"@type":"WebPage","@id":"https:\/\/dhr.se\/angelholm\/nyheter\/","url":"https:\/\/dhr.se\/angelholm\/nyheter\/","name":"Nyheter - DHR - \u00c4ngelholm","isPartOf":{"@id":"https:\/\/dhr.se\/angelholm\/#website"},"primaryImageOfPage":{"@id":"https:\/\/dhr.se\/angelholm\/nyheter\/#primaryimage"},"image":{"@id":"https:\/\/dhr.se\/angelholm\/nyheter\/#primaryimage"},"thumbnailUrl":"https:\/\/dhr.se\/angelholm\/wp-content\/uploads\/sites\/42\/2021\/08\/Edvard.jpg","datePublished":"2021-04-15T12:27:59+00:00","dateModified":"2022-11-22T09:56:07+00:00","breadcrumb":{"@id":"https:\/\/dhr.se\/angelholm\/nyheter\/#breadcrumb"},"inLanguage":"sv-SE","potentialAction":[{"@type":"ReadAction","target":["https:\/\/dhr.se\/angelholm\/nyheter\/"]}]},{"@type":"ImageObject","inLanguage":"sv-SE","@id":"https:\/\/dhr.se\/angelholm\/nyheter\/#primaryimage","url":"https:\/\/dhr.se\/angelholm\/wp-content\/uploads\/sites\/42\/2021\/08\/Edvard.jpg","contentUrl":"https:\/\/dhr.se\/angelholm\/wp-content\/uploads\/sites\/42\/2021\/08\/Edvard.jpg","width":392,"height":497},{"@type":"BreadcrumbList","@id":"https:\/\/dhr.se\/angelholm\/nyheter\/#breadcrumb","itemListElement":[{"@type":"ListItem","position":1,"name":"Hem","item":"https:\/\/dhr.se\/angelholm\/"},{"@type":"ListItem","position":2,"name":"Nyheter"}]},{"@type":"WebSite","@id":"https:\/\/dhr.se\/angelholm\/#website","url":"https:\/\/dhr.se\/angelholm\/","name":"DHR - \u00c4ngelholm","description":"Delaktighet, r\u00f6relsefrihet och handlingskraft","potentialAction":[{"@type":"SearchAction","target":{"@type":"EntryPoint","urlTemplate":"https:\/\/dhr.se\/angelholm\/?s={search_term_string}"},"query-input":{"@type":"PropertyValueSpecification","valueRequired":true,"valueName":"search_term_string"}}],"inLanguage":"sv-SE"}]}},"publishpress_future_workflow_manual_trigger":{"enabledWorkflows":[]},"_links":{"self":[{"href":"https:\/\/dhr.se\/angelholm\/wp-json\/wp\/v2\/pages\/3160","targetHints":{"allow":["GET"]}}],"collection":[{"href":"https:\/\/dhr.se\/angelholm\/wp-json\/wp\/v2\/pages"}],"about":[{"href":"https:\/\/dhr.se\/angelholm\/wp-json\/wp\/v2\/types\/page"}],"author":[{"embeddable":true,"href":"https:\/\/dhr.se\/angelholm\/wp-json\/wp\/v2\/users\/1"}],"replies":[{"embeddable":true,"href":"https:\/\/dhr.se\/angelholm\/wp-json\/wp\/v2\/comments?post=3160"}],"version-history":[{"count":0,"href":"https:\/\/dhr.se\/angelholm\/wp-json\/wp\/v2\/pages\/3160\/revisions"}],"wp:featuredmedia":[{"embeddable":true,"href":"https:\/\/dhr.se\/angelholm\/wp-json\/wp\/v2\/media\/3486"}],"wp:attachment":[{"href":"https:\/\/dhr.se\/angelholm\/wp-json\/wp\/v2\/media?parent=3160"}],"curies":[{"name":"wp","href":"https:\/\/api.w.org\/{rel}","templated":true}]}}