{"id":4183,"date":"2022-01-14T17:57:27","date_gmt":"2022-01-14T16:57:27","guid":{"rendered":"https:\/\/dhr.se\/angelholm\/?page_id=4183"},"modified":"2022-01-19T10:07:22","modified_gmt":"2022-01-19T09:07:22","slug":"lite-tillganglighetsbilder","status":"publish","type":"page","link":"https:\/\/dhr.se\/angelholm\/lite-tillganglighetsbilder\/","title":{"rendered":"Lite tillg\u00e4nglighetsbilder"},"content":{"rendered":"\n<p><\/p>\n\n\n<section class=\"block-image-and-text left white\">\n    <div class=\"main\">\n        <div class=\"main-inner\">\n            <div class=\"left-col\" style=\"background-image: url(https:\/\/dhr.se\/angelholm\/wp-content\/uploads\/sites\/42\/2022\/01\/IMG_0256.jpg);\"><\/div>\n\n            <div class=\"right-col\">\n                <h2>H\u00e4r \u00e4r det inte l\u00e4tt att passera med rullstol<\/h2>\n                <p class=\"text\">BFS 2011:5<br \/>\r\nG\u00e5ngytor<br \/>\r\n7 \u00a7 G\u00e5ngytor ska utformas s\u00e5 att personer med nedsatt r\u00f6relse- eller<br \/>\r\norienteringsf\u00f6rm\u00e5ga kan ta sig fram och s\u00e5 att personer med rullstol kan f\u00f6rflytta<br \/>\r\nsig utan hj\u00e4lp.<br \/>\r\nc) vara 2,00 meter bred eller vara minst 1,80 meter bred och ha v\u00e4nd-<br \/>\r\nzoner med j\u00e4mna mellanrum.<br \/>\r\ne) vara fri fr\u00e5n hinder<\/p>\n\n                            <\/div>\n\n        <\/div>\n    <\/div>\n<\/section>\n\n\n<figure class=\"wp-block-image size-full\"><img loading=\"lazy\" decoding=\"async\" width=\"750\" height=\"1000\" src=\"https:\/\/dhr.se\/angelholm\/wp-content\/uploads\/sites\/42\/2022\/01\/IMG_0255.jpg\" alt=\"\" class=\"wp-image-4190\" srcset=\"https:\/\/dhr.se\/angelholm\/wp-content\/uploads\/sites\/42\/2022\/01\/IMG_0255.jpg 750w, https:\/\/dhr.se\/angelholm\/wp-content\/uploads\/sites\/42\/2022\/01\/IMG_0255-225x300.jpg 225w\" sizes=\"auto, (max-width: 750px) 100vw, 750px\" \/><\/figure>\n","protected":false},"excerpt":{"rendered":"","protected":false},"author":34,"featured_media":0,"parent":0,"menu_order":0,"comment_status":"closed","ping_status":"closed","template":"","meta":{"_acf_changed":false,"_monsterinsights_skip_tracking":false,"_monsterinsights_sitenote_active":false,"_monsterinsights_sitenote_note":"","_monsterinsights_sitenote_category":0,"footnotes":""},"class_list":["post-4183","page","type-page","status-publish","hentry"],"acf":[],"yoast_head":"<!-- This site is optimized with the Yoast SEO plugin v27.2 - https:\/\/yoast.com\/product\/yoast-seo-wordpress\/ -->\n<title>Lite tillg\u00e4nglighetsbilder - DHR - \u00c4ngelholm<\/title>\n<meta name=\"robots\" content=\"index, follow, max-snippet:-1, max-image-preview:large, max-video-preview:-1\" \/>\n<link rel=\"canonical\" href=\"https:\/\/dhr.se\/angelholm\/lite-tillganglighetsbilder\/\" \/>\n<meta property=\"og:locale\" content=\"sv_SE\" \/>\n<meta property=\"og:type\" content=\"article\" \/>\n<meta property=\"og:title\" content=\"Lite tillg\u00e4nglighetsbilder - DHR - \u00c4ngelholm\" \/>\n<meta property=\"og:url\" content=\"https:\/\/dhr.se\/angelholm\/lite-tillganglighetsbilder\/\" \/>\n<meta property=\"og:site_name\" content=\"DHR - \u00c4ngelholm\" \/>\n<meta property=\"article:modified_time\" content=\"2022-01-19T09:07:22+00:00\" \/>\n<meta property=\"og:image\" content=\"https:\/\/dhr.se\/angelholm\/wp-content\/uploads\/sites\/42\/2022\/01\/IMG_0255.jpg\" \/>\n<meta name=\"twitter:card\" content=\"summary_large_image\" \/>\n<meta name=\"twitter:label1\" content=\"Ber\u00e4knad l\u00e4stid\" \/>\n\t<meta name=\"twitter:data1\" content=\"1 minut\" \/>\n<script type=\"application\/ld+json\" class=\"yoast-schema-graph\">{\"@context\":\"https:\/\/schema.org\",\"@graph\":[{\"@type\":\"WebPage\",\"@id\":\"https:\/\/dhr.se\/angelholm\/lite-tillganglighetsbilder\/\",\"url\":\"https:\/\/dhr.se\/angelholm\/lite-tillganglighetsbilder\/\",\"name\":\"Lite tillg\u00e4nglighetsbilder - DHR - \u00c4ngelholm\",\"isPartOf\":{\"@id\":\"https:\/\/dhr.se\/angelholm\/#website\"},\"primaryImageOfPage\":{\"@id\":\"https:\/\/dhr.se\/angelholm\/lite-tillganglighetsbilder\/#primaryimage\"},\"image\":{\"@id\":\"https:\/\/dhr.se\/angelholm\/lite-tillganglighetsbilder\/#primaryimage\"},\"thumbnailUrl\":\"https:\/\/dhr.se\/angelholm\/wp-content\/uploads\/sites\/42\/2022\/01\/IMG_0255.jpg\",\"datePublished\":\"2022-01-14T16:57:27+00:00\",\"dateModified\":\"2022-01-19T09:07:22+00:00\",\"breadcrumb\":{\"@id\":\"https:\/\/dhr.se\/angelholm\/lite-tillganglighetsbilder\/#breadcrumb\"},\"inLanguage\":\"sv-SE\",\"potentialAction\":[{\"@type\":\"ReadAction\",\"target\":[\"https:\/\/dhr.se\/angelholm\/lite-tillganglighetsbilder\/\"]}]},{\"@type\":\"ImageObject\",\"inLanguage\":\"sv-SE\",\"@id\":\"https:\/\/dhr.se\/angelholm\/lite-tillganglighetsbilder\/#primaryimage\",\"url\":\"https:\/\/dhr.se\/angelholm\/wp-content\/uploads\/sites\/42\/2022\/01\/IMG_0255.jpg\",\"contentUrl\":\"https:\/\/dhr.se\/angelholm\/wp-content\/uploads\/sites\/42\/2022\/01\/IMG_0255.jpg\",\"width\":750,\"height\":1000},{\"@type\":\"BreadcrumbList\",\"@id\":\"https:\/\/dhr.se\/angelholm\/lite-tillganglighetsbilder\/#breadcrumb\",\"itemListElement\":[{\"@type\":\"ListItem\",\"position\":1,\"name\":\"Hem\",\"item\":\"https:\/\/dhr.se\/angelholm\/\"},{\"@type\":\"ListItem\",\"position\":2,\"name\":\"Lite tillg\u00e4nglighetsbilder\"}]},{\"@type\":\"WebSite\",\"@id\":\"https:\/\/dhr.se\/angelholm\/#website\",\"url\":\"https:\/\/dhr.se\/angelholm\/\",\"name\":\"DHR - \u00c4ngelholm\",\"description\":\"Delaktighet, r\u00f6relsefrihet och handlingskraft\",\"potentialAction\":[{\"@type\":\"SearchAction\",\"target\":{\"@type\":\"EntryPoint\",\"urlTemplate\":\"https:\/\/dhr.se\/angelholm\/?s={search_term_string}\"},\"query-input\":{\"@type\":\"PropertyValueSpecification\",\"valueRequired\":true,\"valueName\":\"search_term_string\"}}],\"inLanguage\":\"sv-SE\"}]}<\/script>\n<!-- \/ Yoast SEO plugin. -->","yoast_head_json":{"title":"Lite tillg\u00e4nglighetsbilder - DHR - \u00c4ngelholm","robots":{"index":"index","follow":"follow","max-snippet":"max-snippet:-1","max-image-preview":"max-image-preview:large","max-video-preview":"max-video-preview:-1"},"canonical":"https:\/\/dhr.se\/angelholm\/lite-tillganglighetsbilder\/","og_locale":"sv_SE","og_type":"article","og_title":"Lite tillg\u00e4nglighetsbilder - DHR - \u00c4ngelholm","og_url":"https:\/\/dhr.se\/angelholm\/lite-tillganglighetsbilder\/","og_site_name":"DHR - \u00c4ngelholm","article_modified_time":"2022-01-19T09:07:22+00:00","og_image":[{"url":"https:\/\/dhr.se\/angelholm\/wp-content\/uploads\/sites\/42\/2022\/01\/IMG_0255.jpg","type":"","width":"","height":""}],"twitter_card":"summary_large_image","twitter_misc":{"Ber\u00e4knad l\u00e4stid":"1 minut"},"schema":{"@context":"https:\/\/schema.org","@graph":[{"@type":"WebPage","@id":"https:\/\/dhr.se\/angelholm\/lite-tillganglighetsbilder\/","url":"https:\/\/dhr.se\/angelholm\/lite-tillganglighetsbilder\/","name":"Lite tillg\u00e4nglighetsbilder - DHR - \u00c4ngelholm","isPartOf":{"@id":"https:\/\/dhr.se\/angelholm\/#website"},"primaryImageOfPage":{"@id":"https:\/\/dhr.se\/angelholm\/lite-tillganglighetsbilder\/#primaryimage"},"image":{"@id":"https:\/\/dhr.se\/angelholm\/lite-tillganglighetsbilder\/#primaryimage"},"thumbnailUrl":"https:\/\/dhr.se\/angelholm\/wp-content\/uploads\/sites\/42\/2022\/01\/IMG_0255.jpg","datePublished":"2022-01-14T16:57:27+00:00","dateModified":"2022-01-19T09:07:22+00:00","breadcrumb":{"@id":"https:\/\/dhr.se\/angelholm\/lite-tillganglighetsbilder\/#breadcrumb"},"inLanguage":"sv-SE","potentialAction":[{"@type":"ReadAction","target":["https:\/\/dhr.se\/angelholm\/lite-tillganglighetsbilder\/"]}]},{"@type":"ImageObject","inLanguage":"sv-SE","@id":"https:\/\/dhr.se\/angelholm\/lite-tillganglighetsbilder\/#primaryimage","url":"https:\/\/dhr.se\/angelholm\/wp-content\/uploads\/sites\/42\/2022\/01\/IMG_0255.jpg","contentUrl":"https:\/\/dhr.se\/angelholm\/wp-content\/uploads\/sites\/42\/2022\/01\/IMG_0255.jpg","width":750,"height":1000},{"@type":"BreadcrumbList","@id":"https:\/\/dhr.se\/angelholm\/lite-tillganglighetsbilder\/#breadcrumb","itemListElement":[{"@type":"ListItem","position":1,"name":"Hem","item":"https:\/\/dhr.se\/angelholm\/"},{"@type":"ListItem","position":2,"name":"Lite tillg\u00e4nglighetsbilder"}]},{"@type":"WebSite","@id":"https:\/\/dhr.se\/angelholm\/#website","url":"https:\/\/dhr.se\/angelholm\/","name":"DHR - \u00c4ngelholm","description":"Delaktighet, r\u00f6relsefrihet och handlingskraft","potentialAction":[{"@type":"SearchAction","target":{"@type":"EntryPoint","urlTemplate":"https:\/\/dhr.se\/angelholm\/?s={search_term_string}"},"query-input":{"@type":"PropertyValueSpecification","valueRequired":true,"valueName":"search_term_string"}}],"inLanguage":"sv-SE"}]}},"publishpress_future_workflow_manual_trigger":{"enabledWorkflows":[]},"_links":{"self":[{"href":"https:\/\/dhr.se\/angelholm\/wp-json\/wp\/v2\/pages\/4183","targetHints":{"allow":["GET"]}}],"collection":[{"href":"https:\/\/dhr.se\/angelholm\/wp-json\/wp\/v2\/pages"}],"about":[{"href":"https:\/\/dhr.se\/angelholm\/wp-json\/wp\/v2\/types\/page"}],"author":[{"embeddable":true,"href":"https:\/\/dhr.se\/angelholm\/wp-json\/wp\/v2\/users\/34"}],"replies":[{"embeddable":true,"href":"https:\/\/dhr.se\/angelholm\/wp-json\/wp\/v2\/comments?post=4183"}],"version-history":[{"count":0,"href":"https:\/\/dhr.se\/angelholm\/wp-json\/wp\/v2\/pages\/4183\/revisions"}],"wp:attachment":[{"href":"https:\/\/dhr.se\/angelholm\/wp-json\/wp\/v2\/media?parent=4183"}],"curies":[{"name":"wp","href":"https:\/\/api.w.org\/{rel}","templated":true}]}}