{"id":4213,"date":"2022-02-07T17:16:05","date_gmt":"2022-02-07T16:16:05","guid":{"rendered":"https:\/\/dhr.se\/angelholm\/?page_id=4213"},"modified":"2022-03-01T10:46:45","modified_gmt":"2022-03-01T09:46:45","slug":"om-oss-vara-stadgar","status":"publish","type":"page","link":"https:\/\/dhr.se\/angelholm\/om-oss-vara-stadgar\/","title":{"rendered":"Dokument"},"content":{"rendered":"<section class=\"block-simple-text\">\n    <div class=\"main\">\n        <div class=\"main-inner\">\n            <div class=\"ingress text-darker\"><p><strong><a href=\"https:\/\/www.dhr.se\/om-oss\/vara-stadgar\" target=\"_blank\" rel=\"noopener\">KLICKA H\u00c4R<\/a><\/strong> f\u00f6r att l\u00e4sa STADGARNA<\/p>\n<p><a href=\"https:\/\/www.engelholm.se\/kommun-och-politik\/politik-och-demokrati\/styrgrupper-och-radgivande-grupper.html\" target=\"_blank\" rel=\"noopener\"><strong>KLICKA H\u00c4R<\/strong><\/a> f\u00f6r M\u00f6tesdatum f\u00f6r kommunala funktionshinderr\u00e5det<\/p>\n<\/div>\n            <div class=\"content\"><\/div>\n        <\/div>\n    <\/div>\n<\/section>","protected":false},"excerpt":{"rendered":"","protected":false},"author":34,"featured_media":0,"parent":0,"menu_order":0,"comment_status":"closed","ping_status":"closed","template":"","meta":{"_acf_changed":false,"_monsterinsights_skip_tracking":false,"_monsterinsights_sitenote_active":false,"_monsterinsights_sitenote_note":"","_monsterinsights_sitenote_category":0,"footnotes":""},"class_list":["post-4213","page","type-page","status-publish","hentry"],"acf":[],"yoast_head":"<!-- This site is optimized with the Yoast SEO plugin v27.2 - https:\/\/yoast.com\/product\/yoast-seo-wordpress\/ -->\n<title>Dokument - DHR - \u00c4ngelholm<\/title>\n<meta name=\"robots\" content=\"index, follow, max-snippet:-1, max-image-preview:large, max-video-preview:-1\" \/>\n<link rel=\"canonical\" href=\"https:\/\/dhr.se\/angelholm\/om-oss-vara-stadgar\/\" \/>\n<meta property=\"og:locale\" content=\"sv_SE\" \/>\n<meta property=\"og:type\" content=\"article\" \/>\n<meta property=\"og:title\" content=\"Dokument - DHR - \u00c4ngelholm\" \/>\n<meta property=\"og:url\" content=\"https:\/\/dhr.se\/angelholm\/om-oss-vara-stadgar\/\" \/>\n<meta property=\"og:site_name\" content=\"DHR - \u00c4ngelholm\" \/>\n<meta property=\"article:modified_time\" content=\"2022-03-01T09:46:45+00:00\" \/>\n<meta name=\"twitter:card\" content=\"summary_large_image\" \/>\n<script type=\"application\/ld+json\" class=\"yoast-schema-graph\">{\"@context\":\"https:\/\/schema.org\",\"@graph\":[{\"@type\":\"WebPage\",\"@id\":\"https:\/\/dhr.se\/angelholm\/om-oss-vara-stadgar\/\",\"url\":\"https:\/\/dhr.se\/angelholm\/om-oss-vara-stadgar\/\",\"name\":\"Dokument - DHR - \u00c4ngelholm\",\"isPartOf\":{\"@id\":\"https:\/\/dhr.se\/angelholm\/#website\"},\"datePublished\":\"2022-02-07T16:16:05+00:00\",\"dateModified\":\"2022-03-01T09:46:45+00:00\",\"breadcrumb\":{\"@id\":\"https:\/\/dhr.se\/angelholm\/om-oss-vara-stadgar\/#breadcrumb\"},\"inLanguage\":\"sv-SE\",\"potentialAction\":[{\"@type\":\"ReadAction\",\"target\":[\"https:\/\/dhr.se\/angelholm\/om-oss-vara-stadgar\/\"]}]},{\"@type\":\"BreadcrumbList\",\"@id\":\"https:\/\/dhr.se\/angelholm\/om-oss-vara-stadgar\/#breadcrumb\",\"itemListElement\":[{\"@type\":\"ListItem\",\"position\":1,\"name\":\"Hem\",\"item\":\"https:\/\/dhr.se\/angelholm\/\"},{\"@type\":\"ListItem\",\"position\":2,\"name\":\"Dokument\"}]},{\"@type\":\"WebSite\",\"@id\":\"https:\/\/dhr.se\/angelholm\/#website\",\"url\":\"https:\/\/dhr.se\/angelholm\/\",\"name\":\"DHR - \u00c4ngelholm\",\"description\":\"Delaktighet, r\u00f6relsefrihet och handlingskraft\",\"potentialAction\":[{\"@type\":\"SearchAction\",\"target\":{\"@type\":\"EntryPoint\",\"urlTemplate\":\"https:\/\/dhr.se\/angelholm\/?s={search_term_string}\"},\"query-input\":{\"@type\":\"PropertyValueSpecification\",\"valueRequired\":true,\"valueName\":\"search_term_string\"}}],\"inLanguage\":\"sv-SE\"}]}<\/script>\n<!-- \/ Yoast SEO plugin. -->","yoast_head_json":{"title":"Dokument - DHR - \u00c4ngelholm","robots":{"index":"index","follow":"follow","max-snippet":"max-snippet:-1","max-image-preview":"max-image-preview:large","max-video-preview":"max-video-preview:-1"},"canonical":"https:\/\/dhr.se\/angelholm\/om-oss-vara-stadgar\/","og_locale":"sv_SE","og_type":"article","og_title":"Dokument - DHR - \u00c4ngelholm","og_url":"https:\/\/dhr.se\/angelholm\/om-oss-vara-stadgar\/","og_site_name":"DHR - \u00c4ngelholm","article_modified_time":"2022-03-01T09:46:45+00:00","twitter_card":"summary_large_image","schema":{"@context":"https:\/\/schema.org","@graph":[{"@type":"WebPage","@id":"https:\/\/dhr.se\/angelholm\/om-oss-vara-stadgar\/","url":"https:\/\/dhr.se\/angelholm\/om-oss-vara-stadgar\/","name":"Dokument - DHR - \u00c4ngelholm","isPartOf":{"@id":"https:\/\/dhr.se\/angelholm\/#website"},"datePublished":"2022-02-07T16:16:05+00:00","dateModified":"2022-03-01T09:46:45+00:00","breadcrumb":{"@id":"https:\/\/dhr.se\/angelholm\/om-oss-vara-stadgar\/#breadcrumb"},"inLanguage":"sv-SE","potentialAction":[{"@type":"ReadAction","target":["https:\/\/dhr.se\/angelholm\/om-oss-vara-stadgar\/"]}]},{"@type":"BreadcrumbList","@id":"https:\/\/dhr.se\/angelholm\/om-oss-vara-stadgar\/#breadcrumb","itemListElement":[{"@type":"ListItem","position":1,"name":"Hem","item":"https:\/\/dhr.se\/angelholm\/"},{"@type":"ListItem","position":2,"name":"Dokument"}]},{"@type":"WebSite","@id":"https:\/\/dhr.se\/angelholm\/#website","url":"https:\/\/dhr.se\/angelholm\/","name":"DHR - \u00c4ngelholm","description":"Delaktighet, r\u00f6relsefrihet och handlingskraft","potentialAction":[{"@type":"SearchAction","target":{"@type":"EntryPoint","urlTemplate":"https:\/\/dhr.se\/angelholm\/?s={search_term_string}"},"query-input":{"@type":"PropertyValueSpecification","valueRequired":true,"valueName":"search_term_string"}}],"inLanguage":"sv-SE"}]}},"publishpress_future_workflow_manual_trigger":{"enabledWorkflows":[]},"_links":{"self":[{"href":"https:\/\/dhr.se\/angelholm\/wp-json\/wp\/v2\/pages\/4213","targetHints":{"allow":["GET"]}}],"collection":[{"href":"https:\/\/dhr.se\/angelholm\/wp-json\/wp\/v2\/pages"}],"about":[{"href":"https:\/\/dhr.se\/angelholm\/wp-json\/wp\/v2\/types\/page"}],"author":[{"embeddable":true,"href":"https:\/\/dhr.se\/angelholm\/wp-json\/wp\/v2\/users\/34"}],"replies":[{"embeddable":true,"href":"https:\/\/dhr.se\/angelholm\/wp-json\/wp\/v2\/comments?post=4213"}],"version-history":[{"count":0,"href":"https:\/\/dhr.se\/angelholm\/wp-json\/wp\/v2\/pages\/4213\/revisions"}],"wp:attachment":[{"href":"https:\/\/dhr.se\/angelholm\/wp-json\/wp\/v2\/media?parent=4213"}],"curies":[{"name":"wp","href":"https:\/\/api.w.org\/{rel}","templated":true}]}}