{"id":4878,"date":"2022-09-10T12:27:05","date_gmt":"2022-09-10T10:27:05","guid":{"rendered":"https:\/\/dhr.se\/angelholm\/?page_id=4878"},"modified":"2022-11-15T16:58:39","modified_gmt":"2022-11-15T15:58:39","slug":"om-oss","status":"publish","type":"page","link":"https:\/\/dhr.se\/angelholm\/om-oss\/","title":{"rendered":"Om oss"},"content":{"rendered":"<section class=\"block-simple-text\">\n    <div class=\"main\">\n        <div class=\"main-inner\">\n            <div class=\"ingress text-darker\"><p><strong>\u00c4ngelholmsavdelningen bildades 1 oktober 1952<\/strong><\/p>\n<p>S\u00f6dra distriktet av de vanf\u00f6ras Riksorganisation (DVR) anordnade denna dag en utst\u00e4llning av tekniska hj\u00e4lpmedel f\u00f6r &#8221;invalider&#8221; p\u00e5 lasarettet i \u00c4ngelholm. Man inspirerade ocks\u00e5 n\u00e5gra av de bes\u00f6kande att bilda en lokalavdelning. Nio personer antecknade sig som medlemmar. Av dessa uts\u00e5gs en interimsstyrelse best\u00e5ende av Carla Ahlberg, Etty Eriksson, Lilly Samuelsson, Valter Lundin och Ellen Suhr. Sammankallande blev Carla Ahlberg,<\/p>\n<p>Interimsstyrelsen Hade sitt f\u00f6rsta sammantr\u00e4de den oktober, under ledning av Etty Eriksson med Carla Ahlberg som sekreterare. Namnet blev &#8221;\u00c4ngelholmsortens invalidf\u00f6rening&#8221;<\/p>\n<p><a href=\"https:\/\/dhr.se\/angelholm\/wp-content\/uploads\/sites\/42\/2022\/11\/Tidningsklipp-1.pdf\" target=\"_blank\" rel=\"noopener\">Klicka h\u00e4r f\u00f6r att se gamla tidningsurklipp<\/a><\/p>\n<\/div>\n            <div class=\"content\"><\/div>\n        <\/div>\n    <\/div>\n<\/section>","protected":false},"excerpt":{"rendered":"","protected":false},"author":34,"featured_media":0,"parent":0,"menu_order":0,"comment_status":"closed","ping_status":"closed","template":"template-side-menu.php","meta":{"_acf_changed":false,"_monsterinsights_skip_tracking":false,"_monsterinsights_sitenote_active":false,"_monsterinsights_sitenote_note":"","_monsterinsights_sitenote_category":0,"footnotes":""},"class_list":["post-4878","page","type-page","status-publish","hentry"],"acf":[],"yoast_head":"<!-- This site is optimized with the Yoast SEO plugin v27.2 - https:\/\/yoast.com\/product\/yoast-seo-wordpress\/ -->\n<title>Om oss - DHR - \u00c4ngelholm<\/title>\n<meta name=\"robots\" content=\"index, follow, max-snippet:-1, max-image-preview:large, max-video-preview:-1\" \/>\n<link rel=\"canonical\" href=\"https:\/\/dhr.se\/angelholm\/om-oss\/\" \/>\n<meta property=\"og:locale\" content=\"sv_SE\" \/>\n<meta property=\"og:type\" content=\"article\" \/>\n<meta property=\"og:title\" content=\"Om oss - DHR - \u00c4ngelholm\" \/>\n<meta property=\"og:url\" content=\"https:\/\/dhr.se\/angelholm\/om-oss\/\" \/>\n<meta property=\"og:site_name\" content=\"DHR - \u00c4ngelholm\" \/>\n<meta property=\"article:modified_time\" content=\"2022-11-15T15:58:39+00:00\" \/>\n<meta name=\"twitter:card\" content=\"summary_large_image\" \/>\n<script type=\"application\/ld+json\" class=\"yoast-schema-graph\">{\"@context\":\"https:\/\/schema.org\",\"@graph\":[{\"@type\":\"WebPage\",\"@id\":\"https:\/\/dhr.se\/angelholm\/om-oss\/\",\"url\":\"https:\/\/dhr.se\/angelholm\/om-oss\/\",\"name\":\"Om oss - DHR - \u00c4ngelholm\",\"isPartOf\":{\"@id\":\"https:\/\/dhr.se\/angelholm\/#website\"},\"datePublished\":\"2022-09-10T10:27:05+00:00\",\"dateModified\":\"2022-11-15T15:58:39+00:00\",\"breadcrumb\":{\"@id\":\"https:\/\/dhr.se\/angelholm\/om-oss\/#breadcrumb\"},\"inLanguage\":\"sv-SE\",\"potentialAction\":[{\"@type\":\"ReadAction\",\"target\":[\"https:\/\/dhr.se\/angelholm\/om-oss\/\"]}]},{\"@type\":\"BreadcrumbList\",\"@id\":\"https:\/\/dhr.se\/angelholm\/om-oss\/#breadcrumb\",\"itemListElement\":[{\"@type\":\"ListItem\",\"position\":1,\"name\":\"Hem\",\"item\":\"https:\/\/dhr.se\/angelholm\/\"},{\"@type\":\"ListItem\",\"position\":2,\"name\":\"Om oss\"}]},{\"@type\":\"WebSite\",\"@id\":\"https:\/\/dhr.se\/angelholm\/#website\",\"url\":\"https:\/\/dhr.se\/angelholm\/\",\"name\":\"DHR - \u00c4ngelholm\",\"description\":\"Delaktighet, r\u00f6relsefrihet och handlingskraft\",\"potentialAction\":[{\"@type\":\"SearchAction\",\"target\":{\"@type\":\"EntryPoint\",\"urlTemplate\":\"https:\/\/dhr.se\/angelholm\/?s={search_term_string}\"},\"query-input\":{\"@type\":\"PropertyValueSpecification\",\"valueRequired\":true,\"valueName\":\"search_term_string\"}}],\"inLanguage\":\"sv-SE\"}]}<\/script>\n<!-- \/ Yoast SEO plugin. -->","yoast_head_json":{"title":"Om oss - DHR - \u00c4ngelholm","robots":{"index":"index","follow":"follow","max-snippet":"max-snippet:-1","max-image-preview":"max-image-preview:large","max-video-preview":"max-video-preview:-1"},"canonical":"https:\/\/dhr.se\/angelholm\/om-oss\/","og_locale":"sv_SE","og_type":"article","og_title":"Om oss - DHR - \u00c4ngelholm","og_url":"https:\/\/dhr.se\/angelholm\/om-oss\/","og_site_name":"DHR - \u00c4ngelholm","article_modified_time":"2022-11-15T15:58:39+00:00","twitter_card":"summary_large_image","schema":{"@context":"https:\/\/schema.org","@graph":[{"@type":"WebPage","@id":"https:\/\/dhr.se\/angelholm\/om-oss\/","url":"https:\/\/dhr.se\/angelholm\/om-oss\/","name":"Om oss - DHR - \u00c4ngelholm","isPartOf":{"@id":"https:\/\/dhr.se\/angelholm\/#website"},"datePublished":"2022-09-10T10:27:05+00:00","dateModified":"2022-11-15T15:58:39+00:00","breadcrumb":{"@id":"https:\/\/dhr.se\/angelholm\/om-oss\/#breadcrumb"},"inLanguage":"sv-SE","potentialAction":[{"@type":"ReadAction","target":["https:\/\/dhr.se\/angelholm\/om-oss\/"]}]},{"@type":"BreadcrumbList","@id":"https:\/\/dhr.se\/angelholm\/om-oss\/#breadcrumb","itemListElement":[{"@type":"ListItem","position":1,"name":"Hem","item":"https:\/\/dhr.se\/angelholm\/"},{"@type":"ListItem","position":2,"name":"Om oss"}]},{"@type":"WebSite","@id":"https:\/\/dhr.se\/angelholm\/#website","url":"https:\/\/dhr.se\/angelholm\/","name":"DHR - \u00c4ngelholm","description":"Delaktighet, r\u00f6relsefrihet och handlingskraft","potentialAction":[{"@type":"SearchAction","target":{"@type":"EntryPoint","urlTemplate":"https:\/\/dhr.se\/angelholm\/?s={search_term_string}"},"query-input":{"@type":"PropertyValueSpecification","valueRequired":true,"valueName":"search_term_string"}}],"inLanguage":"sv-SE"}]}},"publishpress_future_workflow_manual_trigger":{"enabledWorkflows":[]},"_links":{"self":[{"href":"https:\/\/dhr.se\/angelholm\/wp-json\/wp\/v2\/pages\/4878","targetHints":{"allow":["GET"]}}],"collection":[{"href":"https:\/\/dhr.se\/angelholm\/wp-json\/wp\/v2\/pages"}],"about":[{"href":"https:\/\/dhr.se\/angelholm\/wp-json\/wp\/v2\/types\/page"}],"author":[{"embeddable":true,"href":"https:\/\/dhr.se\/angelholm\/wp-json\/wp\/v2\/users\/34"}],"replies":[{"embeddable":true,"href":"https:\/\/dhr.se\/angelholm\/wp-json\/wp\/v2\/comments?post=4878"}],"version-history":[{"count":0,"href":"https:\/\/dhr.se\/angelholm\/wp-json\/wp\/v2\/pages\/4878\/revisions"}],"wp:attachment":[{"href":"https:\/\/dhr.se\/angelholm\/wp-json\/wp\/v2\/media?parent=4878"}],"curies":[{"name":"wp","href":"https:\/\/api.w.org\/{rel}","templated":true}]}}