{"id":4924,"date":"2022-10-04T16:37:14","date_gmt":"2022-10-04T14:37:14","guid":{"rendered":"https:\/\/dhr.se\/angelholm\/?page_id=4924"},"modified":"2022-10-04T16:50:48","modified_gmt":"2022-10-04T14:50:48","slug":"julmarknadsresa-2022","status":"publish","type":"page","link":"https:\/\/dhr.se\/angelholm\/julmarknadsresa-2022\/","title":{"rendered":"Julmarknadsresa 2022"},"content":{"rendered":"<section class=\"block-simple-text\">\n    <div class=\"main\">\n        <div class=\"main-inner\">\n            <div class=\"ingress text-darker\"><p>En julmarknads resa till Vapn\u00f6 slott i Halland 24\/11. Lunch \u00e4ter vi p\u00e5 Hallands\u00e5sens Motell. Pris 200 kr betalas vid anm\u00e4lan. Avresa fr\u00e5n \u00c5storp kl. 11.30 och \u00c4ngelholm 12.00. Anm\u00e4l er senast 14\/11 till Liz. <\/p>\n<\/div>\n            <div class=\"content\"><p><a href=\"https:\/\/www.google.com\/travel\/hotels\/Sk%C3%A4lderviken-Havsbaden%2C%20%C3%84ngelholm\/entity\/CgsIwJ-gt7j797i0ARAB?q=hallands%C3%A5sens%20motell&amp;g2lb=2502548%2C2503771%2C2503781%2C4258168%2C4270442%2C4284970%2C4291517%2C4306835%2C4597339%2C4718358%2C4723331%2C4754388%2C4757164%2C4814050%2C4816977%2C4826689%2C4852066%2C4856937%2C4860392%2C4861688%2C4864715%2C26483160&amp;hl=sv-SE&amp;gl=se&amp;ssta=1&amp;ts=CAESABogCgIaABIaEhQKBwjmDxAKGBASBwjmDxAKGBEYATICEAAqCQoFOgNTRUsaAA&amp;rp=EMCfoLe4-_e4tAEQ86f_jbHa8d7sATgCQABIAqIBI1Nrw6RsZGVydmlrZW4tSGF2c2JhZGVuLCDDhG5nZWxob2xtwAEDmgICCAA&amp;ap=aAE&amp;ictx=1&amp;ved=0CAAQ5JsGahcKEwiQl8DH5Mb6AhUAAAAAHQAAAAAQAw&amp;utm_campaign=sharing&amp;utm_medium=link&amp;utm_source=htls\" target=\"_blank\" rel=\"noopener\">Klicka h\u00e4r f\u00f6r bild<\/a> p\u00e5 Hallands\u00e5s Motell<\/p>\n<\/div>\n        <\/div>\n    <\/div>\n<\/section>\n\n<section class=\"block-simple-text\">\n    <div class=\"main\">\n        <div class=\"main-inner\">\n            <div class=\"ingress text-darker\"><p>D\u00e4refter g\u00e5r resan vidare till julm\u00e4ssan p\u00e5 Wapn\u00f6 slott<\/p>\n<\/div>\n            <div class=\"content\"><p><a href=\"https:\/\/www.wapnoslott.se\/julm%C3%A4ssa\/\" target=\"_blank\" rel=\"noopener\">Klicka h\u00e4r f\u00f6r deras hemsida<\/a><\/p>\n<\/div>\n        <\/div>\n    <\/div>\n<\/section>","protected":false},"excerpt":{"rendered":"","protected":false},"author":34,"featured_media":0,"parent":0,"menu_order":0,"comment_status":"closed","ping_status":"closed","template":"","meta":{"_acf_changed":false,"_monsterinsights_skip_tracking":false,"_monsterinsights_sitenote_active":false,"_monsterinsights_sitenote_note":"","_monsterinsights_sitenote_category":0,"footnotes":""},"class_list":["post-4924","page","type-page","status-publish","hentry"],"acf":[],"yoast_head":"<!-- This site is optimized with the Yoast SEO plugin v27.2 - https:\/\/yoast.com\/product\/yoast-seo-wordpress\/ -->\n<title>Julmarknadsresa 2022 - DHR - \u00c4ngelholm<\/title>\n<meta name=\"robots\" content=\"index, follow, max-snippet:-1, max-image-preview:large, max-video-preview:-1\" \/>\n<link rel=\"canonical\" href=\"https:\/\/dhr.se\/angelholm\/julmarknadsresa-2022\/\" \/>\n<meta property=\"og:locale\" content=\"sv_SE\" \/>\n<meta property=\"og:type\" content=\"article\" \/>\n<meta property=\"og:title\" content=\"Julmarknadsresa 2022 - DHR - \u00c4ngelholm\" \/>\n<meta property=\"og:url\" content=\"https:\/\/dhr.se\/angelholm\/julmarknadsresa-2022\/\" \/>\n<meta property=\"og:site_name\" content=\"DHR - \u00c4ngelholm\" \/>\n<meta property=\"article:modified_time\" content=\"2022-10-04T14:50:48+00:00\" \/>\n<meta name=\"twitter:card\" content=\"summary_large_image\" \/>\n<script type=\"application\/ld+json\" class=\"yoast-schema-graph\">{\"@context\":\"https:\/\/schema.org\",\"@graph\":[{\"@type\":\"WebPage\",\"@id\":\"https:\/\/dhr.se\/angelholm\/julmarknadsresa-2022\/\",\"url\":\"https:\/\/dhr.se\/angelholm\/julmarknadsresa-2022\/\",\"name\":\"Julmarknadsresa 2022 - DHR - \u00c4ngelholm\",\"isPartOf\":{\"@id\":\"https:\/\/dhr.se\/angelholm\/#website\"},\"datePublished\":\"2022-10-04T14:37:14+00:00\",\"dateModified\":\"2022-10-04T14:50:48+00:00\",\"breadcrumb\":{\"@id\":\"https:\/\/dhr.se\/angelholm\/julmarknadsresa-2022\/#breadcrumb\"},\"inLanguage\":\"sv-SE\",\"potentialAction\":[{\"@type\":\"ReadAction\",\"target\":[\"https:\/\/dhr.se\/angelholm\/julmarknadsresa-2022\/\"]}]},{\"@type\":\"BreadcrumbList\",\"@id\":\"https:\/\/dhr.se\/angelholm\/julmarknadsresa-2022\/#breadcrumb\",\"itemListElement\":[{\"@type\":\"ListItem\",\"position\":1,\"name\":\"Hem\",\"item\":\"https:\/\/dhr.se\/angelholm\/\"},{\"@type\":\"ListItem\",\"position\":2,\"name\":\"Julmarknadsresa 2022\"}]},{\"@type\":\"WebSite\",\"@id\":\"https:\/\/dhr.se\/angelholm\/#website\",\"url\":\"https:\/\/dhr.se\/angelholm\/\",\"name\":\"DHR - \u00c4ngelholm\",\"description\":\"Delaktighet, r\u00f6relsefrihet och handlingskraft\",\"potentialAction\":[{\"@type\":\"SearchAction\",\"target\":{\"@type\":\"EntryPoint\",\"urlTemplate\":\"https:\/\/dhr.se\/angelholm\/?s={search_term_string}\"},\"query-input\":{\"@type\":\"PropertyValueSpecification\",\"valueRequired\":true,\"valueName\":\"search_term_string\"}}],\"inLanguage\":\"sv-SE\"}]}<\/script>\n<!-- \/ Yoast SEO plugin. -->","yoast_head_json":{"title":"Julmarknadsresa 2022 - DHR - \u00c4ngelholm","robots":{"index":"index","follow":"follow","max-snippet":"max-snippet:-1","max-image-preview":"max-image-preview:large","max-video-preview":"max-video-preview:-1"},"canonical":"https:\/\/dhr.se\/angelholm\/julmarknadsresa-2022\/","og_locale":"sv_SE","og_type":"article","og_title":"Julmarknadsresa 2022 - DHR - \u00c4ngelholm","og_url":"https:\/\/dhr.se\/angelholm\/julmarknadsresa-2022\/","og_site_name":"DHR - \u00c4ngelholm","article_modified_time":"2022-10-04T14:50:48+00:00","twitter_card":"summary_large_image","schema":{"@context":"https:\/\/schema.org","@graph":[{"@type":"WebPage","@id":"https:\/\/dhr.se\/angelholm\/julmarknadsresa-2022\/","url":"https:\/\/dhr.se\/angelholm\/julmarknadsresa-2022\/","name":"Julmarknadsresa 2022 - DHR - \u00c4ngelholm","isPartOf":{"@id":"https:\/\/dhr.se\/angelholm\/#website"},"datePublished":"2022-10-04T14:37:14+00:00","dateModified":"2022-10-04T14:50:48+00:00","breadcrumb":{"@id":"https:\/\/dhr.se\/angelholm\/julmarknadsresa-2022\/#breadcrumb"},"inLanguage":"sv-SE","potentialAction":[{"@type":"ReadAction","target":["https:\/\/dhr.se\/angelholm\/julmarknadsresa-2022\/"]}]},{"@type":"BreadcrumbList","@id":"https:\/\/dhr.se\/angelholm\/julmarknadsresa-2022\/#breadcrumb","itemListElement":[{"@type":"ListItem","position":1,"name":"Hem","item":"https:\/\/dhr.se\/angelholm\/"},{"@type":"ListItem","position":2,"name":"Julmarknadsresa 2022"}]},{"@type":"WebSite","@id":"https:\/\/dhr.se\/angelholm\/#website","url":"https:\/\/dhr.se\/angelholm\/","name":"DHR - \u00c4ngelholm","description":"Delaktighet, r\u00f6relsefrihet och handlingskraft","potentialAction":[{"@type":"SearchAction","target":{"@type":"EntryPoint","urlTemplate":"https:\/\/dhr.se\/angelholm\/?s={search_term_string}"},"query-input":{"@type":"PropertyValueSpecification","valueRequired":true,"valueName":"search_term_string"}}],"inLanguage":"sv-SE"}]}},"publishpress_future_workflow_manual_trigger":{"enabledWorkflows":[]},"_links":{"self":[{"href":"https:\/\/dhr.se\/angelholm\/wp-json\/wp\/v2\/pages\/4924","targetHints":{"allow":["GET"]}}],"collection":[{"href":"https:\/\/dhr.se\/angelholm\/wp-json\/wp\/v2\/pages"}],"about":[{"href":"https:\/\/dhr.se\/angelholm\/wp-json\/wp\/v2\/types\/page"}],"author":[{"embeddable":true,"href":"https:\/\/dhr.se\/angelholm\/wp-json\/wp\/v2\/users\/34"}],"replies":[{"embeddable":true,"href":"https:\/\/dhr.se\/angelholm\/wp-json\/wp\/v2\/comments?post=4924"}],"version-history":[{"count":0,"href":"https:\/\/dhr.se\/angelholm\/wp-json\/wp\/v2\/pages\/4924\/revisions"}],"wp:attachment":[{"href":"https:\/\/dhr.se\/angelholm\/wp-json\/wp\/v2\/media?parent=4924"}],"curies":[{"name":"wp","href":"https:\/\/api.w.org\/{rel}","templated":true}]}}