{"id":5595,"date":"2023-03-15T16:04:37","date_gmt":"2023-03-15T15:04:37","guid":{"rendered":"https:\/\/dhr.se\/angelholm\/?page_id=5595"},"modified":"2023-03-15T16:08:50","modified_gmt":"2023-03-15T15:08:50","slug":"verksamhetsplan","status":"publish","type":"page","link":"https:\/\/dhr.se\/angelholm\/verksamhetsplan\/","title":{"rendered":"Verksamhetsplan"},"content":{"rendered":"<section class=\"block-simple-text\">\n    <div class=\"main\">\n        <div class=\"main-inner\">\n            <div class=\"ingress text-darker\"><p><strong>Verksamhetsplan DHR \u00c4ngelholm 2023<\/strong><\/p>\n<p><span data-contrast=\"auto\">V\u00e5rt m\u00e5l \u00e4r att f\u00f6rena nytta med n\u00f6je f\u00f6r v\u00e5ra medlemmar och d\u00e4rf\u00f6r f\u00f6rs\u00f6ker vi skapa en mix av f\u00f6r oss intressanta f\u00f6rel\u00e4sningar och trevliga utf\u00e4rder kombinerat med medlemstr\u00e4ffar och samkv\u00e4m \u00f6ver en bit mat och h\u00e4r presenteras v\u00e5ra planer fram\u00f6ver.<\/span><span data-ccp-props=\"{&quot;201341983&quot;:0,&quot;335559739&quot;:160,&quot;335559740&quot;:259}\">\u00a0<\/span><\/p>\n<p><span data-ccp-props=\"{&quot;201341983&quot;:0,&quot;335559739&quot;:160,&quot;335559740&quot;:259}\">\u00a0<\/span><\/p>\n<p><span data-contrast=\"auto\">April: En representant fr\u00e5n polisen h\u00e5ller ett f\u00f6redrag om brottsf\u00f6rebyggande och vad vi medborgare b\u00f6r t\u00e4nka p\u00e5 i dagens samh\u00e4lle. \u00c4ven musikunderh\u00e5llning utlovas p\u00e5 denna medlemstr\u00e4ff.<\/span><span data-ccp-props=\"{&quot;201341983&quot;:0,&quot;335559739&quot;:160,&quot;335559740&quot;:259}\">\u00a0<\/span><\/p>\n<p><span data-contrast=\"auto\">Maj: Korvgrillning med tipspromenad i Hembygdsparken.<\/span><span data-ccp-props=\"{&quot;201341983&quot;:0,&quot;335559739&quot;:160,&quot;335559740&quot;:259}\">\u00a0<\/span><\/p>\n<p><span data-contrast=\"auto\">Juni: I denna m\u00e5nad \u00e4r det \u201dsillafest\u201d p\u00e5 Valhall Park\u00a0 som st\u00e5r p\u00e5 tapeten.<\/span><span data-ccp-props=\"{&quot;201341983&quot;:0,&quot;335559739&quot;:160,&quot;335559740&quot;:259}\">\u00a0<\/span><\/p>\n<p><span data-contrast=\"auto\">Augusti: Vi tr\u00e4ffas p\u00e5 Villan och \u00e4ter n\u00e5got grillat och d\u00e5 blir det f\u00e4rsk info inf\u00f6r sommarresan till Stockholm som startar i slutet p\u00e5 m\u00e5naden.<\/span><span data-ccp-props=\"{&quot;201341983&quot;:0,&quot;335559739&quot;:160,&quot;335559740&quot;:259}\">\u00a0<\/span><\/p>\n<p><span data-contrast=\"auto\">September: Ett samkv\u00e4m i skaldjurens tecken tycker vi \u00e4r passande denna m\u00e5nad.<\/span><span data-ccp-props=\"{&quot;201341983&quot;:0,&quot;335559739&quot;:160,&quot;335559740&quot;:259}\">\u00a0<\/span><\/p>\n<p><span data-contrast=\"auto\">Oktober: H\u00e4r utlovas ett f\u00f6redrag fr\u00e5n n\u00e5gon intressant och roande representant fr\u00e5n n\u00e4ringslivet.<\/span><span data-ccp-props=\"{&quot;201341983&quot;:0,&quot;335559739&quot;:160,&quot;335559740&quot;:259}\">\u00a0<\/span><\/p>\n<p><span data-contrast=\"auto\">November: En traditionsenlig julmarknadsresa i slutet p\u00e5 m\u00e5naden ser vi som \u201dett m\u00e5ste\u201d men resm\u00e5let \u00e4r inte fastst\u00e4llt \u00e4nnu.<\/span><span data-ccp-props=\"{&quot;201341983&quot;:0,&quot;335559739&quot;:160,&quot;335559740&quot;:259}\">\u00a0<\/span><\/p>\n<p><span data-contrast=\"auto\">December: Fr\u00e5n en tradition till en annan. Dags f\u00f6r \u00e5rets julbord som \u00e4ger rum p\u00e5 Valhall Park och d\u00e5 blir det givetvis musikunderh\u00e5llning ocks\u00e5.<\/span><span data-ccp-props=\"{&quot;201341983&quot;:0,&quot;335559739&quot;:160,&quot;335559740&quot;:259}\">\u00a0<\/span><\/p>\n<p><span data-contrast=\"auto\">Avslutningsvis kan vi till\u00e4gga att n\u00e4sta \u00e5rs aktiviteter kommer att fortg\u00e5 i samma goda anda f\u00f6r v\u00e5ra medlemmar men inget \u00e4r spikat \u00e4nnu och styrelsen tar g\u00e4rna emot f\u00f6rslag fr\u00e5n alla i v\u00e5r f\u00f6rening.<\/span><span data-ccp-props=\"{&quot;201341983&quot;:0,&quot;335559739&quot;:160,&quot;335559740&quot;:259}\">\u00a0<\/span><\/p>\n<p><span data-contrast=\"auto\">Styrelsen DHR \u00c4ngelholm.<\/span><span data-ccp-props=\"{&quot;201341983&quot;:0,&quot;335559739&quot;:160,&quot;335559740&quot;:259}\">\u00a0<\/span><\/p>\n<\/div>\n            <div class=\"content\"><\/div>\n        <\/div>\n    <\/div>\n<\/section>","protected":false},"excerpt":{"rendered":"","protected":false},"author":34,"featured_media":0,"parent":0,"menu_order":0,"comment_status":"closed","ping_status":"closed","template":"","meta":{"_acf_changed":false,"_monsterinsights_skip_tracking":false,"_monsterinsights_sitenote_active":false,"_monsterinsights_sitenote_note":"","_monsterinsights_sitenote_category":0,"footnotes":""},"class_list":["post-5595","page","type-page","status-publish","hentry"],"acf":[],"yoast_head":"<!-- This site is optimized with the Yoast SEO plugin v27.2 - https:\/\/yoast.com\/product\/yoast-seo-wordpress\/ -->\n<title>Verksamhetsplan - DHR - \u00c4ngelholm<\/title>\n<meta name=\"robots\" content=\"index, follow, max-snippet:-1, max-image-preview:large, max-video-preview:-1\" \/>\n<link rel=\"canonical\" href=\"https:\/\/dhr.se\/angelholm\/verksamhetsplan\/\" \/>\n<meta property=\"og:locale\" content=\"sv_SE\" \/>\n<meta property=\"og:type\" content=\"article\" \/>\n<meta property=\"og:title\" content=\"Verksamhetsplan - DHR - \u00c4ngelholm\" \/>\n<meta property=\"og:url\" content=\"https:\/\/dhr.se\/angelholm\/verksamhetsplan\/\" \/>\n<meta property=\"og:site_name\" content=\"DHR - \u00c4ngelholm\" \/>\n<meta property=\"article:modified_time\" content=\"2023-03-15T15:08:50+00:00\" \/>\n<meta name=\"twitter:card\" content=\"summary_large_image\" \/>\n<script type=\"application\/ld+json\" class=\"yoast-schema-graph\">{\"@context\":\"https:\/\/schema.org\",\"@graph\":[{\"@type\":\"WebPage\",\"@id\":\"https:\/\/dhr.se\/angelholm\/verksamhetsplan\/\",\"url\":\"https:\/\/dhr.se\/angelholm\/verksamhetsplan\/\",\"name\":\"Verksamhetsplan - DHR - \u00c4ngelholm\",\"isPartOf\":{\"@id\":\"https:\/\/dhr.se\/angelholm\/#website\"},\"datePublished\":\"2023-03-15T15:04:37+00:00\",\"dateModified\":\"2023-03-15T15:08:50+00:00\",\"breadcrumb\":{\"@id\":\"https:\/\/dhr.se\/angelholm\/verksamhetsplan\/#breadcrumb\"},\"inLanguage\":\"sv-SE\",\"potentialAction\":[{\"@type\":\"ReadAction\",\"target\":[\"https:\/\/dhr.se\/angelholm\/verksamhetsplan\/\"]}]},{\"@type\":\"BreadcrumbList\",\"@id\":\"https:\/\/dhr.se\/angelholm\/verksamhetsplan\/#breadcrumb\",\"itemListElement\":[{\"@type\":\"ListItem\",\"position\":1,\"name\":\"Hem\",\"item\":\"https:\/\/dhr.se\/angelholm\/\"},{\"@type\":\"ListItem\",\"position\":2,\"name\":\"Verksamhetsplan\"}]},{\"@type\":\"WebSite\",\"@id\":\"https:\/\/dhr.se\/angelholm\/#website\",\"url\":\"https:\/\/dhr.se\/angelholm\/\",\"name\":\"DHR - \u00c4ngelholm\",\"description\":\"Delaktighet, r\u00f6relsefrihet och handlingskraft\",\"potentialAction\":[{\"@type\":\"SearchAction\",\"target\":{\"@type\":\"EntryPoint\",\"urlTemplate\":\"https:\/\/dhr.se\/angelholm\/?s={search_term_string}\"},\"query-input\":{\"@type\":\"PropertyValueSpecification\",\"valueRequired\":true,\"valueName\":\"search_term_string\"}}],\"inLanguage\":\"sv-SE\"}]}<\/script>\n<!-- \/ Yoast SEO plugin. -->","yoast_head_json":{"title":"Verksamhetsplan - DHR - \u00c4ngelholm","robots":{"index":"index","follow":"follow","max-snippet":"max-snippet:-1","max-image-preview":"max-image-preview:large","max-video-preview":"max-video-preview:-1"},"canonical":"https:\/\/dhr.se\/angelholm\/verksamhetsplan\/","og_locale":"sv_SE","og_type":"article","og_title":"Verksamhetsplan - DHR - \u00c4ngelholm","og_url":"https:\/\/dhr.se\/angelholm\/verksamhetsplan\/","og_site_name":"DHR - \u00c4ngelholm","article_modified_time":"2023-03-15T15:08:50+00:00","twitter_card":"summary_large_image","schema":{"@context":"https:\/\/schema.org","@graph":[{"@type":"WebPage","@id":"https:\/\/dhr.se\/angelholm\/verksamhetsplan\/","url":"https:\/\/dhr.se\/angelholm\/verksamhetsplan\/","name":"Verksamhetsplan - DHR - \u00c4ngelholm","isPartOf":{"@id":"https:\/\/dhr.se\/angelholm\/#website"},"datePublished":"2023-03-15T15:04:37+00:00","dateModified":"2023-03-15T15:08:50+00:00","breadcrumb":{"@id":"https:\/\/dhr.se\/angelholm\/verksamhetsplan\/#breadcrumb"},"inLanguage":"sv-SE","potentialAction":[{"@type":"ReadAction","target":["https:\/\/dhr.se\/angelholm\/verksamhetsplan\/"]}]},{"@type":"BreadcrumbList","@id":"https:\/\/dhr.se\/angelholm\/verksamhetsplan\/#breadcrumb","itemListElement":[{"@type":"ListItem","position":1,"name":"Hem","item":"https:\/\/dhr.se\/angelholm\/"},{"@type":"ListItem","position":2,"name":"Verksamhetsplan"}]},{"@type":"WebSite","@id":"https:\/\/dhr.se\/angelholm\/#website","url":"https:\/\/dhr.se\/angelholm\/","name":"DHR - \u00c4ngelholm","description":"Delaktighet, r\u00f6relsefrihet och handlingskraft","potentialAction":[{"@type":"SearchAction","target":{"@type":"EntryPoint","urlTemplate":"https:\/\/dhr.se\/angelholm\/?s={search_term_string}"},"query-input":{"@type":"PropertyValueSpecification","valueRequired":true,"valueName":"search_term_string"}}],"inLanguage":"sv-SE"}]}},"publishpress_future_workflow_manual_trigger":{"enabledWorkflows":[]},"_links":{"self":[{"href":"https:\/\/dhr.se\/angelholm\/wp-json\/wp\/v2\/pages\/5595","targetHints":{"allow":["GET"]}}],"collection":[{"href":"https:\/\/dhr.se\/angelholm\/wp-json\/wp\/v2\/pages"}],"about":[{"href":"https:\/\/dhr.se\/angelholm\/wp-json\/wp\/v2\/types\/page"}],"author":[{"embeddable":true,"href":"https:\/\/dhr.se\/angelholm\/wp-json\/wp\/v2\/users\/34"}],"replies":[{"embeddable":true,"href":"https:\/\/dhr.se\/angelholm\/wp-json\/wp\/v2\/comments?post=5595"}],"version-history":[{"count":0,"href":"https:\/\/dhr.se\/angelholm\/wp-json\/wp\/v2\/pages\/5595\/revisions"}],"wp:attachment":[{"href":"https:\/\/dhr.se\/angelholm\/wp-json\/wp\/v2\/media?parent=5595"}],"curies":[{"name":"wp","href":"https:\/\/api.w.org\/{rel}","templated":true}]}}