{"id":754,"date":"2019-08-15T20:18:44","date_gmt":"2019-08-15T18:18:44","guid":{"rendered":"http:\/\/dhr.se\/angelholm\/?page_id=754"},"modified":"2023-10-15T11:24:45","modified_gmt":"2023-10-15T09:24:45","slug":"drivhuset-stockholm","status":"publish","type":"page","link":"https:\/\/dhr.se\/angelholm\/","title":{"rendered":"DHR -\u00c4ngelholm"},"content":{"rendered":"<section class=\"block-hero\" style=\"background-image:url(https:\/\/dhr.se\/angelholm\/wp-content\/uploads\/sites\/42\/2022\/05\/Masterbild.jpg);\">\n\n<video autoplay loop playsinline muted loop>\n    <source src=\"\" type=\"video\/mp4\">\n    Your browser does not support HTML5 video.\n<\/video>\n\n<div class=\"overlay overlay-dark\"><\/div>\n    <div class=\"main\">\n        <div class=\"main-inner\">\n            <p class=\"small-title\"><\/p>\n            <h1> V\u00c4LKOMMEN TILL DHR \u00c4ngelholm<\/h1>\n            <p class=\"text\">DHR \u00c4ngelholmsavdelningen \u00e4r en underorganisation till f\u00f6rbundet DHR och till DHR distrikt Sk\u00e5ne. V\u00e5rt m\u00e5l \u00e4r att f\u00f6rena nytta med n\u00f6je f\u00f6r v\u00e5ra medlemmar och d\u00e4rf\u00f6r f\u00f6rs\u00f6ker vi skapa en mix av f\u00f6r oss intressanta f\u00f6rel\u00e4sningar och trevliga utf\u00e4rder kombinerat med medlemstr\u00e4ffar och samkv\u00e4m \u00f6ver en bit mat.<br \/>\r\nV\u00e5ra medlemmar f\u00f6rdelas \u00c4ngelholm 59%, \u00c5storp 10% Klippan 10% \u00d6rkelljunga och \u00f6vriga 21%.<br \/>\r\n<br \/>\r\nUnder 2022 har vi haft 11 aktiviteter med 371 deltagare varav 205 \u00e4r kvinnor.<\/p>\n\n\n                            <div class=\"button-container\">\n                                            \n                            \n                                            \n                            \n                                    <\/div>\n            \n\n\n\n        <\/div>\n    <\/div>\n<\/section>\n\n<section class=\"block-calender\">\n    <div class=\"main\">\n        <div class=\"main-inner\">\n            <div class=\"title\">\n                <h2>Kalender<\/h2>\n                                    <a class=\"small-button-underline text-link\" href=\"https:\/\/dhr.se\/angelholm\/wp-admin\/edit.php?post_type=event\" target=\"_self\"><\/a>\n                            <\/div>\n            <div class=\"flex-container\">\n\n                                            \n                    \n                                <a class=\"one-post bright-background\" href=\"https:\/\/dhr.se\/angelholm\/event\/korvgrillning-den-29-maj-2026\/\">\n                                    <div class=\"date\">\n                                        <p class=\"day title-color\">29<\/p>\n                                        <p class=\"month title-color\">Maj<\/p>\n                                    <\/div>\n                                    <div class=\"text-container\">\n                                        <h3 class=\"accent-text\">Korvgrillning den 29 maj 2026<\/h3>\n                                        <div class=\"event-info\">\n                                            <p class=\"time\"><\/p>\n                                            <p class=\"place text-darker\"><\/p>\n                                        <\/div>\n                                    <\/div>\n                                <\/a>\n                        \n                                                    \n                    \n                                <a class=\"one-post bright-background\" href=\"https:\/\/dhr.se\/angelholm\/event\/grillfest-den-25-juli-2025\/\">\n                                    <div class=\"date\">\n                                        <p class=\"day title-color\">25<\/p>\n                                        <p class=\"month title-color\">Juli<\/p>\n                                    <\/div>\n                                    <div class=\"text-container\">\n                                        <h3 class=\"accent-text\">Grillfest den 25 juli 2026<\/h3>\n                                        <div class=\"event-info\">\n                                            <p class=\"time\"><\/p>\n                                            <p class=\"place text-darker\"><\/p>\n                                        <\/div>\n                                    <\/div>\n                                <\/a>\n                        \n                                                    \n                    \n                                <a class=\"one-post bright-background\" href=\"https:\/\/dhr.se\/angelholm\/event\/olandsresa\/\">\n                                    <div class=\"date\">\n                                        <p class=\"day title-color\">17<\/p>\n                                        <p class=\"month title-color\">Augusti<\/p>\n                                    <\/div>\n                                    <div class=\"text-container\">\n                                        <h3 class=\"accent-text\">\u00d6landsresa<\/h3>\n                                        <div class=\"event-info\">\n                                            <p class=\"time\"><\/p>\n                                            <p class=\"place text-darker\"><\/p>\n                                        <\/div>\n                                    <\/div>\n                                <\/a>\n                        \n                           \n            <\/div>\n        <\/div>\n    <\/div>\n<\/section>\n\n<section class=\"block-simple-text\">\n    <div class=\"main\">\n        <div class=\"main-inner\">\n            <div class=\"ingress text-darker\"><\/div>\n            <div class=\"content\"><p><a href=\"https:\/\/dhr.se\/angelholm\/wp-content\/uploads\/sites\/42\/2023\/10\/Andreas-Jarud-Angelholm.pdf\" target=\"_blank\" rel=\"noopener\">Klicka h\u00e4r f\u00f6r att se lite bilder ifr\u00e5n Infokv\u00e4llen med N\u00e4ringslivet<\/a><br \/>\n<img loading=\"lazy\" decoding=\"async\" class=\"alignnone size-medium wp-image-5739\" src=\"https:\/\/dhr.se\/angelholm\/wp-content\/uploads\/sites\/42\/2023\/10\/Naring-1-300x225.jpg\" alt=\"\" width=\"300\" height=\"225\" srcset=\"https:\/\/dhr.se\/angelholm\/wp-content\/uploads\/sites\/42\/2023\/10\/Naring-1-300x225.jpg 300w, https:\/\/dhr.se\/angelholm\/wp-content\/uploads\/sites\/42\/2023\/10\/Naring-1-768x576.jpg 768w, https:\/\/dhr.se\/angelholm\/wp-content\/uploads\/sites\/42\/2023\/10\/Naring-1.jpg 900w\" sizes=\"auto, (max-width: 300px) 100vw, 300px\" \/><\/p>\n<p><a href=\"https:\/\/dhr.se\/angelholm\/wp-content\/uploads\/sites\/42\/2023\/08\/Grillning-pa-Villan-mat-ifran-Bjarehus-underhallning-LILA-gatumusiker-foto-Lennart-och-Liz.pdf\" target=\"_blank\" rel=\"noopener\">Klicka h\u00e4r f\u00f6r att se bilder ifr\u00e5n Grillningen p\u00e5 Villan 12 augusti<\/a><\/p>\n<p><img loading=\"lazy\" decoding=\"async\" class=\"alignnone size-medium wp-image-5732\" src=\"https:\/\/dhr.se\/angelholm\/wp-content\/uploads\/sites\/42\/2023\/08\/IMG_1969-300x225.jpg\" alt=\"\" width=\"300\" height=\"225\" srcset=\"https:\/\/dhr.se\/angelholm\/wp-content\/uploads\/sites\/42\/2023\/08\/IMG_1969-300x225.jpg 300w, https:\/\/dhr.se\/angelholm\/wp-content\/uploads\/sites\/42\/2023\/08\/IMG_1969.jpg 700w\" sizes=\"auto, (max-width: 300px) 100vw, 300px\" \/><\/p>\n<p><a href=\"https:\/\/dhr.se\/angelholm\/wp-content\/uploads\/sites\/42\/2023\/06\/Sillafest-den-17-juni.pdf\" target=\"_blank\" rel=\"noopener\"><strong>Klicka h\u00e4r f\u00f6r flera bilder av SILLAFESTEN den 17 juni<\/strong><\/a><\/p>\n<p><img loading=\"lazy\" decoding=\"async\" class=\"alignnone size-medium wp-image-5723\" src=\"https:\/\/dhr.se\/angelholm\/wp-content\/uploads\/sites\/42\/2023\/06\/IMG_2198-1-300x200.jpg\" alt=\"\" width=\"300\" height=\"200\" srcset=\"https:\/\/dhr.se\/angelholm\/wp-content\/uploads\/sites\/42\/2023\/06\/IMG_2198-1-300x200.jpg 300w, https:\/\/dhr.se\/angelholm\/wp-content\/uploads\/sites\/42\/2023\/06\/IMG_2198-1-768x512.jpg 768w, https:\/\/dhr.se\/angelholm\/wp-content\/uploads\/sites\/42\/2023\/06\/IMG_2198-1.jpg 1000w\" sizes=\"auto, (max-width: 300px) 100vw, 300px\" \/><\/p>\n<p>Grillning i Hembygdsparken 25 maj <a href=\"https:\/\/dhr.se\/angelholm\/wp-content\/uploads\/sites\/42\/2023\/06\/Grillning-i-Hembygdsparken-25-maj-2023-foto-Sven.pdf\" target=\"_blank\" rel=\"noopener\">Klicka h\u00e4r f\u00f6r fler bilder<\/a><br \/>\n<img loading=\"lazy\" decoding=\"async\" class=\"alignnone size-medium wp-image-5702\" src=\"https:\/\/dhr.se\/angelholm\/wp-content\/uploads\/sites\/42\/2023\/06\/image0000031-225x300.jpg\" alt=\"\" width=\"225\" height=\"300\" srcset=\"https:\/\/dhr.se\/angelholm\/wp-content\/uploads\/sites\/42\/2023\/06\/image0000031-225x300.jpg 225w, https:\/\/dhr.se\/angelholm\/wp-content\/uploads\/sites\/42\/2023\/06\/image0000031.jpg 480w\" sizes=\"auto, (max-width: 225px) 100vw, 225px\" \/><\/p>\n<p>Polisen pratar om farligheter och hur man skyddar sig p\u00e5 Villan <a href=\"https:\/\/dhr.se\/angelholm\/wp-content\/uploads\/sites\/42\/2023\/05\/Polisen-pa-Villan-26-4-23.pdf\" target=\"_blank\" rel=\"noopener\">klicka h\u00e4r f\u00f6r bilder<\/a><br \/>\n<img loading=\"lazy\" decoding=\"async\" class=\"alignnone wp-image-5694\" src=\"https:\/\/dhr.se\/angelholm\/wp-content\/uploads\/sites\/42\/2023\/05\/Polis-2-300x200.jpg\" alt=\"\" width=\"434\" height=\"289\" srcset=\"https:\/\/dhr.se\/angelholm\/wp-content\/uploads\/sites\/42\/2023\/05\/Polis-2-300x200.jpg 300w, https:\/\/dhr.se\/angelholm\/wp-content\/uploads\/sites\/42\/2023\/05\/Polis-2-768x512.jpg 768w, https:\/\/dhr.se\/angelholm\/wp-content\/uploads\/sites\/42\/2023\/05\/Polis-2.jpg 1000w\" sizes=\"auto, (max-width: 434px) 100vw, 434px\" \/><\/p>\n<p>Styrlsen g\u00e5r en studiecirkel om STOCKHOLM<br \/>\n<img loading=\"lazy\" decoding=\"async\" class=\"alignnone wp-image-5558\" src=\"https:\/\/dhr.se\/angelholm\/wp-content\/uploads\/sites\/42\/2023\/02\/Studiecirkel-300x225.jpg\" alt=\"\" width=\"436\" height=\"327\" srcset=\"https:\/\/dhr.se\/angelholm\/wp-content\/uploads\/sites\/42\/2023\/02\/Studiecirkel-300x225.jpg 300w, https:\/\/dhr.se\/angelholm\/wp-content\/uploads\/sites\/42\/2023\/02\/Studiecirkel-768x576.jpg 768w, https:\/\/dhr.se\/angelholm\/wp-content\/uploads\/sites\/42\/2023\/02\/Studiecirkel.jpg 1000w\" sizes=\"auto, (max-width: 436px) 100vw, 436px\" \/><\/p>\n<p><strong><span id=\"page26R_mcid35\" class=\"markedContent\"><span dir=\"ltr\" role=\"presentation\">V\u00e5rt \u00e5rliga luftgev\u00e4rs skytte i \u00d6ssj\u00f6 hade vi<\/span>\u00a0<span dir=\"ltr\" role=\"presentation\">torsdag<\/span> <span dir=\"ltr\" role=\"presentation\">9\/2 18.00<\/span><span dir=\"ltr\" role=\"presentation\">.<\/span><\/span><\/strong><img loading=\"lazy\" decoding=\"async\" class=\"alignnone wp-image-5538\" src=\"https:\/\/dhr.se\/angelholm\/wp-content\/uploads\/sites\/42\/2022\/12\/IMG_2632-300x225.jpg\" alt=\"\" width=\"439\" height=\"329\" srcset=\"https:\/\/dhr.se\/angelholm\/wp-content\/uploads\/sites\/42\/2022\/12\/IMG_2632-300x225.jpg 300w, https:\/\/dhr.se\/angelholm\/wp-content\/uploads\/sites\/42\/2022\/12\/IMG_2632.jpg 450w\" sizes=\"auto, (max-width: 439px) 100vw, 439px\" \/><br \/>\n<a href=\"https:\/\/dhr.se\/angelholm\/wp-content\/uploads\/sites\/42\/2023\/02\/Luftgevarsskytte-2023.pdf\" target=\"_blank\" rel=\"noopener\">Klicka h\u00e4r f\u00f6r att se bilder<\/a><\/p>\n<p><strong>\u00c5ret<\/strong><strong>s julbord och jubileumsfest h\u00f6lls p\u00e5 Erikslunds hotell<br \/>\n<\/strong>Full rusning efter gl\u00f6gg<strong><br \/>\n<img loading=\"lazy\" decoding=\"async\" class=\"alignnone wp-image-5507\" src=\"https:\/\/dhr.se\/angelholm\/wp-content\/uploads\/sites\/42\/2022\/12\/IMG_1479-a-300x225.jpg\" alt=\"\" width=\"448\" height=\"336\" srcset=\"https:\/\/dhr.se\/angelholm\/wp-content\/uploads\/sites\/42\/2022\/12\/IMG_1479-a-300x225.jpg 300w, https:\/\/dhr.se\/angelholm\/wp-content\/uploads\/sites\/42\/2022\/12\/IMG_1479-a.jpg 700w\" sizes=\"auto, (max-width: 448px) 100vw, 448px\" \/><br \/>\n<\/strong><a href=\"https:\/\/dhr.se\/angelholm\/wp-content\/uploads\/sites\/42\/2022\/12\/Ordforande-Ove-Jansson-halsade-ett-femtiotal-medlemmar-och-inbjudna-gaster-valkomna-till-70-ars-jubileum-och-julfest.pdf\" target=\"_blank\" rel=\"noopener\">Klicka h\u00e4r om ni vill se bilder<\/a><\/p>\n<p><strong>\u00c5rets julmarknadsresa gick till Wapn\u00f6 slott<br \/>\n<img loading=\"lazy\" decoding=\"async\" class=\"alignnone wp-image-5476\" src=\"https:\/\/dhr.se\/angelholm\/wp-content\/uploads\/sites\/42\/2022\/11\/Wapno10-300x200.jpg\" alt=\"\" width=\"459\" height=\"306\" srcset=\"https:\/\/dhr.se\/angelholm\/wp-content\/uploads\/sites\/42\/2022\/11\/Wapno10-300x200.jpg 300w, https:\/\/dhr.se\/angelholm\/wp-content\/uploads\/sites\/42\/2022\/11\/Wapno10.jpg 750w\" sizes=\"auto, (max-width: 459px) 100vw, 459px\" \/><br \/>\n<\/strong><a href=\"https:\/\/dhr.se\/angelholm\/wp-content\/uploads\/sites\/42\/2022\/11\/Julresa-till-Wapno-22.pdf\" target=\"_blank\" rel=\"noopener\">Klicka h\u00e4r om ni vill se Lennarts bilder<\/a><\/p>\n<p><strong>Den 28 januari har vi 30 biljetter till \u00c4NGELHOLMSREVYN<br \/>\n<img loading=\"lazy\" decoding=\"async\" class=\"alignnone size-medium wp-image-5455\" src=\"https:\/\/dhr.se\/angelholm\/wp-content\/uploads\/sites\/42\/2022\/11\/Affisch-3-259x300.jpg\" alt=\"\" width=\"259\" height=\"300\" srcset=\"https:\/\/dhr.se\/angelholm\/wp-content\/uploads\/sites\/42\/2022\/11\/Affisch-3-259x300.jpg 259w, https:\/\/dhr.se\/angelholm\/wp-content\/uploads\/sites\/42\/2022\/11\/Affisch-3.jpg 690w\" sizes=\"auto, (max-width: 259px) 100vw, 259px\" \/><br \/>\n<a href=\"https:\/\/dhr.se\/angelholm\/wp-content\/uploads\/sites\/42\/2023\/01\/Angelholmsrevyn-28-Januari-2023.pdf\" target=\"_blank\" rel=\"noopener\">Klicka h\u00e4r f\u00f6r att se bilder ifr\u00e5n den 28:de<\/a><\/strong><\/p>\n<\/div>\n        <\/div>\n    <\/div>\n<\/section>\n\n<div class=\"wp-block-image is-style-rounded\">\n<figure class=\"aligncenter size-large\"><img loading=\"lazy\" decoding=\"async\" width=\"1024\" height=\"768\" src=\"https:\/\/dhr.se\/angelholm\/wp-content\/uploads\/sites\/42\/2022\/11\/IMG_1382-1024x768.jpg\" alt=\"\" class=\"wp-image-5333\" srcset=\"https:\/\/dhr.se\/angelholm\/wp-content\/uploads\/sites\/42\/2022\/11\/IMG_1382-1024x768.jpg 1024w, https:\/\/dhr.se\/angelholm\/wp-content\/uploads\/sites\/42\/2022\/11\/IMG_1382-300x225.jpg 300w, https:\/\/dhr.se\/angelholm\/wp-content\/uploads\/sites\/42\/2022\/11\/IMG_1382-768x576.jpg 768w, https:\/\/dhr.se\/angelholm\/wp-content\/uploads\/sites\/42\/2022\/11\/IMG_1382-1536x1152.jpg 1536w, https:\/\/dhr.se\/angelholm\/wp-content\/uploads\/sites\/42\/2022\/11\/IMG_1382-2048x1536.jpg 2048w, https:\/\/dhr.se\/angelholm\/wp-content\/uploads\/sites\/42\/2022\/11\/IMG_1382-1600x1200.jpg 1600w\" sizes=\"auto, (max-width: 1024px) 100vw, 1024px\" \/><figcaption class=\"wp-element-caption\"><strong>H\u00e4r har man tagit bort ett steg och underl\u00e4ttat f\u00f6r dom med r\u00f6relsehinder<\/strong><\/figcaption><\/figure>\n<\/div>\n\n<section class=\"block-image-and-text left grey\">\n    <div class=\"main\">\n        <div class=\"main-inner\">\n            <div class=\"left-col\" style=\"background-image: url();\"><\/div>\n\n            <div class=\"right-col\">\n                <h2>Bli medlem i DHR<\/h2>\n                <p class=\"text\">DHR beh\u00f6ver dig som medlem. Oavsett om du v\u00e4ljer att vara aktiv eller bara vill st\u00f6dja oss \u00e4r ditt medlemskap viktigt. Ju fler vi \u00e4r, desto starkare blir v\u00e5r r\u00f6st!<br \/>\r\n<br \/>\r\nUnder DHR:s 100 \u00e5r (vi fyller \u00e5r 2023) har villkoren f\u00f6r medlemmarna sj\u00e4lvklart f\u00f6rb\u00e4ttrats. Men nu b\u00f6rjar det bl\u00e5sa kallt igen, och behovet av en stark motst\u00e5ndsr\u00f6relse \u00e4r st\u00f6rre \u00e4n p\u00e5 m\u00e5nga \u00e5r. Den personliga assistansen \u00e4r i fara, parkeringstillst\u00e5nd dras in och det sn\u00e5las p\u00e5 bilst\u00f6d. Vi h\u00f6r till och med \u00e5sikter om att det borde inf\u00f6ras institutioner igen. D\u00e4rf\u00f6r beh\u00f6vs ocks\u00e5 du som medlem!<br \/>\r\n<br \/>\r\nSom medlem i DHR kan du tillsammans med andra medlemmar p\u00e5verka att samh\u00e4llet blir mer j\u00e4mlikt och j\u00e4mst\u00e4llt. Tillsammans med andra medlemmar kan du ocks\u00e5 delta i fritidsaktiviteter, kamratst\u00f6d och social gemenskap.<\/p>\n\n                                    <a class=\"button big accent\" href=\"https:\/\/sbtdhr.mysoft.no\/modules\/blimedlem\/blimedlem.aspx\" target=\"_blank\">Medlemsans\u00f6kan<\/a>\n                            <\/div>\n\n        <\/div>\n    <\/div>\n<\/section>\n\n<section class=\"block-box-links white\">\n    <div class=\"main\">\n        <div class=\"main-inner\">\n            <div class=\"flex-container\">\n\n                                \n                    <div class=\"one-box bright-background\">\n\n                                                    <div class=\"icon icon-statistics\"><\/div>\n                        \n                        <h4>R\u00e4ttighetsikoner<\/h4>\n                        <p>DHR har gjort det m\u00e5nga sagt borde g\u00f6ras \u2013 illustrerat artiklar ur Konventionen om r\u00e4ttigheter f\u00f6r personer med funktionsneds\u00e4ttning. Vi kopplar dem till de globala m\u00e5len \u2013 inte alla utan de som har direkt b\u00e4ring p\u00e5 personer med funktionsneds\u00e4ttning. <\/p>\n\n                                                    <a class=\"small-button text-link\" href=\"https:\/\/dhr.se\/globalarattigheter\" target=\"_blank\">Globala r\u00e4ttigheter<\/a>\n                                                \n                    <\/div>\n\n                                    \n                    <div class=\"one-box bright-background\">\n\n                                                    <div class=\"icon icon-document\"><\/div>\n                        \n                        <h4>VI G\u00d6R!<\/h4>\n                        <p><\/p>\n\n                                                    <a class=\"small-button text-link\" href=\"http:\/\/dhr.se\/angelholm\/vad-vi-gor\/\" target=\"_self\">Vad vi g\u00f6r<\/a>\n                                                \n                    <\/div>\n\n                                    \n                    <div class=\"one-box bright-background\">\n\n                                                    <div class=\"icon icon-bulb\"><\/div>\n                        \n                        <h4>VI VILL!<\/h4>\n                        <p>Alla m\u00e4nniskor har lika v\u00e4rde! Och det oavsett k\u00f6n, k\u00f6nsidentitet eller k\u00f6nsuttryck, etnisk tillh\u00f6righet, religion eller annan trosuppfattning, funktionsneds\u00e4ttning, sexuell l\u00e4ggning eller \u00e5lder.<\/p>\n\n                                                \n                    <\/div>\n\n                    \n            <\/div>\n        <\/div>\n    <\/div>\n<\/section>\n\n<section class=\"block-simple-text\">\n    <div class=\"main\">\n        <div class=\"main-inner\">\n            <div class=\"ingress text-darker\"><h1 class=\"entry-title\"><\/h1>\n<p>&nbsp;<\/p>\n<p>&nbsp;<\/p>\n<\/div>\n            <div class=\"content\"><\/div>\n        <\/div>\n    <\/div>\n<\/section>\n\n<section class=\"block-image-and-text  \">\n    <div class=\"main\">\n        <div class=\"main-inner\">\n            <div class=\"left-col\" style=\"background-image: url();\"><\/div>\n\n            <div class=\"right-col\">\n                <h2><\/h2>\n                <p class=\"text\"><\/p>\n\n                            <\/div>\n\n        <\/div>\n    <\/div>\n<\/section>","protected":false},"excerpt":{"rendered":"","protected":false},"author":4,"featured_media":0,"parent":0,"menu_order":1,"comment_status":"closed","ping_status":"closed","template":"","meta":{"_acf_changed":false,"_monsterinsights_skip_tracking":false,"_monsterinsights_sitenote_active":false,"_monsterinsights_sitenote_note":"","_monsterinsights_sitenote_category":0,"footnotes":""},"class_list":["post-754","page","type-page","status-publish","hentry"],"acf":[],"yoast_head":"<!-- This site is optimized with the Yoast SEO plugin v27.2 - https:\/\/yoast.com\/product\/yoast-seo-wordpress\/ -->\n<title>DHR -\u00c4ngelholm - DHR - \u00c4ngelholm<\/title>\n<meta name=\"robots\" content=\"index, follow, max-snippet:-1, max-image-preview:large, max-video-preview:-1\" \/>\n<link rel=\"canonical\" href=\"https:\/\/dhr.se\/angelholm\/\" \/>\n<meta property=\"og:locale\" content=\"sv_SE\" \/>\n<meta property=\"og:type\" content=\"article\" \/>\n<meta property=\"og:title\" content=\"DHR -\u00c4ngelholm - DHR - \u00c4ngelholm\" \/>\n<meta property=\"og:url\" content=\"https:\/\/dhr.se\/angelholm\/\" \/>\n<meta property=\"og:site_name\" content=\"DHR - \u00c4ngelholm\" \/>\n<meta property=\"article:modified_time\" content=\"2023-10-15T09:24:45+00:00\" \/>\n<meta property=\"og:image\" content=\"https:\/\/dhr.se\/angelholm\/wp-content\/uploads\/sites\/42\/2022\/11\/IMG_1382-1024x768.jpg\" \/>\n<meta name=\"twitter:card\" content=\"summary_large_image\" \/>\n<meta name=\"twitter:label1\" content=\"Ber\u00e4knad l\u00e4stid\" \/>\n\t<meta name=\"twitter:data1\" content=\"1 minut\" \/>\n<script type=\"application\/ld+json\" class=\"yoast-schema-graph\">{\"@context\":\"https:\/\/schema.org\",\"@graph\":[{\"@type\":\"WebPage\",\"@id\":\"https:\/\/dhr.se\/angelholm\/\",\"url\":\"https:\/\/dhr.se\/angelholm\/\",\"name\":\"DHR -\u00c4ngelholm - DHR - \u00c4ngelholm\",\"isPartOf\":{\"@id\":\"https:\/\/dhr.se\/angelholm\/#website\"},\"primaryImageOfPage\":{\"@id\":\"https:\/\/dhr.se\/angelholm\/#primaryimage\"},\"image\":{\"@id\":\"https:\/\/dhr.se\/angelholm\/#primaryimage\"},\"thumbnailUrl\":\"https:\/\/dhr.se\/angelholm\/wp-content\/uploads\/sites\/42\/2022\/11\/IMG_1382-1024x768.jpg\",\"datePublished\":\"2019-08-15T18:18:44+00:00\",\"dateModified\":\"2023-10-15T09:24:45+00:00\",\"breadcrumb\":{\"@id\":\"https:\/\/dhr.se\/angelholm\/#breadcrumb\"},\"inLanguage\":\"sv-SE\",\"potentialAction\":[{\"@type\":\"ReadAction\",\"target\":[\"https:\/\/dhr.se\/angelholm\/\"]}]},{\"@type\":\"ImageObject\",\"inLanguage\":\"sv-SE\",\"@id\":\"https:\/\/dhr.se\/angelholm\/#primaryimage\",\"url\":\"https:\/\/dhr.se\/angelholm\/wp-content\/uploads\/sites\/42\/2022\/11\/IMG_1382-scaled.jpg\",\"contentUrl\":\"https:\/\/dhr.se\/angelholm\/wp-content\/uploads\/sites\/42\/2022\/11\/IMG_1382-scaled.jpg\",\"width\":2560,\"height\":1920},{\"@type\":\"BreadcrumbList\",\"@id\":\"https:\/\/dhr.se\/angelholm\/#breadcrumb\",\"itemListElement\":[{\"@type\":\"ListItem\",\"position\":1,\"name\":\"Hem\",\"item\":\"https:\/\/dhr.se\/angelholm\/\"},{\"@type\":\"ListItem\",\"position\":2,\"name\":\"DHR -\u00c4ngelholm\"}]},{\"@type\":\"WebSite\",\"@id\":\"https:\/\/dhr.se\/angelholm\/#website\",\"url\":\"https:\/\/dhr.se\/angelholm\/\",\"name\":\"DHR - \u00c4ngelholm\",\"description\":\"Delaktighet, r\u00f6relsefrihet och handlingskraft\",\"potentialAction\":[{\"@type\":\"SearchAction\",\"target\":{\"@type\":\"EntryPoint\",\"urlTemplate\":\"https:\/\/dhr.se\/angelholm\/?s={search_term_string}\"},\"query-input\":{\"@type\":\"PropertyValueSpecification\",\"valueRequired\":true,\"valueName\":\"search_term_string\"}}],\"inLanguage\":\"sv-SE\"}]}<\/script>\n<!-- \/ Yoast SEO plugin. -->","yoast_head_json":{"title":"DHR -\u00c4ngelholm - DHR - \u00c4ngelholm","robots":{"index":"index","follow":"follow","max-snippet":"max-snippet:-1","max-image-preview":"max-image-preview:large","max-video-preview":"max-video-preview:-1"},"canonical":"https:\/\/dhr.se\/angelholm\/","og_locale":"sv_SE","og_type":"article","og_title":"DHR -\u00c4ngelholm - DHR - \u00c4ngelholm","og_url":"https:\/\/dhr.se\/angelholm\/","og_site_name":"DHR - \u00c4ngelholm","article_modified_time":"2023-10-15T09:24:45+00:00","og_image":[{"url":"https:\/\/dhr.se\/angelholm\/wp-content\/uploads\/sites\/42\/2022\/11\/IMG_1382-1024x768.jpg","type":"","width":"","height":""}],"twitter_card":"summary_large_image","twitter_misc":{"Ber\u00e4knad l\u00e4stid":"1 minut"},"schema":{"@context":"https:\/\/schema.org","@graph":[{"@type":"WebPage","@id":"https:\/\/dhr.se\/angelholm\/","url":"https:\/\/dhr.se\/angelholm\/","name":"DHR -\u00c4ngelholm - DHR - \u00c4ngelholm","isPartOf":{"@id":"https:\/\/dhr.se\/angelholm\/#website"},"primaryImageOfPage":{"@id":"https:\/\/dhr.se\/angelholm\/#primaryimage"},"image":{"@id":"https:\/\/dhr.se\/angelholm\/#primaryimage"},"thumbnailUrl":"https:\/\/dhr.se\/angelholm\/wp-content\/uploads\/sites\/42\/2022\/11\/IMG_1382-1024x768.jpg","datePublished":"2019-08-15T18:18:44+00:00","dateModified":"2023-10-15T09:24:45+00:00","breadcrumb":{"@id":"https:\/\/dhr.se\/angelholm\/#breadcrumb"},"inLanguage":"sv-SE","potentialAction":[{"@type":"ReadAction","target":["https:\/\/dhr.se\/angelholm\/"]}]},{"@type":"ImageObject","inLanguage":"sv-SE","@id":"https:\/\/dhr.se\/angelholm\/#primaryimage","url":"https:\/\/dhr.se\/angelholm\/wp-content\/uploads\/sites\/42\/2022\/11\/IMG_1382-scaled.jpg","contentUrl":"https:\/\/dhr.se\/angelholm\/wp-content\/uploads\/sites\/42\/2022\/11\/IMG_1382-scaled.jpg","width":2560,"height":1920},{"@type":"BreadcrumbList","@id":"https:\/\/dhr.se\/angelholm\/#breadcrumb","itemListElement":[{"@type":"ListItem","position":1,"name":"Hem","item":"https:\/\/dhr.se\/angelholm\/"},{"@type":"ListItem","position":2,"name":"DHR -\u00c4ngelholm"}]},{"@type":"WebSite","@id":"https:\/\/dhr.se\/angelholm\/#website","url":"https:\/\/dhr.se\/angelholm\/","name":"DHR - \u00c4ngelholm","description":"Delaktighet, r\u00f6relsefrihet och handlingskraft","potentialAction":[{"@type":"SearchAction","target":{"@type":"EntryPoint","urlTemplate":"https:\/\/dhr.se\/angelholm\/?s={search_term_string}"},"query-input":{"@type":"PropertyValueSpecification","valueRequired":true,"valueName":"search_term_string"}}],"inLanguage":"sv-SE"}]}},"publishpress_future_workflow_manual_trigger":{"enabledWorkflows":[]},"_links":{"self":[{"href":"https:\/\/dhr.se\/angelholm\/wp-json\/wp\/v2\/pages\/754","targetHints":{"allow":["GET"]}}],"collection":[{"href":"https:\/\/dhr.se\/angelholm\/wp-json\/wp\/v2\/pages"}],"about":[{"href":"https:\/\/dhr.se\/angelholm\/wp-json\/wp\/v2\/types\/page"}],"author":[{"embeddable":true,"href":"https:\/\/dhr.se\/angelholm\/wp-json\/wp\/v2\/users\/4"}],"replies":[{"embeddable":true,"href":"https:\/\/dhr.se\/angelholm\/wp-json\/wp\/v2\/comments?post=754"}],"version-history":[{"count":0,"href":"https:\/\/dhr.se\/angelholm\/wp-json\/wp\/v2\/pages\/754\/revisions"}],"wp:attachment":[{"href":"https:\/\/dhr.se\/angelholm\/wp-json\/wp\/v2\/media?parent=754"}],"curies":[{"name":"wp","href":"https:\/\/api.w.org\/{rel}","templated":true}]}}