{"id":754,"date":"2019-08-15T20:18:44","date_gmt":"2019-08-15T18:18:44","guid":{"rendered":"http:\/\/dhr.se\/askesund\/?page_id=754"},"modified":"2023-06-15T14:41:38","modified_gmt":"2023-06-15T12:41:38","slug":"dhr-askersund","status":"publish","type":"page","link":"https:\/\/dhr.se\/askersund\/","title":{"rendered":"DHR &#8211; Askersund"},"content":{"rendered":"<section class=\"block-hero\" style=\"background-image:url(https:\/\/dhr.se\/askersund\/wp-content\/uploads\/sites\/63\/2021\/04\/Tre-samtalande-personer-i-rulle-vid-damm-i-Botaniska.jpg);\">\n\n<video autoplay loop playsinline muted loop>\n    <source src=\"\" type=\"video\/mp4\">\n    Your browser does not support HTML5 video.\n<\/video>\n\n<div class=\"overlay overlay-dark\"><\/div>\n    <div class=\"main\">\n        <div class=\"main-inner\">\n            <p class=\"small-title\"><\/p>\n            <h1> V\u00c4LKOMMEN TILL DHR ASKERSUND<\/h1>\n            <p class=\"text\">Vi \u00e4r en organisation f\u00f6r m\u00e5nga personer med nedsatt r\u00f6relsef\u00f6rm\u00e5ga. V\u00e5rt m\u00e5l \u00e4r att alla m\u00e4nniskor ska k\u00e4nna sig v\u00e4lkomna och inkluderade i samh\u00e4llet. V\u00e5r vision \u00e4r ett universellt utformat samh\u00e4lle \u2013 ett j\u00e4mlikt och j\u00e4mst\u00e4llt samh\u00e4lle d\u00e4r varje m\u00e4nniska ses som en tillg\u00e5ng.<br \/>\r\n<br \/>\r\n<\/p>\n\n\n            \n\n\n\n        <\/div>\n    <\/div>\n<\/section>\n\n<section class=\"block-calender\">\n    <div class=\"main\">\n        <div class=\"main-inner\">\n            <div class=\"title\">\n                <h2>Aktuella aktiviteter<\/h2>\n                            <\/div>\n            <div class=\"flex-container\">\n\n                                            \n                    \n                                <a class=\"one-post bright-background\" href=\"https:\/\/dhr.se\/askersund\/event\/medlemstraff\/\">\n                                    <div class=\"date\">\n                                        <p class=\"day title-color\">X<\/p>\n                                        <p class=\"month title-color\">oktober<\/p>\n                                    <\/div>\n                                    <div class=\"text-container\">\n                                        <h3 class=\"accent-text\">Medlemstr\u00e4ff<\/h3>\n                                        <div class=\"event-info\">\n                                            <p class=\"time\"><\/p>\n                                            <p class=\"place text-darker\"><\/p>\n                                        <\/div>\n                                    <\/div>\n                                <\/a>\n                        \n                           \n            <\/div>\n        <\/div>\n    <\/div>\n<\/section>\n\n<section class=\"block-image-and-text left white\">\n    <div class=\"main\">\n        <div class=\"main-inner\">\n            <div class=\"left-col\" style=\"background-image: url(https:\/\/dhr.se\/askersund\/wp-content\/uploads\/sites\/63\/2020\/03\/K\u00f6p-av-korv-Botaniska.jpg);\"><\/div>\n\n            <div class=\"right-col\">\n                <h2>OM OSS<\/h2>\n                <p class=\"text\">DHR Askersund arbetar med p\u00e5verkansarbete lokalt f\u00f6r att samh\u00e4llet ska bli b\u00e4ttre och mer tillg\u00e4ngligt f\u00f6r alla. Vi samlas ocks\u00e5 kring sociala aktiviteter som middagar och underh\u00e5llning. Vill du vara med? Har du id\u00e9er om vad vi i DHR Askersund kan g\u00f6ra tillsammans? Vill du komma i kontakt med oss? Mejla till askersund@dhr.se eller ring v\u00e5r ordf\u00f6rande Bengt Salomonsson p\u00e5 telefon 073-719 96 29.<br \/>\r\n<br \/>\r\n<\/p>\n\n                                    <a class=\"button big accent\" href=\"http:\/\/www.dhr.se\" target=\"_self\">L\u00e4s mer om DHR<\/a>\n                            <\/div>\n\n        <\/div>\n    <\/div>\n<\/section>\n\n<section class=\"block-textbox\" style=\"background-image:url(https:\/\/dhr.se\/askersund\/wp-content\/uploads\/sites\/63\/2020\/03\/Kvinna-med-ljust-l\u00e5ngt-h\u00e5r-tittar-in-i-kameran-Botaniska.jpg);\">\n    <div class=\"main\">\n        <div class=\"main-inner\">\n\n                <div class=\"text-container\">\n                    <h2>BLI MEDLEM I DHR<\/h2>\n                    <p>Under DHR:s 100 \u00e5r (vi fyller \u00e5r 2023) har villkoren f\u00f6r personer med nedsatt r\u00f6relsef\u00f6rm\u00e5ga sj\u00e4lvklart f\u00f6rb\u00e4ttrats. Men nu b\u00f6rjar det bl\u00e5sa kallt igen, och behovet av en stark motst\u00e5ndsr\u00f6relse \u00e4r st\u00f6rre \u00e4n p\u00e5 m\u00e5nga \u00e5r. Den personliga assistansen \u00e4r i fara, parkeringstillst\u00e5nd dras in och det sn\u00e5las p\u00e5 bilst\u00f6d. Vi h\u00f6r till och med \u00e5sikter om att det borde inf\u00f6ras institutioner igen. D\u00e4rf\u00f6r beh\u00f6vs ocks\u00e5 du som medlem!<br \/>\r\n<br \/>\r\nTillsammans med andra medlemmar kan du delta i fritidsaktiviteter, kamratst\u00f6d och social gemenskap.<br \/>\r\nSom medlem i DHR har du tillsammans med andra medlemmar m\u00f6jlighet att p\u00e5verka s\u00e5 att ditt lokalsamh\u00e4lle blir mer j\u00e4mlikt och j\u00e4mst\u00e4llt.<\/p>\n\n                                            <a class=\"button big accent\" href=\"https:\/\/sbtdhr.mysoft.no\/modules\/blimedlem\/blimedlem.aspx\" target=\"_self\">Medlemsans\u00f6kan<\/a>\n                    \n                <\/div>\n\n        <\/div>\n    <\/div>\n<\/section>","protected":false},"excerpt":{"rendered":"","protected":false},"author":8,"featured_media":0,"parent":0,"menu_order":0,"comment_status":"closed","ping_status":"closed","template":"","meta":{"_acf_changed":false,"_monsterinsights_skip_tracking":false,"_monsterinsights_sitenote_active":false,"_monsterinsights_sitenote_note":"","_monsterinsights_sitenote_category":0,"footnotes":""},"class_list":["post-754","page","type-page","status-publish","hentry"],"acf":[],"yoast_head":"<!-- This site is optimized with the Yoast SEO plugin v27.2 - https:\/\/yoast.com\/product\/yoast-seo-wordpress\/ -->\n<title>DHR - Askersund - DHR - Askersund<\/title>\n<meta name=\"description\" content=\"Vi \u00e4r en politiskt och religi\u00f6st obunden organisation av och f\u00f6r personer med nedsatt r\u00f6relsef\u00f6rm\u00e5ga. V\u00e5r utg\u00e5ngspunkt f\u00f6r det r\u00e4ttighetspolitiska arbetet \u00e4r Konventionen om r\u00e4ttigheter f\u00f6r personer med funktionsneds\u00e4ttning.\" \/>\n<meta name=\"robots\" content=\"index, follow, max-snippet:-1, max-image-preview:large, max-video-preview:-1\" \/>\n<link rel=\"canonical\" href=\"https:\/\/dhr.se\/askersund\/\" \/>\n<meta property=\"og:locale\" content=\"sv_SE\" \/>\n<meta property=\"og:type\" content=\"article\" \/>\n<meta property=\"og:title\" content=\"DHR - Askersund - DHR - Askersund\" \/>\n<meta property=\"og:description\" content=\"Vi \u00e4r en politiskt och religi\u00f6st obunden organisation av och f\u00f6r personer med nedsatt r\u00f6relsef\u00f6rm\u00e5ga. V\u00e5r utg\u00e5ngspunkt f\u00f6r det r\u00e4ttighetspolitiska arbetet \u00e4r Konventionen om r\u00e4ttigheter f\u00f6r personer med funktionsneds\u00e4ttning.\" \/>\n<meta property=\"og:url\" content=\"https:\/\/dhr.se\/askersund\/\" \/>\n<meta property=\"og:site_name\" content=\"DHR - Askersund\" \/>\n<meta property=\"article:modified_time\" content=\"2023-06-15T12:41:38+00:00\" \/>\n<meta name=\"twitter:card\" content=\"summary_large_image\" \/>\n<script type=\"application\/ld+json\" class=\"yoast-schema-graph\">{\"@context\":\"https:\/\/schema.org\",\"@graph\":[{\"@type\":\"WebPage\",\"@id\":\"https:\/\/dhr.se\/askersund\/\",\"url\":\"https:\/\/dhr.se\/askersund\/\",\"name\":\"DHR - Askersund - DHR - Askersund\",\"isPartOf\":{\"@id\":\"https:\/\/dhr.se\/askersund\/#website\"},\"datePublished\":\"2019-08-15T18:18:44+00:00\",\"dateModified\":\"2023-06-15T12:41:38+00:00\",\"description\":\"Vi \u00e4r en politiskt och religi\u00f6st obunden organisation av och f\u00f6r personer med nedsatt r\u00f6relsef\u00f6rm\u00e5ga. V\u00e5r utg\u00e5ngspunkt f\u00f6r det r\u00e4ttighetspolitiska arbetet \u00e4r Konventionen om r\u00e4ttigheter f\u00f6r personer med funktionsneds\u00e4ttning.\",\"breadcrumb\":{\"@id\":\"https:\/\/dhr.se\/askersund\/#breadcrumb\"},\"inLanguage\":\"sv-SE\",\"potentialAction\":[{\"@type\":\"ReadAction\",\"target\":[\"https:\/\/dhr.se\/askersund\/\"]}]},{\"@type\":\"BreadcrumbList\",\"@id\":\"https:\/\/dhr.se\/askersund\/#breadcrumb\",\"itemListElement\":[{\"@type\":\"ListItem\",\"position\":1,\"name\":\"Hem\",\"item\":\"https:\/\/dhr.se\/askersund\/\"},{\"@type\":\"ListItem\",\"position\":2,\"name\":\"DHR &#8211; Askersund\"}]},{\"@type\":\"WebSite\",\"@id\":\"https:\/\/dhr.se\/askersund\/#website\",\"url\":\"https:\/\/dhr.se\/askersund\/\",\"name\":\"DHR - Askersund\",\"description\":\"Delaktighet, r\u00f6relsefrihet och handlingskraft\",\"potentialAction\":[{\"@type\":\"SearchAction\",\"target\":{\"@type\":\"EntryPoint\",\"urlTemplate\":\"https:\/\/dhr.se\/askersund\/?s={search_term_string}\"},\"query-input\":{\"@type\":\"PropertyValueSpecification\",\"valueRequired\":true,\"valueName\":\"search_term_string\"}}],\"inLanguage\":\"sv-SE\"}]}<\/script>\n<!-- \/ Yoast SEO plugin. -->","yoast_head_json":{"title":"DHR - Askersund - DHR - Askersund","description":"Vi \u00e4r en politiskt och religi\u00f6st obunden organisation av och f\u00f6r personer med nedsatt r\u00f6relsef\u00f6rm\u00e5ga. V\u00e5r utg\u00e5ngspunkt f\u00f6r det r\u00e4ttighetspolitiska arbetet \u00e4r Konventionen om r\u00e4ttigheter f\u00f6r personer med funktionsneds\u00e4ttning.","robots":{"index":"index","follow":"follow","max-snippet":"max-snippet:-1","max-image-preview":"max-image-preview:large","max-video-preview":"max-video-preview:-1"},"canonical":"https:\/\/dhr.se\/askersund\/","og_locale":"sv_SE","og_type":"article","og_title":"DHR - Askersund - DHR - Askersund","og_description":"Vi \u00e4r en politiskt och religi\u00f6st obunden organisation av och f\u00f6r personer med nedsatt r\u00f6relsef\u00f6rm\u00e5ga. V\u00e5r utg\u00e5ngspunkt f\u00f6r det r\u00e4ttighetspolitiska arbetet \u00e4r Konventionen om r\u00e4ttigheter f\u00f6r personer med funktionsneds\u00e4ttning.","og_url":"https:\/\/dhr.se\/askersund\/","og_site_name":"DHR - Askersund","article_modified_time":"2023-06-15T12:41:38+00:00","twitter_card":"summary_large_image","schema":{"@context":"https:\/\/schema.org","@graph":[{"@type":"WebPage","@id":"https:\/\/dhr.se\/askersund\/","url":"https:\/\/dhr.se\/askersund\/","name":"DHR - Askersund - DHR - Askersund","isPartOf":{"@id":"https:\/\/dhr.se\/askersund\/#website"},"datePublished":"2019-08-15T18:18:44+00:00","dateModified":"2023-06-15T12:41:38+00:00","description":"Vi \u00e4r en politiskt och religi\u00f6st obunden organisation av och f\u00f6r personer med nedsatt r\u00f6relsef\u00f6rm\u00e5ga. V\u00e5r utg\u00e5ngspunkt f\u00f6r det r\u00e4ttighetspolitiska arbetet \u00e4r Konventionen om r\u00e4ttigheter f\u00f6r personer med funktionsneds\u00e4ttning.","breadcrumb":{"@id":"https:\/\/dhr.se\/askersund\/#breadcrumb"},"inLanguage":"sv-SE","potentialAction":[{"@type":"ReadAction","target":["https:\/\/dhr.se\/askersund\/"]}]},{"@type":"BreadcrumbList","@id":"https:\/\/dhr.se\/askersund\/#breadcrumb","itemListElement":[{"@type":"ListItem","position":1,"name":"Hem","item":"https:\/\/dhr.se\/askersund\/"},{"@type":"ListItem","position":2,"name":"DHR &#8211; Askersund"}]},{"@type":"WebSite","@id":"https:\/\/dhr.se\/askersund\/#website","url":"https:\/\/dhr.se\/askersund\/","name":"DHR - Askersund","description":"Delaktighet, r\u00f6relsefrihet och handlingskraft","potentialAction":[{"@type":"SearchAction","target":{"@type":"EntryPoint","urlTemplate":"https:\/\/dhr.se\/askersund\/?s={search_term_string}"},"query-input":{"@type":"PropertyValueSpecification","valueRequired":true,"valueName":"search_term_string"}}],"inLanguage":"sv-SE"}]}},"publishpress_future_action":{"enabled":false,"date":"2026-04-11 05:50:13","action":"change-status","newStatus":"draft","terms":[],"taxonomy":"translation_priority","extraData":[]},"publishpress_future_workflow_manual_trigger":{"enabledWorkflows":[]},"_links":{"self":[{"href":"https:\/\/dhr.se\/askersund\/wp-json\/wp\/v2\/pages\/754","targetHints":{"allow":["GET"]}}],"collection":[{"href":"https:\/\/dhr.se\/askersund\/wp-json\/wp\/v2\/pages"}],"about":[{"href":"https:\/\/dhr.se\/askersund\/wp-json\/wp\/v2\/types\/page"}],"author":[{"embeddable":true,"href":"https:\/\/dhr.se\/askersund\/wp-json\/wp\/v2\/users\/8"}],"replies":[{"embeddable":true,"href":"https:\/\/dhr.se\/askersund\/wp-json\/wp\/v2\/comments?post=754"}],"version-history":[{"count":0,"href":"https:\/\/dhr.se\/askersund\/wp-json\/wp\/v2\/pages\/754\/revisions"}],"wp:attachment":[{"href":"https:\/\/dhr.se\/askersund\/wp-json\/wp\/v2\/media?parent=754"}],"curies":[{"name":"wp","href":"https:\/\/api.w.org\/{rel}","templated":true}]}}