{"id":2046,"date":"2021-05-01T12:18:03","date_gmt":"2021-05-01T10:18:03","guid":{"rendered":"https:\/\/dhr.se\/blekinge\/?page_id=2046"},"modified":"2024-04-10T12:40:30","modified_gmt":"2024-04-10T10:40:30","slug":"lankar","status":"publish","type":"page","link":"https:\/\/dhr.se\/blekinge\/lankar\/","title":{"rendered":"L\u00e4nkar"},"content":{"rendered":"\n<figure class=\"wp-block-image size-large\"><a href=\"https:\/\/mqp.se\/\" target=\"_blank\" rel=\"noopener\"><img loading=\"lazy\" decoding=\"async\" width=\"1024\" height=\"683\" src=\"https:\/\/dhr.se\/blekinge\/wp-content\/uploads\/sites\/11\/2022\/05\/lyft-1024x683.jpg\" alt=\"\" class=\"wp-image-2180\" srcset=\"https:\/\/dhr.se\/blekinge\/wp-content\/uploads\/sites\/11\/2022\/05\/lyft-1024x683.jpg 1024w, https:\/\/dhr.se\/blekinge\/wp-content\/uploads\/sites\/11\/2022\/05\/lyft-300x200.jpg 300w, https:\/\/dhr.se\/blekinge\/wp-content\/uploads\/sites\/11\/2022\/05\/lyft-768x512.jpg 768w, https:\/\/dhr.se\/blekinge\/wp-content\/uploads\/sites\/11\/2022\/05\/lyft-1536x1024.jpg 1536w, https:\/\/dhr.se\/blekinge\/wp-content\/uploads\/sites\/11\/2022\/05\/lyft-1600x1066.jpg 1600w, https:\/\/dhr.se\/blekinge\/wp-content\/uploads\/sites\/11\/2022\/05\/lyft.jpg 2048w\" sizes=\"auto, (max-width: 1024px) 100vw, 1024px\" \/><\/a><figcaption class=\"wp-element-caption\"><a href=\"https:\/\/mqp.se\/\" target=\"_blank\" rel=\"noreferrer noopener\">https:\/\/mqp.se\/<\/a><\/figcaption><\/figure>\n\n\n\n<figure class=\"wp-block-image size-full\"><a href=\"https:\/\/keepon.se\/\" target=\"_blank\" rel=\"noopener\"><img loading=\"lazy\" decoding=\"async\" width=\"564\" height=\"540\" src=\"https:\/\/dhr.se\/blekinge\/wp-content\/uploads\/sites\/11\/2021\/05\/84721787_2673952139352237_1164948551201980416_n-e1620213944345.png\" alt=\"\" class=\"wp-image-2075\" \/><\/a><figcaption class=\"wp-element-caption\">https:\/\/keepon.se\/<\/figcaption><\/figure>\n\n\n\n<figure class=\"wp-block-image size-full is-resized\"><a href=\"https:\/\/www.fub.se\/lokal\/fub-ostra-blekinge\/sjobacka\/\"><img loading=\"lazy\" decoding=\"async\" width=\"275\" height=\"183\" src=\"https:\/\/dhr.se\/blekinge\/wp-content\/uploads\/sites\/11\/2022\/11\/nedladdning.jpg\" alt=\"\" class=\"wp-image-2202\" style=\"width:617px;height:410px\" \/><\/a><figcaption class=\"wp-element-caption\"><br>Sj\u00f6backa<br><strong>Sj\u00f6backa \u00e4r FUB:s fritidsanl\u00e4ggning och ligger p\u00e5 Sturk\u00f6 i Blekinge \u00f6stra sk\u00e4rg\u00e5rd.<\/strong><br>En fantastisk m\u00f6jlighet f\u00f6r dig som \u00e4r medlem i FUB eller i n\u00e5gon annan handikappf\u00f6rening.<br>Anl\u00e4ggningen \u00e4r m\u00f6jlig att bes\u00f6ka f\u00f6r spontanbes\u00f6k under dagtid eller f\u00f6r f\u00f6rhyrning av stuga eller husvagns-\/husbilsplats.<\/figcaption><\/figure>\n\n\n<section class=\"block-image-and-text left white\">\n    <div class=\"main\">\n        <div class=\"main-inner\">\n            <div class=\"left-col\" style=\"background-image: url();\"><\/div>\n\n            <div class=\"right-col\">\n                <h2><\/h2>\n                <p class=\"text\"><\/p>\n\n                            <\/div>\n\n        <\/div>\n    <\/div>\n<\/section>\n\n\n<p><\/p>\n","protected":false},"excerpt":{"rendered":"","protected":false},"author":48,"featured_media":0,"parent":0,"menu_order":0,"comment_status":"closed","ping_status":"closed","template":"","meta":{"_acf_changed":false,"_monsterinsights_skip_tracking":false,"_monsterinsights_sitenote_active":false,"_monsterinsights_sitenote_note":"","_monsterinsights_sitenote_category":0,"footnotes":""},"class_list":["post-2046","page","type-page","status-publish","hentry"],"acf":[],"yoast_head":"<!-- This site is optimized with the Yoast SEO plugin v27.5 - https:\/\/yoast.com\/product\/yoast-seo-wordpress\/ -->\n<title>L\u00e4nkar - DHR - Blekinge<\/title>\n<meta name=\"robots\" content=\"index, follow, max-snippet:-1, max-image-preview:large, max-video-preview:-1\" \/>\n<link rel=\"canonical\" href=\"https:\/\/dhr.se\/blekinge\/lankar\/\" \/>\n<meta property=\"og:locale\" content=\"sv_SE\" \/>\n<meta property=\"og:type\" content=\"article\" \/>\n<meta property=\"og:title\" content=\"L\u00e4nkar - DHR - Blekinge\" \/>\n<meta property=\"og:url\" content=\"https:\/\/dhr.se\/blekinge\/lankar\/\" \/>\n<meta property=\"og:site_name\" content=\"DHR - Blekinge\" \/>\n<meta property=\"article:modified_time\" content=\"2024-04-10T10:40:30+00:00\" \/>\n<meta property=\"og:image\" content=\"https:\/\/dhr.se\/blekinge\/wp-content\/uploads\/sites\/11\/2022\/05\/lyft-1024x683.jpg\" \/>\n<meta name=\"twitter:card\" content=\"summary_large_image\" \/>\n<meta name=\"twitter:label1\" content=\"Ber\u00e4knad l\u00e4stid\" \/>\n\t<meta name=\"twitter:data1\" content=\"1 minut\" \/>\n<script type=\"application\/ld+json\" class=\"yoast-schema-graph\">{\"@context\":\"https:\\\/\\\/schema.org\",\"@graph\":[{\"@type\":\"WebPage\",\"@id\":\"https:\\\/\\\/dhr.se\\\/blekinge\\\/lankar\\\/\",\"url\":\"https:\\\/\\\/dhr.se\\\/blekinge\\\/lankar\\\/\",\"name\":\"L\u00e4nkar - DHR - Blekinge\",\"isPartOf\":{\"@id\":\"https:\\\/\\\/dhr.se\\\/blekinge\\\/#website\"},\"primaryImageOfPage\":{\"@id\":\"https:\\\/\\\/dhr.se\\\/blekinge\\\/lankar\\\/#primaryimage\"},\"image\":{\"@id\":\"https:\\\/\\\/dhr.se\\\/blekinge\\\/lankar\\\/#primaryimage\"},\"thumbnailUrl\":\"https:\\\/\\\/dhr.se\\\/blekinge\\\/wp-content\\\/uploads\\\/sites\\\/11\\\/2022\\\/05\\\/lyft-1024x683.jpg\",\"datePublished\":\"2021-05-01T10:18:03+00:00\",\"dateModified\":\"2024-04-10T10:40:30+00:00\",\"breadcrumb\":{\"@id\":\"https:\\\/\\\/dhr.se\\\/blekinge\\\/lankar\\\/#breadcrumb\"},\"inLanguage\":\"sv-SE\",\"potentialAction\":[{\"@type\":\"ReadAction\",\"target\":[\"https:\\\/\\\/dhr.se\\\/blekinge\\\/lankar\\\/\"]}]},{\"@type\":\"ImageObject\",\"inLanguage\":\"sv-SE\",\"@id\":\"https:\\\/\\\/dhr.se\\\/blekinge\\\/lankar\\\/#primaryimage\",\"url\":\"https:\\\/\\\/dhr.se\\\/blekinge\\\/wp-content\\\/uploads\\\/sites\\\/11\\\/2022\\\/05\\\/lyft.jpg\",\"contentUrl\":\"https:\\\/\\\/dhr.se\\\/blekinge\\\/wp-content\\\/uploads\\\/sites\\\/11\\\/2022\\\/05\\\/lyft.jpg\",\"width\":2048,\"height\":1365},{\"@type\":\"BreadcrumbList\",\"@id\":\"https:\\\/\\\/dhr.se\\\/blekinge\\\/lankar\\\/#breadcrumb\",\"itemListElement\":[{\"@type\":\"ListItem\",\"position\":1,\"name\":\"Hem\",\"item\":\"https:\\\/\\\/dhr.se\\\/blekinge\\\/\"},{\"@type\":\"ListItem\",\"position\":2,\"name\":\"L\u00e4nkar\"}]},{\"@type\":\"WebSite\",\"@id\":\"https:\\\/\\\/dhr.se\\\/blekinge\\\/#website\",\"url\":\"https:\\\/\\\/dhr.se\\\/blekinge\\\/\",\"name\":\"DHR - Blekinge\",\"description\":\"Delaktighet, r\u00f6relsefrihet och handlingskraft\",\"potentialAction\":[{\"@type\":\"SearchAction\",\"target\":{\"@type\":\"EntryPoint\",\"urlTemplate\":\"https:\\\/\\\/dhr.se\\\/blekinge\\\/?s={search_term_string}\"},\"query-input\":{\"@type\":\"PropertyValueSpecification\",\"valueRequired\":true,\"valueName\":\"search_term_string\"}}],\"inLanguage\":\"sv-SE\"}]}<\/script>\n<!-- \/ Yoast SEO plugin. -->","yoast_head_json":{"title":"L\u00e4nkar - DHR - Blekinge","robots":{"index":"index","follow":"follow","max-snippet":"max-snippet:-1","max-image-preview":"max-image-preview:large","max-video-preview":"max-video-preview:-1"},"canonical":"https:\/\/dhr.se\/blekinge\/lankar\/","og_locale":"sv_SE","og_type":"article","og_title":"L\u00e4nkar - DHR - Blekinge","og_url":"https:\/\/dhr.se\/blekinge\/lankar\/","og_site_name":"DHR - Blekinge","article_modified_time":"2024-04-10T10:40:30+00:00","og_image":[{"url":"https:\/\/dhr.se\/blekinge\/wp-content\/uploads\/sites\/11\/2022\/05\/lyft-1024x683.jpg","type":"","width":"","height":""}],"twitter_card":"summary_large_image","twitter_misc":{"Ber\u00e4knad l\u00e4stid":"1 minut"},"schema":{"@context":"https:\/\/schema.org","@graph":[{"@type":"WebPage","@id":"https:\/\/dhr.se\/blekinge\/lankar\/","url":"https:\/\/dhr.se\/blekinge\/lankar\/","name":"L\u00e4nkar - DHR - Blekinge","isPartOf":{"@id":"https:\/\/dhr.se\/blekinge\/#website"},"primaryImageOfPage":{"@id":"https:\/\/dhr.se\/blekinge\/lankar\/#primaryimage"},"image":{"@id":"https:\/\/dhr.se\/blekinge\/lankar\/#primaryimage"},"thumbnailUrl":"https:\/\/dhr.se\/blekinge\/wp-content\/uploads\/sites\/11\/2022\/05\/lyft-1024x683.jpg","datePublished":"2021-05-01T10:18:03+00:00","dateModified":"2024-04-10T10:40:30+00:00","breadcrumb":{"@id":"https:\/\/dhr.se\/blekinge\/lankar\/#breadcrumb"},"inLanguage":"sv-SE","potentialAction":[{"@type":"ReadAction","target":["https:\/\/dhr.se\/blekinge\/lankar\/"]}]},{"@type":"ImageObject","inLanguage":"sv-SE","@id":"https:\/\/dhr.se\/blekinge\/lankar\/#primaryimage","url":"https:\/\/dhr.se\/blekinge\/wp-content\/uploads\/sites\/11\/2022\/05\/lyft.jpg","contentUrl":"https:\/\/dhr.se\/blekinge\/wp-content\/uploads\/sites\/11\/2022\/05\/lyft.jpg","width":2048,"height":1365},{"@type":"BreadcrumbList","@id":"https:\/\/dhr.se\/blekinge\/lankar\/#breadcrumb","itemListElement":[{"@type":"ListItem","position":1,"name":"Hem","item":"https:\/\/dhr.se\/blekinge\/"},{"@type":"ListItem","position":2,"name":"L\u00e4nkar"}]},{"@type":"WebSite","@id":"https:\/\/dhr.se\/blekinge\/#website","url":"https:\/\/dhr.se\/blekinge\/","name":"DHR - Blekinge","description":"Delaktighet, r\u00f6relsefrihet och handlingskraft","potentialAction":[{"@type":"SearchAction","target":{"@type":"EntryPoint","urlTemplate":"https:\/\/dhr.se\/blekinge\/?s={search_term_string}"},"query-input":{"@type":"PropertyValueSpecification","valueRequired":true,"valueName":"search_term_string"}}],"inLanguage":"sv-SE"}]}},"publishpress_future_action":{"enabled":false,"date":"2026-05-14 18:40:58","action":"change-status","newStatus":"draft","terms":[],"taxonomy":"translation_priority","extraData":[]},"publishpress_future_workflow_manual_trigger":{"enabledWorkflows":[]},"_links":{"self":[{"href":"https:\/\/dhr.se\/blekinge\/wp-json\/wp\/v2\/pages\/2046","targetHints":{"allow":["GET"]}}],"collection":[{"href":"https:\/\/dhr.se\/blekinge\/wp-json\/wp\/v2\/pages"}],"about":[{"href":"https:\/\/dhr.se\/blekinge\/wp-json\/wp\/v2\/types\/page"}],"author":[{"embeddable":true,"href":"https:\/\/dhr.se\/blekinge\/wp-json\/wp\/v2\/users\/48"}],"replies":[{"embeddable":true,"href":"https:\/\/dhr.se\/blekinge\/wp-json\/wp\/v2\/comments?post=2046"}],"version-history":[{"count":0,"href":"https:\/\/dhr.se\/blekinge\/wp-json\/wp\/v2\/pages\/2046\/revisions"}],"wp:attachment":[{"href":"https:\/\/dhr.se\/blekinge\/wp-json\/wp\/v2\/media?parent=2046"}],"curies":[{"name":"wp","href":"https:\/\/api.w.org\/{rel}","templated":true}]}}