{"id":754,"date":"2019-08-15T20:18:44","date_gmt":"2019-08-15T18:18:44","guid":{"rendered":"http:\/\/dhr.se\/blekinge\/?page_id=754"},"modified":"2025-09-02T12:20:44","modified_gmt":"2025-09-02T10:20:44","slug":"drivhuset-stockholm","status":"publish","type":"page","link":"https:\/\/dhr.se\/blekinge\/","title":{"rendered":"DHR -Blekinge"},"content":{"rendered":"<section class=\"block-hero\" style=\"background-image:url(https:\/\/dhr.se\/blekinge\/wp-content\/uploads\/sites\/11\/2025\/09\/Svaneholm_ek.jpg);\">\n\n<video autoplay loop playsinline muted loop>\n    <source src=\"\" type=\"video\/mp4\">\n    Your browser does not support HTML5 video.\n<\/video>\n\n<div class=\"overlay overlay-dark\"><\/div>\n    <div class=\"main\">\n        <div class=\"main-inner\">\n            <p class=\"small-title\"><\/p>\n            <h1> V\u00c4LKOMMEN TILL DHR Blekinge<\/h1>\n            <p class=\"text\">V\u00e5rt m\u00e5l \u00e4r att alla m\u00e4nniskor ska k\u00e4nna sig v\u00e4lkomna och inkluderade i samh\u00e4llet. V\u00e5r vision \u00e4r ett universellt utformat samh\u00e4lle \u2013 ett j\u00e4mlikt och j\u00e4mst\u00e4llt samh\u00e4lle d\u00e4r varje m\u00e4nniska ses som en tillg\u00e5ng.<br \/>\r\n<br \/>\r\n<\/p>\n\n\n            \n\n\n\n        <\/div>\n    <\/div>\n<\/section>\n\n<section class=\"block-image-and-text left grey\">\n    <div class=\"main\">\n        <div class=\"main-inner\">\n            <div class=\"left-col\" style=\"background-image: url(https:\/\/dhr.se\/blekinge\/wp-content\/uploads\/sites\/11\/2020\/04\/Spindelkvinnan-och-Angela-i-hatt-samtalar-i-bakgrunden-barn-som-kl\u00e4ttrar-i-tr\u00e4d..jpg);\"><\/div>\n\n            <div class=\"right-col\">\n                <h2>Om DHR Blekinge l\u00e4ns distrikt<\/h2>\n                <p class=\"text\">Inom Blekinge l\u00e4ns distrikt arbetar vi med p\u00e5verkansarbete gentemot Region Blekinge. Inom v\u00e5rt ansvarsomr\u00e5de ligger bland annat tillg\u00e4nglighet till milj\u00f6n och offentliga byggnader, bevakning av landstings- och l\u00e4nsfr\u00e5gor som till exempel arbetsmarknad, v\u00e5rd, habilitering, rehabilitering, hj\u00e4lpmedel, kollektivtrafik och f\u00e4rdtj\u00e4nst.<br \/>\r\n<br \/>\r\nV\u00e5r fr\u00e4msta m\u00e5lgrupp \u00e4r personer med en nedsatt r\u00f6relsef\u00f6rm\u00e5ga, men alla som tycker att m\u00e4nskliga r\u00e4ttigheter, tillg\u00e4nglighet och funktionshinderpolitik \u00e4r viktigt \u00e4r v\u00e4lkomna att bli medlemmar i n\u00e5gon av v\u00e5ra avdelningar.<br \/>\r\n<br \/>\r\nV\u00e5ra avdelningar arbetar med lokalt p\u00e5verkansarbete. De anordnar ocks\u00e5 medlemstr\u00e4ffar, f\u00f6rel\u00e4sningar med mera. Avdelningarna finns i Karlskrona-Ronneby och Karlshamn-Olofstr\u00f6m.<br \/>\r\n<br \/>\r\nVill du veta mer? Kontakta v\u00e5rt kansli vardagar klockan 10:00-14:00 p\u00e5 telefon 0455-152 80 eller mejla till <a href=\"mailto:info@dhr.se\">blekingelan@dhr.se<\/a>. <\/p>\n\n                                    <a class=\"button big accent\" href=\"http:\/\/www.dhr.se\" target=\"_self\">L\u00e4s mer om DHR<\/a>\n                            <\/div>\n\n        <\/div>\n    <\/div>\n<\/section>\n\n<section class=\"block-textbox\" style=\"background-image:url(https:\/\/dhr.se\/blekinge\/wp-content\/uploads\/sites\/11\/2020\/03\/Kvinna-med-ljust-l\u00e5ngt-h\u00e5r-tittar-in-i-kameran-Botaniska.jpg);\">\n    <div class=\"main\">\n        <div class=\"main-inner\">\n\n                <div class=\"text-container\">\n                    <h2>Bli medlem i DHR<\/h2>\n                    <p>DHR beh\u00f6ver dig som medlem. Oavsett om du v\u00e4ljer att vara aktiv eller bara vill st\u00f6dja oss \u00e4r ditt medlemskap viktigt. Ju fler vi \u00e4r, desto starkare blir v\u00e5r r\u00f6st!<br \/>\r\n<br \/>\r\nUnder DHR:s  \u00f6ver 100 \u00e5r (vi bildades 1923) har villkoren f\u00f6r medlemmarna sj\u00e4lvklart f\u00f6rb\u00e4ttrats. Men nu b\u00f6rjar det bl\u00e5sa kallt igen, och behovet av en stark motst\u00e5ndsr\u00f6relse \u00e4r st\u00f6rre \u00e4n p\u00e5 m\u00e5nga \u00e5r. Den personliga assistansen \u00e4r i fara, parkeringstillst\u00e5nd dras in och det sn\u00e5las p\u00e5 bilst\u00f6d. Vi h\u00f6r till och med \u00e5sikter om att det borde inf\u00f6ras institutioner igen. D\u00e4rf\u00f6r beh\u00f6vs ocks\u00e5 du som medlem!<br \/>\r\n<br \/>\r\nSom medlem i DHR kan du tillsammans med andra medlemmar p\u00e5verka att samh\u00e4llet blir mer j\u00e4mlikt och j\u00e4mst\u00e4llt. Tillsammans med andra medlemmar kan du ocks\u00e5 delta i fritidsaktiviteter, kamratst\u00f6d och social gemenskap.<\/p>\n\n                                            <a class=\"button big accent\" href=\"https:\/\/sbtdhr.mysoft.no\/modules\/blimedlem\/blimedlem.aspx\" target=\"_self\">Bli medlem<\/a>\n                    \n                <\/div>\n\n        <\/div>\n    <\/div>\n<\/section>\n\n\n<div class=\"wp-block-media-text alignwide is-stacked-on-mobile\"><figure class=\"wp-block-media-text__media\"><img loading=\"lazy\" decoding=\"async\" width=\"768\" height=\"384\" src=\"https:\/\/dhr.se\/blekinge\/wp-content\/uploads\/sites\/11\/2022\/11\/nedladdning.jpeg\" alt=\"\" class=\"wp-image-2222 size-full\" srcset=\"https:\/\/dhr.se\/blekinge\/wp-content\/uploads\/sites\/11\/2022\/11\/nedladdning.jpeg 768w, https:\/\/dhr.se\/blekinge\/wp-content\/uploads\/sites\/11\/2022\/11\/nedladdning-300x150.jpeg 300w\" sizes=\"auto, (max-width: 768px) 100vw, 768px\" \/><\/figure><div class=\"wp-block-media-text__content\">\n<h1 class=\"wp-block-heading\">Sj\u00f6backa<\/h1>\n\n\n\n<p><strong>Sj\u00f6backa \u00e4r FUB:s fritidsanl\u00e4ggning och ligger p\u00e5 Sturk\u00f6 i Blekinge \u00f6stra sk\u00e4rg\u00e5rd.<\/strong><\/p>\n\n\n\n<ul class=\"wp-block-list\">\n<li>En fantastisk m\u00f6jlighet f\u00f6r dig som \u00e4r medlem i FUB eller i n\u00e5gon annan handikappf\u00f6rening.<\/li>\n<\/ul>\n\n\n\n<p>Anl\u00e4ggningen \u00e4r m\u00f6jlig att bes\u00f6ka f\u00f6r spontanbes\u00f6k under dagtid eller f\u00f6r f\u00f6rhyrning av stuga eller husvagns-\/husbilsplats.<\/p>\n\n\n\n<p class=\"has-large-font-size\">L\u00e4s m<a href=\"https:\/\/www.fub.se\/lokal\/fub-ostra-blekinge\/sjobacka\/\" target=\"_blank\" rel=\"noreferrer noopener\">er h\u00e4r<\/a><\/p>\n<\/div><\/div>\n\n\n\n<div class=\"wp-block-media-text alignwide is-stacked-on-mobile\"><figure class=\"wp-block-media-text__media\"><img loading=\"lazy\" decoding=\"async\" width=\"1024\" height=\"683\" src=\"https:\/\/dhr.se\/blekinge\/wp-content\/uploads\/sites\/11\/2022\/05\/lyft-1024x683.jpg\" alt=\"\" class=\"wp-image-2180 size-full\" srcset=\"https:\/\/dhr.se\/blekinge\/wp-content\/uploads\/sites\/11\/2022\/05\/lyft-1024x683.jpg 1024w, https:\/\/dhr.se\/blekinge\/wp-content\/uploads\/sites\/11\/2022\/05\/lyft-300x200.jpg 300w, https:\/\/dhr.se\/blekinge\/wp-content\/uploads\/sites\/11\/2022\/05\/lyft-768x512.jpg 768w, https:\/\/dhr.se\/blekinge\/wp-content\/uploads\/sites\/11\/2022\/05\/lyft-1536x1024.jpg 1536w, https:\/\/dhr.se\/blekinge\/wp-content\/uploads\/sites\/11\/2022\/05\/lyft-1600x1066.jpg 1600w, https:\/\/dhr.se\/blekinge\/wp-content\/uploads\/sites\/11\/2022\/05\/lyft.jpg 2048w\" sizes=\"auto, (max-width: 1024px) 100vw, 1024px\" \/><\/figure><div class=\"wp-block-media-text__content\">\n<h2 class=\"wp-block-heading\" id=\"block-16ea4f34-ab4a-40c2-a49c-9f69cd5bd03a\"><br><br>Badanl\u00e4ggningen Funka<\/h2>\n\n\n\n<p id=\"block-e1563561-fa07-49c3-b25a-2762cf914d32\">Denna anl\u00e4ggning m\u00f6jligg\u00f6r bad f\u00f6r m\u00e5nga med funktionsneds\u00e4ttning, samtidigt som den fungerar som vanliga flytbryggor f\u00f6r andra- ja med andra ord en anl\u00e4ggning d\u00e4r alla kan bada tillsammans.&nbsp;&nbsp;<\/p>\n\n\n\n<p id=\"block-62c72a5f-4375-43fd-a386-fe7c9323dcce\">Badanl\u00e4ggning Funka \u00e4r en komplett anl\u00e4ggning som kan anslutas mot str\u00e4nder, befintliga flytbryggor eller mot fasta bryggor och kajer. En l\u00e4mplig l\u00f6sning om det ej finns befintliga bryggor att placera lyften direkt p\u00e5.&nbsp;<\/p>\n\n\n\n<p id=\"block-f1489e35-f7c7-4b10-95bf-dc3ba1f9b5c7\">Anl\u00e4ggningen inneh\u00e5ller f\u00f6rutom personlyft Funka v\u00e5r anpassade flotte- konstruerad f\u00f6r stabil och s\u00e4ker montering av lyft, en badsits inkl. bygel, en badstege Senior, en standardbadstege, 8 meter flytbrygga samt en ramp f\u00f6r anslutning mot strand alt. annan bryg<\/p>\n\n\n\n<p>L<a href=\"https:\/\/mqp.se\/produkter\/\">\u00c4S MER<\/a><\/p>\n<\/div><\/div>\n","protected":false},"excerpt":{"rendered":"<p>Badanl\u00e4ggningen Funka Denna anl\u00e4ggning m\u00f6jligg\u00f6r bad f\u00f6r m\u00e5nga med funktionsneds\u00e4ttning, samtidigt som den fungerar som vanliga flytbryggor f\u00f6r andra- ja med andra ord en anl\u00e4ggning d\u00e4r alla kan bada tillsammans.&nbsp;&nbsp; Badanl\u00e4ggning Funka \u00e4r en komplett anl\u00e4ggning som kan anslutas mot[&hellip;]<\/p>\n","protected":false},"author":4,"featured_media":0,"parent":0,"menu_order":0,"comment_status":"closed","ping_status":"closed","template":"","meta":{"_acf_changed":false,"_monsterinsights_skip_tracking":false,"_monsterinsights_sitenote_active":false,"_monsterinsights_sitenote_note":"","_monsterinsights_sitenote_category":0,"footnotes":""},"class_list":["post-754","page","type-page","status-publish","hentry"],"acf":[],"yoast_head":"<!-- This site is optimized with the Yoast SEO plugin v27.5 - https:\/\/yoast.com\/product\/yoast-seo-wordpress\/ -->\n<title>DHR -Blekinge - DHR - Blekinge<\/title>\n<meta name=\"robots\" content=\"index, follow, max-snippet:-1, max-image-preview:large, max-video-preview:-1\" \/>\n<link rel=\"canonical\" href=\"https:\/\/dhr.se\/blekinge\/\" \/>\n<meta property=\"og:locale\" content=\"sv_SE\" \/>\n<meta property=\"og:type\" content=\"article\" \/>\n<meta property=\"og:title\" content=\"DHR -Blekinge - DHR - Blekinge\" \/>\n<meta property=\"og:description\" content=\"Badanl\u00e4ggningen Funka Denna anl\u00e4ggning m\u00f6jligg\u00f6r bad f\u00f6r m\u00e5nga med funktionsneds\u00e4ttning, samtidigt som den fungerar som vanliga flytbryggor f\u00f6r andra- ja med andra ord en anl\u00e4ggning d\u00e4r alla kan bada tillsammans.&nbsp;&nbsp; Badanl\u00e4ggning Funka \u00e4r en komplett anl\u00e4ggning som kan anslutas mot[&hellip;]\" \/>\n<meta property=\"og:url\" content=\"https:\/\/dhr.se\/blekinge\/\" \/>\n<meta property=\"og:site_name\" content=\"DHR - Blekinge\" \/>\n<meta property=\"article:modified_time\" content=\"2025-09-02T10:20:44+00:00\" \/>\n<meta property=\"og:image\" content=\"https:\/\/dhr.se\/blekinge\/wp-content\/uploads\/sites\/11\/2022\/11\/nedladdning.jpeg\" \/>\n\t<meta property=\"og:image:width\" content=\"768\" \/>\n\t<meta property=\"og:image:height\" content=\"384\" \/>\n\t<meta property=\"og:image:type\" content=\"image\/jpeg\" \/>\n<meta name=\"twitter:card\" content=\"summary_large_image\" \/>\n<meta name=\"twitter:label1\" content=\"Ber\u00e4knad l\u00e4stid\" \/>\n\t<meta name=\"twitter:data1\" content=\"2 minuter\" \/>\n<script type=\"application\/ld+json\" class=\"yoast-schema-graph\">{\"@context\":\"https:\\\/\\\/schema.org\",\"@graph\":[{\"@type\":\"WebPage\",\"@id\":\"https:\\\/\\\/dhr.se\\\/blekinge\\\/\",\"url\":\"https:\\\/\\\/dhr.se\\\/blekinge\\\/\",\"name\":\"DHR -Blekinge - DHR - Blekinge\",\"isPartOf\":{\"@id\":\"https:\\\/\\\/dhr.se\\\/blekinge\\\/#website\"},\"primaryImageOfPage\":{\"@id\":\"https:\\\/\\\/dhr.se\\\/blekinge\\\/#primaryimage\"},\"image\":{\"@id\":\"https:\\\/\\\/dhr.se\\\/blekinge\\\/#primaryimage\"},\"thumbnailUrl\":\"https:\\\/\\\/dhr.se\\\/blekinge\\\/wp-content\\\/uploads\\\/sites\\\/11\\\/2022\\\/11\\\/nedladdning.jpeg\",\"datePublished\":\"2019-08-15T18:18:44+00:00\",\"dateModified\":\"2025-09-02T10:20:44+00:00\",\"breadcrumb\":{\"@id\":\"https:\\\/\\\/dhr.se\\\/blekinge\\\/#breadcrumb\"},\"inLanguage\":\"sv-SE\",\"potentialAction\":[{\"@type\":\"ReadAction\",\"target\":[\"https:\\\/\\\/dhr.se\\\/blekinge\\\/\"]}]},{\"@type\":\"ImageObject\",\"inLanguage\":\"sv-SE\",\"@id\":\"https:\\\/\\\/dhr.se\\\/blekinge\\\/#primaryimage\",\"url\":\"https:\\\/\\\/dhr.se\\\/blekinge\\\/wp-content\\\/uploads\\\/sites\\\/11\\\/2022\\\/11\\\/nedladdning.jpeg\",\"contentUrl\":\"https:\\\/\\\/dhr.se\\\/blekinge\\\/wp-content\\\/uploads\\\/sites\\\/11\\\/2022\\\/11\\\/nedladdning.jpeg\",\"width\":768,\"height\":384},{\"@type\":\"BreadcrumbList\",\"@id\":\"https:\\\/\\\/dhr.se\\\/blekinge\\\/#breadcrumb\",\"itemListElement\":[{\"@type\":\"ListItem\",\"position\":1,\"name\":\"Hem\",\"item\":\"https:\\\/\\\/dhr.se\\\/blekinge\\\/\"},{\"@type\":\"ListItem\",\"position\":2,\"name\":\"DHR -Blekinge\"}]},{\"@type\":\"WebSite\",\"@id\":\"https:\\\/\\\/dhr.se\\\/blekinge\\\/#website\",\"url\":\"https:\\\/\\\/dhr.se\\\/blekinge\\\/\",\"name\":\"DHR - Blekinge\",\"description\":\"Delaktighet, r\u00f6relsefrihet och handlingskraft\",\"potentialAction\":[{\"@type\":\"SearchAction\",\"target\":{\"@type\":\"EntryPoint\",\"urlTemplate\":\"https:\\\/\\\/dhr.se\\\/blekinge\\\/?s={search_term_string}\"},\"query-input\":{\"@type\":\"PropertyValueSpecification\",\"valueRequired\":true,\"valueName\":\"search_term_string\"}}],\"inLanguage\":\"sv-SE\"}]}<\/script>\n<!-- \/ Yoast SEO plugin. -->","yoast_head_json":{"title":"DHR -Blekinge - DHR - Blekinge","robots":{"index":"index","follow":"follow","max-snippet":"max-snippet:-1","max-image-preview":"max-image-preview:large","max-video-preview":"max-video-preview:-1"},"canonical":"https:\/\/dhr.se\/blekinge\/","og_locale":"sv_SE","og_type":"article","og_title":"DHR -Blekinge - DHR - Blekinge","og_description":"Badanl\u00e4ggningen Funka Denna anl\u00e4ggning m\u00f6jligg\u00f6r bad f\u00f6r m\u00e5nga med funktionsneds\u00e4ttning, samtidigt som den fungerar som vanliga flytbryggor f\u00f6r andra- ja med andra ord en anl\u00e4ggning d\u00e4r alla kan bada tillsammans.&nbsp;&nbsp; Badanl\u00e4ggning Funka \u00e4r en komplett anl\u00e4ggning som kan anslutas mot[&hellip;]","og_url":"https:\/\/dhr.se\/blekinge\/","og_site_name":"DHR - Blekinge","article_modified_time":"2025-09-02T10:20:44+00:00","og_image":[{"width":768,"height":384,"url":"https:\/\/dhr.se\/blekinge\/wp-content\/uploads\/sites\/11\/2022\/11\/nedladdning.jpeg","type":"image\/jpeg"}],"twitter_card":"summary_large_image","twitter_misc":{"Ber\u00e4knad l\u00e4stid":"2 minuter"},"schema":{"@context":"https:\/\/schema.org","@graph":[{"@type":"WebPage","@id":"https:\/\/dhr.se\/blekinge\/","url":"https:\/\/dhr.se\/blekinge\/","name":"DHR -Blekinge - DHR - Blekinge","isPartOf":{"@id":"https:\/\/dhr.se\/blekinge\/#website"},"primaryImageOfPage":{"@id":"https:\/\/dhr.se\/blekinge\/#primaryimage"},"image":{"@id":"https:\/\/dhr.se\/blekinge\/#primaryimage"},"thumbnailUrl":"https:\/\/dhr.se\/blekinge\/wp-content\/uploads\/sites\/11\/2022\/11\/nedladdning.jpeg","datePublished":"2019-08-15T18:18:44+00:00","dateModified":"2025-09-02T10:20:44+00:00","breadcrumb":{"@id":"https:\/\/dhr.se\/blekinge\/#breadcrumb"},"inLanguage":"sv-SE","potentialAction":[{"@type":"ReadAction","target":["https:\/\/dhr.se\/blekinge\/"]}]},{"@type":"ImageObject","inLanguage":"sv-SE","@id":"https:\/\/dhr.se\/blekinge\/#primaryimage","url":"https:\/\/dhr.se\/blekinge\/wp-content\/uploads\/sites\/11\/2022\/11\/nedladdning.jpeg","contentUrl":"https:\/\/dhr.se\/blekinge\/wp-content\/uploads\/sites\/11\/2022\/11\/nedladdning.jpeg","width":768,"height":384},{"@type":"BreadcrumbList","@id":"https:\/\/dhr.se\/blekinge\/#breadcrumb","itemListElement":[{"@type":"ListItem","position":1,"name":"Hem","item":"https:\/\/dhr.se\/blekinge\/"},{"@type":"ListItem","position":2,"name":"DHR -Blekinge"}]},{"@type":"WebSite","@id":"https:\/\/dhr.se\/blekinge\/#website","url":"https:\/\/dhr.se\/blekinge\/","name":"DHR - Blekinge","description":"Delaktighet, r\u00f6relsefrihet och handlingskraft","potentialAction":[{"@type":"SearchAction","target":{"@type":"EntryPoint","urlTemplate":"https:\/\/dhr.se\/blekinge\/?s={search_term_string}"},"query-input":{"@type":"PropertyValueSpecification","valueRequired":true,"valueName":"search_term_string"}}],"inLanguage":"sv-SE"}]}},"publishpress_future_action":{"enabled":false,"date":"2026-05-14 17:50:38","action":"change-status","newStatus":"draft","terms":[],"taxonomy":"translation_priority","extraData":[]},"publishpress_future_workflow_manual_trigger":{"enabledWorkflows":[]},"_links":{"self":[{"href":"https:\/\/dhr.se\/blekinge\/wp-json\/wp\/v2\/pages\/754","targetHints":{"allow":["GET"]}}],"collection":[{"href":"https:\/\/dhr.se\/blekinge\/wp-json\/wp\/v2\/pages"}],"about":[{"href":"https:\/\/dhr.se\/blekinge\/wp-json\/wp\/v2\/types\/page"}],"author":[{"embeddable":true,"href":"https:\/\/dhr.se\/blekinge\/wp-json\/wp\/v2\/users\/4"}],"replies":[{"embeddable":true,"href":"https:\/\/dhr.se\/blekinge\/wp-json\/wp\/v2\/comments?post=754"}],"version-history":[{"count":0,"href":"https:\/\/dhr.se\/blekinge\/wp-json\/wp\/v2\/pages\/754\/revisions"}],"wp:attachment":[{"href":"https:\/\/dhr.se\/blekinge\/wp-json\/wp\/v2\/media?parent=754"}],"curies":[{"name":"wp","href":"https:\/\/api.w.org\/{rel}","templated":true}]}}