{"id":1970,"date":"2020-04-29T15:58:54","date_gmt":"2020-04-29T13:58:54","guid":{"rendered":"http:\/\/dhr.se\/boden\/?page_id=1970"},"modified":"2025-02-03T13:24:11","modified_gmt":"2025-02-03T12:24:11","slug":"hitta-till-oss","status":"publish","type":"page","link":"https:\/\/dhr.se\/boden\/om-dhr-boden\/hitta-till-oss\/","title":{"rendered":"Hitta till oss"},"content":{"rendered":"<section class=\"block-one-two\">\n    <div class=\"main\">\n        <div class=\"main-inner\">\n        <h2>Fabriksgatan 6, DHR:s kontorslokal i Boden<\/h2>\n\n            <div class=\"flex-container\">\n                <div class=\"col-small\">\n                    <div class=\"content\"><\/div>\n                <\/div>\n                <div class=\"col-big\">\n                    <div class=\"content\"><p>&nbsp;<\/p>\n<p>&nbsp;<\/p>\n<\/div>\n                <\/div>\n            <\/div>\n            \n        <\/div>\n    <\/div>\n<\/section>\n\n<section class=\"block-one-two\">\n    <div class=\"main\">\n        <div class=\"main-inner\">\n        <h2>\u00c5-center\/F\u00e4rgaregatan 1, DHR:s m\u00f6teslokal i Boden<\/h2>\n\n            <div class=\"flex-container\">\n                <div class=\"col-small\">\n                    <div class=\"content\"><\/div>\n                <\/div>\n                <div class=\"col-big\">\n                    <div class=\"content\"><p><strong>Hitta till oss<\/strong><\/p>\n<p><span style=\"text-decoration: underline\">Med bil fr\u00e5n Garnisonsgatan\/v\u00e4g 97:<\/span><br \/>\nK\u00f6r Drottninggatan mot Centrum fram till G\u00e5gatan. Sv\u00e4ng sedan h\u00f6ger till F\u00e4rgaregatan och k\u00f6r till \u00c5-center.<\/p>\n<p><span style=\"text-decoration: underline\">Till fots fr\u00e5n Centrum, Kungsgatan\/Kyrkgatan:<\/span><br \/>\nF\u00f6lj g\u00e5gatan\/Drottninggatan ca. 190 m. H\u00e5ll v\u00e4nster till F\u00e4rgaregatan och forts\u00e4tt cirka 100 m till \u00c5-center.<\/p>\n<\/div>\n                <\/div>\n            <\/div>\n            \n        <\/div>\n    <\/div>\n<\/section>","protected":false},"excerpt":{"rendered":"","protected":false},"author":8,"featured_media":0,"parent":936,"menu_order":0,"comment_status":"closed","ping_status":"closed","template":"","meta":{"_acf_changed":false,"_monsterinsights_skip_tracking":false,"_monsterinsights_sitenote_active":false,"_monsterinsights_sitenote_note":"","_monsterinsights_sitenote_category":0,"footnotes":""},"class_list":["post-1970","page","type-page","status-publish","hentry"],"acf":[],"yoast_head":"<!-- This site is optimized with the Yoast SEO plugin v27.2 - https:\/\/yoast.com\/product\/yoast-seo-wordpress\/ -->\n<title>Hitta till oss - DHR - Boden<\/title>\n<meta name=\"robots\" content=\"index, follow, max-snippet:-1, max-image-preview:large, max-video-preview:-1\" \/>\n<link rel=\"canonical\" href=\"https:\/\/dhr.se\/boden\/om-dhr-boden\/hitta-till-oss\/\" \/>\n<meta property=\"og:locale\" content=\"sv_SE\" \/>\n<meta property=\"og:type\" content=\"article\" \/>\n<meta property=\"og:title\" content=\"Hitta till oss - DHR - Boden\" \/>\n<meta property=\"og:url\" content=\"https:\/\/dhr.se\/boden\/om-dhr-boden\/hitta-till-oss\/\" \/>\n<meta property=\"og:site_name\" content=\"DHR - Boden\" \/>\n<meta property=\"article:modified_time\" content=\"2025-02-03T12:24:11+00:00\" \/>\n<meta name=\"twitter:card\" content=\"summary_large_image\" \/>\n<script type=\"application\/ld+json\" class=\"yoast-schema-graph\">{\"@context\":\"https:\/\/schema.org\",\"@graph\":[{\"@type\":\"WebPage\",\"@id\":\"https:\/\/dhr.se\/boden\/om-dhr-boden\/hitta-till-oss\/\",\"url\":\"https:\/\/dhr.se\/boden\/om-dhr-boden\/hitta-till-oss\/\",\"name\":\"Hitta till oss - DHR - Boden\",\"isPartOf\":{\"@id\":\"https:\/\/dhr.se\/boden\/#website\"},\"datePublished\":\"2020-04-29T13:58:54+00:00\",\"dateModified\":\"2025-02-03T12:24:11+00:00\",\"breadcrumb\":{\"@id\":\"https:\/\/dhr.se\/boden\/om-dhr-boden\/hitta-till-oss\/#breadcrumb\"},\"inLanguage\":\"sv-SE\",\"potentialAction\":[{\"@type\":\"ReadAction\",\"target\":[\"https:\/\/dhr.se\/boden\/om-dhr-boden\/hitta-till-oss\/\"]}]},{\"@type\":\"BreadcrumbList\",\"@id\":\"https:\/\/dhr.se\/boden\/om-dhr-boden\/hitta-till-oss\/#breadcrumb\",\"itemListElement\":[{\"@type\":\"ListItem\",\"position\":1,\"name\":\"Hem\",\"item\":\"https:\/\/dhr.se\/boden\/\"},{\"@type\":\"ListItem\",\"position\":2,\"name\":\"Om oss\",\"item\":\"https:\/\/dhr.se\/boden\/om-dhr-boden\/\"},{\"@type\":\"ListItem\",\"position\":3,\"name\":\"Hitta till oss\"}]},{\"@type\":\"WebSite\",\"@id\":\"https:\/\/dhr.se\/boden\/#website\",\"url\":\"https:\/\/dhr.se\/boden\/\",\"name\":\"DHR - Boden\",\"description\":\"Delaktighet, r\u00f6relsefrihet och handlingskraft\",\"potentialAction\":[{\"@type\":\"SearchAction\",\"target\":{\"@type\":\"EntryPoint\",\"urlTemplate\":\"https:\/\/dhr.se\/boden\/?s={search_term_string}\"},\"query-input\":{\"@type\":\"PropertyValueSpecification\",\"valueRequired\":true,\"valueName\":\"search_term_string\"}}],\"inLanguage\":\"sv-SE\"}]}<\/script>\n<!-- \/ Yoast SEO plugin. -->","yoast_head_json":{"title":"Hitta till oss - DHR - Boden","robots":{"index":"index","follow":"follow","max-snippet":"max-snippet:-1","max-image-preview":"max-image-preview:large","max-video-preview":"max-video-preview:-1"},"canonical":"https:\/\/dhr.se\/boden\/om-dhr-boden\/hitta-till-oss\/","og_locale":"sv_SE","og_type":"article","og_title":"Hitta till oss - DHR - Boden","og_url":"https:\/\/dhr.se\/boden\/om-dhr-boden\/hitta-till-oss\/","og_site_name":"DHR - Boden","article_modified_time":"2025-02-03T12:24:11+00:00","twitter_card":"summary_large_image","schema":{"@context":"https:\/\/schema.org","@graph":[{"@type":"WebPage","@id":"https:\/\/dhr.se\/boden\/om-dhr-boden\/hitta-till-oss\/","url":"https:\/\/dhr.se\/boden\/om-dhr-boden\/hitta-till-oss\/","name":"Hitta till oss - DHR - Boden","isPartOf":{"@id":"https:\/\/dhr.se\/boden\/#website"},"datePublished":"2020-04-29T13:58:54+00:00","dateModified":"2025-02-03T12:24:11+00:00","breadcrumb":{"@id":"https:\/\/dhr.se\/boden\/om-dhr-boden\/hitta-till-oss\/#breadcrumb"},"inLanguage":"sv-SE","potentialAction":[{"@type":"ReadAction","target":["https:\/\/dhr.se\/boden\/om-dhr-boden\/hitta-till-oss\/"]}]},{"@type":"BreadcrumbList","@id":"https:\/\/dhr.se\/boden\/om-dhr-boden\/hitta-till-oss\/#breadcrumb","itemListElement":[{"@type":"ListItem","position":1,"name":"Hem","item":"https:\/\/dhr.se\/boden\/"},{"@type":"ListItem","position":2,"name":"Om oss","item":"https:\/\/dhr.se\/boden\/om-dhr-boden\/"},{"@type":"ListItem","position":3,"name":"Hitta till oss"}]},{"@type":"WebSite","@id":"https:\/\/dhr.se\/boden\/#website","url":"https:\/\/dhr.se\/boden\/","name":"DHR - Boden","description":"Delaktighet, r\u00f6relsefrihet och handlingskraft","potentialAction":[{"@type":"SearchAction","target":{"@type":"EntryPoint","urlTemplate":"https:\/\/dhr.se\/boden\/?s={search_term_string}"},"query-input":{"@type":"PropertyValueSpecification","valueRequired":true,"valueName":"search_term_string"}}],"inLanguage":"sv-SE"}]}},"publishpress_future_workflow_manual_trigger":{"enabledWorkflows":[]},"_links":{"self":[{"href":"https:\/\/dhr.se\/boden\/wp-json\/wp\/v2\/pages\/1970","targetHints":{"allow":["GET"]}}],"collection":[{"href":"https:\/\/dhr.se\/boden\/wp-json\/wp\/v2\/pages"}],"about":[{"href":"https:\/\/dhr.se\/boden\/wp-json\/wp\/v2\/types\/page"}],"author":[{"embeddable":true,"href":"https:\/\/dhr.se\/boden\/wp-json\/wp\/v2\/users\/8"}],"replies":[{"embeddable":true,"href":"https:\/\/dhr.se\/boden\/wp-json\/wp\/v2\/comments?post=1970"}],"version-history":[{"count":0,"href":"https:\/\/dhr.se\/boden\/wp-json\/wp\/v2\/pages\/1970\/revisions"}],"up":[{"embeddable":true,"href":"https:\/\/dhr.se\/boden\/wp-json\/wp\/v2\/pages\/936"}],"wp:attachment":[{"href":"https:\/\/dhr.se\/boden\/wp-json\/wp\/v2\/media?parent=1970"}],"curies":[{"name":"wp","href":"https:\/\/api.w.org\/{rel}","templated":true}]}}