{"id":2255,"date":"2020-06-10T15:17:36","date_gmt":"2020-06-10T13:17:36","guid":{"rendered":"http:\/\/dhr.se\/boden\/?page_id=2255"},"modified":"2023-08-18T13:04:47","modified_gmt":"2023-08-18T11:04:47","slug":"om-dhr","status":"publish","type":"page","link":"https:\/\/dhr.se\/boden\/om-dhr-boden\/om-dhr\/","title":{"rendered":"Om DHR"},"content":{"rendered":"<section class=\"block-simple-text\">\n    <div class=\"main\">\n        <div class=\"main-inner\">\n            <div class=\"ingress text-darker\"><p>DHR \u00e4r en organisation f\u00f6r personer med nedsatt r\u00f6relsef\u00f6rm\u00e5ga, politiskt och religi\u00f6st obunden. Vi verkar genom v\u00e5ra distrikt och avdelningar.<\/p>\n<\/div>\n            <div class=\"content\"><p>Nationellt fokuserar vi det r\u00e4ttighetspolitiska arbetet mot riksdag, regering och centrala myndigheter, medan distrikten arbetar gentemot sina respektive landsting. I avdelningarna drivs de intressepolitiska fr\u00e5gorna p\u00e5 kommunal niv\u00e5.<\/p>\n<p>V\u00e5r utg\u00e5ngspunkt f\u00f6r det r\u00e4ttighetspolitiska arbetet \u00e4r <a href=\"https:\/\/www.regeringen.se\/rattsliga-dokument\/departementsserien-och-promemorior\/2008\/04\/ds-200823\/\" target=\"_blank\" rel=\"noopener\">Konventionen om r\u00e4ttigheter f\u00f6r personer med funktionsneds\u00e4ttning<\/a>. Genom att skapa opinion och p\u00e5verka de politiska besluten som r\u00f6r m\u00e4nniskor med nedsatt r\u00f6relsef\u00f6rm\u00e5ga kan vi f\u00f6r\u00e4ndra samh\u00e4llet. Vi kallar det r\u00e4ttighetspolitik.<\/p>\n<p>Bokst\u00e4verna DHR st\u00e5r f\u00f6r Delaktighet, Handlingskraft, R\u00f6relsefrihet.<\/p>\n<p><strong>Delaktighet<\/strong> \u00e4r inget vi f\u00e5r i g\u00e5va utan n\u00e5got vi st\u00e4ndigt m\u00e5ste arbeta f\u00f6r, s\u00e5 att personer med nedsatt r\u00f6relsef\u00f6rm\u00e5ga ska bli fullt j\u00e4mst\u00e4llda, j\u00e4mlika och delaktiga i samh\u00e4llet.<\/p>\n<p>Genom att vara en <strong>handlingskraftig<\/strong> akt\u00f6r visar vi p\u00e5 att vi inte n\u00f6jer oss med att enbart erk\u00e4nna principen om alla m\u00e4nniskors lika v\u00e4rde, utan att vi arbetar f\u00f6r att f\u00f6rverkliga den. Vi vill f\u00f6r\u00e4ndra samh\u00e4llet.<\/p>\n<p>Att uppn\u00e5 <strong>r\u00f6relsefrihet<\/strong> \u00e4r det l\u00e5ngsiktiga m\u00e5let f\u00f6r v\u00e5rt arbete. Det vill s\u00e4ga att alla ska kunna ta sig fram och in \u00f6verallt utan att begr\u00e4nsas av hinder i omgivningen. Att n\u00e5 detta m\u00e5l \u00e4r en grundf\u00f6ruts\u00e4ttning f\u00f6r att ingen ska bli utest\u00e4ngd utan i st\u00e4llet kunna bidra till ett h\u00e5llbart samh\u00e4llsbygge baserat p\u00e5 m\u00e5ngfald.<\/p>\n<p>Inget samh\u00e4lle, ingen grupp eller enskild person har r\u00e4tt att kr\u00e4nka m\u00e4nniskov\u00e4rdet hos en individ eller grupp. Ett samh\u00e4lle kan aldrig delas upp i fullv\u00e4rdiga och inte fullv\u00e4rdiga medborgare, d\u00e4r en del uts\u00e4tts f\u00f6r diskriminering som leder till utanf\u00f6rskap. Det \u00e4r utg\u00e5ngspunkten f\u00f6r allt vi g\u00f6r.<\/p>\n<p>Vi \u00e4r experter p\u00e5 hur det \u00e4r att leva i ett otillg\u00e4ngligt samh\u00e4lle och vi delar mer \u00e4n g\u00e4rna med av oss av v\u00e5r kunskap, v\u00e5ra erfarenheter och de l\u00f6sningar vi ser finns.<\/p>\n<p>L\u00e4s mer om DHR <a href=\"http:\/\/www.dhr.se\" target=\"_blank\" rel=\"noopener\">h\u00e4r<\/a>.<\/p>\n<\/div>\n        <\/div>\n    <\/div>\n<\/section>","protected":false},"excerpt":{"rendered":"","protected":false},"author":8,"featured_media":0,"parent":936,"menu_order":0,"comment_status":"closed","ping_status":"closed","template":"template-side-menu.php","meta":{"_acf_changed":false,"_monsterinsights_skip_tracking":false,"_monsterinsights_sitenote_active":false,"_monsterinsights_sitenote_note":"","_monsterinsights_sitenote_category":0,"footnotes":""},"class_list":["post-2255","page","type-page","status-publish","hentry"],"acf":[],"yoast_head":"<!-- This site is optimized with the Yoast SEO plugin v27.2 - https:\/\/yoast.com\/product\/yoast-seo-wordpress\/ -->\n<title>Om DHR - DHR - Boden<\/title>\n<meta name=\"robots\" content=\"index, follow, max-snippet:-1, max-image-preview:large, max-video-preview:-1\" \/>\n<link rel=\"canonical\" href=\"https:\/\/dhr.se\/boden\/om-dhr-boden\/om-dhr\/\" \/>\n<meta property=\"og:locale\" content=\"sv_SE\" \/>\n<meta property=\"og:type\" content=\"article\" \/>\n<meta property=\"og:title\" content=\"Om DHR - DHR - Boden\" \/>\n<meta property=\"og:url\" content=\"https:\/\/dhr.se\/boden\/om-dhr-boden\/om-dhr\/\" \/>\n<meta property=\"og:site_name\" content=\"DHR - Boden\" \/>\n<meta property=\"article:modified_time\" content=\"2023-08-18T11:04:47+00:00\" \/>\n<meta name=\"twitter:card\" content=\"summary_large_image\" \/>\n<script type=\"application\/ld+json\" class=\"yoast-schema-graph\">{\"@context\":\"https:\/\/schema.org\",\"@graph\":[{\"@type\":\"WebPage\",\"@id\":\"https:\/\/dhr.se\/boden\/om-dhr-boden\/om-dhr\/\",\"url\":\"https:\/\/dhr.se\/boden\/om-dhr-boden\/om-dhr\/\",\"name\":\"Om DHR - DHR - Boden\",\"isPartOf\":{\"@id\":\"https:\/\/dhr.se\/boden\/#website\"},\"datePublished\":\"2020-06-10T13:17:36+00:00\",\"dateModified\":\"2023-08-18T11:04:47+00:00\",\"breadcrumb\":{\"@id\":\"https:\/\/dhr.se\/boden\/om-dhr-boden\/om-dhr\/#breadcrumb\"},\"inLanguage\":\"sv-SE\",\"potentialAction\":[{\"@type\":\"ReadAction\",\"target\":[\"https:\/\/dhr.se\/boden\/om-dhr-boden\/om-dhr\/\"]}]},{\"@type\":\"BreadcrumbList\",\"@id\":\"https:\/\/dhr.se\/boden\/om-dhr-boden\/om-dhr\/#breadcrumb\",\"itemListElement\":[{\"@type\":\"ListItem\",\"position\":1,\"name\":\"Hem\",\"item\":\"https:\/\/dhr.se\/boden\/\"},{\"@type\":\"ListItem\",\"position\":2,\"name\":\"Om oss\",\"item\":\"https:\/\/dhr.se\/boden\/om-dhr-boden\/\"},{\"@type\":\"ListItem\",\"position\":3,\"name\":\"Om DHR\"}]},{\"@type\":\"WebSite\",\"@id\":\"https:\/\/dhr.se\/boden\/#website\",\"url\":\"https:\/\/dhr.se\/boden\/\",\"name\":\"DHR - Boden\",\"description\":\"Delaktighet, r\u00f6relsefrihet och handlingskraft\",\"potentialAction\":[{\"@type\":\"SearchAction\",\"target\":{\"@type\":\"EntryPoint\",\"urlTemplate\":\"https:\/\/dhr.se\/boden\/?s={search_term_string}\"},\"query-input\":{\"@type\":\"PropertyValueSpecification\",\"valueRequired\":true,\"valueName\":\"search_term_string\"}}],\"inLanguage\":\"sv-SE\"}]}<\/script>\n<!-- \/ Yoast SEO plugin. -->","yoast_head_json":{"title":"Om DHR - DHR - Boden","robots":{"index":"index","follow":"follow","max-snippet":"max-snippet:-1","max-image-preview":"max-image-preview:large","max-video-preview":"max-video-preview:-1"},"canonical":"https:\/\/dhr.se\/boden\/om-dhr-boden\/om-dhr\/","og_locale":"sv_SE","og_type":"article","og_title":"Om DHR - DHR - Boden","og_url":"https:\/\/dhr.se\/boden\/om-dhr-boden\/om-dhr\/","og_site_name":"DHR - Boden","article_modified_time":"2023-08-18T11:04:47+00:00","twitter_card":"summary_large_image","schema":{"@context":"https:\/\/schema.org","@graph":[{"@type":"WebPage","@id":"https:\/\/dhr.se\/boden\/om-dhr-boden\/om-dhr\/","url":"https:\/\/dhr.se\/boden\/om-dhr-boden\/om-dhr\/","name":"Om DHR - DHR - Boden","isPartOf":{"@id":"https:\/\/dhr.se\/boden\/#website"},"datePublished":"2020-06-10T13:17:36+00:00","dateModified":"2023-08-18T11:04:47+00:00","breadcrumb":{"@id":"https:\/\/dhr.se\/boden\/om-dhr-boden\/om-dhr\/#breadcrumb"},"inLanguage":"sv-SE","potentialAction":[{"@type":"ReadAction","target":["https:\/\/dhr.se\/boden\/om-dhr-boden\/om-dhr\/"]}]},{"@type":"BreadcrumbList","@id":"https:\/\/dhr.se\/boden\/om-dhr-boden\/om-dhr\/#breadcrumb","itemListElement":[{"@type":"ListItem","position":1,"name":"Hem","item":"https:\/\/dhr.se\/boden\/"},{"@type":"ListItem","position":2,"name":"Om oss","item":"https:\/\/dhr.se\/boden\/om-dhr-boden\/"},{"@type":"ListItem","position":3,"name":"Om DHR"}]},{"@type":"WebSite","@id":"https:\/\/dhr.se\/boden\/#website","url":"https:\/\/dhr.se\/boden\/","name":"DHR - Boden","description":"Delaktighet, r\u00f6relsefrihet och handlingskraft","potentialAction":[{"@type":"SearchAction","target":{"@type":"EntryPoint","urlTemplate":"https:\/\/dhr.se\/boden\/?s={search_term_string}"},"query-input":{"@type":"PropertyValueSpecification","valueRequired":true,"valueName":"search_term_string"}}],"inLanguage":"sv-SE"}]}},"publishpress_future_workflow_manual_trigger":{"enabledWorkflows":[]},"_links":{"self":[{"href":"https:\/\/dhr.se\/boden\/wp-json\/wp\/v2\/pages\/2255","targetHints":{"allow":["GET"]}}],"collection":[{"href":"https:\/\/dhr.se\/boden\/wp-json\/wp\/v2\/pages"}],"about":[{"href":"https:\/\/dhr.se\/boden\/wp-json\/wp\/v2\/types\/page"}],"author":[{"embeddable":true,"href":"https:\/\/dhr.se\/boden\/wp-json\/wp\/v2\/users\/8"}],"replies":[{"embeddable":true,"href":"https:\/\/dhr.se\/boden\/wp-json\/wp\/v2\/comments?post=2255"}],"version-history":[{"count":0,"href":"https:\/\/dhr.se\/boden\/wp-json\/wp\/v2\/pages\/2255\/revisions"}],"up":[{"embeddable":true,"href":"https:\/\/dhr.se\/boden\/wp-json\/wp\/v2\/pages\/936"}],"wp:attachment":[{"href":"https:\/\/dhr.se\/boden\/wp-json\/wp\/v2\/media?parent=2255"}],"curies":[{"name":"wp","href":"https:\/\/api.w.org\/{rel}","templated":true}]}}