{"id":2303,"date":"2020-10-01T08:52:46","date_gmt":"2020-10-01T06:52:46","guid":{"rendered":"http:\/\/dhr.se\/boden\/?page_id=2303"},"modified":"2024-02-29T15:57:09","modified_gmt":"2024-02-29T14:57:09","slug":"stadgar-och-material","status":"publish","type":"page","link":"https:\/\/dhr.se\/boden\/om-dhr-boden\/stadgar-och-material\/","title":{"rendered":"Stadgar och material"},"content":{"rendered":"<section class=\"block-simple-text\">\n    <div class=\"main\">\n        <div class=\"main-inner\">\n            <div class=\"ingress text-darker\"><p>En viktig del av v\u00e5rt r\u00e4ttighetspolitiska arbete \u00e4r att svara p\u00e5 remisser och skrivelser, samt att skriva debattartiklar. Klicka p\u00e5 l\u00e4nkarna nedan f\u00f6r att l\u00e4sa mer!<\/p>\n<p>Under material om r\u00e4ttighetspolitik hittar du l\u00e4nkar till broschyrer som vi har tagit fram i olika fr\u00e5gor och till v\u00e5rt profilmaterial.<\/p>\n<p>De stadgar som idag styr DHR:s verksamhet g\u00e4ller fr\u00e5n f\u00f6rbundsm\u00f6tet 2023. Stadgarna omfattar de tre niv\u00e5erna i v\u00e5rt f\u00f6rbund: Riksf\u00f6rbundet, Distrikten och Avdelningarna.<\/p>\n<\/div>\n            <div class=\"content\"><p><a href=\"https:\/\/dhr.se\/remissvar\/\" target=\"_blank\" rel=\"noopener\">Svar p\u00e5 remisser och skrivelser<\/a><br \/>\n<a href=\"https:\/\/dhr.se\/vad-vi-gor\/dhr-i-media\/\" target=\"_blank\" rel=\"noopener\">DHR i media<\/a><br \/>\n<a href=\"https:\/\/dhr.se\/material\/om-rattighetspolitik\/\" target=\"_blank\" rel=\"noopener\">Material om r\u00e4ttighetspolitik<\/a><br \/>\n<a href=\"https:\/\/dhr.se\/material\/profilmaterial\/\" target=\"_blank\" rel=\"noopener\">Profilmaterial<\/a><br \/>\n<a href=\"https:\/\/dhr.se\/om-oss\/vara-stadgar\/\" target=\"_blank\" rel=\"noopener\">Stadgar<\/a><br \/>\n<a href=\"https:\/\/dhr.se\/om-oss\/var-verksamhet\/\" target=\"_blank\" rel=\"noopener\">Verksamhetsber\u00e4ttelser<\/a><\/p>\n<p>&nbsp;<\/p>\n<\/div>\n        <\/div>\n    <\/div>\n<\/section>","protected":false},"excerpt":{"rendered":"","protected":false},"author":8,"featured_media":0,"parent":936,"menu_order":0,"comment_status":"closed","ping_status":"closed","template":"template-side-menu.php","meta":{"_acf_changed":false,"_monsterinsights_skip_tracking":false,"_monsterinsights_sitenote_active":false,"_monsterinsights_sitenote_note":"","_monsterinsights_sitenote_category":0,"footnotes":""},"class_list":["post-2303","page","type-page","status-publish","hentry"],"acf":[],"yoast_head":"<!-- This site is optimized with the Yoast SEO plugin v27.2 - https:\/\/yoast.com\/product\/yoast-seo-wordpress\/ -->\n<title>Stadgar och material - DHR - Boden<\/title>\n<meta name=\"robots\" content=\"index, follow, max-snippet:-1, max-image-preview:large, max-video-preview:-1\" \/>\n<link rel=\"canonical\" href=\"https:\/\/dhr.se\/boden\/om-dhr-boden\/stadgar-och-material\/\" \/>\n<meta property=\"og:locale\" content=\"sv_SE\" \/>\n<meta property=\"og:type\" content=\"article\" \/>\n<meta property=\"og:title\" content=\"Stadgar och material - DHR - Boden\" \/>\n<meta property=\"og:url\" content=\"https:\/\/dhr.se\/boden\/om-dhr-boden\/stadgar-och-material\/\" \/>\n<meta property=\"og:site_name\" content=\"DHR - Boden\" \/>\n<meta property=\"article:modified_time\" content=\"2024-02-29T14:57:09+00:00\" \/>\n<meta name=\"twitter:card\" content=\"summary_large_image\" \/>\n<script type=\"application\/ld+json\" class=\"yoast-schema-graph\">{\"@context\":\"https:\/\/schema.org\",\"@graph\":[{\"@type\":\"WebPage\",\"@id\":\"https:\/\/dhr.se\/boden\/om-dhr-boden\/stadgar-och-material\/\",\"url\":\"https:\/\/dhr.se\/boden\/om-dhr-boden\/stadgar-och-material\/\",\"name\":\"Stadgar och material - DHR - Boden\",\"isPartOf\":{\"@id\":\"https:\/\/dhr.se\/boden\/#website\"},\"datePublished\":\"2020-10-01T06:52:46+00:00\",\"dateModified\":\"2024-02-29T14:57:09+00:00\",\"breadcrumb\":{\"@id\":\"https:\/\/dhr.se\/boden\/om-dhr-boden\/stadgar-och-material\/#breadcrumb\"},\"inLanguage\":\"sv-SE\",\"potentialAction\":[{\"@type\":\"ReadAction\",\"target\":[\"https:\/\/dhr.se\/boden\/om-dhr-boden\/stadgar-och-material\/\"]}]},{\"@type\":\"BreadcrumbList\",\"@id\":\"https:\/\/dhr.se\/boden\/om-dhr-boden\/stadgar-och-material\/#breadcrumb\",\"itemListElement\":[{\"@type\":\"ListItem\",\"position\":1,\"name\":\"Hem\",\"item\":\"https:\/\/dhr.se\/boden\/\"},{\"@type\":\"ListItem\",\"position\":2,\"name\":\"Om oss\",\"item\":\"https:\/\/dhr.se\/boden\/om-dhr-boden\/\"},{\"@type\":\"ListItem\",\"position\":3,\"name\":\"Stadgar och material\"}]},{\"@type\":\"WebSite\",\"@id\":\"https:\/\/dhr.se\/boden\/#website\",\"url\":\"https:\/\/dhr.se\/boden\/\",\"name\":\"DHR - Boden\",\"description\":\"Delaktighet, r\u00f6relsefrihet och handlingskraft\",\"potentialAction\":[{\"@type\":\"SearchAction\",\"target\":{\"@type\":\"EntryPoint\",\"urlTemplate\":\"https:\/\/dhr.se\/boden\/?s={search_term_string}\"},\"query-input\":{\"@type\":\"PropertyValueSpecification\",\"valueRequired\":true,\"valueName\":\"search_term_string\"}}],\"inLanguage\":\"sv-SE\"}]}<\/script>\n<!-- \/ Yoast SEO plugin. -->","yoast_head_json":{"title":"Stadgar och material - DHR - Boden","robots":{"index":"index","follow":"follow","max-snippet":"max-snippet:-1","max-image-preview":"max-image-preview:large","max-video-preview":"max-video-preview:-1"},"canonical":"https:\/\/dhr.se\/boden\/om-dhr-boden\/stadgar-och-material\/","og_locale":"sv_SE","og_type":"article","og_title":"Stadgar och material - DHR - Boden","og_url":"https:\/\/dhr.se\/boden\/om-dhr-boden\/stadgar-och-material\/","og_site_name":"DHR - Boden","article_modified_time":"2024-02-29T14:57:09+00:00","twitter_card":"summary_large_image","schema":{"@context":"https:\/\/schema.org","@graph":[{"@type":"WebPage","@id":"https:\/\/dhr.se\/boden\/om-dhr-boden\/stadgar-och-material\/","url":"https:\/\/dhr.se\/boden\/om-dhr-boden\/stadgar-och-material\/","name":"Stadgar och material - DHR - Boden","isPartOf":{"@id":"https:\/\/dhr.se\/boden\/#website"},"datePublished":"2020-10-01T06:52:46+00:00","dateModified":"2024-02-29T14:57:09+00:00","breadcrumb":{"@id":"https:\/\/dhr.se\/boden\/om-dhr-boden\/stadgar-och-material\/#breadcrumb"},"inLanguage":"sv-SE","potentialAction":[{"@type":"ReadAction","target":["https:\/\/dhr.se\/boden\/om-dhr-boden\/stadgar-och-material\/"]}]},{"@type":"BreadcrumbList","@id":"https:\/\/dhr.se\/boden\/om-dhr-boden\/stadgar-och-material\/#breadcrumb","itemListElement":[{"@type":"ListItem","position":1,"name":"Hem","item":"https:\/\/dhr.se\/boden\/"},{"@type":"ListItem","position":2,"name":"Om oss","item":"https:\/\/dhr.se\/boden\/om-dhr-boden\/"},{"@type":"ListItem","position":3,"name":"Stadgar och material"}]},{"@type":"WebSite","@id":"https:\/\/dhr.se\/boden\/#website","url":"https:\/\/dhr.se\/boden\/","name":"DHR - Boden","description":"Delaktighet, r\u00f6relsefrihet och handlingskraft","potentialAction":[{"@type":"SearchAction","target":{"@type":"EntryPoint","urlTemplate":"https:\/\/dhr.se\/boden\/?s={search_term_string}"},"query-input":{"@type":"PropertyValueSpecification","valueRequired":true,"valueName":"search_term_string"}}],"inLanguage":"sv-SE"}]}},"publishpress_future_workflow_manual_trigger":{"enabledWorkflows":[]},"_links":{"self":[{"href":"https:\/\/dhr.se\/boden\/wp-json\/wp\/v2\/pages\/2303","targetHints":{"allow":["GET"]}}],"collection":[{"href":"https:\/\/dhr.se\/boden\/wp-json\/wp\/v2\/pages"}],"about":[{"href":"https:\/\/dhr.se\/boden\/wp-json\/wp\/v2\/types\/page"}],"author":[{"embeddable":true,"href":"https:\/\/dhr.se\/boden\/wp-json\/wp\/v2\/users\/8"}],"replies":[{"embeddable":true,"href":"https:\/\/dhr.se\/boden\/wp-json\/wp\/v2\/comments?post=2303"}],"version-history":[{"count":0,"href":"https:\/\/dhr.se\/boden\/wp-json\/wp\/v2\/pages\/2303\/revisions"}],"up":[{"embeddable":true,"href":"https:\/\/dhr.se\/boden\/wp-json\/wp\/v2\/pages\/936"}],"wp:attachment":[{"href":"https:\/\/dhr.se\/boden\/wp-json\/wp\/v2\/media?parent=2303"}],"curies":[{"name":"wp","href":"https:\/\/api.w.org\/{rel}","templated":true}]}}