{"id":2470,"date":"2021-04-15T14:13:05","date_gmt":"2021-04-15T12:13:05","guid":{"rendered":"http:\/\/dhr.se\/boden\/?page_id=2470"},"modified":"2021-04-15T14:13:09","modified_gmt":"2021-04-15T12:13:09","slug":"nyheter","status":"publish","type":"page","link":"https:\/\/dhr.se\/boden\/nyheter\/","title":{"rendered":"Nyheter"},"content":{"rendered":"<section class=\"block-all-news\">\n    <div class=\"drivhuset-spinner-overlay\"><div class=\"drivhuset-spinner\"><\/div><\/div>\n    <div class=\"main\">\n        <div class=\"main-inner\">\n            <div id=\"all-news-container\" class=\"flex-container\">\n\n                                        \n                                <div class=\"one-post\">\n                                                                        <h3>Om \u00e5rsm\u00f6tet<\/h3>\n                                    <p class=\"excerpt\">Bodens DHR f\u00f6rening har h\u00e5llit \u00e5rsm\u00f6te I Boden l\u00f6rdagen den 16 mars Till DHR Bodens \u00e5rsm\u00f6te kl 13.00 hade 35 r\u00f6stber\u00e4ttigade medlemmar kommit. Ordf\u00f6randen h\u00e4lsade de f\u00f6rsamlade v\u00e4lkommen med att bjuda till bords med hemlagad k\u00f6ttsoppa. Efter maten var det&#8230;<\/p>\n\n                                    <a class=\"small-button text-link\" href=\"https:\/\/dhr.se\/boden\/om-arsmotet\/\">L\u00e4s mer<\/a>\n                                <\/div>\n                        \n                                                \n                                <div class=\"one-post\">\n                                                                            <a href=\"https:\/\/dhr.se\/boden\/stadsnara-fiske\/\">\n                                            <img loading=\"lazy\" decoding=\"async\" width=\"684\" height=\"912\" src=\"https:\/\/dhr.se\/boden\/wp-content\/uploads\/sites\/38\/2023\/03\/IMG_20190801_210709_resized_20230322_060134323.jpg\" class=\"attachment-post-thumbnail size-post-thumbnail wp-post-image\" alt=\"En rullstolsburen man fiskar fr\u00e5n en tillg\u00e4nglig brygga.\" srcset=\"https:\/\/dhr.se\/boden\/wp-content\/uploads\/sites\/38\/2023\/03\/IMG_20190801_210709_resized_20230322_060134323.jpg 684w, https:\/\/dhr.se\/boden\/wp-content\/uploads\/sites\/38\/2023\/03\/IMG_20190801_210709_resized_20230322_060134323-225x300.jpg 225w\" sizes=\"auto, (max-width: 684px) 100vw, 684px\" \/>                                        <\/a>\n                                                                        <h3>Stadsn\u00e4ra Fiske<\/h3>\n                                    <p class=\"excerpt\">Bara n\u00e5gra km fr\u00e5n Bodens centrum kan man fiska lax och havs\u00f6ring i Lule\u00e5 \u00e4lv. Den popul\u00e4ra fiskeplatsen \u00e4r kanalen, fr\u00e5n 300 m gr\u00e4nsen nedanf\u00f6r kraftverksdammen till h\u00e4ngbron. Rullstolsburna och \u00f6vriga r\u00f6relsehindrade kan fiska fr\u00e5n en brygga p\u00e5 den v\u00e4stra&#8230;<\/p>\n\n                                    <a class=\"small-button text-link\" href=\"https:\/\/dhr.se\/boden\/stadsnara-fiske\/\">L\u00e4s mer<\/a>\n                                <\/div>\n                        \n                                                \n                                <div class=\"one-post\">\n                                                                            <a href=\"https:\/\/dhr.se\/boden\/las-dhrs-tidning\/\">\n                                            <img loading=\"lazy\" decoding=\"async\" width=\"277\" height=\"125\" src=\"https:\/\/dhr.se\/boden\/wp-content\/uploads\/sites\/38\/2020\/06\/top_logo.png\" class=\"attachment-post-thumbnail size-post-thumbnail wp-post-image\" alt=\"alt=&quot;\" \/>                                        <\/a>\n                                                                        <h3>L\u00e4s v\u00e5r tidning<\/h3>\n                                    <p class=\"excerpt\">Funktionshinderpolitik \u00e4r DHRs tidning. Alla medlemmar f\u00e5r tidningen hem i brevl\u00e5dan fyra g\u00e5nger per \u00e5r. Tidningen varvar reportage fr\u00e5n v\u00e4rldens alla h\u00f6rn med initierade artiklar om funktionshinderpolitiska utvecklingen i Sverige. Allt genomsyrat av ett r\u00f6relsehinderperspektiv. Funktionshinderpolitik \u00e4r en modern tidskrift&#8230;<\/p>\n\n                                    <a class=\"small-button text-link\" href=\"https:\/\/dhr.se\/boden\/las-dhrs-tidning\/\">L\u00e4s mer<\/a>\n                                <\/div>\n                        \n                                                \n                                <div class=\"one-post\">\n                                                                            <a href=\"https:\/\/dhr.se\/boden\/nyheter-fran-dhr\/\">\n                                            <img loading=\"lazy\" decoding=\"async\" width=\"3709\" height=\"2890\" src=\"https:\/\/dhr.se\/boden\/wp-content\/uploads\/sites\/38\/2020\/06\/DHR_lejongul.jpg\" class=\"attachment-post-thumbnail size-post-thumbnail wp-post-image\" alt=\"alt=&quot;\" srcset=\"https:\/\/dhr.se\/boden\/wp-content\/uploads\/sites\/38\/2020\/06\/DHR_lejongul.jpg 3709w, https:\/\/dhr.se\/boden\/wp-content\/uploads\/sites\/38\/2020\/06\/DHR_lejongul-300x234.jpg 300w, https:\/\/dhr.se\/boden\/wp-content\/uploads\/sites\/38\/2020\/06\/DHR_lejongul-768x598.jpg 768w, https:\/\/dhr.se\/boden\/wp-content\/uploads\/sites\/38\/2020\/06\/DHR_lejongul-1024x798.jpg 1024w\" sizes=\"auto, (max-width: 3709px) 100vw, 3709px\" \/>                                        <\/a>\n                                                                        <h3>P\u00e5 g\u00e5ng inom f\u00f6rbundet<\/h3>\n                                    <p class=\"excerpt\">H\u00e4r kan du l\u00e4sa vad som h\u00e4nder inom f\u00f6rbundet. Fler nyheter finns p\u00e5 v\u00e5r Facebooksida.<\/p>\n\n                                    <a class=\"small-button text-link\" href=\"https:\/\/dhr.se\/boden\/nyheter-fran-dhr\/\">L\u00e4s mer<\/a>\n                                <\/div>\n                        \n                                                \n                                <div class=\"one-post\">\n                                                                        <h3>Lyssna p\u00e5 v\u00e5r podd<\/h3>\n                                    <p class=\"excerpt\">Det ingen brukar prata om n\u00e4r det handlar om funktionsneds\u00e4ttningar och de m\u00e4nniskor det handlar om &#8211; just det pratar Karro och Janna fr\u00e5n DHR om i podden Hur t\u00e4nkte ni nu? Med humor och allvar ifr\u00e5gas\u00e4tter vi funktionshinderr\u00f6relsen, oss&#8230;<\/p>\n\n                                    <a class=\"small-button text-link\" href=\"https:\/\/dhr.se\/boden\/nyhet\/\">L\u00e4s mer<\/a>\n                                <\/div>\n                        \n                           \n            <\/div>\n\n                        \n        <\/div>\n    <\/div>\n<\/section>","protected":false},"excerpt":{"rendered":"","protected":false},"author":1,"featured_media":0,"parent":0,"menu_order":0,"comment_status":"closed","ping_status":"closed","template":"","meta":{"_acf_changed":false,"_monsterinsights_skip_tracking":false,"_monsterinsights_sitenote_active":false,"_monsterinsights_sitenote_note":"","_monsterinsights_sitenote_category":0,"footnotes":""},"class_list":["post-2470","page","type-page","status-publish","hentry"],"acf":[],"yoast_head":"<!-- This site is optimized with the Yoast SEO plugin v27.5 - https:\/\/yoast.com\/product\/yoast-seo-wordpress\/ -->\n<title>Nyheter - DHR - Boden<\/title>\n<meta name=\"robots\" content=\"index, follow, max-snippet:-1, max-image-preview:large, max-video-preview:-1\" \/>\n<link rel=\"canonical\" href=\"https:\/\/dhr.se\/boden\/nyheter\/\" \/>\n<meta property=\"og:locale\" content=\"sv_SE\" \/>\n<meta property=\"og:type\" content=\"article\" \/>\n<meta property=\"og:title\" content=\"Nyheter - DHR - Boden\" \/>\n<meta property=\"og:url\" content=\"https:\/\/dhr.se\/boden\/nyheter\/\" \/>\n<meta property=\"og:site_name\" content=\"DHR - Boden\" \/>\n<meta property=\"article:modified_time\" content=\"2021-04-15T12:13:09+00:00\" \/>\n<meta name=\"twitter:card\" content=\"summary_large_image\" \/>\n<script type=\"application\/ld+json\" class=\"yoast-schema-graph\">{\"@context\":\"https:\\\/\\\/schema.org\",\"@graph\":[{\"@type\":\"WebPage\",\"@id\":\"https:\\\/\\\/dhr.se\\\/boden\\\/nyheter\\\/\",\"url\":\"https:\\\/\\\/dhr.se\\\/boden\\\/nyheter\\\/\",\"name\":\"Nyheter - DHR - Boden\",\"isPartOf\":{\"@id\":\"https:\\\/\\\/dhr.se\\\/boden\\\/#website\"},\"datePublished\":\"2021-04-15T12:13:05+00:00\",\"dateModified\":\"2021-04-15T12:13:09+00:00\",\"breadcrumb\":{\"@id\":\"https:\\\/\\\/dhr.se\\\/boden\\\/nyheter\\\/#breadcrumb\"},\"inLanguage\":\"sv-SE\",\"potentialAction\":[{\"@type\":\"ReadAction\",\"target\":[\"https:\\\/\\\/dhr.se\\\/boden\\\/nyheter\\\/\"]}]},{\"@type\":\"BreadcrumbList\",\"@id\":\"https:\\\/\\\/dhr.se\\\/boden\\\/nyheter\\\/#breadcrumb\",\"itemListElement\":[{\"@type\":\"ListItem\",\"position\":1,\"name\":\"Hem\",\"item\":\"https:\\\/\\\/dhr.se\\\/boden\\\/\"},{\"@type\":\"ListItem\",\"position\":2,\"name\":\"Nyheter\"}]},{\"@type\":\"WebSite\",\"@id\":\"https:\\\/\\\/dhr.se\\\/boden\\\/#website\",\"url\":\"https:\\\/\\\/dhr.se\\\/boden\\\/\",\"name\":\"DHR - Boden\",\"description\":\"Delaktighet, r\u00f6relsefrihet och handlingskraft\",\"potentialAction\":[{\"@type\":\"SearchAction\",\"target\":{\"@type\":\"EntryPoint\",\"urlTemplate\":\"https:\\\/\\\/dhr.se\\\/boden\\\/?s={search_term_string}\"},\"query-input\":{\"@type\":\"PropertyValueSpecification\",\"valueRequired\":true,\"valueName\":\"search_term_string\"}}],\"inLanguage\":\"sv-SE\"}]}<\/script>\n<!-- \/ Yoast SEO plugin. -->","yoast_head_json":{"title":"Nyheter - DHR - Boden","robots":{"index":"index","follow":"follow","max-snippet":"max-snippet:-1","max-image-preview":"max-image-preview:large","max-video-preview":"max-video-preview:-1"},"canonical":"https:\/\/dhr.se\/boden\/nyheter\/","og_locale":"sv_SE","og_type":"article","og_title":"Nyheter - DHR - Boden","og_url":"https:\/\/dhr.se\/boden\/nyheter\/","og_site_name":"DHR - Boden","article_modified_time":"2021-04-15T12:13:09+00:00","twitter_card":"summary_large_image","schema":{"@context":"https:\/\/schema.org","@graph":[{"@type":"WebPage","@id":"https:\/\/dhr.se\/boden\/nyheter\/","url":"https:\/\/dhr.se\/boden\/nyheter\/","name":"Nyheter - DHR - Boden","isPartOf":{"@id":"https:\/\/dhr.se\/boden\/#website"},"datePublished":"2021-04-15T12:13:05+00:00","dateModified":"2021-04-15T12:13:09+00:00","breadcrumb":{"@id":"https:\/\/dhr.se\/boden\/nyheter\/#breadcrumb"},"inLanguage":"sv-SE","potentialAction":[{"@type":"ReadAction","target":["https:\/\/dhr.se\/boden\/nyheter\/"]}]},{"@type":"BreadcrumbList","@id":"https:\/\/dhr.se\/boden\/nyheter\/#breadcrumb","itemListElement":[{"@type":"ListItem","position":1,"name":"Hem","item":"https:\/\/dhr.se\/boden\/"},{"@type":"ListItem","position":2,"name":"Nyheter"}]},{"@type":"WebSite","@id":"https:\/\/dhr.se\/boden\/#website","url":"https:\/\/dhr.se\/boden\/","name":"DHR - Boden","description":"Delaktighet, r\u00f6relsefrihet och handlingskraft","potentialAction":[{"@type":"SearchAction","target":{"@type":"EntryPoint","urlTemplate":"https:\/\/dhr.se\/boden\/?s={search_term_string}"},"query-input":{"@type":"PropertyValueSpecification","valueRequired":true,"valueName":"search_term_string"}}],"inLanguage":"sv-SE"}]}},"publishpress_future_workflow_manual_trigger":{"enabledWorkflows":[]},"_links":{"self":[{"href":"https:\/\/dhr.se\/boden\/wp-json\/wp\/v2\/pages\/2470","targetHints":{"allow":["GET"]}}],"collection":[{"href":"https:\/\/dhr.se\/boden\/wp-json\/wp\/v2\/pages"}],"about":[{"href":"https:\/\/dhr.se\/boden\/wp-json\/wp\/v2\/types\/page"}],"author":[{"embeddable":true,"href":"https:\/\/dhr.se\/boden\/wp-json\/wp\/v2\/users\/1"}],"replies":[{"embeddable":true,"href":"https:\/\/dhr.se\/boden\/wp-json\/wp\/v2\/comments?post=2470"}],"version-history":[{"count":0,"href":"https:\/\/dhr.se\/boden\/wp-json\/wp\/v2\/pages\/2470\/revisions"}],"wp:attachment":[{"href":"https:\/\/dhr.se\/boden\/wp-json\/wp\/v2\/media?parent=2470"}],"curies":[{"name":"wp","href":"https:\/\/api.w.org\/{rel}","templated":true}]}}