{"id":2544,"date":"2021-06-17T10:51:31","date_gmt":"2021-06-17T08:51:31","guid":{"rendered":"https:\/\/dhr.se\/boden\/?page_id=2544"},"modified":"2021-09-03T10:15:53","modified_gmt":"2021-09-03T08:15:53","slug":"dhrs-historia","status":"publish","type":"page","link":"https:\/\/dhr.se\/boden\/om-dhr-boden\/dhrs-historia\/","title":{"rendered":"DHR:s historia"},"content":{"rendered":"<section class=\"block-simple-text\">\n    <div class=\"main\">\n        <div class=\"main-inner\">\n            <div class=\"ingress text-darker\"><p>DHR:s historia str\u00e4cker sig 100 \u00e5r tillbaka i tiden. Mycket har h\u00e4nt under \u00e5ren, b\u00e5de i samh\u00e4llet och inom DHR.<\/p>\n<\/div>\n            <div class=\"content\"><p>I slutet av 1800-talet bildade v\u00e4lg\u00f6renhetsf\u00f6reningar i Sverige institutioner f\u00f6r barn och ungdomar med nedsatt r\u00f6relsef\u00f6rm\u00e5ga. Institutionerna kallades vanf\u00f6reanstalter. 1937 \u00f6vertog staten det ekonomiska ansvaret f\u00f6r\u00a0 vanf\u00f6rvanf\u00f6reanstalterna fr\u00e5n de f\u00f6reningar som hade startat och drivit verksamheten i H\u00e4rn\u00f6sand, Stockholm, G\u00f6teborg och Helsingborg.<\/p>\n<p>Den 23 juni 1923 bildades kamratf\u00f6reningen De Vanf\u00f6ras V\u00e4l p\u00e5 vanf\u00f6reanstalten i G\u00f6teborg. F\u00f6reningen fick snart efterf\u00f6ljare vid vanf\u00f6reanstalterna i Helsingborg och Stockholm. 1926 gick f\u00f6reningarna samman i Riksorganisationen kamratf\u00f6reningen De Vanf\u00f6ras V\u00e4l.<\/p>\n<p><strong>Fler och fler<\/strong><\/p>\n<p>Organisationen hade de f\u00f6rsta \u00e5ren en mycket stark bindning till vanf\u00f6reanstalternas verksamhet, men under 1930-talet uppstod en rad f\u00f6reningar i Sydsverige bland r\u00f6relsehindrade utanf\u00f6r vanf\u00f6reanstalterna.<\/p>\n<p>En ny riksorganisation, f\u00f6reningen V\u00e4rnet, fick avdelningar i Malm\u00f6, Helsingborg och V\u00e4ster\u00e5s. V\u00e4rnet hade till uppgift att driva fr\u00e5gorna politiskt. \u00c4ven Stockholmsavdelningen inom Kamratf\u00f6reningen De Vanf\u00f6ras V\u00e4l ville ha avdelningar utanf\u00f6r vanf\u00f6reanstalterna och lyckades 1934 \u00e4ndra namnet till Riksorganisationen De Vanf\u00f6ras V\u00e4l. \u00c5r 1939 slogs de b\u00e5da organisationerna V\u00e4rnet och De Vanf\u00f6ras V\u00e4l ihop och vid \u00e5rsm\u00f6tet 1944 \u00e4ndrades namnet till De Vanf\u00f6ras Riksorganisation.<\/p>\n<p><strong>Lansering av begreppet handikapp<\/strong><\/p>\n<p>1955 \u00e4ndrades riksorganisationen till riksf\u00f6rbund, och 1965 blev namnet De Handikappades Riksf\u00f6rbund. Bakom namnbytena ligger en utveckling s\u00e5v\u00e4l inom organisationen som i samh\u00e4llet, en utveckling fr\u00e5n v\u00e4lg\u00f6renhetst\u00e4nkande till j\u00e4mlika villkor.<\/p>\n<p>Under en l\u00e5ng tid hade orden vanf\u00f6r och invalid diskuterats och n\u00e4r massmedia i b\u00f6rjan av 1960-talet lanserade begreppet handikapp, fr\u00e4mst f\u00f6r sv\u00e5rt r\u00f6relsehindrade, bytte organisationen namn till De Handikappades Riksf\u00f6rbund. D\u00e5 omfattades inte sociala och psykiska funktionsneds\u00e4ttningar av begreppet.<\/p>\n<p>DHR har drivit den numera allm\u00e4nt antagna tesen att ett handikapp inte \u00e4r en egenskap hos en individ utan ett f\u00f6rh\u00e5llande mellan individen och omgivningen.<\/p>\n<p><strong>Namnbyte igen<\/strong><\/p>\n<p>Vid f\u00f6rbundsm\u00f6tet 2009 bytte vi namn och l\u00e4t ordet handikappad g\u00e5 till historien efter 44 \u00e5r. Fr\u00e5n och med den dagen ska DHR uttydas Delaktighet \u2013 Handlingskraft \u2013 R\u00f6relsefrihet.<\/p>\n<p>Vill du veta mer? L\u00e4s\u00a0<a href=\"https:\/\/dhr.se\/dhrs-historia\/\" target=\"_blank\" rel=\"noopener\">h\u00e4r<\/a>.<\/p>\n<\/div>\n        <\/div>\n    <\/div>\n<\/section>","protected":false},"excerpt":{"rendered":"","protected":false},"author":8,"featured_media":0,"parent":936,"menu_order":0,"comment_status":"closed","ping_status":"closed","template":"template-side-menu.php","meta":{"_acf_changed":false,"_monsterinsights_skip_tracking":false,"_monsterinsights_sitenote_active":false,"_monsterinsights_sitenote_note":"","_monsterinsights_sitenote_category":0,"footnotes":""},"class_list":["post-2544","page","type-page","status-publish","hentry"],"acf":[],"yoast_head":"<!-- This site is optimized with the Yoast SEO plugin v27.2 - https:\/\/yoast.com\/product\/yoast-seo-wordpress\/ -->\n<title>DHR:s historia - DHR - Boden<\/title>\n<meta name=\"description\" content=\"1923 bildades Kamratf\u00f6reningen De Vanf\u00f6ras V\u00e4l. Vanf\u00f6r var den d\u00e5tida ben\u00e4mningen p\u00e5 personer med nedsatt r\u00f6relsef\u00f6rm\u00e5ga. 1965, n\u00e4r orden vanf\u00f6r och invalid ersatts av ordet handikapp, bytte f\u00f6reningen namn till De Handikappades Riksf\u00f6rbund (DHR). Idag talar vi om funktionsneds\u00e4ttning ist\u00e4llet f\u00f6r handikapp. Sedan 2009 ska namnet DHR uttydas Delaktighet -Handlingskraft - R\u00f6relsefrihet. DHR har drivit den numera allm\u00e4nt antagna tesen att ett handikapp inte \u00e4r en egenskap hos en individ utan ett f\u00f6rh\u00e5llande mellan individen och omgivningen.\" \/>\n<meta name=\"robots\" content=\"index, follow, max-snippet:-1, max-image-preview:large, max-video-preview:-1\" \/>\n<link rel=\"canonical\" href=\"https:\/\/dhr.se\/boden\/om-dhr-boden\/dhrs-historia\/\" \/>\n<meta property=\"og:locale\" content=\"sv_SE\" \/>\n<meta property=\"og:type\" content=\"article\" \/>\n<meta property=\"og:title\" content=\"DHR:s historia - DHR - Boden\" \/>\n<meta property=\"og:description\" content=\"1923 bildades Kamratf\u00f6reningen De Vanf\u00f6ras V\u00e4l. Vanf\u00f6r var den d\u00e5tida ben\u00e4mningen p\u00e5 personer med nedsatt r\u00f6relsef\u00f6rm\u00e5ga. 1965, n\u00e4r orden vanf\u00f6r och invalid ersatts av ordet handikapp, bytte f\u00f6reningen namn till De Handikappades Riksf\u00f6rbund (DHR). Idag talar vi om funktionsneds\u00e4ttning ist\u00e4llet f\u00f6r handikapp. Sedan 2009 ska namnet DHR uttydas Delaktighet -Handlingskraft - R\u00f6relsefrihet. DHR har drivit den numera allm\u00e4nt antagna tesen att ett handikapp inte \u00e4r en egenskap hos en individ utan ett f\u00f6rh\u00e5llande mellan individen och omgivningen.\" \/>\n<meta property=\"og:url\" content=\"https:\/\/dhr.se\/boden\/om-dhr-boden\/dhrs-historia\/\" \/>\n<meta property=\"og:site_name\" content=\"DHR - Boden\" \/>\n<meta property=\"article:modified_time\" content=\"2021-09-03T08:15:53+00:00\" \/>\n<meta name=\"twitter:card\" content=\"summary_large_image\" \/>\n<script type=\"application\/ld+json\" class=\"yoast-schema-graph\">{\"@context\":\"https:\/\/schema.org\",\"@graph\":[{\"@type\":\"WebPage\",\"@id\":\"https:\/\/dhr.se\/boden\/om-dhr-boden\/dhrs-historia\/\",\"url\":\"https:\/\/dhr.se\/boden\/om-dhr-boden\/dhrs-historia\/\",\"name\":\"DHR:s historia - DHR - Boden\",\"isPartOf\":{\"@id\":\"https:\/\/dhr.se\/boden\/#website\"},\"datePublished\":\"2021-06-17T08:51:31+00:00\",\"dateModified\":\"2021-09-03T08:15:53+00:00\",\"description\":\"1923 bildades Kamratf\u00f6reningen De Vanf\u00f6ras V\u00e4l. Vanf\u00f6r var den d\u00e5tida ben\u00e4mningen p\u00e5 personer med nedsatt r\u00f6relsef\u00f6rm\u00e5ga. 1965, n\u00e4r orden vanf\u00f6r och invalid ersatts av ordet handikapp, bytte f\u00f6reningen namn till De Handikappades Riksf\u00f6rbund (DHR). Idag talar vi om funktionsneds\u00e4ttning ist\u00e4llet f\u00f6r handikapp. Sedan 2009 ska namnet DHR uttydas Delaktighet -Handlingskraft - R\u00f6relsefrihet. DHR har drivit den numera allm\u00e4nt antagna tesen att ett handikapp inte \u00e4r en egenskap hos en individ utan ett f\u00f6rh\u00e5llande mellan individen och omgivningen.\",\"breadcrumb\":{\"@id\":\"https:\/\/dhr.se\/boden\/om-dhr-boden\/dhrs-historia\/#breadcrumb\"},\"inLanguage\":\"sv-SE\",\"potentialAction\":[{\"@type\":\"ReadAction\",\"target\":[\"https:\/\/dhr.se\/boden\/om-dhr-boden\/dhrs-historia\/\"]}]},{\"@type\":\"BreadcrumbList\",\"@id\":\"https:\/\/dhr.se\/boden\/om-dhr-boden\/dhrs-historia\/#breadcrumb\",\"itemListElement\":[{\"@type\":\"ListItem\",\"position\":1,\"name\":\"Hem\",\"item\":\"https:\/\/dhr.se\/boden\/\"},{\"@type\":\"ListItem\",\"position\":2,\"name\":\"Om oss\",\"item\":\"https:\/\/dhr.se\/boden\/om-dhr-boden\/\"},{\"@type\":\"ListItem\",\"position\":3,\"name\":\"DHR:s historia\"}]},{\"@type\":\"WebSite\",\"@id\":\"https:\/\/dhr.se\/boden\/#website\",\"url\":\"https:\/\/dhr.se\/boden\/\",\"name\":\"DHR - Boden\",\"description\":\"Delaktighet, r\u00f6relsefrihet och handlingskraft\",\"potentialAction\":[{\"@type\":\"SearchAction\",\"target\":{\"@type\":\"EntryPoint\",\"urlTemplate\":\"https:\/\/dhr.se\/boden\/?s={search_term_string}\"},\"query-input\":{\"@type\":\"PropertyValueSpecification\",\"valueRequired\":true,\"valueName\":\"search_term_string\"}}],\"inLanguage\":\"sv-SE\"}]}<\/script>\n<!-- \/ Yoast SEO plugin. -->","yoast_head_json":{"title":"DHR:s historia - DHR - Boden","description":"1923 bildades Kamratf\u00f6reningen De Vanf\u00f6ras V\u00e4l. Vanf\u00f6r var den d\u00e5tida ben\u00e4mningen p\u00e5 personer med nedsatt r\u00f6relsef\u00f6rm\u00e5ga. 1965, n\u00e4r orden vanf\u00f6r och invalid ersatts av ordet handikapp, bytte f\u00f6reningen namn till De Handikappades Riksf\u00f6rbund (DHR). Idag talar vi om funktionsneds\u00e4ttning ist\u00e4llet f\u00f6r handikapp. Sedan 2009 ska namnet DHR uttydas Delaktighet -Handlingskraft - R\u00f6relsefrihet. DHR har drivit den numera allm\u00e4nt antagna tesen att ett handikapp inte \u00e4r en egenskap hos en individ utan ett f\u00f6rh\u00e5llande mellan individen och omgivningen.","robots":{"index":"index","follow":"follow","max-snippet":"max-snippet:-1","max-image-preview":"max-image-preview:large","max-video-preview":"max-video-preview:-1"},"canonical":"https:\/\/dhr.se\/boden\/om-dhr-boden\/dhrs-historia\/","og_locale":"sv_SE","og_type":"article","og_title":"DHR:s historia - DHR - Boden","og_description":"1923 bildades Kamratf\u00f6reningen De Vanf\u00f6ras V\u00e4l. Vanf\u00f6r var den d\u00e5tida ben\u00e4mningen p\u00e5 personer med nedsatt r\u00f6relsef\u00f6rm\u00e5ga. 1965, n\u00e4r orden vanf\u00f6r och invalid ersatts av ordet handikapp, bytte f\u00f6reningen namn till De Handikappades Riksf\u00f6rbund (DHR). Idag talar vi om funktionsneds\u00e4ttning ist\u00e4llet f\u00f6r handikapp. Sedan 2009 ska namnet DHR uttydas Delaktighet -Handlingskraft - R\u00f6relsefrihet. DHR har drivit den numera allm\u00e4nt antagna tesen att ett handikapp inte \u00e4r en egenskap hos en individ utan ett f\u00f6rh\u00e5llande mellan individen och omgivningen.","og_url":"https:\/\/dhr.se\/boden\/om-dhr-boden\/dhrs-historia\/","og_site_name":"DHR - Boden","article_modified_time":"2021-09-03T08:15:53+00:00","twitter_card":"summary_large_image","schema":{"@context":"https:\/\/schema.org","@graph":[{"@type":"WebPage","@id":"https:\/\/dhr.se\/boden\/om-dhr-boden\/dhrs-historia\/","url":"https:\/\/dhr.se\/boden\/om-dhr-boden\/dhrs-historia\/","name":"DHR:s historia - DHR - Boden","isPartOf":{"@id":"https:\/\/dhr.se\/boden\/#website"},"datePublished":"2021-06-17T08:51:31+00:00","dateModified":"2021-09-03T08:15:53+00:00","description":"1923 bildades Kamratf\u00f6reningen De Vanf\u00f6ras V\u00e4l. Vanf\u00f6r var den d\u00e5tida ben\u00e4mningen p\u00e5 personer med nedsatt r\u00f6relsef\u00f6rm\u00e5ga. 1965, n\u00e4r orden vanf\u00f6r och invalid ersatts av ordet handikapp, bytte f\u00f6reningen namn till De Handikappades Riksf\u00f6rbund (DHR). Idag talar vi om funktionsneds\u00e4ttning ist\u00e4llet f\u00f6r handikapp. Sedan 2009 ska namnet DHR uttydas Delaktighet -Handlingskraft - R\u00f6relsefrihet. DHR har drivit den numera allm\u00e4nt antagna tesen att ett handikapp inte \u00e4r en egenskap hos en individ utan ett f\u00f6rh\u00e5llande mellan individen och omgivningen.","breadcrumb":{"@id":"https:\/\/dhr.se\/boden\/om-dhr-boden\/dhrs-historia\/#breadcrumb"},"inLanguage":"sv-SE","potentialAction":[{"@type":"ReadAction","target":["https:\/\/dhr.se\/boden\/om-dhr-boden\/dhrs-historia\/"]}]},{"@type":"BreadcrumbList","@id":"https:\/\/dhr.se\/boden\/om-dhr-boden\/dhrs-historia\/#breadcrumb","itemListElement":[{"@type":"ListItem","position":1,"name":"Hem","item":"https:\/\/dhr.se\/boden\/"},{"@type":"ListItem","position":2,"name":"Om oss","item":"https:\/\/dhr.se\/boden\/om-dhr-boden\/"},{"@type":"ListItem","position":3,"name":"DHR:s historia"}]},{"@type":"WebSite","@id":"https:\/\/dhr.se\/boden\/#website","url":"https:\/\/dhr.se\/boden\/","name":"DHR - Boden","description":"Delaktighet, r\u00f6relsefrihet och handlingskraft","potentialAction":[{"@type":"SearchAction","target":{"@type":"EntryPoint","urlTemplate":"https:\/\/dhr.se\/boden\/?s={search_term_string}"},"query-input":{"@type":"PropertyValueSpecification","valueRequired":true,"valueName":"search_term_string"}}],"inLanguage":"sv-SE"}]}},"publishpress_future_workflow_manual_trigger":{"enabledWorkflows":[]},"_links":{"self":[{"href":"https:\/\/dhr.se\/boden\/wp-json\/wp\/v2\/pages\/2544","targetHints":{"allow":["GET"]}}],"collection":[{"href":"https:\/\/dhr.se\/boden\/wp-json\/wp\/v2\/pages"}],"about":[{"href":"https:\/\/dhr.se\/boden\/wp-json\/wp\/v2\/types\/page"}],"author":[{"embeddable":true,"href":"https:\/\/dhr.se\/boden\/wp-json\/wp\/v2\/users\/8"}],"replies":[{"embeddable":true,"href":"https:\/\/dhr.se\/boden\/wp-json\/wp\/v2\/comments?post=2544"}],"version-history":[{"count":0,"href":"https:\/\/dhr.se\/boden\/wp-json\/wp\/v2\/pages\/2544\/revisions"}],"up":[{"embeddable":true,"href":"https:\/\/dhr.se\/boden\/wp-json\/wp\/v2\/pages\/936"}],"wp:attachment":[{"href":"https:\/\/dhr.se\/boden\/wp-json\/wp\/v2\/media?parent=2544"}],"curies":[{"name":"wp","href":"https:\/\/api.w.org\/{rel}","templated":true}]}}