{"id":754,"date":"2019-08-15T20:18:44","date_gmt":"2019-08-15T18:18:44","guid":{"rendered":"http:\/\/dhr.se\/boden\/?page_id=754"},"modified":"2025-12-10T09:24:37","modified_gmt":"2025-12-10T08:24:37","slug":"dhr-boden","status":"publish","type":"page","link":"https:\/\/dhr.se\/boden\/","title":{"rendered":"DHR -Boden"},"content":{"rendered":"<section class=\"block-hero\" style=\"background-image:url(https:\/\/dhr.se\/boden\/wp-content\/uploads\/sites\/38\/2024\/02\/DSC_0061-scaled.jpg);\">\n\n<video autoplay loop playsinline muted loop>\n    <source src=\"https:\/\/dhr.se\/boden\/wp-content\/uploads\/sites\/38\/2024\/02\/q04z8tfc.jpg\" type=\"video\/mp4\">\n    Your browser does not support HTML5 video.\n<\/video>\n\n<div class=\"overlay overlay-dark\"><\/div>\n    <div class=\"main\">\n        <div class=\"main-inner\">\n            <p class=\"small-title\"><\/p>\n            <h1> V\u00e4lkommen till DHR Boden<\/h1>\n            <p class=\"text\">Vi \u00e4r en organisation f\u00f6r personer med nedsatt r\u00f6relsef\u00f6rm\u00e5ga. V\u00e5rt m\u00e5l \u00e4r att alla m\u00e4nniskor ska k\u00e4nna sig v\u00e4lkomna och inkluderade i samh\u00e4llet. V\u00e5r vision \u00e4r ett universellt utformat samh\u00e4lle \u2013 ett j\u00e4mlikt och j\u00e4mst\u00e4llt samh\u00e4lle d\u00e4r varje m\u00e4nniska ses som en tillg\u00e5ng.<br \/>\r\n<br \/>\r\n<\/p>\n\n\n                            <div class=\"button-container\">\n                                            \n                            \n                                    <\/div>\n            \n\n\n\n        <\/div>\n    <\/div>\n<\/section>\n\n<section class=\"block-calender\">\n    <div class=\"main\">\n        <div class=\"main-inner\">\n            <div class=\"title\">\n                <h2>Aktuellt<\/h2>\n                                    <a class=\"small-button-underline text-link\" href=\"https:\/\/dhr.se\/boden\/pa-gang\/\" target=\"_self\">Hela kalendern<\/a>\n                            <\/div>\n            <div class=\"flex-container\">\n\n                                            \n                    \n                                <a class=\"one-post bright-background\" href=\"https:\/\/dhr.se\/boden\/event\/julfest\/\">\n                                    <div class=\"date\">\n                                        <p class=\"day title-color\">13<\/p>\n                                        <p class=\"month title-color\">december<\/p>\n                                    <\/div>\n                                    <div class=\"text-container\">\n                                        <h3 class=\"accent-text\">Julfest \u00a0<\/h3>\n                                        <div class=\"event-info\">\n                                            <p class=\"time\">13\/12\/2025, klockan 18.00<\/p>\n                                            <p class=\"place text-darker\">Bodensia\u00a0\u00a0 \u00a0\u00a0\u00a0\u00a0\u00a0<\/p>\n                                        <\/div>\n                                    <\/div>\n                                <\/a>\n                        \n                           \n            <\/div>\n        <\/div>\n    <\/div>\n<\/section>\n\n\n<div class=\"wp-block-columns is-layout-flex wp-container-core-columns-is-layout-9d6595d7 wp-block-columns-is-layout-flex\"><\/div>\n\n\n<section class=\"block-latest-news bright-background\">\n    <div class=\"main\">\n        <div class=\"main-inner\">\n            <div class=\"title\">\n                <h2>Nyheter<\/h2>\n                                    <a class=\"small-button-underline text-link\" href=\"http:\/\/dhr.se\/boden\/nyheter\/\" target=\"_self\">Fler nyheter<\/a>\n                \n            <\/div>\n            \n            <div class=\"flex-container\">\n\n                                        \n                                <div class=\"one-post\">\n                                                                        <h3>Om \u00e5rsm\u00f6tet<\/h3>\n                                    <!--<p class=\"date\"><\/p> -->\n                                    <p class=\"excerpt\">Bodens DHR f\u00f6rening har h\u00e5llit \u00e5rsm\u00f6te I Boden l\u00f6rdagen den 16 mars&#8230;<\/p>\n\n                                    <a class=\"small-button text-link\" href=\"https:\/\/dhr.se\/boden\/om-arsmotet\/\">L\u00e4s mer<\/a>\n                                <\/div>\n                        \n                                                \n                                <div class=\"one-post\">\n                                                                            <a href=\"https:\/\/dhr.se\/boden\/stadsnara-fiske\/\">\n                                            <img loading=\"lazy\" decoding=\"async\" width=\"684\" height=\"912\" src=\"https:\/\/dhr.se\/boden\/wp-content\/uploads\/sites\/38\/2023\/03\/IMG_20190801_210709_resized_20230322_060134323.jpg\" class=\"attachment-post-thumbnail size-post-thumbnail wp-post-image\" alt=\"En rullstolsburen man fiskar fr\u00e5n en tillg\u00e4nglig brygga.\" srcset=\"https:\/\/dhr.se\/boden\/wp-content\/uploads\/sites\/38\/2023\/03\/IMG_20190801_210709_resized_20230322_060134323.jpg 684w, https:\/\/dhr.se\/boden\/wp-content\/uploads\/sites\/38\/2023\/03\/IMG_20190801_210709_resized_20230322_060134323-225x300.jpg 225w\" sizes=\"auto, (max-width: 684px) 100vw, 684px\" \/>                                        <\/a>\n                                                                        <h3>Stadsn\u00e4ra Fiske<\/h3>\n                                    <!--<p class=\"date\"><\/p> -->\n                                    <p class=\"excerpt\">Bara n\u00e5gra km fr\u00e5n Bodens centrum kan man fiska lax och havs\u00f6ring&#8230;<\/p>\n\n                                    <a class=\"small-button text-link\" href=\"https:\/\/dhr.se\/boden\/stadsnara-fiske\/\">L\u00e4s mer<\/a>\n                                <\/div>\n                        \n                                                \n                                <div class=\"one-post\">\n                                                                            <a href=\"https:\/\/dhr.se\/boden\/las-dhrs-tidning\/\">\n                                            <img loading=\"lazy\" decoding=\"async\" width=\"277\" height=\"125\" src=\"https:\/\/dhr.se\/boden\/wp-content\/uploads\/sites\/38\/2020\/06\/top_logo.png\" class=\"attachment-post-thumbnail size-post-thumbnail wp-post-image\" alt=\"alt=&quot;\" \/>                                        <\/a>\n                                                                        <h3>L\u00e4s v\u00e5r tidning<\/h3>\n                                    <!--<p class=\"date\"><\/p> -->\n                                    <p class=\"excerpt\">Funktionshinderpolitik \u00e4r DHRs tidning. Alla medlemmar f\u00e5r tidningen hem i brevl\u00e5dan fyra&#8230;<\/p>\n\n                                    <a class=\"small-button text-link\" href=\"https:\/\/dhr.se\/boden\/las-dhrs-tidning\/\">L\u00e4s mer<\/a>\n                                <\/div>\n                        \n                           \n            <\/div>\n\n                            <a class=\"button big accent\" href=\"http:\/\/dhr.se\/boden\/nyheter\/\" target=\"_self\">Fler nyheter<\/a>\n                        \n        <\/div>\n    <\/div>\n<\/section>\n\n<section class=\"block-image-and-text left grey\">\n    <div class=\"main\">\n        <div class=\"main-inner\">\n            <div class=\"left-col\" style=\"background-image: url(https:\/\/dhr.se\/boden\/wp-content\/uploads\/sites\/38\/2020\/08\/pexelsbild-judita-tamo\u0161i\u016bnait\u0117-2026764-3.jpg);\"><\/div>\n\n            <div class=\"right-col\">\n                <h2>Bli medlem i DHR<\/h2>\n                <p class=\"text\">Under DHR:s 100 \u00e5r (vi bildades \u00e5r 1923) har villkoren f\u00f6r medlemmarna sj\u00e4lvklart f\u00f6rb\u00e4ttrats. Men nu b\u00f6rjar det bl\u00e5sa kallt igen, och behovet av en stark motst\u00e5ndsr\u00f6relse \u00e4r st\u00f6rre \u00e4n p\u00e5 m\u00e5nga \u00e5r. Den personliga assistansen \u00e4r i fara, parkeringstillst\u00e5nd dras in och det sn\u00e5las p\u00e5 bilst\u00f6d. Vi h\u00f6r till och med \u00e5sikter om att det borde inf\u00f6ras institutioner igen. D\u00e4rf\u00f6r beh\u00f6vs ocks\u00e5 du som medlem!<br \/>\r\n<br \/>\r\nSom medlem i DHR kan du tillsammans med andra medlemmar p\u00e5verka att samh\u00e4llet blir mer j\u00e4mlikt och j\u00e4mst\u00e4llt. Tillsammans med andra medlemmar kan du ocks\u00e5 delta i fritidsaktiviteter, kamratst\u00f6d och social gemenskap.<\/p>\n\n                                    <a class=\"button big accent\" href=\"https:\/\/sbtdhr.mysoft.no\/modules\/blimedlem\/blimedlem.aspx\" target=\"_blank\">Medlemsans\u00f6kan<\/a>\n                            <\/div>\n\n        <\/div>\n    <\/div>\n<\/section>\n\n<section class=\"block-box-links white\">\n    <div class=\"main\">\n        <div class=\"main-inner\">\n            <div class=\"flex-container\">\n\n                                \n                    <div class=\"one-box bright-background\">\n\n                                                    <div class=\"icon icon-statistics\"><\/div>\n                        \n                        <h4>R\u00e4ttighetsikoner<\/h4>\n                        <p>DHR har gjort det m\u00e5nga sagt borde g\u00f6ras \u2013 illustrerat artiklar ur Konventionen om r\u00e4ttigheter f\u00f6r personer med funktionsneds\u00e4ttning. Vi kopplar dem till de globala m\u00e5len \u2013 inte alla utan de som har direkt b\u00e4ring p\u00e5 personer med funktionsneds\u00e4ttning. <\/p>\n\n                                                    <a class=\"small-button text-link\" href=\"https:\/\/globalarattigheter.dhr.se\/\" target=\"_blank\">Globala r\u00e4ttigheter<\/a>\n                                                \n                    <\/div>\n\n                                    \n                    <div class=\"one-box bright-background\">\n\n                                                    <div class=\"icon icon-document\"><\/div>\n                        \n                        <h4>Vi g\u00f6r<\/h4>\n                        <p>DHR:s Bodenavdelning arbetar utifr\u00e5n din vardag. Den blir v\u00e5rt r\u00e4ttighetspolitiska arbete. Vi tar fram fakta och beslutsunderlag, f\u00f6r tj\u00e4nstem\u00e4n och beslutsfattare, utifr\u00e5n de erfarenheter som m\u00e4nniskor med nedsatt r\u00f6relsef\u00f6rm\u00e5ga har.<\/p>\n\n                                                \n                    <\/div>\n\n                                    \n                    <div class=\"one-box bright-background\">\n\n                                                    <div class=\"icon icon-bulb\"><\/div>\n                        \n                        <h4>Vi vill<\/h4>\n                        <p>Alla m\u00e4nniskor har lika v\u00e4rde! Och det oavsett k\u00f6n, k\u00f6nsidentitet eller k\u00f6nsuttryck, etnisk tillh\u00f6righet, religion eller annan trosuppfattning, funktionsneds\u00e4ttning, sexuell l\u00e4ggning eller \u00e5lder.<\/p>\n\n                                                \n                    <\/div>\n\n                    \n            <\/div>\n        <\/div>\n    <\/div>\n<\/section>","protected":false},"excerpt":{"rendered":"","protected":false},"author":8,"featured_media":0,"parent":0,"menu_order":0,"comment_status":"closed","ping_status":"closed","template":"","meta":{"_acf_changed":false,"_monsterinsights_skip_tracking":false,"_monsterinsights_sitenote_active":false,"_monsterinsights_sitenote_note":"","_monsterinsights_sitenote_category":0,"footnotes":""},"class_list":["post-754","page","type-page","status-publish","hentry"],"acf":[],"yoast_head":"<!-- This site is optimized with the Yoast SEO plugin v27.2 - https:\/\/yoast.com\/product\/yoast-seo-wordpress\/ -->\n<title>DHR -Boden - DHR - Boden<\/title>\n<meta name=\"description\" content=\"Vi \u00e4r en politiskt och religi\u00f6st obunden organisation av och f\u00f6r personer med nedsatt r\u00f6relsef\u00f6rm\u00e5ga. V\u00e5r utg\u00e5ngspunkt f\u00f6r det r\u00e4ttighetspolitiska arbetet \u00e4r Konventionen om r\u00e4ttigheter f\u00f6r personer med funktionsneds\u00e4ttning.\" \/>\n<meta name=\"robots\" content=\"index, follow, max-snippet:-1, max-image-preview:large, max-video-preview:-1\" \/>\n<link rel=\"canonical\" href=\"https:\/\/dhr.se\/boden\/\" \/>\n<meta property=\"og:locale\" content=\"sv_SE\" \/>\n<meta property=\"og:type\" content=\"article\" \/>\n<meta property=\"og:title\" content=\"DHR -Boden - DHR - Boden\" \/>\n<meta property=\"og:description\" content=\"Vi \u00e4r en politiskt och religi\u00f6st obunden organisation av och f\u00f6r personer med nedsatt r\u00f6relsef\u00f6rm\u00e5ga. V\u00e5r utg\u00e5ngspunkt f\u00f6r det r\u00e4ttighetspolitiska arbetet \u00e4r Konventionen om r\u00e4ttigheter f\u00f6r personer med funktionsneds\u00e4ttning.\" \/>\n<meta property=\"og:url\" content=\"https:\/\/dhr.se\/boden\/\" \/>\n<meta property=\"og:site_name\" content=\"DHR - Boden\" \/>\n<meta property=\"article:modified_time\" content=\"2025-12-10T08:24:37+00:00\" \/>\n<meta name=\"twitter:card\" content=\"summary_large_image\" \/>\n<script type=\"application\/ld+json\" class=\"yoast-schema-graph\">{\"@context\":\"https:\/\/schema.org\",\"@graph\":[{\"@type\":\"WebPage\",\"@id\":\"https:\/\/dhr.se\/boden\/\",\"url\":\"https:\/\/dhr.se\/boden\/\",\"name\":\"DHR -Boden - DHR - Boden\",\"isPartOf\":{\"@id\":\"https:\/\/dhr.se\/boden\/#website\"},\"datePublished\":\"2019-08-15T18:18:44+00:00\",\"dateModified\":\"2025-12-10T08:24:37+00:00\",\"description\":\"Vi \u00e4r en politiskt och religi\u00f6st obunden organisation av och f\u00f6r personer med nedsatt r\u00f6relsef\u00f6rm\u00e5ga. V\u00e5r utg\u00e5ngspunkt f\u00f6r det r\u00e4ttighetspolitiska arbetet \u00e4r Konventionen om r\u00e4ttigheter f\u00f6r personer med funktionsneds\u00e4ttning.\",\"breadcrumb\":{\"@id\":\"https:\/\/dhr.se\/boden\/#breadcrumb\"},\"inLanguage\":\"sv-SE\",\"potentialAction\":[{\"@type\":\"ReadAction\",\"target\":[\"https:\/\/dhr.se\/boden\/\"]}]},{\"@type\":\"BreadcrumbList\",\"@id\":\"https:\/\/dhr.se\/boden\/#breadcrumb\",\"itemListElement\":[{\"@type\":\"ListItem\",\"position\":1,\"name\":\"Hem\",\"item\":\"https:\/\/dhr.se\/boden\/\"},{\"@type\":\"ListItem\",\"position\":2,\"name\":\"DHR -Boden\"}]},{\"@type\":\"WebSite\",\"@id\":\"https:\/\/dhr.se\/boden\/#website\",\"url\":\"https:\/\/dhr.se\/boden\/\",\"name\":\"DHR - Boden\",\"description\":\"Delaktighet, r\u00f6relsefrihet och handlingskraft\",\"potentialAction\":[{\"@type\":\"SearchAction\",\"target\":{\"@type\":\"EntryPoint\",\"urlTemplate\":\"https:\/\/dhr.se\/boden\/?s={search_term_string}\"},\"query-input\":{\"@type\":\"PropertyValueSpecification\",\"valueRequired\":true,\"valueName\":\"search_term_string\"}}],\"inLanguage\":\"sv-SE\"}]}<\/script>\n<!-- \/ Yoast SEO plugin. -->","yoast_head_json":{"title":"DHR -Boden - DHR - Boden","description":"Vi \u00e4r en politiskt och religi\u00f6st obunden organisation av och f\u00f6r personer med nedsatt r\u00f6relsef\u00f6rm\u00e5ga. V\u00e5r utg\u00e5ngspunkt f\u00f6r det r\u00e4ttighetspolitiska arbetet \u00e4r Konventionen om r\u00e4ttigheter f\u00f6r personer med funktionsneds\u00e4ttning.","robots":{"index":"index","follow":"follow","max-snippet":"max-snippet:-1","max-image-preview":"max-image-preview:large","max-video-preview":"max-video-preview:-1"},"canonical":"https:\/\/dhr.se\/boden\/","og_locale":"sv_SE","og_type":"article","og_title":"DHR -Boden - DHR - Boden","og_description":"Vi \u00e4r en politiskt och religi\u00f6st obunden organisation av och f\u00f6r personer med nedsatt r\u00f6relsef\u00f6rm\u00e5ga. V\u00e5r utg\u00e5ngspunkt f\u00f6r det r\u00e4ttighetspolitiska arbetet \u00e4r Konventionen om r\u00e4ttigheter f\u00f6r personer med funktionsneds\u00e4ttning.","og_url":"https:\/\/dhr.se\/boden\/","og_site_name":"DHR - Boden","article_modified_time":"2025-12-10T08:24:37+00:00","twitter_card":"summary_large_image","schema":{"@context":"https:\/\/schema.org","@graph":[{"@type":"WebPage","@id":"https:\/\/dhr.se\/boden\/","url":"https:\/\/dhr.se\/boden\/","name":"DHR -Boden - DHR - Boden","isPartOf":{"@id":"https:\/\/dhr.se\/boden\/#website"},"datePublished":"2019-08-15T18:18:44+00:00","dateModified":"2025-12-10T08:24:37+00:00","description":"Vi \u00e4r en politiskt och religi\u00f6st obunden organisation av och f\u00f6r personer med nedsatt r\u00f6relsef\u00f6rm\u00e5ga. V\u00e5r utg\u00e5ngspunkt f\u00f6r det r\u00e4ttighetspolitiska arbetet \u00e4r Konventionen om r\u00e4ttigheter f\u00f6r personer med funktionsneds\u00e4ttning.","breadcrumb":{"@id":"https:\/\/dhr.se\/boden\/#breadcrumb"},"inLanguage":"sv-SE","potentialAction":[{"@type":"ReadAction","target":["https:\/\/dhr.se\/boden\/"]}]},{"@type":"BreadcrumbList","@id":"https:\/\/dhr.se\/boden\/#breadcrumb","itemListElement":[{"@type":"ListItem","position":1,"name":"Hem","item":"https:\/\/dhr.se\/boden\/"},{"@type":"ListItem","position":2,"name":"DHR -Boden"}]},{"@type":"WebSite","@id":"https:\/\/dhr.se\/boden\/#website","url":"https:\/\/dhr.se\/boden\/","name":"DHR - Boden","description":"Delaktighet, r\u00f6relsefrihet och handlingskraft","potentialAction":[{"@type":"SearchAction","target":{"@type":"EntryPoint","urlTemplate":"https:\/\/dhr.se\/boden\/?s={search_term_string}"},"query-input":{"@type":"PropertyValueSpecification","valueRequired":true,"valueName":"search_term_string"}}],"inLanguage":"sv-SE"}]}},"publishpress_future_workflow_manual_trigger":{"enabledWorkflows":[]},"_links":{"self":[{"href":"https:\/\/dhr.se\/boden\/wp-json\/wp\/v2\/pages\/754","targetHints":{"allow":["GET"]}}],"collection":[{"href":"https:\/\/dhr.se\/boden\/wp-json\/wp\/v2\/pages"}],"about":[{"href":"https:\/\/dhr.se\/boden\/wp-json\/wp\/v2\/types\/page"}],"author":[{"embeddable":true,"href":"https:\/\/dhr.se\/boden\/wp-json\/wp\/v2\/users\/8"}],"replies":[{"embeddable":true,"href":"https:\/\/dhr.se\/boden\/wp-json\/wp\/v2\/comments?post=754"}],"version-history":[{"count":0,"href":"https:\/\/dhr.se\/boden\/wp-json\/wp\/v2\/pages\/754\/revisions"}],"wp:attachment":[{"href":"https:\/\/dhr.se\/boden\/wp-json\/wp\/v2\/media?parent=754"}],"curies":[{"name":"wp","href":"https:\/\/api.w.org\/{rel}","templated":true}]}}