{"id":936,"date":"2019-08-19T11:01:18","date_gmt":"2019-08-19T09:01:18","guid":{"rendered":"http:\/\/dhr.se\/boden\/?page_id=936"},"modified":"2022-02-17T14:17:26","modified_gmt":"2022-02-17T13:17:26","slug":"om-dhr-boden","status":"publish","type":"page","link":"https:\/\/dhr.se\/boden\/om-dhr-boden\/","title":{"rendered":"Om oss"},"content":{"rendered":"<section class=\"block-simple-text\">\n    <div class=\"main\">\n        <div class=\"main-inner\">\n            <div class=\"ingress text-darker\"><p>DHR Boden \u00e4r en underorganisation till f\u00f6rbundet DHR.<\/p>\n<\/div>\n            <div class=\"content\"><p>Vi \u00e4r en politiskt och religi\u00f6st obunden organisation av och f\u00f6r personer med nedsatt r\u00f6relsef\u00f6rm\u00e5ga. Eftersom personer med nedsatt r\u00f6relsef\u00f6rm\u00e5ga utg\u00f6r ett genomsnitt av befolkningen deltar vi g\u00e4rna i utvecklingen av samh\u00e4llet till det b\u00e4ttre f\u00f6r alla.<\/p>\n<p>Hos oss \u00e4r omsorg om varandra och v\u00e5ra medm\u00e4nniskor centralt. Vi tr\u00e4ffas regelbundet kring olika aktiviteter som du kan l\u00e4sa mer om i kalendariet.<\/p>\n<p>V\u00e5r vision \u00e4r att i Boden verka f\u00f6r att m\u00e4nniskor med funktionsneds\u00e4ttning, skall f\u00e5 leva ett liv med livskvalitet, utifr\u00e5n var och ens definition och f\u00f6ruts\u00e4ttningar, oavsett \u00e5lder, yrke, spr\u00e5k, k\u00f6n, etnisk tillh\u00f6righet, social bakgrund, ekonomiska f\u00f6rh\u00e5llanden och sexuell l\u00e4ggning, <\/p>\n<p>F\u00f6r att uppn\u00e5 detta m\u00e5ste vi \u00f6ka m\u00e5ngfalden, f\u00f6rb\u00e4ttra bem\u00f6tandet och \u00f6ka tillg\u00e4ngligheten i Boden genom samverkan med f\u00f6retr\u00e4darna f\u00f6r kommun och landsting, samt samarbete med andra f\u00f6reningar, f\u00f6r att \u00e5stadkomma en \u00f6kad delaktighet i samh\u00e4llet.<\/p>\n<p>Tycker du ocks\u00e5 att alla m\u00e4nniskor har r\u00e4tt till ett gott liv och att omsorg om dina medm\u00e4nniskor \u00e4r viktigt? H\u00f6r av dig till oss!<\/p>\n<\/div>\n        <\/div>\n    <\/div>\n<\/section>","protected":false},"excerpt":{"rendered":"","protected":false},"author":8,"featured_media":0,"parent":0,"menu_order":0,"comment_status":"closed","ping_status":"closed","template":"template-side-menu.php","meta":{"_acf_changed":false,"_monsterinsights_skip_tracking":false,"_monsterinsights_sitenote_active":false,"_monsterinsights_sitenote_note":"","_monsterinsights_sitenote_category":0,"footnotes":""},"class_list":["post-936","page","type-page","status-publish","hentry"],"acf":[],"yoast_head":"<!-- This site is optimized with the Yoast SEO plugin v27.2 - https:\/\/yoast.com\/product\/yoast-seo-wordpress\/ -->\n<title>Om oss - DHR - Boden<\/title>\n<meta name=\"description\" content=\"DHR Boden \u00e4r en politiskt och religi\u00f6st obunden organisation av och f\u00f6r personer med nedsatt r\u00f6relsef\u00f6rm\u00e5ga. Vi arbetar f\u00f6r en \u00f6kad tillg\u00e4nglighet i samh\u00e4llet.\" \/>\n<meta name=\"robots\" content=\"index, follow, max-snippet:-1, max-image-preview:large, max-video-preview:-1\" \/>\n<link rel=\"canonical\" href=\"https:\/\/dhr.se\/boden\/om-dhr-boden\/\" \/>\n<meta property=\"og:locale\" content=\"sv_SE\" \/>\n<meta property=\"og:type\" content=\"article\" \/>\n<meta property=\"og:title\" content=\"Om oss - DHR - Boden\" \/>\n<meta property=\"og:description\" content=\"DHR Boden \u00e4r en politiskt och religi\u00f6st obunden organisation av och f\u00f6r personer med nedsatt r\u00f6relsef\u00f6rm\u00e5ga. Vi arbetar f\u00f6r en \u00f6kad tillg\u00e4nglighet i samh\u00e4llet.\" \/>\n<meta property=\"og:url\" content=\"https:\/\/dhr.se\/boden\/om-dhr-boden\/\" \/>\n<meta property=\"og:site_name\" content=\"DHR - Boden\" \/>\n<meta property=\"article:modified_time\" content=\"2022-02-17T13:17:26+00:00\" \/>\n<meta name=\"twitter:card\" content=\"summary_large_image\" \/>\n<script type=\"application\/ld+json\" class=\"yoast-schema-graph\">{\"@context\":\"https:\/\/schema.org\",\"@graph\":[{\"@type\":\"WebPage\",\"@id\":\"https:\/\/dhr.se\/boden\/om-dhr-boden\/\",\"url\":\"https:\/\/dhr.se\/boden\/om-dhr-boden\/\",\"name\":\"Om oss - DHR - Boden\",\"isPartOf\":{\"@id\":\"https:\/\/dhr.se\/boden\/#website\"},\"datePublished\":\"2019-08-19T09:01:18+00:00\",\"dateModified\":\"2022-02-17T13:17:26+00:00\",\"description\":\"DHR Boden \u00e4r en politiskt och religi\u00f6st obunden organisation av och f\u00f6r personer med nedsatt r\u00f6relsef\u00f6rm\u00e5ga. Vi arbetar f\u00f6r en \u00f6kad tillg\u00e4nglighet i samh\u00e4llet.\",\"breadcrumb\":{\"@id\":\"https:\/\/dhr.se\/boden\/om-dhr-boden\/#breadcrumb\"},\"inLanguage\":\"sv-SE\",\"potentialAction\":[{\"@type\":\"ReadAction\",\"target\":[\"https:\/\/dhr.se\/boden\/om-dhr-boden\/\"]}]},{\"@type\":\"BreadcrumbList\",\"@id\":\"https:\/\/dhr.se\/boden\/om-dhr-boden\/#breadcrumb\",\"itemListElement\":[{\"@type\":\"ListItem\",\"position\":1,\"name\":\"Hem\",\"item\":\"https:\/\/dhr.se\/boden\/\"},{\"@type\":\"ListItem\",\"position\":2,\"name\":\"Om oss\"}]},{\"@type\":\"WebSite\",\"@id\":\"https:\/\/dhr.se\/boden\/#website\",\"url\":\"https:\/\/dhr.se\/boden\/\",\"name\":\"DHR - Boden\",\"description\":\"Delaktighet, r\u00f6relsefrihet och handlingskraft\",\"potentialAction\":[{\"@type\":\"SearchAction\",\"target\":{\"@type\":\"EntryPoint\",\"urlTemplate\":\"https:\/\/dhr.se\/boden\/?s={search_term_string}\"},\"query-input\":{\"@type\":\"PropertyValueSpecification\",\"valueRequired\":true,\"valueName\":\"search_term_string\"}}],\"inLanguage\":\"sv-SE\"}]}<\/script>\n<!-- \/ Yoast SEO plugin. -->","yoast_head_json":{"title":"Om oss - DHR - Boden","description":"DHR Boden \u00e4r en politiskt och religi\u00f6st obunden organisation av och f\u00f6r personer med nedsatt r\u00f6relsef\u00f6rm\u00e5ga. Vi arbetar f\u00f6r en \u00f6kad tillg\u00e4nglighet i samh\u00e4llet.","robots":{"index":"index","follow":"follow","max-snippet":"max-snippet:-1","max-image-preview":"max-image-preview:large","max-video-preview":"max-video-preview:-1"},"canonical":"https:\/\/dhr.se\/boden\/om-dhr-boden\/","og_locale":"sv_SE","og_type":"article","og_title":"Om oss - DHR - Boden","og_description":"DHR Boden \u00e4r en politiskt och religi\u00f6st obunden organisation av och f\u00f6r personer med nedsatt r\u00f6relsef\u00f6rm\u00e5ga. Vi arbetar f\u00f6r en \u00f6kad tillg\u00e4nglighet i samh\u00e4llet.","og_url":"https:\/\/dhr.se\/boden\/om-dhr-boden\/","og_site_name":"DHR - Boden","article_modified_time":"2022-02-17T13:17:26+00:00","twitter_card":"summary_large_image","schema":{"@context":"https:\/\/schema.org","@graph":[{"@type":"WebPage","@id":"https:\/\/dhr.se\/boden\/om-dhr-boden\/","url":"https:\/\/dhr.se\/boden\/om-dhr-boden\/","name":"Om oss - DHR - Boden","isPartOf":{"@id":"https:\/\/dhr.se\/boden\/#website"},"datePublished":"2019-08-19T09:01:18+00:00","dateModified":"2022-02-17T13:17:26+00:00","description":"DHR Boden \u00e4r en politiskt och religi\u00f6st obunden organisation av och f\u00f6r personer med nedsatt r\u00f6relsef\u00f6rm\u00e5ga. Vi arbetar f\u00f6r en \u00f6kad tillg\u00e4nglighet i samh\u00e4llet.","breadcrumb":{"@id":"https:\/\/dhr.se\/boden\/om-dhr-boden\/#breadcrumb"},"inLanguage":"sv-SE","potentialAction":[{"@type":"ReadAction","target":["https:\/\/dhr.se\/boden\/om-dhr-boden\/"]}]},{"@type":"BreadcrumbList","@id":"https:\/\/dhr.se\/boden\/om-dhr-boden\/#breadcrumb","itemListElement":[{"@type":"ListItem","position":1,"name":"Hem","item":"https:\/\/dhr.se\/boden\/"},{"@type":"ListItem","position":2,"name":"Om oss"}]},{"@type":"WebSite","@id":"https:\/\/dhr.se\/boden\/#website","url":"https:\/\/dhr.se\/boden\/","name":"DHR - Boden","description":"Delaktighet, r\u00f6relsefrihet och handlingskraft","potentialAction":[{"@type":"SearchAction","target":{"@type":"EntryPoint","urlTemplate":"https:\/\/dhr.se\/boden\/?s={search_term_string}"},"query-input":{"@type":"PropertyValueSpecification","valueRequired":true,"valueName":"search_term_string"}}],"inLanguage":"sv-SE"}]}},"publishpress_future_workflow_manual_trigger":{"enabledWorkflows":[]},"_links":{"self":[{"href":"https:\/\/dhr.se\/boden\/wp-json\/wp\/v2\/pages\/936","targetHints":{"allow":["GET"]}}],"collection":[{"href":"https:\/\/dhr.se\/boden\/wp-json\/wp\/v2\/pages"}],"about":[{"href":"https:\/\/dhr.se\/boden\/wp-json\/wp\/v2\/types\/page"}],"author":[{"embeddable":true,"href":"https:\/\/dhr.se\/boden\/wp-json\/wp\/v2\/users\/8"}],"replies":[{"embeddable":true,"href":"https:\/\/dhr.se\/boden\/wp-json\/wp\/v2\/comments?post=936"}],"version-history":[{"count":0,"href":"https:\/\/dhr.se\/boden\/wp-json\/wp\/v2\/pages\/936\/revisions"}],"wp:attachment":[{"href":"https:\/\/dhr.se\/boden\/wp-json\/wp\/v2\/media?parent=936"}],"curies":[{"name":"wp","href":"https:\/\/api.w.org\/{rel}","templated":true}]}}