{"id":2038,"date":"2024-09-27T23:16:46","date_gmt":"2024-09-27T21:16:46","guid":{"rendered":"https:\/\/dhr.se\/boras\/?page_id=2038"},"modified":"2024-09-27T23:16:58","modified_gmt":"2024-09-27T21:16:58","slug":"nyheter","status":"publish","type":"page","link":"https:\/\/dhr.se\/boras\/nyheter\/","title":{"rendered":"Nyheter"},"content":{"rendered":"<section class=\"block-all-news\">\n    <div class=\"drivhuset-spinner-overlay\"><div class=\"drivhuset-spinner\"><\/div><\/div>\n    <div class=\"main\">\n        <div class=\"main-inner\">\n            <div id=\"all-news-container\" class=\"flex-container\">\n\n                                        \n                                <div class=\"one-post\">\n                                                                            <a href=\"https:\/\/dhr.se\/boras\/vaffelstuga\/\">\n                                            <img loading=\"lazy\" decoding=\"async\" width=\"543\" height=\"545\" src=\"https:\/\/dhr.se\/boras\/wp-content\/uploads\/sites\/6\/2024\/09\/Vafflor.jpg\" class=\"attachment-post-thumbnail size-post-thumbnail wp-post-image\" alt=\"AI-producerad bild p\u00e5 v\u00e5fflor med tillbeh\u00f6r\" srcset=\"https:\/\/dhr.se\/boras\/wp-content\/uploads\/sites\/6\/2024\/09\/Vafflor.jpg 543w, https:\/\/dhr.se\/boras\/wp-content\/uploads\/sites\/6\/2024\/09\/Vafflor-300x300.jpg 300w, https:\/\/dhr.se\/boras\/wp-content\/uploads\/sites\/6\/2024\/09\/Vafflor-150x150.jpg 150w, https:\/\/dhr.se\/boras\/wp-content\/uploads\/sites\/6\/2024\/09\/Vafflor-50x50.jpg 50w\" sizes=\"auto, (max-width: 543px) 100vw, 543px\" \/>                                        <\/a>\n                                                                        <h3>V\u00e5ffelstuga<\/h3>\n                                    <p class=\"excerpt\">D\u00e5 \u00e4r h\u00f6stens tillf\u00e4llen med v\u00e5ffelservering dragit i g\u00e5ng, V\u00c4LKOMNA b\u00e5de medlemmar och icke medlemmar<\/p>\n\n                                    <a class=\"small-button text-link\" href=\"https:\/\/dhr.se\/boras\/vaffelstuga\/\">L\u00e4s mer<\/a>\n                                <\/div>\n                        \n                                                \n                                <div class=\"one-post\">\n                                                                            <a href=\"https:\/\/dhr.se\/boras\/bussresa-till-halland\/\">\n                                            <img loading=\"lazy\" decoding=\"async\" width=\"2526\" height=\"2560\" src=\"https:\/\/dhr.se\/boras\/wp-content\/uploads\/sites\/6\/2024\/09\/Buss-med-hiss-scaled.jpg\" class=\"attachment-post-thumbnail size-post-thumbnail wp-post-image\" alt=\"Buss med hiss\" srcset=\"https:\/\/dhr.se\/boras\/wp-content\/uploads\/sites\/6\/2024\/09\/Buss-med-hiss-scaled.jpg 2526w, https:\/\/dhr.se\/boras\/wp-content\/uploads\/sites\/6\/2024\/09\/Buss-med-hiss-296x300.jpg 296w, https:\/\/dhr.se\/boras\/wp-content\/uploads\/sites\/6\/2024\/09\/Buss-med-hiss-1011x1024.jpg 1011w, https:\/\/dhr.se\/boras\/wp-content\/uploads\/sites\/6\/2024\/09\/Buss-med-hiss-768x778.jpg 768w, https:\/\/dhr.se\/boras\/wp-content\/uploads\/sites\/6\/2024\/09\/Buss-med-hiss-1516x1536.jpg 1516w, https:\/\/dhr.se\/boras\/wp-content\/uploads\/sites\/6\/2024\/09\/Buss-med-hiss-2021x2048.jpg 2021w, https:\/\/dhr.se\/boras\/wp-content\/uploads\/sites\/6\/2024\/09\/Buss-med-hiss-50x51.jpg 50w, https:\/\/dhr.se\/boras\/wp-content\/uploads\/sites\/6\/2024\/09\/Buss-med-hiss-1600x1621.jpg 1600w\" sizes=\"auto, (max-width: 2526px) 100vw, 2526px\" \/>                                        <\/a>\n                                                                        <h3>Bussresa till Halland<\/h3>\n                                    <p class=\"excerpt\">L\u00f6rdagen 28 september \u00e5ker vi till vackra Halland<\/p>\n\n                                    <a class=\"small-button text-link\" href=\"https:\/\/dhr.se\/boras\/bussresa-till-halland\/\">L\u00e4s mer<\/a>\n                                <\/div>\n                        \n                                                \n                                <div class=\"one-post\">\n                                                                            <a href=\"https:\/\/dhr.se\/boras\/nyhet\/\">\n                                            <img loading=\"lazy\" decoding=\"async\" width=\"2048\" height=\"2048\" src=\"https:\/\/dhr.se\/boras\/wp-content\/uploads\/sites\/6\/2024\/09\/sofforna.jpg\" class=\"attachment-post-thumbnail size-post-thumbnail wp-post-image\" alt=\"Bild p\u00e5 de tv\u00e5 sofforna i lokalen\" srcset=\"https:\/\/dhr.se\/boras\/wp-content\/uploads\/sites\/6\/2024\/09\/sofforna.jpg 2048w, https:\/\/dhr.se\/boras\/wp-content\/uploads\/sites\/6\/2024\/09\/sofforna-300x300.jpg 300w, https:\/\/dhr.se\/boras\/wp-content\/uploads\/sites\/6\/2024\/09\/sofforna-1024x1024.jpg 1024w, https:\/\/dhr.se\/boras\/wp-content\/uploads\/sites\/6\/2024\/09\/sofforna-150x150.jpg 150w, https:\/\/dhr.se\/boras\/wp-content\/uploads\/sites\/6\/2024\/09\/sofforna-768x768.jpg 768w, https:\/\/dhr.se\/boras\/wp-content\/uploads\/sites\/6\/2024\/09\/sofforna-1536x1536.jpg 1536w, https:\/\/dhr.se\/boras\/wp-content\/uploads\/sites\/6\/2024\/09\/sofforna-50x50.jpg 50w, https:\/\/dhr.se\/boras\/wp-content\/uploads\/sites\/6\/2024\/09\/sofforna-1600x1600.jpg 1600w\" sizes=\"auto, (max-width: 2048px) 100vw, 2048px\" \/>                                        <\/a>\n                                                                        <h3>Nya soffgruppen p\u00e5 plats<\/h3>\n                                    <p class=\"excerpt\">V\u00e4lkomna in till lokalen f\u00f6r att provsitta v\u00e5r nya soffh\u00f6rna<\/p>\n\n                                    <a class=\"small-button text-link\" href=\"https:\/\/dhr.se\/boras\/nyhet\/\">L\u00e4s mer<\/a>\n                                <\/div>\n                        \n                           \n            <\/div>\n\n                        \n        <\/div>\n    <\/div>\n<\/section>","protected":false},"excerpt":{"rendered":"","protected":false},"author":81,"featured_media":2051,"parent":0,"menu_order":0,"comment_status":"closed","ping_status":"closed","template":"","meta":{"_acf_changed":false,"_monsterinsights_skip_tracking":false,"_monsterinsights_sitenote_active":false,"_monsterinsights_sitenote_note":"","_monsterinsights_sitenote_category":0,"footnotes":""},"class_list":["post-2038","page","type-page","status-publish","has-post-thumbnail","hentry"],"acf":[],"yoast_head":"<!-- This site is optimized with the Yoast SEO plugin v27.5 - https:\/\/yoast.com\/product\/yoast-seo-wordpress\/ -->\n<title>Nyheter - DHR - Bor\u00e5s<\/title>\n<meta name=\"robots\" content=\"index, follow, max-snippet:-1, max-image-preview:large, max-video-preview:-1\" \/>\n<link rel=\"canonical\" href=\"https:\/\/dhr.se\/boras\/nyheter\/\" \/>\n<meta property=\"og:locale\" content=\"sv_SE\" \/>\n<meta property=\"og:type\" content=\"article\" \/>\n<meta property=\"og:title\" content=\"Nyheter - DHR - Bor\u00e5s\" \/>\n<meta property=\"og:url\" content=\"https:\/\/dhr.se\/boras\/nyheter\/\" \/>\n<meta property=\"og:site_name\" content=\"DHR - Bor\u00e5s\" \/>\n<meta property=\"article:modified_time\" content=\"2024-09-27T21:16:58+00:00\" \/>\n<meta property=\"og:image\" content=\"https:\/\/dhr.se\/boras\/wp-content\/uploads\/sites\/6\/2024\/09\/sofforna.jpg\" \/>\n\t<meta property=\"og:image:width\" content=\"2048\" \/>\n\t<meta property=\"og:image:height\" content=\"2048\" \/>\n\t<meta property=\"og:image:type\" content=\"image\/jpeg\" \/>\n<meta name=\"twitter:card\" content=\"summary_large_image\" \/>\n<meta name=\"twitter:label1\" content=\"Ber\u00e4knad l\u00e4stid\" \/>\n\t<meta name=\"twitter:data1\" content=\"1 minut\" \/>\n<script type=\"application\/ld+json\" class=\"yoast-schema-graph\">{\"@context\":\"https:\\\/\\\/schema.org\",\"@graph\":[{\"@type\":\"WebPage\",\"@id\":\"https:\\\/\\\/dhr.se\\\/boras\\\/nyheter\\\/\",\"url\":\"https:\\\/\\\/dhr.se\\\/boras\\\/nyheter\\\/\",\"name\":\"Nyheter - DHR - Bor\u00e5s\",\"isPartOf\":{\"@id\":\"https:\\\/\\\/dhr.se\\\/boras\\\/#website\"},\"primaryImageOfPage\":{\"@id\":\"https:\\\/\\\/dhr.se\\\/boras\\\/nyheter\\\/#primaryimage\"},\"image\":{\"@id\":\"https:\\\/\\\/dhr.se\\\/boras\\\/nyheter\\\/#primaryimage\"},\"thumbnailUrl\":\"https:\\\/\\\/dhr.se\\\/boras\\\/wp-content\\\/uploads\\\/sites\\\/6\\\/2024\\\/09\\\/sofforna.jpg\",\"datePublished\":\"2024-09-27T21:16:46+00:00\",\"dateModified\":\"2024-09-27T21:16:58+00:00\",\"breadcrumb\":{\"@id\":\"https:\\\/\\\/dhr.se\\\/boras\\\/nyheter\\\/#breadcrumb\"},\"inLanguage\":\"sv-SE\",\"potentialAction\":[{\"@type\":\"ReadAction\",\"target\":[\"https:\\\/\\\/dhr.se\\\/boras\\\/nyheter\\\/\"]}]},{\"@type\":\"ImageObject\",\"inLanguage\":\"sv-SE\",\"@id\":\"https:\\\/\\\/dhr.se\\\/boras\\\/nyheter\\\/#primaryimage\",\"url\":\"https:\\\/\\\/dhr.se\\\/boras\\\/wp-content\\\/uploads\\\/sites\\\/6\\\/2024\\\/09\\\/sofforna.jpg\",\"contentUrl\":\"https:\\\/\\\/dhr.se\\\/boras\\\/wp-content\\\/uploads\\\/sites\\\/6\\\/2024\\\/09\\\/sofforna.jpg\",\"width\":2048,\"height\":2048,\"caption\":\"Bild p\u00e5 de tv\u00e5 sofforna i lokalen\"},{\"@type\":\"BreadcrumbList\",\"@id\":\"https:\\\/\\\/dhr.se\\\/boras\\\/nyheter\\\/#breadcrumb\",\"itemListElement\":[{\"@type\":\"ListItem\",\"position\":1,\"name\":\"Hem\",\"item\":\"https:\\\/\\\/dhr.se\\\/boras\\\/\"},{\"@type\":\"ListItem\",\"position\":2,\"name\":\"Nyheter\"}]},{\"@type\":\"WebSite\",\"@id\":\"https:\\\/\\\/dhr.se\\\/boras\\\/#website\",\"url\":\"https:\\\/\\\/dhr.se\\\/boras\\\/\",\"name\":\"DHR - Bor\u00e5s\",\"description\":\"Delaktighet, r\u00f6relsefrihet och handlingskraft\",\"potentialAction\":[{\"@type\":\"SearchAction\",\"target\":{\"@type\":\"EntryPoint\",\"urlTemplate\":\"https:\\\/\\\/dhr.se\\\/boras\\\/?s={search_term_string}\"},\"query-input\":{\"@type\":\"PropertyValueSpecification\",\"valueRequired\":true,\"valueName\":\"search_term_string\"}}],\"inLanguage\":\"sv-SE\"}]}<\/script>\n<!-- \/ Yoast SEO plugin. -->","yoast_head_json":{"title":"Nyheter - DHR - Bor\u00e5s","robots":{"index":"index","follow":"follow","max-snippet":"max-snippet:-1","max-image-preview":"max-image-preview:large","max-video-preview":"max-video-preview:-1"},"canonical":"https:\/\/dhr.se\/boras\/nyheter\/","og_locale":"sv_SE","og_type":"article","og_title":"Nyheter - DHR - Bor\u00e5s","og_url":"https:\/\/dhr.se\/boras\/nyheter\/","og_site_name":"DHR - Bor\u00e5s","article_modified_time":"2024-09-27T21:16:58+00:00","og_image":[{"width":2048,"height":2048,"url":"https:\/\/dhr.se\/boras\/wp-content\/uploads\/sites\/6\/2024\/09\/sofforna.jpg","type":"image\/jpeg"}],"twitter_card":"summary_large_image","twitter_misc":{"Ber\u00e4knad l\u00e4stid":"1 minut"},"schema":{"@context":"https:\/\/schema.org","@graph":[{"@type":"WebPage","@id":"https:\/\/dhr.se\/boras\/nyheter\/","url":"https:\/\/dhr.se\/boras\/nyheter\/","name":"Nyheter - DHR - Bor\u00e5s","isPartOf":{"@id":"https:\/\/dhr.se\/boras\/#website"},"primaryImageOfPage":{"@id":"https:\/\/dhr.se\/boras\/nyheter\/#primaryimage"},"image":{"@id":"https:\/\/dhr.se\/boras\/nyheter\/#primaryimage"},"thumbnailUrl":"https:\/\/dhr.se\/boras\/wp-content\/uploads\/sites\/6\/2024\/09\/sofforna.jpg","datePublished":"2024-09-27T21:16:46+00:00","dateModified":"2024-09-27T21:16:58+00:00","breadcrumb":{"@id":"https:\/\/dhr.se\/boras\/nyheter\/#breadcrumb"},"inLanguage":"sv-SE","potentialAction":[{"@type":"ReadAction","target":["https:\/\/dhr.se\/boras\/nyheter\/"]}]},{"@type":"ImageObject","inLanguage":"sv-SE","@id":"https:\/\/dhr.se\/boras\/nyheter\/#primaryimage","url":"https:\/\/dhr.se\/boras\/wp-content\/uploads\/sites\/6\/2024\/09\/sofforna.jpg","contentUrl":"https:\/\/dhr.se\/boras\/wp-content\/uploads\/sites\/6\/2024\/09\/sofforna.jpg","width":2048,"height":2048,"caption":"Bild p\u00e5 de tv\u00e5 sofforna i lokalen"},{"@type":"BreadcrumbList","@id":"https:\/\/dhr.se\/boras\/nyheter\/#breadcrumb","itemListElement":[{"@type":"ListItem","position":1,"name":"Hem","item":"https:\/\/dhr.se\/boras\/"},{"@type":"ListItem","position":2,"name":"Nyheter"}]},{"@type":"WebSite","@id":"https:\/\/dhr.se\/boras\/#website","url":"https:\/\/dhr.se\/boras\/","name":"DHR - Bor\u00e5s","description":"Delaktighet, r\u00f6relsefrihet och handlingskraft","potentialAction":[{"@type":"SearchAction","target":{"@type":"EntryPoint","urlTemplate":"https:\/\/dhr.se\/boras\/?s={search_term_string}"},"query-input":{"@type":"PropertyValueSpecification","valueRequired":true,"valueName":"search_term_string"}}],"inLanguage":"sv-SE"}]}},"publishpress_future_action":{"enabled":false,"date":"2026-05-12 06:39:00","action":"change-status","newStatus":"draft","terms":[],"taxonomy":"translation_priority","extraData":[]},"publishpress_future_workflow_manual_trigger":{"enabledWorkflows":[]},"_links":{"self":[{"href":"https:\/\/dhr.se\/boras\/wp-json\/wp\/v2\/pages\/2038","targetHints":{"allow":["GET"]}}],"collection":[{"href":"https:\/\/dhr.se\/boras\/wp-json\/wp\/v2\/pages"}],"about":[{"href":"https:\/\/dhr.se\/boras\/wp-json\/wp\/v2\/types\/page"}],"author":[{"embeddable":true,"href":"https:\/\/dhr.se\/boras\/wp-json\/wp\/v2\/users\/81"}],"replies":[{"embeddable":true,"href":"https:\/\/dhr.se\/boras\/wp-json\/wp\/v2\/comments?post=2038"}],"version-history":[{"count":0,"href":"https:\/\/dhr.se\/boras\/wp-json\/wp\/v2\/pages\/2038\/revisions"}],"wp:featuredmedia":[{"embeddable":true,"href":"https:\/\/dhr.se\/boras\/wp-json\/wp\/v2\/media\/2051"}],"wp:attachment":[{"href":"https:\/\/dhr.se\/boras\/wp-json\/wp\/v2\/media?parent=2038"}],"curies":[{"name":"wp","href":"https:\/\/api.w.org\/{rel}","templated":true}]}}