{"id":754,"date":"2019-08-15T20:18:44","date_gmt":"2019-08-15T18:18:44","guid":{"rendered":"http:\/\/dhr.se\/arboga\/?page_id=754"},"modified":"2024-09-27T18:23:54","modified_gmt":"2024-09-27T16:23:54","slug":"drivhuset-stockholm","status":"publish","type":"page","link":"https:\/\/dhr.se\/boras\/","title":{"rendered":"DHR -Bor\u00e5s"},"content":{"rendered":"<section class=\"block-hero\" style=\"background-image:url(https:\/\/dhr.se\/boras\/wp-content\/uploads\/sites\/6\/2020\/09\/Jogginglopp-med-rullstol-liten.jpg);\">\n\n<video autoplay loop playsinline muted loop>\n    <source src=\"\" type=\"video\/mp4\">\n    Your browser does not support HTML5 video.\n<\/video>\n\n<div class=\"overlay overlay-accent\"><\/div>\n    <div class=\"main\">\n        <div class=\"main-inner\">\n            <p class=\"small-title\"><\/p>\n            <h1> V\u00c4LKOMMEN TILL DHR Bor\u00e5s<\/h1>\n            <p class=\"text\">V\u00e5rt m\u00e5l \u00e4r att alla m\u00e4nniskor ska k\u00e4nna sig v\u00e4lkomna och inkluderade i samh\u00e4llet. V\u00e5r vision \u00e4r ett universellt utformat samh\u00e4lle \u2013 ett j\u00e4mlikt och j\u00e4mst\u00e4llt samh\u00e4lle d\u00e4r varje m\u00e4nniska ses som en tillg\u00e5ng.<br \/>\r\n<br \/>\r\n<\/p>\n\n\n            \n\n\n\n        <\/div>\n    <\/div>\n<\/section>\n\n<section class=\"block-latest-news bright-background\">\n    <div class=\"main\">\n        <div class=\"main-inner\">\n            <div class=\"title\">\n                <h2><\/h2>\n                \n            <\/div>\n            \n            <div class=\"flex-container\">\n\n                                        \n                                <div class=\"one-post\">\n                                                                            <a href=\"https:\/\/dhr.se\/boras\/vaffelstuga\/\">\n                                            <img loading=\"lazy\" decoding=\"async\" width=\"543\" height=\"545\" src=\"https:\/\/dhr.se\/boras\/wp-content\/uploads\/sites\/6\/2024\/09\/Vafflor.jpg\" class=\"attachment-post-thumbnail size-post-thumbnail wp-post-image\" alt=\"AI-producerad bild p\u00e5 v\u00e5fflor med tillbeh\u00f6r\" srcset=\"https:\/\/dhr.se\/boras\/wp-content\/uploads\/sites\/6\/2024\/09\/Vafflor.jpg 543w, https:\/\/dhr.se\/boras\/wp-content\/uploads\/sites\/6\/2024\/09\/Vafflor-300x300.jpg 300w, https:\/\/dhr.se\/boras\/wp-content\/uploads\/sites\/6\/2024\/09\/Vafflor-150x150.jpg 150w, https:\/\/dhr.se\/boras\/wp-content\/uploads\/sites\/6\/2024\/09\/Vafflor-50x50.jpg 50w\" sizes=\"auto, (max-width: 543px) 100vw, 543px\" \/>                                        <\/a>\n                                                                        <h3>V\u00e5ffelstuga<\/h3>\n                                    <!--<p class=\"date\"><\/p> -->\n                                    <p class=\"excerpt\">D\u00e5 \u00e4r h\u00f6stens tillf\u00e4llen med v\u00e5ffelservering dragit i g\u00e5ng, V\u00c4LKOMNA b\u00e5de medlemmar&#8230;<\/p>\n\n                                    <a class=\"small-button text-link\" href=\"https:\/\/dhr.se\/boras\/vaffelstuga\/\">L\u00e4s mer<\/a>\n                                <\/div>\n                        \n                                                \n                                <div class=\"one-post\">\n                                                                            <a href=\"https:\/\/dhr.se\/boras\/bussresa-till-halland\/\">\n                                            <img loading=\"lazy\" decoding=\"async\" width=\"2526\" height=\"2560\" src=\"https:\/\/dhr.se\/boras\/wp-content\/uploads\/sites\/6\/2024\/09\/Buss-med-hiss-scaled.jpg\" class=\"attachment-post-thumbnail size-post-thumbnail wp-post-image\" alt=\"Buss med hiss\" srcset=\"https:\/\/dhr.se\/boras\/wp-content\/uploads\/sites\/6\/2024\/09\/Buss-med-hiss-scaled.jpg 2526w, https:\/\/dhr.se\/boras\/wp-content\/uploads\/sites\/6\/2024\/09\/Buss-med-hiss-296x300.jpg 296w, https:\/\/dhr.se\/boras\/wp-content\/uploads\/sites\/6\/2024\/09\/Buss-med-hiss-1011x1024.jpg 1011w, https:\/\/dhr.se\/boras\/wp-content\/uploads\/sites\/6\/2024\/09\/Buss-med-hiss-768x778.jpg 768w, https:\/\/dhr.se\/boras\/wp-content\/uploads\/sites\/6\/2024\/09\/Buss-med-hiss-1516x1536.jpg 1516w, https:\/\/dhr.se\/boras\/wp-content\/uploads\/sites\/6\/2024\/09\/Buss-med-hiss-2021x2048.jpg 2021w, https:\/\/dhr.se\/boras\/wp-content\/uploads\/sites\/6\/2024\/09\/Buss-med-hiss-50x51.jpg 50w, https:\/\/dhr.se\/boras\/wp-content\/uploads\/sites\/6\/2024\/09\/Buss-med-hiss-1600x1621.jpg 1600w\" sizes=\"auto, (max-width: 2526px) 100vw, 2526px\" \/>                                        <\/a>\n                                                                        <h3>Bussresa till Halland<\/h3>\n                                    <!--<p class=\"date\"><\/p> -->\n                                    <p class=\"excerpt\">L\u00f6rdagen 28 september \u00e5ker vi till vackra Halland<\/p>\n\n                                    <a class=\"small-button text-link\" href=\"https:\/\/dhr.se\/boras\/bussresa-till-halland\/\">L\u00e4s mer<\/a>\n                                <\/div>\n                        \n                                                \n                                <div class=\"one-post\">\n                                                                            <a href=\"https:\/\/dhr.se\/boras\/nyhet\/\">\n                                            <img loading=\"lazy\" decoding=\"async\" width=\"2048\" height=\"2048\" src=\"https:\/\/dhr.se\/boras\/wp-content\/uploads\/sites\/6\/2024\/09\/sofforna.jpg\" class=\"attachment-post-thumbnail size-post-thumbnail wp-post-image\" alt=\"Bild p\u00e5 de tv\u00e5 sofforna i lokalen\" srcset=\"https:\/\/dhr.se\/boras\/wp-content\/uploads\/sites\/6\/2024\/09\/sofforna.jpg 2048w, https:\/\/dhr.se\/boras\/wp-content\/uploads\/sites\/6\/2024\/09\/sofforna-300x300.jpg 300w, https:\/\/dhr.se\/boras\/wp-content\/uploads\/sites\/6\/2024\/09\/sofforna-1024x1024.jpg 1024w, https:\/\/dhr.se\/boras\/wp-content\/uploads\/sites\/6\/2024\/09\/sofforna-150x150.jpg 150w, https:\/\/dhr.se\/boras\/wp-content\/uploads\/sites\/6\/2024\/09\/sofforna-768x768.jpg 768w, https:\/\/dhr.se\/boras\/wp-content\/uploads\/sites\/6\/2024\/09\/sofforna-1536x1536.jpg 1536w, https:\/\/dhr.se\/boras\/wp-content\/uploads\/sites\/6\/2024\/09\/sofforna-50x50.jpg 50w, https:\/\/dhr.se\/boras\/wp-content\/uploads\/sites\/6\/2024\/09\/sofforna-1600x1600.jpg 1600w\" sizes=\"auto, (max-width: 2048px) 100vw, 2048px\" \/>                                        <\/a>\n                                                                        <h3>Nya soffgruppen p\u00e5 plats<\/h3>\n                                    <!--<p class=\"date\"><\/p> -->\n                                    <p class=\"excerpt\">V\u00e4lkomna in till lokalen f\u00f6r att provsitta v\u00e5r nya soffh\u00f6rna<\/p>\n\n                                    <a class=\"small-button text-link\" href=\"https:\/\/dhr.se\/boras\/nyhet\/\">L\u00e4s mer<\/a>\n                                <\/div>\n                        \n                           \n            <\/div>\n\n                        \n        <\/div>\n    <\/div>\n<\/section>\n\n<section class=\"block-image-and-text left white\">\n    <div class=\"main\">\n        <div class=\"main-inner\">\n            <div class=\"left-col\" style=\"background-image: url(https:\/\/dhr.se\/boras\/wp-content\/uploads\/sites\/6\/2021\/02\/wheelchair-4482537_1920_foto_codipunnett.jpg);\"><\/div>\n\n            <div class=\"right-col\">\n                <h2>Om oss<\/h2>\n                <p class=\"text\">Vi arbetar med p\u00e5verkansarbete lokalt, samt anordnar medlemstr\u00e4ffar, f\u00f6rel\u00e4sningar med mera. V\u00e5r fr\u00e4msta m\u00e5lgrupp \u00e4r personer med en nedsatt r\u00f6relsef\u00f6rm\u00e5ga, men alla som tycker att m\u00e4nskliga r\u00e4ttigheter, tillg\u00e4nglighet och funktionshinderpolitik \u00e4r viktigt \u00e4r v\u00e4lkomna att bli medlemmar.<br \/>\r\n<br \/>\r\nVill du veta mer? Kontakta oss p\u00e5 telefon: 033-12 35 57 eller mejla till <a href=\"mailto:boras@dhr.se\">boras@dhr.se<\/a><br \/>\r\n<\/p>\n\n                                    <a class=\"button big accent\" href=\"http:\/\/dhr.se\/\" target=\"_blank\">L\u00e4s mer om DHR<\/a>\n                            <\/div>\n\n        <\/div>\n    <\/div>\n<\/section>\n\n<section class=\"block-textbox\" style=\"background-image:url(https:\/\/dhr.se\/boras\/wp-content\/uploads\/sites\/6\/2020\/03\/Kvinna-med-ljust-l\u00e5ngt-h\u00e5r-tittar-in-i-kameran-Botaniska.jpg);\">\n    <div class=\"main\">\n        <div class=\"main-inner\">\n\n                <div class=\"text-container\">\n                    <h2>Bli medlem i DHR<\/h2>\n                    <p>Under DHR:s snart 100 \u00e5r (vi fyller \u00e5r 2023) har villkoren f\u00f6r personer med nedsatt r\u00f6relsef\u00f6rm\u00e5ga sj\u00e4lvklart f\u00f6rb\u00e4ttrats. Men nu b\u00f6rjar det bl\u00e5sa kallt igen, och behovet av en stark funktionshinderr\u00f6relse \u00e4r st\u00f6rre \u00e4n p\u00e5 m\u00e5nga \u00e5r. Den personliga assistansen \u00e4r ifr\u00e5gasatt, parkeringstillst\u00e5nd dras in och det sn\u00e5las p\u00e5 bilst\u00f6d. Vi h\u00f6r till och med \u00e5sikter om att det borde inf\u00f6ras institutioner igen. D\u00e4rf\u00f6r beh\u00f6vs ocks\u00e5 du som medlem!<br \/>\r\n<br \/>\r\nSom medlem i DHR kan du tillsammans med andra medlemmar p\u00e5verka att samh\u00e4llet blir mer j\u00e4mlikt och j\u00e4mst\u00e4llt. Tillsammans med andra medlemmar kan du ocks\u00e5 delta i fritidsaktiviteter, kamratst\u00f6d och social gemenskap.<\/p>\n\n                                            <a class=\"button big accent\" href=\"https:\/\/sbtdhr.mysoft.no\/modules\/blimedlem\/blimedlem.aspx\" target=\"_self\">Medlemsans\u00f6kan<\/a>\n                    \n                <\/div>\n\n        <\/div>\n    <\/div>\n<\/section>","protected":false},"excerpt":{"rendered":"","protected":false},"author":4,"featured_media":0,"parent":0,"menu_order":0,"comment_status":"closed","ping_status":"closed","template":"","meta":{"_acf_changed":false,"_monsterinsights_skip_tracking":false,"_monsterinsights_sitenote_active":false,"_monsterinsights_sitenote_note":"","_monsterinsights_sitenote_category":0,"footnotes":""},"class_list":["post-754","page","type-page","status-publish","hentry"],"acf":[],"yoast_head":"<!-- This site is optimized with the Yoast SEO plugin v27.2 - https:\/\/yoast.com\/product\/yoast-seo-wordpress\/ -->\n<title>DHR -Bor\u00e5s - DHR - Bor\u00e5s<\/title>\n<meta name=\"description\" content=\"Vi \u00e4r en politiskt och religi\u00f6st obunden organisation av och f\u00f6r personer med nedsatt r\u00f6relsef\u00f6rm\u00e5ga. V\u00e5r utg\u00e5ngspunkt f\u00f6r det r\u00e4ttighetspolitiska arbetet \u00e4r Konventionen om r\u00e4ttigheter f\u00f6r personer med funktionsneds\u00e4ttning.\" \/>\n<meta name=\"robots\" content=\"index, follow, max-snippet:-1, max-image-preview:large, max-video-preview:-1\" \/>\n<link rel=\"canonical\" href=\"https:\/\/dhr.se\/boras\/\" \/>\n<meta property=\"og:locale\" content=\"sv_SE\" \/>\n<meta property=\"og:type\" content=\"article\" \/>\n<meta property=\"og:title\" content=\"DHR -Bor\u00e5s - DHR - Bor\u00e5s\" \/>\n<meta property=\"og:description\" content=\"Vi \u00e4r en politiskt och religi\u00f6st obunden organisation av och f\u00f6r personer med nedsatt r\u00f6relsef\u00f6rm\u00e5ga. V\u00e5r utg\u00e5ngspunkt f\u00f6r det r\u00e4ttighetspolitiska arbetet \u00e4r Konventionen om r\u00e4ttigheter f\u00f6r personer med funktionsneds\u00e4ttning.\" \/>\n<meta property=\"og:url\" content=\"https:\/\/dhr.se\/boras\/\" \/>\n<meta property=\"og:site_name\" content=\"DHR - Bor\u00e5s\" \/>\n<meta property=\"article:modified_time\" content=\"2024-09-27T16:23:54+00:00\" \/>\n<meta name=\"twitter:card\" content=\"summary_large_image\" \/>\n<script type=\"application\/ld+json\" class=\"yoast-schema-graph\">{\"@context\":\"https:\/\/schema.org\",\"@graph\":[{\"@type\":\"WebPage\",\"@id\":\"https:\/\/dhr.se\/boras\/\",\"url\":\"https:\/\/dhr.se\/boras\/\",\"name\":\"DHR -Bor\u00e5s - DHR - Bor\u00e5s\",\"isPartOf\":{\"@id\":\"https:\/\/dhr.se\/boras\/#website\"},\"datePublished\":\"2019-08-15T18:18:44+00:00\",\"dateModified\":\"2024-09-27T16:23:54+00:00\",\"description\":\"Vi \u00e4r en politiskt och religi\u00f6st obunden organisation av och f\u00f6r personer med nedsatt r\u00f6relsef\u00f6rm\u00e5ga. V\u00e5r utg\u00e5ngspunkt f\u00f6r det r\u00e4ttighetspolitiska arbetet \u00e4r Konventionen om r\u00e4ttigheter f\u00f6r personer med funktionsneds\u00e4ttning.\",\"breadcrumb\":{\"@id\":\"https:\/\/dhr.se\/boras\/#breadcrumb\"},\"inLanguage\":\"sv-SE\",\"potentialAction\":[{\"@type\":\"ReadAction\",\"target\":[\"https:\/\/dhr.se\/boras\/\"]}]},{\"@type\":\"BreadcrumbList\",\"@id\":\"https:\/\/dhr.se\/boras\/#breadcrumb\",\"itemListElement\":[{\"@type\":\"ListItem\",\"position\":1,\"name\":\"Hem\",\"item\":\"https:\/\/dhr.se\/boras\/\"},{\"@type\":\"ListItem\",\"position\":2,\"name\":\"DHR -Bor\u00e5s\"}]},{\"@type\":\"WebSite\",\"@id\":\"https:\/\/dhr.se\/boras\/#website\",\"url\":\"https:\/\/dhr.se\/boras\/\",\"name\":\"DHR - Bor\u00e5s\",\"description\":\"Delaktighet, r\u00f6relsefrihet och handlingskraft\",\"potentialAction\":[{\"@type\":\"SearchAction\",\"target\":{\"@type\":\"EntryPoint\",\"urlTemplate\":\"https:\/\/dhr.se\/boras\/?s={search_term_string}\"},\"query-input\":{\"@type\":\"PropertyValueSpecification\",\"valueRequired\":true,\"valueName\":\"search_term_string\"}}],\"inLanguage\":\"sv-SE\"}]}<\/script>\n<!-- \/ Yoast SEO plugin. -->","yoast_head_json":{"title":"DHR -Bor\u00e5s - DHR - Bor\u00e5s","description":"Vi \u00e4r en politiskt och religi\u00f6st obunden organisation av och f\u00f6r personer med nedsatt r\u00f6relsef\u00f6rm\u00e5ga. V\u00e5r utg\u00e5ngspunkt f\u00f6r det r\u00e4ttighetspolitiska arbetet \u00e4r Konventionen om r\u00e4ttigheter f\u00f6r personer med funktionsneds\u00e4ttning.","robots":{"index":"index","follow":"follow","max-snippet":"max-snippet:-1","max-image-preview":"max-image-preview:large","max-video-preview":"max-video-preview:-1"},"canonical":"https:\/\/dhr.se\/boras\/","og_locale":"sv_SE","og_type":"article","og_title":"DHR -Bor\u00e5s - DHR - Bor\u00e5s","og_description":"Vi \u00e4r en politiskt och religi\u00f6st obunden organisation av och f\u00f6r personer med nedsatt r\u00f6relsef\u00f6rm\u00e5ga. V\u00e5r utg\u00e5ngspunkt f\u00f6r det r\u00e4ttighetspolitiska arbetet \u00e4r Konventionen om r\u00e4ttigheter f\u00f6r personer med funktionsneds\u00e4ttning.","og_url":"https:\/\/dhr.se\/boras\/","og_site_name":"DHR - Bor\u00e5s","article_modified_time":"2024-09-27T16:23:54+00:00","twitter_card":"summary_large_image","schema":{"@context":"https:\/\/schema.org","@graph":[{"@type":"WebPage","@id":"https:\/\/dhr.se\/boras\/","url":"https:\/\/dhr.se\/boras\/","name":"DHR -Bor\u00e5s - DHR - Bor\u00e5s","isPartOf":{"@id":"https:\/\/dhr.se\/boras\/#website"},"datePublished":"2019-08-15T18:18:44+00:00","dateModified":"2024-09-27T16:23:54+00:00","description":"Vi \u00e4r en politiskt och religi\u00f6st obunden organisation av och f\u00f6r personer med nedsatt r\u00f6relsef\u00f6rm\u00e5ga. V\u00e5r utg\u00e5ngspunkt f\u00f6r det r\u00e4ttighetspolitiska arbetet \u00e4r Konventionen om r\u00e4ttigheter f\u00f6r personer med funktionsneds\u00e4ttning.","breadcrumb":{"@id":"https:\/\/dhr.se\/boras\/#breadcrumb"},"inLanguage":"sv-SE","potentialAction":[{"@type":"ReadAction","target":["https:\/\/dhr.se\/boras\/"]}]},{"@type":"BreadcrumbList","@id":"https:\/\/dhr.se\/boras\/#breadcrumb","itemListElement":[{"@type":"ListItem","position":1,"name":"Hem","item":"https:\/\/dhr.se\/boras\/"},{"@type":"ListItem","position":2,"name":"DHR -Bor\u00e5s"}]},{"@type":"WebSite","@id":"https:\/\/dhr.se\/boras\/#website","url":"https:\/\/dhr.se\/boras\/","name":"DHR - Bor\u00e5s","description":"Delaktighet, r\u00f6relsefrihet och handlingskraft","potentialAction":[{"@type":"SearchAction","target":{"@type":"EntryPoint","urlTemplate":"https:\/\/dhr.se\/boras\/?s={search_term_string}"},"query-input":{"@type":"PropertyValueSpecification","valueRequired":true,"valueName":"search_term_string"}}],"inLanguage":"sv-SE"}]}},"publishpress_future_action":{"enabled":false,"date":"2026-04-18 21:00:58","action":"change-status","newStatus":"draft","terms":[],"taxonomy":"translation_priority","extraData":[]},"publishpress_future_workflow_manual_trigger":{"enabledWorkflows":[]},"_links":{"self":[{"href":"https:\/\/dhr.se\/boras\/wp-json\/wp\/v2\/pages\/754","targetHints":{"allow":["GET"]}}],"collection":[{"href":"https:\/\/dhr.se\/boras\/wp-json\/wp\/v2\/pages"}],"about":[{"href":"https:\/\/dhr.se\/boras\/wp-json\/wp\/v2\/types\/page"}],"author":[{"embeddable":true,"href":"https:\/\/dhr.se\/boras\/wp-json\/wp\/v2\/users\/4"}],"replies":[{"embeddable":true,"href":"https:\/\/dhr.se\/boras\/wp-json\/wp\/v2\/comments?post=754"}],"version-history":[{"count":0,"href":"https:\/\/dhr.se\/boras\/wp-json\/wp\/v2\/pages\/754\/revisions"}],"wp:attachment":[{"href":"https:\/\/dhr.se\/boras\/wp-json\/wp\/v2\/media?parent=754"}],"curies":[{"name":"wp","href":"https:\/\/api.w.org\/{rel}","templated":true}]}}