{"id":2101,"date":"2021-09-22T10:54:23","date_gmt":"2021-09-22T08:54:23","guid":{"rendered":"https:\/\/dhr.se\/botkyrka-salem\/?page_id=2101"},"modified":"2022-01-17T13:54:14","modified_gmt":"2022-01-17T12:54:14","slug":"om-oss","status":"publish","type":"page","link":"https:\/\/dhr.se\/botkyrka-salem\/om-oss\/","title":{"rendered":"Om oss"},"content":{"rendered":"<section class=\"block-image-and-text left white\">\n    <div class=\"main\">\n        <div class=\"main-inner\">\n            <div class=\"left-col\" style=\"background-image: url();\"><\/div>\n\n            <div class=\"right-col\">\n                <h2>Om Oss<\/h2>\n                <p class=\"text\">DHR Botkyrka-Salem \u00e4r en organisation av och f\u00f6r personer med  nedsatt r\u00f6relsef\u00f6rm\u00e5ga.<br \/>\r\nVi bevakar och arbetar med fr\u00e5gor inom kommunerna Botkyrka och Salem. Kommunala fr\u00e5gor \u00e4r t.ex. personlig service (hemtj\u00e4nst), ledsagning, tillg\u00e4nglig milj\u00f6.<br \/>\r\n<br \/>\r\nRegionala fr\u00e5gor s\u00e5som hj\u00e4lpmedel och f\u00e4rdtj\u00e4nst bevakas av DHR Stockholms l\u00e4ns distrikt<br \/>\r\n<br \/>\r\n<\/p>\n\n                                    <a class=\"button big accent\" href=\"mailto:%20botkyrka-salem@dhr.se\" target=\"_blank\">botkyrka-salem@dhr.se<\/a>\n                            <\/div>\n\n        <\/div>\n    <\/div>\n<\/section>","protected":false},"excerpt":{"rendered":"","protected":false},"author":1,"featured_media":0,"parent":0,"menu_order":0,"comment_status":"closed","ping_status":"closed","template":"","meta":{"_acf_changed":false,"_monsterinsights_skip_tracking":false,"_monsterinsights_sitenote_active":false,"_monsterinsights_sitenote_note":"","_monsterinsights_sitenote_category":0,"footnotes":""},"class_list":["post-2101","page","type-page","status-publish","hentry"],"acf":[],"yoast_head":"<!-- This site is optimized with the Yoast SEO plugin v27.2 - https:\/\/yoast.com\/product\/yoast-seo-wordpress\/ -->\n<title>Om oss - DHR - Botkyrka - Salem<\/title>\n<meta name=\"robots\" content=\"index, follow, max-snippet:-1, max-image-preview:large, max-video-preview:-1\" \/>\n<link rel=\"canonical\" href=\"https:\/\/dhr.se\/botkyrka-salem\/om-oss\/\" \/>\n<meta property=\"og:locale\" content=\"sv_SE\" \/>\n<meta property=\"og:type\" content=\"article\" \/>\n<meta property=\"og:title\" content=\"Om oss - DHR - Botkyrka - Salem\" \/>\n<meta property=\"og:url\" content=\"https:\/\/dhr.se\/botkyrka-salem\/om-oss\/\" \/>\n<meta property=\"og:site_name\" content=\"DHR - Botkyrka - Salem\" \/>\n<meta property=\"article:modified_time\" content=\"2022-01-17T12:54:14+00:00\" \/>\n<meta name=\"twitter:card\" content=\"summary_large_image\" \/>\n<script type=\"application\/ld+json\" class=\"yoast-schema-graph\">{\"@context\":\"https:\/\/schema.org\",\"@graph\":[{\"@type\":\"WebPage\",\"@id\":\"https:\/\/dhr.se\/botkyrka-salem\/om-oss\/\",\"url\":\"https:\/\/dhr.se\/botkyrka-salem\/om-oss\/\",\"name\":\"Om oss - DHR - Botkyrka - Salem\",\"isPartOf\":{\"@id\":\"https:\/\/dhr.se\/botkyrka-salem\/#website\"},\"datePublished\":\"2021-09-22T08:54:23+00:00\",\"dateModified\":\"2022-01-17T12:54:14+00:00\",\"breadcrumb\":{\"@id\":\"https:\/\/dhr.se\/botkyrka-salem\/om-oss\/#breadcrumb\"},\"inLanguage\":\"sv-SE\",\"potentialAction\":[{\"@type\":\"ReadAction\",\"target\":[\"https:\/\/dhr.se\/botkyrka-salem\/om-oss\/\"]}]},{\"@type\":\"BreadcrumbList\",\"@id\":\"https:\/\/dhr.se\/botkyrka-salem\/om-oss\/#breadcrumb\",\"itemListElement\":[{\"@type\":\"ListItem\",\"position\":1,\"name\":\"Hem\",\"item\":\"https:\/\/dhr.se\/botkyrka-salem\/\"},{\"@type\":\"ListItem\",\"position\":2,\"name\":\"Om oss\"}]},{\"@type\":\"WebSite\",\"@id\":\"https:\/\/dhr.se\/botkyrka-salem\/#website\",\"url\":\"https:\/\/dhr.se\/botkyrka-salem\/\",\"name\":\"DHR - Botkyrka - Salem\",\"description\":\"Delaktighet, r\u00f6relsefrihet och handlingskraft\",\"potentialAction\":[{\"@type\":\"SearchAction\",\"target\":{\"@type\":\"EntryPoint\",\"urlTemplate\":\"https:\/\/dhr.se\/botkyrka-salem\/?s={search_term_string}\"},\"query-input\":{\"@type\":\"PropertyValueSpecification\",\"valueRequired\":true,\"valueName\":\"search_term_string\"}}],\"inLanguage\":\"sv-SE\"}]}<\/script>\n<!-- \/ Yoast SEO plugin. -->","yoast_head_json":{"title":"Om oss - DHR - Botkyrka - Salem","robots":{"index":"index","follow":"follow","max-snippet":"max-snippet:-1","max-image-preview":"max-image-preview:large","max-video-preview":"max-video-preview:-1"},"canonical":"https:\/\/dhr.se\/botkyrka-salem\/om-oss\/","og_locale":"sv_SE","og_type":"article","og_title":"Om oss - DHR - Botkyrka - Salem","og_url":"https:\/\/dhr.se\/botkyrka-salem\/om-oss\/","og_site_name":"DHR - Botkyrka - Salem","article_modified_time":"2022-01-17T12:54:14+00:00","twitter_card":"summary_large_image","schema":{"@context":"https:\/\/schema.org","@graph":[{"@type":"WebPage","@id":"https:\/\/dhr.se\/botkyrka-salem\/om-oss\/","url":"https:\/\/dhr.se\/botkyrka-salem\/om-oss\/","name":"Om oss - DHR - Botkyrka - Salem","isPartOf":{"@id":"https:\/\/dhr.se\/botkyrka-salem\/#website"},"datePublished":"2021-09-22T08:54:23+00:00","dateModified":"2022-01-17T12:54:14+00:00","breadcrumb":{"@id":"https:\/\/dhr.se\/botkyrka-salem\/om-oss\/#breadcrumb"},"inLanguage":"sv-SE","potentialAction":[{"@type":"ReadAction","target":["https:\/\/dhr.se\/botkyrka-salem\/om-oss\/"]}]},{"@type":"BreadcrumbList","@id":"https:\/\/dhr.se\/botkyrka-salem\/om-oss\/#breadcrumb","itemListElement":[{"@type":"ListItem","position":1,"name":"Hem","item":"https:\/\/dhr.se\/botkyrka-salem\/"},{"@type":"ListItem","position":2,"name":"Om oss"}]},{"@type":"WebSite","@id":"https:\/\/dhr.se\/botkyrka-salem\/#website","url":"https:\/\/dhr.se\/botkyrka-salem\/","name":"DHR - Botkyrka - Salem","description":"Delaktighet, r\u00f6relsefrihet och handlingskraft","potentialAction":[{"@type":"SearchAction","target":{"@type":"EntryPoint","urlTemplate":"https:\/\/dhr.se\/botkyrka-salem\/?s={search_term_string}"},"query-input":{"@type":"PropertyValueSpecification","valueRequired":true,"valueName":"search_term_string"}}],"inLanguage":"sv-SE"}]}},"publishpress_future_workflow_manual_trigger":{"enabledWorkflows":[]},"_links":{"self":[{"href":"https:\/\/dhr.se\/botkyrka-salem\/wp-json\/wp\/v2\/pages\/2101","targetHints":{"allow":["GET"]}}],"collection":[{"href":"https:\/\/dhr.se\/botkyrka-salem\/wp-json\/wp\/v2\/pages"}],"about":[{"href":"https:\/\/dhr.se\/botkyrka-salem\/wp-json\/wp\/v2\/types\/page"}],"author":[{"embeddable":true,"href":"https:\/\/dhr.se\/botkyrka-salem\/wp-json\/wp\/v2\/users\/1"}],"replies":[{"embeddable":true,"href":"https:\/\/dhr.se\/botkyrka-salem\/wp-json\/wp\/v2\/comments?post=2101"}],"version-history":[{"count":0,"href":"https:\/\/dhr.se\/botkyrka-salem\/wp-json\/wp\/v2\/pages\/2101\/revisions"}],"wp:attachment":[{"href":"https:\/\/dhr.se\/botkyrka-salem\/wp-json\/wp\/v2\/media?parent=2101"}],"curies":[{"name":"wp","href":"https:\/\/api.w.org\/{rel}","templated":true}]}}