{"id":2222,"date":"2021-11-30T16:02:04","date_gmt":"2021-11-30T15:02:04","guid":{"rendered":"https:\/\/dhr.se\/botkyrka-salem\/?page_id=2222"},"modified":"2022-01-26T18:27:29","modified_gmt":"2022-01-26T17:27:29","slug":"medlemsbrev","status":"publish","type":"page","link":"https:\/\/dhr.se\/botkyrka-salem\/medlemsbrev\/","title":{"rendered":"Medlemsbrev"},"content":{"rendered":"<section class=\"block-simple-text\">\n    <div class=\"main\">\n        <div class=\"main-inner\">\n            <div class=\"ingress text-darker\"><p>H\u00e4r kan du l\u00e4sa information till medlemmar i DHR Botkyrka-Salemavdelningen som s\u00e4nts via post eller e-post.<\/p>\n<p>H\u00f6r g\u00e4rna av dig till oss om du brinner f\u00f6r n\u00e5gon fr\u00e5ga och som du tycker att vi ska arbeta med.<\/p>\n<p>E-post:&nbsp;<a href=\"mailto:botkyrka-salem@dhr.se\" data-mce-href=\"mailto: botkyrka-salem@dhr.se\">botkyrka-salem@dhr.se<\/a><br \/>Tfn: 08 &#8211; 120 556 80 DHR Region Stockholm<\/p>\n<p><\/p>\n<\/div>\n            <div class=\"content\"><p><a href=\"https:\/\/dhr.se\/botkyrka-salem\/wp-content\/uploads\/sites\/65\/2021\/11\/Medlemsbrev-2021-11-16.pdf\">Medlemsbrev 1.2021<\/a><\/p>\n<p><a href=\"https:\/\/dhr.se\/botkyrka-salem\/wp-content\/uploads\/sites\/65\/2021\/12\/Medlemsbrev-december-1.pdf\">Medlemsbrev 2.2021<\/a><\/p>\n<p><a href=\"https:\/\/dhr.se\/botkyrka-salem\/wp-content\/uploads\/sites\/65\/2022\/01\/Medlemsbrev-1.2022.pdf\">Medlemsbrev 1.2022<\/a><\/p>\n<\/div>\n        <\/div>\n    <\/div>\n<\/section>","protected":false},"excerpt":{"rendered":"","protected":false},"author":63,"featured_media":0,"parent":0,"menu_order":0,"comment_status":"closed","ping_status":"closed","template":"","meta":{"_acf_changed":false,"_monsterinsights_skip_tracking":false,"_monsterinsights_sitenote_active":false,"_monsterinsights_sitenote_note":"","_monsterinsights_sitenote_category":0,"footnotes":""},"class_list":["post-2222","page","type-page","status-publish","hentry"],"acf":[],"yoast_head":"<!-- This site is optimized with the Yoast SEO plugin v27.2 - https:\/\/yoast.com\/product\/yoast-seo-wordpress\/ -->\n<title>Medlemsbrev - DHR - Botkyrka - Salem<\/title>\n<meta name=\"robots\" content=\"index, follow, max-snippet:-1, max-image-preview:large, max-video-preview:-1\" \/>\n<link rel=\"canonical\" href=\"https:\/\/dhr.se\/botkyrka-salem\/medlemsbrev\/\" \/>\n<meta property=\"og:locale\" content=\"sv_SE\" \/>\n<meta property=\"og:type\" content=\"article\" \/>\n<meta property=\"og:title\" content=\"Medlemsbrev - DHR - Botkyrka - Salem\" \/>\n<meta property=\"og:url\" content=\"https:\/\/dhr.se\/botkyrka-salem\/medlemsbrev\/\" \/>\n<meta property=\"og:site_name\" content=\"DHR - Botkyrka - Salem\" \/>\n<meta property=\"article:modified_time\" content=\"2022-01-26T17:27:29+00:00\" \/>\n<meta name=\"twitter:card\" content=\"summary_large_image\" \/>\n<script type=\"application\/ld+json\" class=\"yoast-schema-graph\">{\"@context\":\"https:\/\/schema.org\",\"@graph\":[{\"@type\":\"WebPage\",\"@id\":\"https:\/\/dhr.se\/botkyrka-salem\/medlemsbrev\/\",\"url\":\"https:\/\/dhr.se\/botkyrka-salem\/medlemsbrev\/\",\"name\":\"Medlemsbrev - DHR - Botkyrka - Salem\",\"isPartOf\":{\"@id\":\"https:\/\/dhr.se\/botkyrka-salem\/#website\"},\"datePublished\":\"2021-11-30T15:02:04+00:00\",\"dateModified\":\"2022-01-26T17:27:29+00:00\",\"breadcrumb\":{\"@id\":\"https:\/\/dhr.se\/botkyrka-salem\/medlemsbrev\/#breadcrumb\"},\"inLanguage\":\"sv-SE\",\"potentialAction\":[{\"@type\":\"ReadAction\",\"target\":[\"https:\/\/dhr.se\/botkyrka-salem\/medlemsbrev\/\"]}]},{\"@type\":\"BreadcrumbList\",\"@id\":\"https:\/\/dhr.se\/botkyrka-salem\/medlemsbrev\/#breadcrumb\",\"itemListElement\":[{\"@type\":\"ListItem\",\"position\":1,\"name\":\"Hem\",\"item\":\"https:\/\/dhr.se\/botkyrka-salem\/\"},{\"@type\":\"ListItem\",\"position\":2,\"name\":\"Medlemsbrev\"}]},{\"@type\":\"WebSite\",\"@id\":\"https:\/\/dhr.se\/botkyrka-salem\/#website\",\"url\":\"https:\/\/dhr.se\/botkyrka-salem\/\",\"name\":\"DHR - Botkyrka - Salem\",\"description\":\"Delaktighet, r\u00f6relsefrihet och handlingskraft\",\"potentialAction\":[{\"@type\":\"SearchAction\",\"target\":{\"@type\":\"EntryPoint\",\"urlTemplate\":\"https:\/\/dhr.se\/botkyrka-salem\/?s={search_term_string}\"},\"query-input\":{\"@type\":\"PropertyValueSpecification\",\"valueRequired\":true,\"valueName\":\"search_term_string\"}}],\"inLanguage\":\"sv-SE\"}]}<\/script>\n<!-- \/ Yoast SEO plugin. -->","yoast_head_json":{"title":"Medlemsbrev - DHR - Botkyrka - Salem","robots":{"index":"index","follow":"follow","max-snippet":"max-snippet:-1","max-image-preview":"max-image-preview:large","max-video-preview":"max-video-preview:-1"},"canonical":"https:\/\/dhr.se\/botkyrka-salem\/medlemsbrev\/","og_locale":"sv_SE","og_type":"article","og_title":"Medlemsbrev - DHR - Botkyrka - Salem","og_url":"https:\/\/dhr.se\/botkyrka-salem\/medlemsbrev\/","og_site_name":"DHR - Botkyrka - Salem","article_modified_time":"2022-01-26T17:27:29+00:00","twitter_card":"summary_large_image","schema":{"@context":"https:\/\/schema.org","@graph":[{"@type":"WebPage","@id":"https:\/\/dhr.se\/botkyrka-salem\/medlemsbrev\/","url":"https:\/\/dhr.se\/botkyrka-salem\/medlemsbrev\/","name":"Medlemsbrev - DHR - Botkyrka - Salem","isPartOf":{"@id":"https:\/\/dhr.se\/botkyrka-salem\/#website"},"datePublished":"2021-11-30T15:02:04+00:00","dateModified":"2022-01-26T17:27:29+00:00","breadcrumb":{"@id":"https:\/\/dhr.se\/botkyrka-salem\/medlemsbrev\/#breadcrumb"},"inLanguage":"sv-SE","potentialAction":[{"@type":"ReadAction","target":["https:\/\/dhr.se\/botkyrka-salem\/medlemsbrev\/"]}]},{"@type":"BreadcrumbList","@id":"https:\/\/dhr.se\/botkyrka-salem\/medlemsbrev\/#breadcrumb","itemListElement":[{"@type":"ListItem","position":1,"name":"Hem","item":"https:\/\/dhr.se\/botkyrka-salem\/"},{"@type":"ListItem","position":2,"name":"Medlemsbrev"}]},{"@type":"WebSite","@id":"https:\/\/dhr.se\/botkyrka-salem\/#website","url":"https:\/\/dhr.se\/botkyrka-salem\/","name":"DHR - Botkyrka - Salem","description":"Delaktighet, r\u00f6relsefrihet och handlingskraft","potentialAction":[{"@type":"SearchAction","target":{"@type":"EntryPoint","urlTemplate":"https:\/\/dhr.se\/botkyrka-salem\/?s={search_term_string}"},"query-input":{"@type":"PropertyValueSpecification","valueRequired":true,"valueName":"search_term_string"}}],"inLanguage":"sv-SE"}]}},"publishpress_future_workflow_manual_trigger":{"enabledWorkflows":[]},"_links":{"self":[{"href":"https:\/\/dhr.se\/botkyrka-salem\/wp-json\/wp\/v2\/pages\/2222","targetHints":{"allow":["GET"]}}],"collection":[{"href":"https:\/\/dhr.se\/botkyrka-salem\/wp-json\/wp\/v2\/pages"}],"about":[{"href":"https:\/\/dhr.se\/botkyrka-salem\/wp-json\/wp\/v2\/types\/page"}],"author":[{"embeddable":true,"href":"https:\/\/dhr.se\/botkyrka-salem\/wp-json\/wp\/v2\/users\/63"}],"replies":[{"embeddable":true,"href":"https:\/\/dhr.se\/botkyrka-salem\/wp-json\/wp\/v2\/comments?post=2222"}],"version-history":[{"count":0,"href":"https:\/\/dhr.se\/botkyrka-salem\/wp-json\/wp\/v2\/pages\/2222\/revisions"}],"wp:attachment":[{"href":"https:\/\/dhr.se\/botkyrka-salem\/wp-json\/wp\/v2\/media?parent=2222"}],"curies":[{"name":"wp","href":"https:\/\/api.w.org\/{rel}","templated":true}]}}