{"id":2350,"date":"2022-01-26T18:15:41","date_gmt":"2022-01-26T17:15:41","guid":{"rendered":"https:\/\/dhr.se\/botkyrka-salem\/?page_id=2350"},"modified":"2025-10-29T16:51:47","modified_gmt":"2025-10-29T15:51:47","slug":"bli-medlem","status":"publish","type":"page","link":"https:\/\/dhr.se\/botkyrka-salem\/bli-medlem\/","title":{"rendered":"Bli medlem"},"content":{"rendered":"<section class=\"block-simple-text\">\n    <div class=\"main\">\n        <div class=\"main-inner\">\n            <div class=\"ingress text-darker\"><\/div>\n            <div class=\"content\"><figure id=\"attachment_1743\" aria-describedby=\"caption-attachment-1743\" style=\"width: 1000px\" class=\"wp-caption alignnone\"><img loading=\"lazy\" decoding=\"async\" class=\"size-full wp-image-1743\" src=\"https:\/\/dhr.se\/botkyrka-salem\/wp-content\/uploads\/sites\/65\/2020\/03\/Kvinna-med-ljust-l\u00e5ngt-h\u00e5r-tittar-in-i-kameran-Botaniska.jpg\" alt=\"En kvinna i rullstol p\u00e5 en grusg\u00e5ng i en lummig park.\" width=\"1000\" height=\"635\" srcset=\"https:\/\/dhr.se\/botkyrka-salem\/wp-content\/uploads\/sites\/65\/2020\/03\/Kvinna-med-ljust-l\u00e5ngt-h\u00e5r-tittar-in-i-kameran-Botaniska.jpg 1000w, https:\/\/dhr.se\/botkyrka-salem\/wp-content\/uploads\/sites\/65\/2020\/03\/Kvinna-med-ljust-l\u00e5ngt-h\u00e5r-tittar-in-i-kameran-Botaniska-300x191.jpg 300w, https:\/\/dhr.se\/botkyrka-salem\/wp-content\/uploads\/sites\/65\/2020\/03\/Kvinna-med-ljust-l\u00e5ngt-h\u00e5r-tittar-in-i-kameran-Botaniska-768x488.jpg 768w\" sizes=\"auto, (max-width: 1000px) 100vw, 1000px\" \/><figcaption id=\"caption-attachment-1743\" class=\"wp-caption-text\">Foto: Anna Rehnberg<\/figcaption><\/figure>\n<p>Bli medlem i DHR Botkyrka-Salem!<\/p>\n<p>DHR beh\u00f6ver dig som medlem. Oavsett om du v\u00e4ljer att vara aktiv eller bara vill st\u00f6dja oss \u00e4r ditt medlemskap viktigt, f\u00f6r om vi \u00e4r m\u00e5nga blir v\u00e5r gemensamma r\u00f6st starkare.<br \/>\nSom medlem i DHR kan du tillsammans med andra medlemmar p\u00e5verka att samh\u00e4llet blir mer j\u00e4mlikt och j\u00e4mst\u00e4llt. Tillsammans med andra medlemmar kan du ocks\u00e5 delta i fritidsaktiviteter, kamratst\u00f6d och social gemenskap.<\/p>\n<p><a href=\"https:\/\/sbtdhr.mysoft.no\/modules\/blimedlem\/blimedlem.aspx\">Bli medlem i DHR<\/a><\/p>\n<p>&nbsp;<\/p>\n<\/div>\n        <\/div>\n    <\/div>\n<\/section>","protected":false},"excerpt":{"rendered":"","protected":false},"author":63,"featured_media":0,"parent":0,"menu_order":0,"comment_status":"closed","ping_status":"closed","template":"","meta":{"_acf_changed":false,"_monsterinsights_skip_tracking":false,"_monsterinsights_sitenote_active":false,"_monsterinsights_sitenote_note":"","_monsterinsights_sitenote_category":0,"footnotes":""},"class_list":["post-2350","page","type-page","status-publish","hentry"],"acf":[],"yoast_head":"<!-- This site is optimized with the Yoast SEO plugin v27.2 - https:\/\/yoast.com\/product\/yoast-seo-wordpress\/ -->\n<title>Bli medlem - DHR - Botkyrka - Salem<\/title>\n<meta name=\"robots\" content=\"index, follow, max-snippet:-1, max-image-preview:large, max-video-preview:-1\" \/>\n<link rel=\"canonical\" href=\"https:\/\/dhr.se\/botkyrka-salem\/bli-medlem\/\" \/>\n<meta property=\"og:locale\" content=\"sv_SE\" \/>\n<meta property=\"og:type\" content=\"article\" \/>\n<meta property=\"og:title\" content=\"Bli medlem - DHR - Botkyrka - Salem\" \/>\n<meta property=\"og:url\" content=\"https:\/\/dhr.se\/botkyrka-salem\/bli-medlem\/\" \/>\n<meta property=\"og:site_name\" content=\"DHR - Botkyrka - Salem\" \/>\n<meta property=\"article:modified_time\" content=\"2025-10-29T15:51:47+00:00\" \/>\n<meta name=\"twitter:card\" content=\"summary_large_image\" \/>\n<script type=\"application\/ld+json\" class=\"yoast-schema-graph\">{\"@context\":\"https:\/\/schema.org\",\"@graph\":[{\"@type\":\"WebPage\",\"@id\":\"https:\/\/dhr.se\/botkyrka-salem\/bli-medlem\/\",\"url\":\"https:\/\/dhr.se\/botkyrka-salem\/bli-medlem\/\",\"name\":\"Bli medlem - DHR - Botkyrka - Salem\",\"isPartOf\":{\"@id\":\"https:\/\/dhr.se\/botkyrka-salem\/#website\"},\"datePublished\":\"2022-01-26T17:15:41+00:00\",\"dateModified\":\"2025-10-29T15:51:47+00:00\",\"breadcrumb\":{\"@id\":\"https:\/\/dhr.se\/botkyrka-salem\/bli-medlem\/#breadcrumb\"},\"inLanguage\":\"sv-SE\",\"potentialAction\":[{\"@type\":\"ReadAction\",\"target\":[\"https:\/\/dhr.se\/botkyrka-salem\/bli-medlem\/\"]}]},{\"@type\":\"BreadcrumbList\",\"@id\":\"https:\/\/dhr.se\/botkyrka-salem\/bli-medlem\/#breadcrumb\",\"itemListElement\":[{\"@type\":\"ListItem\",\"position\":1,\"name\":\"Hem\",\"item\":\"https:\/\/dhr.se\/botkyrka-salem\/\"},{\"@type\":\"ListItem\",\"position\":2,\"name\":\"Bli medlem\"}]},{\"@type\":\"WebSite\",\"@id\":\"https:\/\/dhr.se\/botkyrka-salem\/#website\",\"url\":\"https:\/\/dhr.se\/botkyrka-salem\/\",\"name\":\"DHR - Botkyrka - Salem\",\"description\":\"Delaktighet, r\u00f6relsefrihet och handlingskraft\",\"potentialAction\":[{\"@type\":\"SearchAction\",\"target\":{\"@type\":\"EntryPoint\",\"urlTemplate\":\"https:\/\/dhr.se\/botkyrka-salem\/?s={search_term_string}\"},\"query-input\":{\"@type\":\"PropertyValueSpecification\",\"valueRequired\":true,\"valueName\":\"search_term_string\"}}],\"inLanguage\":\"sv-SE\"}]}<\/script>\n<!-- \/ Yoast SEO plugin. -->","yoast_head_json":{"title":"Bli medlem - DHR - Botkyrka - Salem","robots":{"index":"index","follow":"follow","max-snippet":"max-snippet:-1","max-image-preview":"max-image-preview:large","max-video-preview":"max-video-preview:-1"},"canonical":"https:\/\/dhr.se\/botkyrka-salem\/bli-medlem\/","og_locale":"sv_SE","og_type":"article","og_title":"Bli medlem - DHR - Botkyrka - Salem","og_url":"https:\/\/dhr.se\/botkyrka-salem\/bli-medlem\/","og_site_name":"DHR - Botkyrka - Salem","article_modified_time":"2025-10-29T15:51:47+00:00","twitter_card":"summary_large_image","schema":{"@context":"https:\/\/schema.org","@graph":[{"@type":"WebPage","@id":"https:\/\/dhr.se\/botkyrka-salem\/bli-medlem\/","url":"https:\/\/dhr.se\/botkyrka-salem\/bli-medlem\/","name":"Bli medlem - DHR - Botkyrka - Salem","isPartOf":{"@id":"https:\/\/dhr.se\/botkyrka-salem\/#website"},"datePublished":"2022-01-26T17:15:41+00:00","dateModified":"2025-10-29T15:51:47+00:00","breadcrumb":{"@id":"https:\/\/dhr.se\/botkyrka-salem\/bli-medlem\/#breadcrumb"},"inLanguage":"sv-SE","potentialAction":[{"@type":"ReadAction","target":["https:\/\/dhr.se\/botkyrka-salem\/bli-medlem\/"]}]},{"@type":"BreadcrumbList","@id":"https:\/\/dhr.se\/botkyrka-salem\/bli-medlem\/#breadcrumb","itemListElement":[{"@type":"ListItem","position":1,"name":"Hem","item":"https:\/\/dhr.se\/botkyrka-salem\/"},{"@type":"ListItem","position":2,"name":"Bli medlem"}]},{"@type":"WebSite","@id":"https:\/\/dhr.se\/botkyrka-salem\/#website","url":"https:\/\/dhr.se\/botkyrka-salem\/","name":"DHR - Botkyrka - Salem","description":"Delaktighet, r\u00f6relsefrihet och handlingskraft","potentialAction":[{"@type":"SearchAction","target":{"@type":"EntryPoint","urlTemplate":"https:\/\/dhr.se\/botkyrka-salem\/?s={search_term_string}"},"query-input":{"@type":"PropertyValueSpecification","valueRequired":true,"valueName":"search_term_string"}}],"inLanguage":"sv-SE"}]}},"publishpress_future_workflow_manual_trigger":{"enabledWorkflows":[]},"_links":{"self":[{"href":"https:\/\/dhr.se\/botkyrka-salem\/wp-json\/wp\/v2\/pages\/2350","targetHints":{"allow":["GET"]}}],"collection":[{"href":"https:\/\/dhr.se\/botkyrka-salem\/wp-json\/wp\/v2\/pages"}],"about":[{"href":"https:\/\/dhr.se\/botkyrka-salem\/wp-json\/wp\/v2\/types\/page"}],"author":[{"embeddable":true,"href":"https:\/\/dhr.se\/botkyrka-salem\/wp-json\/wp\/v2\/users\/63"}],"replies":[{"embeddable":true,"href":"https:\/\/dhr.se\/botkyrka-salem\/wp-json\/wp\/v2\/comments?post=2350"}],"version-history":[{"count":0,"href":"https:\/\/dhr.se\/botkyrka-salem\/wp-json\/wp\/v2\/pages\/2350\/revisions"}],"wp:attachment":[{"href":"https:\/\/dhr.se\/botkyrka-salem\/wp-json\/wp\/v2\/media?parent=2350"}],"curies":[{"name":"wp","href":"https:\/\/api.w.org\/{rel}","templated":true}]}}