{"id":2069,"date":"2025-05-07T19:28:25","date_gmt":"2025-05-07T17:28:25","guid":{"rendered":"https:\/\/dhr.se\/dalarna\/?page_id=2069"},"modified":"2025-05-18T20:55:49","modified_gmt":"2025-05-18T18:55:49","slug":"samhallsinformation","status":"publish","type":"page","link":"https:\/\/dhr.se\/dalarna\/samhallsinformation\/","title":{"rendered":"Samh\u00e4llsinformation"},"content":{"rendered":"<section class=\"block-simple-text\">\n    <div class=\"main\">\n        <div class=\"main-inner\">\n            <div class=\"ingress text-darker\"><\/div>\n            <div class=\"content\"><\/div>\n        <\/div>\n    <\/div>\n<\/section>\n\n\n<p><\/p>\n\n\n\n<div class=\"wp-block-columns is-layout-flex wp-container-core-columns-is-layout-9d6595d7 wp-block-columns-is-layout-flex\">\n<div class=\"wp-block-column is-layout-flow wp-block-column-is-layout-flow\" style=\"flex-basis:100%\"><section class=\"block-simple-text\">\n    <div class=\"main\">\n        <div class=\"main-inner\">\n            <div class=\"ingress text-darker\"><p>H\u00e4r samlar vi viktig samh\u00e4llsinformation.<br \/>\nN\u00e5gra viktiga l\u00e4nkar hittar ni direkt h\u00e4r.<br \/>\nMer lokalt aktuella l\u00e4nkar hittas under varje avdelning vart efter vi hinner l\u00e4gga upp.<br \/>\nI f\u00f6rl\u00e4ngningen kommer samh\u00e4llsinfornation presenteras kommunvis.<br \/>\nMen eftersom det \u00e4r ett stort jobb b\u00f6rjar vi p\u00e5 avdelningsniv\u00e5.<\/p>\n<p>Informationen kompleteras och uppdateras naturligtvis kontinuerligt.<br \/>\nHittar ni n\u00e5gon information som inte \u00e4r aktuell eller om ni saknar n\u00e5gonting uppskattar vi att ni <a href=\"dalarna@dhr.se\">meddelar oss<\/a> s\u00e5 att vi kan r\u00e4tta till det.<\/p>\n<\/div>\n            <div class=\"content\"><p>&nbsp;<\/p>\n<h3>Regionen<\/h3>\n<p><a href=\"https:\/\/www.1177.se\/Dalarna\/sa-fungerar-varden\/kostnader-och-ersattningar\/kostnader-och-ersattningar-inom-tandvard\/tandvard-om-du-har-en-funktionsnedsattning\/\">Tandv\u00e5rdsst\u00f6d<\/a><br \/>\n<a href=\"https:\/\/www.1177.se\/Dalarna\/undersokning-behandling\/habilitering\/\">Habilitering<\/a><br \/>\n<a href=\"https:\/\/www.1177.se\/Dalarna\/sa-fungerar-varden\/lagar-och-bestammelser\/lagar-i-varden\/lagen-om-stod-och-service-till-vissa-funktionshindrade---lss\/\">LSS<\/a><br \/>\n<a href=\"https:\/\/www.1177.se\/Dalarna\/undersokning-behandling\/smartbehandlingar-och-rehabilitering\/\">Sm\u00e4rtbehandling &amp; Rehabilitering<\/a><br \/>\n<a href=\"https:\/\/www.1177.se\/Dalarna\/undersokning-behandling\/hjalpmedel\/\">Hj\u00e4lpmedel<\/a><br \/>\n<a href=\"https:\/\/www.1177.se\/Dalarna\/sa-fungerar-varden\/sjukresor-och-fardtjanst\/sjukresor-i-dalarna\/\">Sjukresor<\/a><br \/>\n<a href=\"https:\/\/www.1177.se\/Dalarna\/sa-fungerar-varden\/sjukresor-och-fardtjanst\/fardtjanst\/\">F\u00e4rdtj\u00e4nst<\/a><br \/>\nValmyndigheten<\/p>\n<p><a href=\"https:\/\/www.val.se\/att-rosta.html\">Tillg\u00e4nglighet och fr\u00e5gor<\/a><\/p>\n<h3>Parasport<\/h3>\n<p><a href=\"https:\/\/parasport.se\/distrikt\/dalarna\">Parasport Dalarna<\/a><\/p>\n<\/div>\n        <\/div>\n    <\/div>\n<\/section><\/div>\n<\/div>\n\n\n\n<p><\/p>\n","protected":false},"excerpt":{"rendered":"","protected":false},"author":39,"featured_media":0,"parent":0,"menu_order":0,"comment_status":"closed","ping_status":"closed","template":"","meta":{"_acf_changed":false,"_monsterinsights_skip_tracking":false,"_monsterinsights_sitenote_active":false,"_monsterinsights_sitenote_note":"","_monsterinsights_sitenote_category":0,"footnotes":""},"class_list":["post-2069","page","type-page","status-publish","hentry"],"acf":[],"yoast_head":"<!-- This site is optimized with the Yoast SEO plugin v27.5 - https:\/\/yoast.com\/product\/yoast-seo-wordpress\/ -->\n<title>Samh\u00e4llsinformation - DHR - Dalarnas Distrikt<\/title>\n<meta name=\"robots\" content=\"index, follow, max-snippet:-1, max-image-preview:large, max-video-preview:-1\" \/>\n<link rel=\"canonical\" href=\"https:\/\/dhr.se\/dalarna\/samhallsinformation\/\" \/>\n<meta property=\"og:locale\" content=\"sv_SE\" \/>\n<meta property=\"og:type\" content=\"article\" \/>\n<meta property=\"og:title\" content=\"Samh\u00e4llsinformation - DHR - Dalarnas Distrikt\" \/>\n<meta property=\"og:url\" content=\"https:\/\/dhr.se\/dalarna\/samhallsinformation\/\" \/>\n<meta property=\"og:site_name\" content=\"DHR - Dalarnas Distrikt\" \/>\n<meta property=\"article:modified_time\" content=\"2025-05-18T18:55:49+00:00\" \/>\n<meta name=\"twitter:card\" content=\"summary_large_image\" \/>\n<script type=\"application\/ld+json\" class=\"yoast-schema-graph\">{\"@context\":\"https:\\\/\\\/schema.org\",\"@graph\":[{\"@type\":\"WebPage\",\"@id\":\"https:\\\/\\\/dhr.se\\\/dalarna\\\/samhallsinformation\\\/\",\"url\":\"https:\\\/\\\/dhr.se\\\/dalarna\\\/samhallsinformation\\\/\",\"name\":\"Samh\u00e4llsinformation - DHR - Dalarnas Distrikt\",\"isPartOf\":{\"@id\":\"https:\\\/\\\/dhr.se\\\/dalarna\\\/#website\"},\"datePublished\":\"2025-05-07T17:28:25+00:00\",\"dateModified\":\"2025-05-18T18:55:49+00:00\",\"breadcrumb\":{\"@id\":\"https:\\\/\\\/dhr.se\\\/dalarna\\\/samhallsinformation\\\/#breadcrumb\"},\"inLanguage\":\"sv-SE\",\"potentialAction\":[{\"@type\":\"ReadAction\",\"target\":[\"https:\\\/\\\/dhr.se\\\/dalarna\\\/samhallsinformation\\\/\"]}]},{\"@type\":\"BreadcrumbList\",\"@id\":\"https:\\\/\\\/dhr.se\\\/dalarna\\\/samhallsinformation\\\/#breadcrumb\",\"itemListElement\":[{\"@type\":\"ListItem\",\"position\":1,\"name\":\"Hem\",\"item\":\"https:\\\/\\\/dhr.se\\\/dalarna\\\/\"},{\"@type\":\"ListItem\",\"position\":2,\"name\":\"Samh\u00e4llsinformation\"}]},{\"@type\":\"WebSite\",\"@id\":\"https:\\\/\\\/dhr.se\\\/dalarna\\\/#website\",\"url\":\"https:\\\/\\\/dhr.se\\\/dalarna\\\/\",\"name\":\"DHR - Dalarnas Distrikt\",\"description\":\"Delaktighet, r\u00f6relsefrihet och handlingskraft\",\"potentialAction\":[{\"@type\":\"SearchAction\",\"target\":{\"@type\":\"EntryPoint\",\"urlTemplate\":\"https:\\\/\\\/dhr.se\\\/dalarna\\\/?s={search_term_string}\"},\"query-input\":{\"@type\":\"PropertyValueSpecification\",\"valueRequired\":true,\"valueName\":\"search_term_string\"}}],\"inLanguage\":\"sv-SE\"}]}<\/script>\n<!-- \/ Yoast SEO plugin. -->","yoast_head_json":{"title":"Samh\u00e4llsinformation - DHR - Dalarnas Distrikt","robots":{"index":"index","follow":"follow","max-snippet":"max-snippet:-1","max-image-preview":"max-image-preview:large","max-video-preview":"max-video-preview:-1"},"canonical":"https:\/\/dhr.se\/dalarna\/samhallsinformation\/","og_locale":"sv_SE","og_type":"article","og_title":"Samh\u00e4llsinformation - DHR - Dalarnas Distrikt","og_url":"https:\/\/dhr.se\/dalarna\/samhallsinformation\/","og_site_name":"DHR - Dalarnas Distrikt","article_modified_time":"2025-05-18T18:55:49+00:00","twitter_card":"summary_large_image","schema":{"@context":"https:\/\/schema.org","@graph":[{"@type":"WebPage","@id":"https:\/\/dhr.se\/dalarna\/samhallsinformation\/","url":"https:\/\/dhr.se\/dalarna\/samhallsinformation\/","name":"Samh\u00e4llsinformation - DHR - Dalarnas Distrikt","isPartOf":{"@id":"https:\/\/dhr.se\/dalarna\/#website"},"datePublished":"2025-05-07T17:28:25+00:00","dateModified":"2025-05-18T18:55:49+00:00","breadcrumb":{"@id":"https:\/\/dhr.se\/dalarna\/samhallsinformation\/#breadcrumb"},"inLanguage":"sv-SE","potentialAction":[{"@type":"ReadAction","target":["https:\/\/dhr.se\/dalarna\/samhallsinformation\/"]}]},{"@type":"BreadcrumbList","@id":"https:\/\/dhr.se\/dalarna\/samhallsinformation\/#breadcrumb","itemListElement":[{"@type":"ListItem","position":1,"name":"Hem","item":"https:\/\/dhr.se\/dalarna\/"},{"@type":"ListItem","position":2,"name":"Samh\u00e4llsinformation"}]},{"@type":"WebSite","@id":"https:\/\/dhr.se\/dalarna\/#website","url":"https:\/\/dhr.se\/dalarna\/","name":"DHR - Dalarnas Distrikt","description":"Delaktighet, r\u00f6relsefrihet och handlingskraft","potentialAction":[{"@type":"SearchAction","target":{"@type":"EntryPoint","urlTemplate":"https:\/\/dhr.se\/dalarna\/?s={search_term_string}"},"query-input":{"@type":"PropertyValueSpecification","valueRequired":true,"valueName":"search_term_string"}}],"inLanguage":"sv-SE"}]}},"publishpress_future_action":{"enabled":false,"date":"2026-05-09 21:17:11","action":"change-status","newStatus":"draft","terms":[],"taxonomy":"translation_priority","extraData":[]},"publishpress_future_workflow_manual_trigger":{"enabledWorkflows":[]},"_links":{"self":[{"href":"https:\/\/dhr.se\/dalarna\/wp-json\/wp\/v2\/pages\/2069","targetHints":{"allow":["GET"]}}],"collection":[{"href":"https:\/\/dhr.se\/dalarna\/wp-json\/wp\/v2\/pages"}],"about":[{"href":"https:\/\/dhr.se\/dalarna\/wp-json\/wp\/v2\/types\/page"}],"author":[{"embeddable":true,"href":"https:\/\/dhr.se\/dalarna\/wp-json\/wp\/v2\/users\/39"}],"replies":[{"embeddable":true,"href":"https:\/\/dhr.se\/dalarna\/wp-json\/wp\/v2\/comments?post=2069"}],"version-history":[{"count":0,"href":"https:\/\/dhr.se\/dalarna\/wp-json\/wp\/v2\/pages\/2069\/revisions"}],"wp:attachment":[{"href":"https:\/\/dhr.se\/dalarna\/wp-json\/wp\/v2\/media?parent=2069"}],"curies":[{"name":"wp","href":"https:\/\/api.w.org\/{rel}","templated":true}]}}