{"id":754,"date":"2019-08-15T20:18:44","date_gmt":"2019-08-15T18:18:44","guid":{"rendered":"http:\/\/dhr.se\/dalarna\/?page_id=754"},"modified":"2026-03-02T19:33:27","modified_gmt":"2026-03-02T18:33:27","slug":"drivhuset-stockholm","status":"publish","type":"page","link":"https:\/\/dhr.se\/dalarna\/","title":{"rendered":"DHR &#8211; Dalarna"},"content":{"rendered":"<section class=\"block-hero\" style=\"background-image:url(https:\/\/dhr.se\/dalarna\/wp-content\/uploads\/sites\/45\/2025\/05\/Flygbild-scaled.jpg);\">\n\n<video autoplay loop playsinline muted loop>\n    <source src=\"\" type=\"video\/mp4\">\n    Your browser does not support HTML5 video.\n<\/video>\n\n<div class=\"overlay overlay-dark\"><\/div>\n    <div class=\"main\">\n        <div class=\"main-inner\">\n            <p class=\"small-title\"><\/p>\n            <h1> V\u00c4LKOMMEN TILL DHR Dalarna 2026<\/h1>\n            <p class=\"text\">DHR Dalarna \u00e4r Dalarnas starka r\u00f6st f\u00f6r personer med nedsatt r\u00f6relsef\u00f6rm\u00e5ga. Vi driver strategiskt p\u00e5verkans\u00adarbete p\u00e5 regional niv\u00e5 f\u00f6r \u00f6kad tillg\u00e4nglighet i trafik, offentliga milj\u00f6er och kultur. Genom utbildning, st\u00f6d och samverkan rustar vi v\u00e5ra lokala avdelningar att g\u00f6ra skillnad \u2013 tillsammans formar vi ett j\u00e4mlikt och Universellt Utformat Dalarna.<br \/>\r\n<\/p>\n\n\n            \n\n\n\n        <\/div>\n    <\/div>\n<\/section>\n\n<section class=\"block-image-and-text left white\">\n    <div class=\"main\">\n        <div class=\"main-inner\">\n            <div class=\"left-col\" style=\"background-image: url(https:\/\/dhr.se\/dalarna\/wp-content\/uploads\/sites\/45\/2020\/03\/Best\u00e4mma-\u00f6ver-sitt-liv-st\u00e5ende.jpg);\"><\/div>\n\n            <div class=\"right-col\">\n                <h2>OM OSS<\/h2>\n                <p class=\"text\">Vi arbetar med p\u00e5verkansarbete gentemot Region Dalarna. Bland annat inom fr\u00e5gor som r\u00f6r sjukv\u00e5rd, rehabilitering och kollektivtrafik.<br \/>\r\n<br \/>\r\nV\u00e5r fr\u00e4msta m\u00e5lgrupp \u00e4r personer med en nedsatt r\u00f6relsef\u00f6rm\u00e5ga, men alla som tycker att m\u00e4nskliga r\u00e4ttigheter, tillg\u00e4nglighet och funktionshinderpolitik \u00e4r viktigt \u00e4r v\u00e4lkomna att bli medlemmar i n\u00e5gon av v\u00e5ra avdelningar.<br \/>\r\n<br \/>\r\nV\u00e5ra avdelningar arbetar med lokalt p\u00e5verkansarbete. De anordnar ocks\u00e5 medlemstr\u00e4ffar, f\u00f6rel\u00e4sningar med mera. Avdelningarna finns f\u00f6r n\u00e4rvarande i Borl\u00e4nge, Falun, Hedemora och V\u00e4sterbergslagen.<br \/>\r\n<br \/>\r\nVill du veta mer? Ring 073-814 53 28 eller mejla till <a href=\"mailto:dalarnaslan@dhr.se\">dalarnaslan<\/a><a href=\"mailto:dalarnaslan@dhr.se\">@dhr.se<\/a>.<\/p>\n\n                                    <a class=\"button big accent\" href=\"http:\/\/www.dhr.se\" target=\"_self\">L\u00e4s mer om DHR<\/a>\n                            <\/div>\n\n        <\/div>\n    <\/div>\n<\/section>\n\n<section class=\"block-textbox\" style=\"background-image:url(https:\/\/dhr.se\/dalarna\/wp-content\/uploads\/sites\/45\/2020\/03\/Kvinna-med-ljust-l\u00e5ngt-h\u00e5r-tittar-in-i-kameran-Botaniska.jpg);\">\n    <div class=\"main\">\n        <div class=\"main-inner\">\n\n                <div class=\"text-container\">\n                    <h2>BLI MEDLEM I DHR<\/h2>\n                    <p>Under DHR:s 100 \u00e5r (vi fyllde \u00e5r 2023) har villkoren f\u00f6r personer med nedsatt r\u00f6relsef\u00f6rm\u00e5ga sj\u00e4lvklart f\u00f6rb\u00e4ttrats. Men nu b\u00f6rjar det bl\u00e5sa kallt igen, och behovet av en stark motst\u00e5ndsr\u00f6relse \u00e4r st\u00f6rre \u00e4n p\u00e5 m\u00e5nga \u00e5r. Den personliga assistansen \u00e4r i fara, parkeringstillst\u00e5nd dras in och det sn\u00e5las p\u00e5 bilst\u00f6d. Vi h\u00f6r till och med \u00e5sikter om att det borde inf\u00f6ras institutioner igen. D\u00e4rf\u00f6r beh\u00f6vs ocks\u00e5 du som medlem!<br \/>\r\n<br \/>\r\nTillsammans med andra medlemmar kan du delta i fritidsaktiviteter, kamratst\u00f6d och social gemenskap.<br \/>\r\nSom medlem i DHR har du tillsammans med andra medlemmar m\u00f6jlighet att p\u00e5verka s\u00e5 att ditt lokalsamh\u00e4lle blir mer j\u00e4mlikt och j\u00e4mst\u00e4llt.<\/p>\n\n                                            <a class=\"button big accent\" href=\"https:\/\/sbtdhr.mysoft.no\/modules\/blimedlem\/blimedlem.aspx\" target=\"_self\">Medlemsans\u00f6kan<\/a>\n                    \n                <\/div>\n\n        <\/div>\n    <\/div>\n<\/section>\n\n\n<p><\/p>\n","protected":false},"excerpt":{"rendered":"","protected":false},"author":8,"featured_media":0,"parent":0,"menu_order":0,"comment_status":"closed","ping_status":"closed","template":"","meta":{"_acf_changed":false,"_monsterinsights_skip_tracking":false,"_monsterinsights_sitenote_active":false,"_monsterinsights_sitenote_note":"","_monsterinsights_sitenote_category":0,"footnotes":""},"class_list":["post-754","page","type-page","status-publish","hentry"],"acf":[],"yoast_head":"<!-- This site is optimized with the Yoast SEO plugin v27.5 - https:\/\/yoast.com\/product\/yoast-seo-wordpress\/ -->\n<title>DHR - Dalarna - DHR - Dalarnas Distrikt<\/title>\n<meta name=\"description\" content=\"Vi \u00e4r en politiskt och religi\u00f6st obunden organisation av och f\u00f6r personer med nedsatt r\u00f6relsef\u00f6rm\u00e5ga. V\u00e5r utg\u00e5ngspunkt f\u00f6r det r\u00e4ttighetspolitiska arbetet \u00e4r Konventionen om r\u00e4ttigheter f\u00f6r personer med funktionsneds\u00e4ttning.\" \/>\n<meta name=\"robots\" content=\"index, follow, max-snippet:-1, max-image-preview:large, max-video-preview:-1\" \/>\n<link rel=\"canonical\" href=\"https:\/\/dhr.se\/dalarna\/\" \/>\n<meta property=\"og:locale\" content=\"sv_SE\" \/>\n<meta property=\"og:type\" content=\"article\" \/>\n<meta property=\"og:title\" content=\"DHR - Dalarna - DHR - Dalarnas Distrikt\" \/>\n<meta property=\"og:description\" content=\"Vi \u00e4r en politiskt och religi\u00f6st obunden organisation av och f\u00f6r personer med nedsatt r\u00f6relsef\u00f6rm\u00e5ga. V\u00e5r utg\u00e5ngspunkt f\u00f6r det r\u00e4ttighetspolitiska arbetet \u00e4r Konventionen om r\u00e4ttigheter f\u00f6r personer med funktionsneds\u00e4ttning.\" \/>\n<meta property=\"og:url\" content=\"https:\/\/dhr.se\/dalarna\/\" \/>\n<meta property=\"og:site_name\" content=\"DHR - Dalarnas Distrikt\" \/>\n<meta property=\"article:modified_time\" content=\"2026-03-02T18:33:27+00:00\" \/>\n<meta name=\"twitter:card\" content=\"summary_large_image\" \/>\n<script type=\"application\/ld+json\" class=\"yoast-schema-graph\">{\"@context\":\"https:\\\/\\\/schema.org\",\"@graph\":[{\"@type\":\"WebPage\",\"@id\":\"https:\\\/\\\/dhr.se\\\/dalarna\\\/\",\"url\":\"https:\\\/\\\/dhr.se\\\/dalarna\\\/\",\"name\":\"DHR - Dalarna - DHR - Dalarnas Distrikt\",\"isPartOf\":{\"@id\":\"https:\\\/\\\/dhr.se\\\/dalarna\\\/#website\"},\"datePublished\":\"2019-08-15T18:18:44+00:00\",\"dateModified\":\"2026-03-02T18:33:27+00:00\",\"description\":\"Vi \u00e4r en politiskt och religi\u00f6st obunden organisation av och f\u00f6r personer med nedsatt r\u00f6relsef\u00f6rm\u00e5ga. V\u00e5r utg\u00e5ngspunkt f\u00f6r det r\u00e4ttighetspolitiska arbetet \u00e4r Konventionen om r\u00e4ttigheter f\u00f6r personer med funktionsneds\u00e4ttning.\",\"breadcrumb\":{\"@id\":\"https:\\\/\\\/dhr.se\\\/dalarna\\\/#breadcrumb\"},\"inLanguage\":\"sv-SE\",\"potentialAction\":[{\"@type\":\"ReadAction\",\"target\":[\"https:\\\/\\\/dhr.se\\\/dalarna\\\/\"]}]},{\"@type\":\"BreadcrumbList\",\"@id\":\"https:\\\/\\\/dhr.se\\\/dalarna\\\/#breadcrumb\",\"itemListElement\":[{\"@type\":\"ListItem\",\"position\":1,\"name\":\"Hem\",\"item\":\"https:\\\/\\\/dhr.se\\\/dalarna\\\/\"},{\"@type\":\"ListItem\",\"position\":2,\"name\":\"DHR &#8211; Dalarna\"}]},{\"@type\":\"WebSite\",\"@id\":\"https:\\\/\\\/dhr.se\\\/dalarna\\\/#website\",\"url\":\"https:\\\/\\\/dhr.se\\\/dalarna\\\/\",\"name\":\"DHR - Dalarnas Distrikt\",\"description\":\"Delaktighet, r\u00f6relsefrihet och handlingskraft\",\"potentialAction\":[{\"@type\":\"SearchAction\",\"target\":{\"@type\":\"EntryPoint\",\"urlTemplate\":\"https:\\\/\\\/dhr.se\\\/dalarna\\\/?s={search_term_string}\"},\"query-input\":{\"@type\":\"PropertyValueSpecification\",\"valueRequired\":true,\"valueName\":\"search_term_string\"}}],\"inLanguage\":\"sv-SE\"}]}<\/script>\n<!-- \/ Yoast SEO plugin. -->","yoast_head_json":{"title":"DHR - Dalarna - DHR - Dalarnas Distrikt","description":"Vi \u00e4r en politiskt och religi\u00f6st obunden organisation av och f\u00f6r personer med nedsatt r\u00f6relsef\u00f6rm\u00e5ga. V\u00e5r utg\u00e5ngspunkt f\u00f6r det r\u00e4ttighetspolitiska arbetet \u00e4r Konventionen om r\u00e4ttigheter f\u00f6r personer med funktionsneds\u00e4ttning.","robots":{"index":"index","follow":"follow","max-snippet":"max-snippet:-1","max-image-preview":"max-image-preview:large","max-video-preview":"max-video-preview:-1"},"canonical":"https:\/\/dhr.se\/dalarna\/","og_locale":"sv_SE","og_type":"article","og_title":"DHR - Dalarna - DHR - Dalarnas Distrikt","og_description":"Vi \u00e4r en politiskt och religi\u00f6st obunden organisation av och f\u00f6r personer med nedsatt r\u00f6relsef\u00f6rm\u00e5ga. V\u00e5r utg\u00e5ngspunkt f\u00f6r det r\u00e4ttighetspolitiska arbetet \u00e4r Konventionen om r\u00e4ttigheter f\u00f6r personer med funktionsneds\u00e4ttning.","og_url":"https:\/\/dhr.se\/dalarna\/","og_site_name":"DHR - Dalarnas Distrikt","article_modified_time":"2026-03-02T18:33:27+00:00","twitter_card":"summary_large_image","schema":{"@context":"https:\/\/schema.org","@graph":[{"@type":"WebPage","@id":"https:\/\/dhr.se\/dalarna\/","url":"https:\/\/dhr.se\/dalarna\/","name":"DHR - Dalarna - DHR - Dalarnas Distrikt","isPartOf":{"@id":"https:\/\/dhr.se\/dalarna\/#website"},"datePublished":"2019-08-15T18:18:44+00:00","dateModified":"2026-03-02T18:33:27+00:00","description":"Vi \u00e4r en politiskt och religi\u00f6st obunden organisation av och f\u00f6r personer med nedsatt r\u00f6relsef\u00f6rm\u00e5ga. V\u00e5r utg\u00e5ngspunkt f\u00f6r det r\u00e4ttighetspolitiska arbetet \u00e4r Konventionen om r\u00e4ttigheter f\u00f6r personer med funktionsneds\u00e4ttning.","breadcrumb":{"@id":"https:\/\/dhr.se\/dalarna\/#breadcrumb"},"inLanguage":"sv-SE","potentialAction":[{"@type":"ReadAction","target":["https:\/\/dhr.se\/dalarna\/"]}]},{"@type":"BreadcrumbList","@id":"https:\/\/dhr.se\/dalarna\/#breadcrumb","itemListElement":[{"@type":"ListItem","position":1,"name":"Hem","item":"https:\/\/dhr.se\/dalarna\/"},{"@type":"ListItem","position":2,"name":"DHR &#8211; Dalarna"}]},{"@type":"WebSite","@id":"https:\/\/dhr.se\/dalarna\/#website","url":"https:\/\/dhr.se\/dalarna\/","name":"DHR - Dalarnas Distrikt","description":"Delaktighet, r\u00f6relsefrihet och handlingskraft","potentialAction":[{"@type":"SearchAction","target":{"@type":"EntryPoint","urlTemplate":"https:\/\/dhr.se\/dalarna\/?s={search_term_string}"},"query-input":{"@type":"PropertyValueSpecification","valueRequired":true,"valueName":"search_term_string"}}],"inLanguage":"sv-SE"}]}},"publishpress_future_action":{"enabled":false,"date":"2026-05-09 19:48:10","action":"change-status","newStatus":"draft","terms":[],"taxonomy":"translation_priority","extraData":[]},"publishpress_future_workflow_manual_trigger":{"enabledWorkflows":[]},"_links":{"self":[{"href":"https:\/\/dhr.se\/dalarna\/wp-json\/wp\/v2\/pages\/754","targetHints":{"allow":["GET"]}}],"collection":[{"href":"https:\/\/dhr.se\/dalarna\/wp-json\/wp\/v2\/pages"}],"about":[{"href":"https:\/\/dhr.se\/dalarna\/wp-json\/wp\/v2\/types\/page"}],"author":[{"embeddable":true,"href":"https:\/\/dhr.se\/dalarna\/wp-json\/wp\/v2\/users\/8"}],"replies":[{"embeddable":true,"href":"https:\/\/dhr.se\/dalarna\/wp-json\/wp\/v2\/comments?post=754"}],"version-history":[{"count":1,"href":"https:\/\/dhr.se\/dalarna\/wp-json\/wp\/v2\/pages\/754\/revisions"}],"predecessor-version":[{"id":2113,"href":"https:\/\/dhr.se\/dalarna\/wp-json\/wp\/v2\/pages\/754\/revisions\/2113"}],"wp:attachment":[{"href":"https:\/\/dhr.se\/dalarna\/wp-json\/wp\/v2\/media?parent=754"}],"curies":[{"name":"wp","href":"https:\/\/api.w.org\/{rel}","templated":true}]}}