{"id":1008,"date":"2019-08-19T16:50:50","date_gmt":"2019-08-19T14:50:50","guid":{"rendered":"http:\/\/dhr.se\/goteborg\/?page_id=1008"},"modified":"2026-03-31T13:29:34","modified_gmt":"2026-03-31T11:29:34","slug":"kalender","status":"publish","type":"page","link":"https:\/\/dhr.se\/goteborg\/kalender\/","title":{"rendered":"Kalendarium"},"content":{"rendered":"<section class=\"block-simple-text\">\n    <div class=\"main\">\n        <div class=\"main-inner\">\n            <div class=\"ingress text-darker\"><p>Mars<\/p>\n<p>7 Filmkv\u00e4ll p\u00e5 V\u00e4len<br \/>\n19 Styrelsem\u00f6te<br \/>\n19 Pizzeria Sanneg\u00e5rden<br \/>\n24 Box STC Almedal<br \/>\n25 N\u00d6G<br \/>\n28 P\u00e5skpsysselfest med \u00e4gg &amp; sill-sm\u00f6rg\u00e5s och p\u00e5skt\u00e5rta<br \/>\n29 \u00c5rsm\u00f6te<\/p>\n<p>April<\/p>\n<p>9 Manusstopp<br \/>\n16 Lunchgruppen bes\u00f6ker Esters restaurang<br \/>\n20 S\u00f6mnf\u00f6rel\u00e4sning med Ett Gott Liv<br \/>\n22 N\u00d6G<br \/>\n25 Zumba<br \/>\n23 Styrelsem\u00f6te<\/p>\n<p>Maj<\/p>\n<p>7 Manusstopp<br \/>\n9 Skogsbad med Ett Gott Liv<br \/>\n16 Melodifestival med tema<br \/>\n20 Stiftelsem\u00f6te<br \/>\n20 N\u00d6G<br \/>\n21 Styrelsem\u00f6te<br \/>\n26 Box STC Almedal<\/p>\n<\/div>\n            <div class=\"content\"><\/div>\n        <\/div>\n    <\/div>\n<\/section>\n\n\n<p><\/p>\n","protected":false},"excerpt":{"rendered":"","protected":false},"author":4,"featured_media":0,"parent":0,"menu_order":0,"comment_status":"closed","ping_status":"closed","template":"","meta":{"_acf_changed":false,"_monsterinsights_skip_tracking":false,"_monsterinsights_sitenote_active":false,"_monsterinsights_sitenote_note":"","_monsterinsights_sitenote_category":0,"footnotes":""},"class_list":["post-1008","page","type-page","status-publish","hentry"],"acf":[],"yoast_head":"<!-- This site is optimized with the Yoast SEO plugin v27.2 - https:\/\/yoast.com\/product\/yoast-seo-wordpress\/ -->\n<title>Kalendarium - DHR - G\u00f6teborg<\/title>\n<meta name=\"robots\" content=\"index, follow, max-snippet:-1, max-image-preview:large, max-video-preview:-1\" \/>\n<link rel=\"canonical\" href=\"https:\/\/dhr.se\/goteborg\/kalender\/\" \/>\n<meta property=\"og:locale\" content=\"sv_SE\" \/>\n<meta property=\"og:type\" content=\"article\" \/>\n<meta property=\"og:title\" content=\"Kalendarium - DHR - G\u00f6teborg\" \/>\n<meta property=\"og:url\" content=\"https:\/\/dhr.se\/goteborg\/kalender\/\" \/>\n<meta property=\"og:site_name\" content=\"DHR - G\u00f6teborg\" \/>\n<meta property=\"article:modified_time\" content=\"2026-03-31T11:29:34+00:00\" \/>\n<meta name=\"twitter:card\" content=\"summary_large_image\" \/>\n<script type=\"application\/ld+json\" class=\"yoast-schema-graph\">{\"@context\":\"https:\/\/schema.org\",\"@graph\":[{\"@type\":\"WebPage\",\"@id\":\"https:\/\/dhr.se\/goteborg\/kalender\/\",\"url\":\"https:\/\/dhr.se\/goteborg\/kalender\/\",\"name\":\"Kalendarium - DHR - G\u00f6teborg\",\"isPartOf\":{\"@id\":\"https:\/\/dhr.se\/goteborg\/#website\"},\"datePublished\":\"2019-08-19T14:50:50+00:00\",\"dateModified\":\"2026-03-31T11:29:34+00:00\",\"breadcrumb\":{\"@id\":\"https:\/\/dhr.se\/goteborg\/kalender\/#breadcrumb\"},\"inLanguage\":\"sv-SE\",\"potentialAction\":[{\"@type\":\"ReadAction\",\"target\":[\"https:\/\/dhr.se\/goteborg\/kalender\/\"]}]},{\"@type\":\"BreadcrumbList\",\"@id\":\"https:\/\/dhr.se\/goteborg\/kalender\/#breadcrumb\",\"itemListElement\":[{\"@type\":\"ListItem\",\"position\":1,\"name\":\"Hem\",\"item\":\"https:\/\/dhr.se\/goteborg\/\"},{\"@type\":\"ListItem\",\"position\":2,\"name\":\"Kalendarium\"}]},{\"@type\":\"WebSite\",\"@id\":\"https:\/\/dhr.se\/goteborg\/#website\",\"url\":\"https:\/\/dhr.se\/goteborg\/\",\"name\":\"DHR - G\u00f6teborg\",\"description\":\"Delaktighet, r\u00f6relsefrihet och handlingskraft\",\"potentialAction\":[{\"@type\":\"SearchAction\",\"target\":{\"@type\":\"EntryPoint\",\"urlTemplate\":\"https:\/\/dhr.se\/goteborg\/?s={search_term_string}\"},\"query-input\":{\"@type\":\"PropertyValueSpecification\",\"valueRequired\":true,\"valueName\":\"search_term_string\"}}],\"inLanguage\":\"sv-SE\"}]}<\/script>\n<!-- \/ Yoast SEO plugin. -->","yoast_head_json":{"title":"Kalendarium - DHR - G\u00f6teborg","robots":{"index":"index","follow":"follow","max-snippet":"max-snippet:-1","max-image-preview":"max-image-preview:large","max-video-preview":"max-video-preview:-1"},"canonical":"https:\/\/dhr.se\/goteborg\/kalender\/","og_locale":"sv_SE","og_type":"article","og_title":"Kalendarium - DHR - G\u00f6teborg","og_url":"https:\/\/dhr.se\/goteborg\/kalender\/","og_site_name":"DHR - G\u00f6teborg","article_modified_time":"2026-03-31T11:29:34+00:00","twitter_card":"summary_large_image","schema":{"@context":"https:\/\/schema.org","@graph":[{"@type":"WebPage","@id":"https:\/\/dhr.se\/goteborg\/kalender\/","url":"https:\/\/dhr.se\/goteborg\/kalender\/","name":"Kalendarium - DHR - G\u00f6teborg","isPartOf":{"@id":"https:\/\/dhr.se\/goteborg\/#website"},"datePublished":"2019-08-19T14:50:50+00:00","dateModified":"2026-03-31T11:29:34+00:00","breadcrumb":{"@id":"https:\/\/dhr.se\/goteborg\/kalender\/#breadcrumb"},"inLanguage":"sv-SE","potentialAction":[{"@type":"ReadAction","target":["https:\/\/dhr.se\/goteborg\/kalender\/"]}]},{"@type":"BreadcrumbList","@id":"https:\/\/dhr.se\/goteborg\/kalender\/#breadcrumb","itemListElement":[{"@type":"ListItem","position":1,"name":"Hem","item":"https:\/\/dhr.se\/goteborg\/"},{"@type":"ListItem","position":2,"name":"Kalendarium"}]},{"@type":"WebSite","@id":"https:\/\/dhr.se\/goteborg\/#website","url":"https:\/\/dhr.se\/goteborg\/","name":"DHR - G\u00f6teborg","description":"Delaktighet, r\u00f6relsefrihet och handlingskraft","potentialAction":[{"@type":"SearchAction","target":{"@type":"EntryPoint","urlTemplate":"https:\/\/dhr.se\/goteborg\/?s={search_term_string}"},"query-input":{"@type":"PropertyValueSpecification","valueRequired":true,"valueName":"search_term_string"}}],"inLanguage":"sv-SE"}]}},"publishpress_future_workflow_manual_trigger":{"enabledWorkflows":[]},"_links":{"self":[{"href":"https:\/\/dhr.se\/goteborg\/wp-json\/wp\/v2\/pages\/1008","targetHints":{"allow":["GET"]}}],"collection":[{"href":"https:\/\/dhr.se\/goteborg\/wp-json\/wp\/v2\/pages"}],"about":[{"href":"https:\/\/dhr.se\/goteborg\/wp-json\/wp\/v2\/types\/page"}],"author":[{"embeddable":true,"href":"https:\/\/dhr.se\/goteborg\/wp-json\/wp\/v2\/users\/4"}],"replies":[{"embeddable":true,"href":"https:\/\/dhr.se\/goteborg\/wp-json\/wp\/v2\/comments?post=1008"}],"version-history":[{"count":5,"href":"https:\/\/dhr.se\/goteborg\/wp-json\/wp\/v2\/pages\/1008\/revisions"}],"predecessor-version":[{"id":5304,"href":"https:\/\/dhr.se\/goteborg\/wp-json\/wp\/v2\/pages\/1008\/revisions\/5304"}],"wp:attachment":[{"href":"https:\/\/dhr.se\/goteborg\/wp-json\/wp\/v2\/media?parent=1008"}],"curies":[{"name":"wp","href":"https:\/\/api.w.org\/{rel}","templated":true}]}}