{"id":1447,"date":"2019-10-10T19:55:24","date_gmt":"2019-10-10T17:55:24","guid":{"rendered":"http:\/\/dhr.se\/goteborg\/?page_id=1447"},"modified":"2024-11-12T13:02:45","modified_gmt":"2024-11-12T12:02:45","slug":"unga-rorelsehindrade","status":"publish","type":"page","link":"https:\/\/dhr.se\/goteborg\/om-dhr-goteborg\/unga-rorelsehindrade\/","title":{"rendered":"Unga r\u00f6relsehindrade"},"content":{"rendered":"<section class=\"block-simple-text\">\n    <div class=\"main\">\n        <div class=\"main-inner\">\n            <div class=\"ingress text-darker\"><\/div>\n            <div class=\"content\"><p>DHR:s yngre medlemmar i \u00e5ldern 0 \u2013 32 \u00e5r kan ansluta sig till F\u00f6rbundet Unga R\u00f6relsehindrade, som \u00e4r DHR:s ungdomsavdelning.<\/p>\n<p>Unga R\u00f6relsehindrades region i v\u00e4st heter G\u00f6teborgsklubben och har sitt kansli p\u00e5 Dalheimers hus i G\u00f6teborg. Unga R\u00f6relsehindrade delar DHR:s syn p\u00e5 intressepolitiken och riktar in sig p\u00e5 fr\u00e5gor f\u00f6r barn, ungdomar och unga vuxna.<\/p>\n<p>Fr\u00e5gor som alltid \u00e4r aktuella \u00e4r: tillg\u00e4nglighet, studier, arbetsmarknaden, relationer och familj, service av olika slag f\u00f6r m\u00e4nniskor med funktionsneds\u00e4ttning och mycket annat.<\/p>\n<p>\u00c4r du ung och r\u00f6relsehindrad och vill p\u00e5verka din situation, h\u00f6r av dig till Unga R\u00f6relsehindrade p\u00e5 telefon: 070-409 62 52 eller mejla: <a href=\"mailto:info@urg.nu\">info@urg.nu<\/a><\/p>\n<p>Du kan l\u00e4sa mer om dem p\u00e5 deras egen hemsida <a href=\"https:\/\/ungarorelsehindradegoteborgsklubben.se\/\">www.ungarorelsehindradegoteborgsklubben.se<\/a><\/p>\n<\/div>\n        <\/div>\n    <\/div>\n<\/section>\n\n\n<p><\/p>\n","protected":false},"excerpt":{"rendered":"","protected":false},"author":5,"featured_media":0,"parent":936,"menu_order":0,"comment_status":"closed","ping_status":"closed","template":"template-side-menu.php","meta":{"_acf_changed":false,"_monsterinsights_skip_tracking":false,"_monsterinsights_sitenote_active":false,"_monsterinsights_sitenote_note":"","_monsterinsights_sitenote_category":0,"footnotes":""},"class_list":["post-1447","page","type-page","status-publish","hentry"],"acf":[],"yoast_head":"<!-- This site is optimized with the Yoast SEO plugin v27.2 - https:\/\/yoast.com\/product\/yoast-seo-wordpress\/ -->\n<title>Unga r\u00f6relsehindrade - DHR - G\u00f6teborg<\/title>\n<meta name=\"robots\" content=\"index, follow, max-snippet:-1, max-image-preview:large, max-video-preview:-1\" \/>\n<link rel=\"canonical\" href=\"https:\/\/dhr.se\/goteborg\/om-dhr-goteborg\/unga-rorelsehindrade\/\" \/>\n<meta property=\"og:locale\" content=\"sv_SE\" \/>\n<meta property=\"og:type\" content=\"article\" \/>\n<meta property=\"og:title\" content=\"Unga r\u00f6relsehindrade - DHR - G\u00f6teborg\" \/>\n<meta property=\"og:url\" content=\"https:\/\/dhr.se\/goteborg\/om-dhr-goteborg\/unga-rorelsehindrade\/\" \/>\n<meta property=\"og:site_name\" content=\"DHR - G\u00f6teborg\" \/>\n<meta property=\"article:modified_time\" content=\"2024-11-12T12:02:45+00:00\" \/>\n<meta name=\"twitter:card\" content=\"summary_large_image\" \/>\n<script type=\"application\/ld+json\" class=\"yoast-schema-graph\">{\"@context\":\"https:\/\/schema.org\",\"@graph\":[{\"@type\":\"WebPage\",\"@id\":\"https:\/\/dhr.se\/goteborg\/om-dhr-goteborg\/unga-rorelsehindrade\/\",\"url\":\"https:\/\/dhr.se\/goteborg\/om-dhr-goteborg\/unga-rorelsehindrade\/\",\"name\":\"Unga r\u00f6relsehindrade - DHR - G\u00f6teborg\",\"isPartOf\":{\"@id\":\"https:\/\/dhr.se\/goteborg\/#website\"},\"datePublished\":\"2019-10-10T17:55:24+00:00\",\"dateModified\":\"2024-11-12T12:02:45+00:00\",\"breadcrumb\":{\"@id\":\"https:\/\/dhr.se\/goteborg\/om-dhr-goteborg\/unga-rorelsehindrade\/#breadcrumb\"},\"inLanguage\":\"sv-SE\",\"potentialAction\":[{\"@type\":\"ReadAction\",\"target\":[\"https:\/\/dhr.se\/goteborg\/om-dhr-goteborg\/unga-rorelsehindrade\/\"]}]},{\"@type\":\"BreadcrumbList\",\"@id\":\"https:\/\/dhr.se\/goteborg\/om-dhr-goteborg\/unga-rorelsehindrade\/#breadcrumb\",\"itemListElement\":[{\"@type\":\"ListItem\",\"position\":1,\"name\":\"Hem\",\"item\":\"https:\/\/dhr.se\/goteborg\/\"},{\"@type\":\"ListItem\",\"position\":2,\"name\":\"Om DHR G\u00f6teborg\",\"item\":\"https:\/\/dhr.se\/goteborg\/om-dhr-goteborg\/\"},{\"@type\":\"ListItem\",\"position\":3,\"name\":\"Unga r\u00f6relsehindrade\"}]},{\"@type\":\"WebSite\",\"@id\":\"https:\/\/dhr.se\/goteborg\/#website\",\"url\":\"https:\/\/dhr.se\/goteborg\/\",\"name\":\"DHR - G\u00f6teborg\",\"description\":\"Delaktighet, r\u00f6relsefrihet och handlingskraft\",\"potentialAction\":[{\"@type\":\"SearchAction\",\"target\":{\"@type\":\"EntryPoint\",\"urlTemplate\":\"https:\/\/dhr.se\/goteborg\/?s={search_term_string}\"},\"query-input\":{\"@type\":\"PropertyValueSpecification\",\"valueRequired\":true,\"valueName\":\"search_term_string\"}}],\"inLanguage\":\"sv-SE\"}]}<\/script>\n<!-- \/ Yoast SEO plugin. -->","yoast_head_json":{"title":"Unga r\u00f6relsehindrade - DHR - G\u00f6teborg","robots":{"index":"index","follow":"follow","max-snippet":"max-snippet:-1","max-image-preview":"max-image-preview:large","max-video-preview":"max-video-preview:-1"},"canonical":"https:\/\/dhr.se\/goteborg\/om-dhr-goteborg\/unga-rorelsehindrade\/","og_locale":"sv_SE","og_type":"article","og_title":"Unga r\u00f6relsehindrade - DHR - G\u00f6teborg","og_url":"https:\/\/dhr.se\/goteborg\/om-dhr-goteborg\/unga-rorelsehindrade\/","og_site_name":"DHR - G\u00f6teborg","article_modified_time":"2024-11-12T12:02:45+00:00","twitter_card":"summary_large_image","schema":{"@context":"https:\/\/schema.org","@graph":[{"@type":"WebPage","@id":"https:\/\/dhr.se\/goteborg\/om-dhr-goteborg\/unga-rorelsehindrade\/","url":"https:\/\/dhr.se\/goteborg\/om-dhr-goteborg\/unga-rorelsehindrade\/","name":"Unga r\u00f6relsehindrade - DHR - G\u00f6teborg","isPartOf":{"@id":"https:\/\/dhr.se\/goteborg\/#website"},"datePublished":"2019-10-10T17:55:24+00:00","dateModified":"2024-11-12T12:02:45+00:00","breadcrumb":{"@id":"https:\/\/dhr.se\/goteborg\/om-dhr-goteborg\/unga-rorelsehindrade\/#breadcrumb"},"inLanguage":"sv-SE","potentialAction":[{"@type":"ReadAction","target":["https:\/\/dhr.se\/goteborg\/om-dhr-goteborg\/unga-rorelsehindrade\/"]}]},{"@type":"BreadcrumbList","@id":"https:\/\/dhr.se\/goteborg\/om-dhr-goteborg\/unga-rorelsehindrade\/#breadcrumb","itemListElement":[{"@type":"ListItem","position":1,"name":"Hem","item":"https:\/\/dhr.se\/goteborg\/"},{"@type":"ListItem","position":2,"name":"Om DHR G\u00f6teborg","item":"https:\/\/dhr.se\/goteborg\/om-dhr-goteborg\/"},{"@type":"ListItem","position":3,"name":"Unga r\u00f6relsehindrade"}]},{"@type":"WebSite","@id":"https:\/\/dhr.se\/goteborg\/#website","url":"https:\/\/dhr.se\/goteborg\/","name":"DHR - G\u00f6teborg","description":"Delaktighet, r\u00f6relsefrihet och handlingskraft","potentialAction":[{"@type":"SearchAction","target":{"@type":"EntryPoint","urlTemplate":"https:\/\/dhr.se\/goteborg\/?s={search_term_string}"},"query-input":{"@type":"PropertyValueSpecification","valueRequired":true,"valueName":"search_term_string"}}],"inLanguage":"sv-SE"}]}},"publishpress_future_workflow_manual_trigger":{"enabledWorkflows":[]},"_links":{"self":[{"href":"https:\/\/dhr.se\/goteborg\/wp-json\/wp\/v2\/pages\/1447","targetHints":{"allow":["GET"]}}],"collection":[{"href":"https:\/\/dhr.se\/goteborg\/wp-json\/wp\/v2\/pages"}],"about":[{"href":"https:\/\/dhr.se\/goteborg\/wp-json\/wp\/v2\/types\/page"}],"author":[{"embeddable":true,"href":"https:\/\/dhr.se\/goteborg\/wp-json\/wp\/v2\/users\/5"}],"replies":[{"embeddable":true,"href":"https:\/\/dhr.se\/goteborg\/wp-json\/wp\/v2\/comments?post=1447"}],"version-history":[{"count":0,"href":"https:\/\/dhr.se\/goteborg\/wp-json\/wp\/v2\/pages\/1447\/revisions"}],"up":[{"embeddable":true,"href":"https:\/\/dhr.se\/goteborg\/wp-json\/wp\/v2\/pages\/936"}],"wp:attachment":[{"href":"https:\/\/dhr.se\/goteborg\/wp-json\/wp\/v2\/media?parent=1447"}],"curies":[{"name":"wp","href":"https:\/\/api.w.org\/{rel}","templated":true}]}}