{"id":1902,"date":"2020-03-25T16:53:33","date_gmt":"2020-03-25T15:53:33","guid":{"rendered":"http:\/\/dhr.se\/goteborg\/?page_id=1902"},"modified":"2024-09-11T10:56:57","modified_gmt":"2024-09-11T08:56:57","slug":"dhr-i-lokala-rad","status":"publish","type":"page","link":"https:\/\/dhr.se\/goteborg\/om-dhr-goteborg\/dhr-i-lokala-rad\/","title":{"rendered":"Samr\u00e5dsgrupper"},"content":{"rendered":"<section class=\"block-one-two\">\n    <div class=\"main\">\n        <div class=\"main-inner\">\n        <h2>H\u00e4r  \u00e4r vi representerade<\/h2>\n\n            <div class=\"flex-container\">\n                <div class=\"col-small\">\n                    <div class=\"content\"><p><a href=\"https:\/\/goteborg.se\/wps\/portal\/start\/kommun-och-politik\/kommunens-organisation\/forvaltningar-och-namnder\/forvaltningen-for-funktionsstod\/rad-for-funktionsstodsfragor\" target=\"_blank\" rel=\"noopener\">G\u00f6teborgs r\u00e5d f\u00f6r funktionshinderfr\u00e5gor<\/a><\/p>\n<p>Delaktighetsr\u00e5det i Dalheimers hus<br \/>\nH\u00e4r sitter avdelningen med f\u00f6r att diskutera hur man kan f\u00f6rb\u00e4ttra tillg\u00e4ngligheten p\u00e5 Dalheimers hus<\/p>\n<p>Samr\u00e5dsgruppen f\u00f6r fysisk tillg\u00e4nglighet<\/p>\n<p><a href=\"https:\/\/goteborg.se\/wps\/portal\/start\/kommun-o-politik\/kommunens-organisation\/forvaltningar\/trafikkontoret\/om-trafikkontoret\/fardtjanstens-rad-for-funktionshinderfragor\" target=\"_blank\" rel=\"noopener\">F\u00e4rdtj\u00e4nstens r\u00e5d f\u00f6r funktionshinderfr\u00e5gor<\/a><br \/>\nH\u00e4r sitter avdelningen med f\u00f6r att diskutera den problematik som kan uppst\u00e5 n\u00e4r funktionshindrade anv\u00e4nder sig av f\u00e4rdtj\u00e4nst. D\u00e5 m\u00e5nga av v\u00e5ra medlemmar anv\u00e4nder sig av just f\u00e4rdtj\u00e4nst, \u00e4r detta en st\u00e4ndigt aktuell fr\u00e5ga f\u00f6r oss.<\/p>\n<p><a href=\"http:\/\/www.liseberg,se\" target=\"_blank\" rel=\"noopener\">Liseberg<\/a><br \/>\nAvdelningen, tillsammans med andra grupper f\u00f6r funktionshinderr\u00f6relsen sitter med och diskuterar hur man kan g\u00f6ra det enklare med olika former av funktionshinder, att ta del av parkens utbud.<\/p>\n<p><a href=\"http:\/\/www.aeroseum.se\" target=\"_blank\" rel=\"noopener\">Aeroseum<\/a><br \/>\nAvdelningen blev ombedd att komma med synpunkter p\u00e5 vad man kan g\u00f6ra f\u00f6r att g\u00f6ra denna gamla anl\u00e4ggning mera tillg\u00e4nglig. Det kan r\u00f6ra sig om att f\u00e5 till en ramp p\u00e5 ett visst st\u00e4lle, eller kanske hur man b\u00f6r placera en d\u00f6rr\u00f6ppnare f\u00f6r att den ska bli enkel att n\u00e5.<\/p>\n<\/div>\n                <\/div>\n                <div class=\"col-big\">\n                    <div class=\"content\"><\/div>\n                <\/div>\n            <\/div>\n            \n        <\/div>\n    <\/div>\n<\/section>\n\n<section class=\"block-one-two\">\n    <div class=\"main\">\n        <div class=\"main-inner\">\n        <h2><\/h2>\n\n            <div class=\"flex-container\">\n                <div class=\"col-small\">\n                    <div class=\"content\"><\/div>\n                <\/div>\n                <div class=\"col-big\">\n                    <div class=\"content\"><\/div>\n                <\/div>\n            <\/div>\n            \n        <\/div>\n    <\/div>\n<\/section>","protected":false},"excerpt":{"rendered":"","protected":false},"author":1,"featured_media":0,"parent":936,"menu_order":0,"comment_status":"closed","ping_status":"closed","template":"template-side-menu.php","meta":{"_acf_changed":false,"_monsterinsights_skip_tracking":false,"_monsterinsights_sitenote_active":false,"_monsterinsights_sitenote_note":"","_monsterinsights_sitenote_category":0,"footnotes":""},"class_list":["post-1902","page","type-page","status-publish","hentry"],"acf":[],"yoast_head":"<!-- This site is optimized with the Yoast SEO plugin v27.2 - https:\/\/yoast.com\/product\/yoast-seo-wordpress\/ -->\n<title>Samr\u00e5dsgrupper - DHR - G\u00f6teborg<\/title>\n<meta name=\"robots\" content=\"index, follow, max-snippet:-1, max-image-preview:large, max-video-preview:-1\" \/>\n<link rel=\"canonical\" href=\"https:\/\/dhr.se\/goteborg\/om-dhr-goteborg\/dhr-i-lokala-rad\/\" \/>\n<meta property=\"og:locale\" content=\"sv_SE\" \/>\n<meta property=\"og:type\" content=\"article\" \/>\n<meta property=\"og:title\" content=\"Samr\u00e5dsgrupper - DHR - G\u00f6teborg\" \/>\n<meta property=\"og:url\" content=\"https:\/\/dhr.se\/goteborg\/om-dhr-goteborg\/dhr-i-lokala-rad\/\" \/>\n<meta property=\"og:site_name\" content=\"DHR - G\u00f6teborg\" \/>\n<meta property=\"article:modified_time\" content=\"2024-09-11T08:56:57+00:00\" \/>\n<meta name=\"twitter:card\" content=\"summary_large_image\" \/>\n<script type=\"application\/ld+json\" class=\"yoast-schema-graph\">{\"@context\":\"https:\/\/schema.org\",\"@graph\":[{\"@type\":\"WebPage\",\"@id\":\"https:\/\/dhr.se\/goteborg\/om-dhr-goteborg\/dhr-i-lokala-rad\/\",\"url\":\"https:\/\/dhr.se\/goteborg\/om-dhr-goteborg\/dhr-i-lokala-rad\/\",\"name\":\"Samr\u00e5dsgrupper - DHR - G\u00f6teborg\",\"isPartOf\":{\"@id\":\"https:\/\/dhr.se\/goteborg\/#website\"},\"datePublished\":\"2020-03-25T15:53:33+00:00\",\"dateModified\":\"2024-09-11T08:56:57+00:00\",\"breadcrumb\":{\"@id\":\"https:\/\/dhr.se\/goteborg\/om-dhr-goteborg\/dhr-i-lokala-rad\/#breadcrumb\"},\"inLanguage\":\"sv-SE\",\"potentialAction\":[{\"@type\":\"ReadAction\",\"target\":[\"https:\/\/dhr.se\/goteborg\/om-dhr-goteborg\/dhr-i-lokala-rad\/\"]}]},{\"@type\":\"BreadcrumbList\",\"@id\":\"https:\/\/dhr.se\/goteborg\/om-dhr-goteborg\/dhr-i-lokala-rad\/#breadcrumb\",\"itemListElement\":[{\"@type\":\"ListItem\",\"position\":1,\"name\":\"Hem\",\"item\":\"https:\/\/dhr.se\/goteborg\/\"},{\"@type\":\"ListItem\",\"position\":2,\"name\":\"Om DHR G\u00f6teborg\",\"item\":\"https:\/\/dhr.se\/goteborg\/om-dhr-goteborg\/\"},{\"@type\":\"ListItem\",\"position\":3,\"name\":\"Samr\u00e5dsgrupper\"}]},{\"@type\":\"WebSite\",\"@id\":\"https:\/\/dhr.se\/goteborg\/#website\",\"url\":\"https:\/\/dhr.se\/goteborg\/\",\"name\":\"DHR - G\u00f6teborg\",\"description\":\"Delaktighet, r\u00f6relsefrihet och handlingskraft\",\"potentialAction\":[{\"@type\":\"SearchAction\",\"target\":{\"@type\":\"EntryPoint\",\"urlTemplate\":\"https:\/\/dhr.se\/goteborg\/?s={search_term_string}\"},\"query-input\":{\"@type\":\"PropertyValueSpecification\",\"valueRequired\":true,\"valueName\":\"search_term_string\"}}],\"inLanguage\":\"sv-SE\"}]}<\/script>\n<!-- \/ Yoast SEO plugin. -->","yoast_head_json":{"title":"Samr\u00e5dsgrupper - DHR - G\u00f6teborg","robots":{"index":"index","follow":"follow","max-snippet":"max-snippet:-1","max-image-preview":"max-image-preview:large","max-video-preview":"max-video-preview:-1"},"canonical":"https:\/\/dhr.se\/goteborg\/om-dhr-goteborg\/dhr-i-lokala-rad\/","og_locale":"sv_SE","og_type":"article","og_title":"Samr\u00e5dsgrupper - DHR - G\u00f6teborg","og_url":"https:\/\/dhr.se\/goteborg\/om-dhr-goteborg\/dhr-i-lokala-rad\/","og_site_name":"DHR - G\u00f6teborg","article_modified_time":"2024-09-11T08:56:57+00:00","twitter_card":"summary_large_image","schema":{"@context":"https:\/\/schema.org","@graph":[{"@type":"WebPage","@id":"https:\/\/dhr.se\/goteborg\/om-dhr-goteborg\/dhr-i-lokala-rad\/","url":"https:\/\/dhr.se\/goteborg\/om-dhr-goteborg\/dhr-i-lokala-rad\/","name":"Samr\u00e5dsgrupper - DHR - G\u00f6teborg","isPartOf":{"@id":"https:\/\/dhr.se\/goteborg\/#website"},"datePublished":"2020-03-25T15:53:33+00:00","dateModified":"2024-09-11T08:56:57+00:00","breadcrumb":{"@id":"https:\/\/dhr.se\/goteborg\/om-dhr-goteborg\/dhr-i-lokala-rad\/#breadcrumb"},"inLanguage":"sv-SE","potentialAction":[{"@type":"ReadAction","target":["https:\/\/dhr.se\/goteborg\/om-dhr-goteborg\/dhr-i-lokala-rad\/"]}]},{"@type":"BreadcrumbList","@id":"https:\/\/dhr.se\/goteborg\/om-dhr-goteborg\/dhr-i-lokala-rad\/#breadcrumb","itemListElement":[{"@type":"ListItem","position":1,"name":"Hem","item":"https:\/\/dhr.se\/goteborg\/"},{"@type":"ListItem","position":2,"name":"Om DHR G\u00f6teborg","item":"https:\/\/dhr.se\/goteborg\/om-dhr-goteborg\/"},{"@type":"ListItem","position":3,"name":"Samr\u00e5dsgrupper"}]},{"@type":"WebSite","@id":"https:\/\/dhr.se\/goteborg\/#website","url":"https:\/\/dhr.se\/goteborg\/","name":"DHR - G\u00f6teborg","description":"Delaktighet, r\u00f6relsefrihet och handlingskraft","potentialAction":[{"@type":"SearchAction","target":{"@type":"EntryPoint","urlTemplate":"https:\/\/dhr.se\/goteborg\/?s={search_term_string}"},"query-input":{"@type":"PropertyValueSpecification","valueRequired":true,"valueName":"search_term_string"}}],"inLanguage":"sv-SE"}]}},"publishpress_future_workflow_manual_trigger":{"enabledWorkflows":[]},"_links":{"self":[{"href":"https:\/\/dhr.se\/goteborg\/wp-json\/wp\/v2\/pages\/1902","targetHints":{"allow":["GET"]}}],"collection":[{"href":"https:\/\/dhr.se\/goteborg\/wp-json\/wp\/v2\/pages"}],"about":[{"href":"https:\/\/dhr.se\/goteborg\/wp-json\/wp\/v2\/types\/page"}],"author":[{"embeddable":true,"href":"https:\/\/dhr.se\/goteborg\/wp-json\/wp\/v2\/users\/1"}],"replies":[{"embeddable":true,"href":"https:\/\/dhr.se\/goteborg\/wp-json\/wp\/v2\/comments?post=1902"}],"version-history":[{"count":0,"href":"https:\/\/dhr.se\/goteborg\/wp-json\/wp\/v2\/pages\/1902\/revisions"}],"up":[{"embeddable":true,"href":"https:\/\/dhr.se\/goteborg\/wp-json\/wp\/v2\/pages\/936"}],"wp:attachment":[{"href":"https:\/\/dhr.se\/goteborg\/wp-json\/wp\/v2\/media?parent=1902"}],"curies":[{"name":"wp","href":"https:\/\/api.w.org\/{rel}","templated":true}]}}