{"id":1946,"date":"2020-04-20T08:59:00","date_gmt":"2020-04-20T06:59:00","guid":{"rendered":"http:\/\/dhr.se\/goteborg\/?page_id=1946"},"modified":"2026-03-31T14:56:45","modified_gmt":"2026-03-31T12:56:45","slug":"understodsstiftelsen","status":"publish","type":"page","link":"https:\/\/dhr.se\/goteborg\/vi-arbetar-med\/understodsstiftelsen\/","title":{"rendered":"Underst\u00f6dsstiftelsen"},"content":{"rendered":"<section class=\"block-simple-text\">\n    <div class=\"main\">\n        <div class=\"main-inner\">\n            <div class=\"ingress text-darker\"><\/div>\n            <div class=\"content\"><p><strong>Det h\u00e4r \u00e4r Underst\u00f6dstiftelsen<\/strong><\/p>\n<p>Underst\u00f6dsstiftelsen bildades f\u00f6r att st\u00f6tta personer med olika typer av betydande r\u00f6relsehinder. Vi delar ut bidrag till s\u00e5dant som kan f\u00f6rb\u00e4ttra och underl\u00e4tta ditt liv och vardag men som samh\u00e4llet inte st\u00e5r f\u00f6r. Syftet med bidragen \u00e4r att du skall kunna utvecklas och komma n\u00e4rmare dina m\u00e5l.<\/p>\n<p><strong>Vem kan s\u00f6ka<\/strong><\/p>\n<p>Bidrag kan beviljas till dig med betydande r\u00f6relsehinder som \u00e4r boende i DHR G\u00f6teborgsavdelningens upptagningsomr\u00e5de dvs boende i G\u00f6teborg och Partille kommun.<br \/>\nFunktions\/r\u00f6relsehinder skall styrkas med intyg. Underst\u00f6dsstiftelsen ser g\u00e4rna unga s\u00f6kande. Besked om beviljat bidrag l\u00e4mnas skriftligen fr\u00e5n Underst\u00f6dsstiftelsens styrelse.<\/p>\n<p>Beslut fr\u00e5n Underst\u00f6dsstiftelsen kan inte \u00f6verklagas samt att Underst\u00f6dsstiftelsen inte l\u00e4mnar n\u00e5gon motivering f\u00f6r sina beslut.<\/p>\n<p><strong>Vad kan du s\u00f6ka bidrag f\u00f6r<\/strong><\/p>\n<p>N\u00e5gra exempel p\u00e5 vad du kan s\u00f6ka bidrag f\u00f6r \u00e4r utbildning, rekreationsresor, hj\u00e4lpmedel, datorer och idrottsredskap som inte samh\u00e4llet st\u00e5r f\u00f6r.<\/p>\n<p><strong>Det h\u00e4r kan du inte s\u00f6ka bidrag f\u00f6r <\/strong><\/p>\n<p>Bil, biltillbeh\u00f6r, k\u00f6rkortsutbildning l\u00e4kar-tandv\u00e5rdskostnader, alternativ v\u00e5rd, s\u00e4ng, mobiltelefon, kl\u00e4der, skor, glas\u00f6gon, skuldsanering eller allm\u00e4nt ekonomiskt st\u00f6d.<\/p>\n<p><strong>Ans\u00f6kan<\/strong><\/p>\n<p>Ans\u00f6kan kan g\u00f6ras p\u00e5 blankett som kan laddas ned fr\u00e5n hemsidan eller best\u00e4llas fr\u00e5n kansliet, telefon 031-704 60 50. Uppgifter ska l\u00e4mnas om \u00e4ndam\u00e5let med s\u00f6kt bidrag samt s\u00f6kandes ekonomiska f\u00f6rh\u00e5llanden. Du ans\u00f6ker genom att fylla i v\u00e5r <a href=\"https:\/\/dhr.se\/goteborg\/wp-content\/uploads\/sites\/3\/2026\/03\/ansokningsblankettStifelsen.pdf\">ans\u00f6kningsblankett<\/a>, som du laddar ner direkt h\u00e4r ifr\u00e5n hemsidan.<br \/>\nDu hittar utf\u00f6rligare information i filen <a href=\"https:\/\/dhr.se\/goteborg\/wp-content\/uploads\/sites\/3\/2025\/10\/bidragskriterier.pdf\" target=\"_blank\" rel=\"noopener\">Ans\u00f6kningskriterier<\/a>. F\u00f6r att din ans\u00f6kan ska bli s\u00e5 korrekt som m\u00f6jligt ber vi dig att l\u00e4sa igenom det innan du b\u00f6rjar med din ans\u00f6kan. Du beh\u00f6ver <a href=\"https:\/\/get.adobe.com\/se\/reader\/\" target=\"_blank\" rel=\"noopener noreferrer\">Acrobat Reader<\/a> f\u00f6r att l\u00e4sa filerna.<br \/>\nOm du inte har tillg\u00e5ng till skrivare kan du naturligtvis v\u00e4nda dig till v\u00e5rt kansli s\u00e5 skickar vi blanketter till dig.<\/p>\n<div>S\u00f6kande skall bifoga<br \/>\n\u2022\u00a0Kopia av senaste slutskattsedel<br \/>\n\u2022\u00a0Kopia av inkomstbesked, exempelvis pensionsavi, ber\u00e4kning av ekonomiskt bist\u00e5nd m.m.<br \/>\n\u2022\u00a0Kopia p\u00e5 intyg som styrker funktions\/r\u00f6relsehinder.<\/div>\n<div><strong>N\u00e4r s\u00f6ker du?<\/strong><br \/>\nDu kan s\u00f6ka \u00e5ret om. Underst\u00f6dsstiftelsen styrelse sammantr\u00e4der 6 g\u00e5nger per \u00e5r.<br \/>\nMedlemmar kan s\u00f6ka varje \u00e5r. Icke medlemmar kan s\u00f6ka vartannat \u00e5r.<\/div>\n<div>Du kan inte beviljas bidrag retroaktivt. Din ans\u00f6kan m\u00e5ste vara inne minst en vecka f\u00f6re varje m\u00f6te. M\u00f6tesdatum finns utskrivit i M\u00f6tesPunkt.<\/div>\n<div><\/div>\n<div>\n<div><strong>Ans\u00f6kan skickas till<\/strong><br \/>\nVi ser helst att du s\u00e4nder in ans\u00f6kan via e-post den skall d\u00e5 vara undertecknad och skickas tillsammans med scannade bilagor till goteborg@dhr.se<\/div>\n<div>Skriftligen via brev till\u00a0DHR G\u00f6teborgsavdelningen<br \/>\nUnderst\u00f6dsstiftelsen<br \/>\nSlottsskogsgatan 18<br \/>\n414 53 G\u00f6teborg<\/div>\n<div><strong>Samtycke till behandling av k\u00e4nsliga uppgifter<\/strong><br \/>\nDe uppgifter som du l\u00e4mnar i din ans\u00f6kan inneh\u00e5ller uppgifter som r\u00f6r h\u00e4lsa. Dataskyddsf\u00f6rordningen (GDPR the General Data Protection Regulation) inneb\u00e4r<br \/>\natt vi m\u00e5ste ha s\u00f6kandens samtycke till att f\u00e5 behandla de l\u00e4mnade uppgifterna. I och med din underskrift medger du aktivt samtycke till att Underst\u00f6dsstiftelsen beh\u00e5ller l\u00e4mnade intyg.<\/div>\n<div><strong><br \/>\nVill du bidra till Underst\u00f6dsstiftelsen?<\/strong><\/div>\n<div>I takt med att de offentliga resurserna krymper blir Underst\u00f6dsstiftelsens arbete allt viktigare. F\u00f6r att kunna forts\u00e4tta det tar vi tacksamt emot alla former av ekonomiska bidrag. Det kan vara allt fr\u00e5n g\u00e5vor till testamenten.<br \/>\nSwish 123 208 58 50 m\u00e4rk inbetalning: G\u00e5va till Underst\u00f6dsstiftelsen.<\/div>\n<\/div>\n<\/div>\n        <\/div>\n    <\/div>\n<\/section>\n\n\n<p><\/p>\n\n\n<section class=\"block-simple-text\">\n    <div class=\"main\">\n        <div class=\"main-inner\">\n            <div class=\"ingress text-darker\"><\/div>\n            <div class=\"content\"><\/div>\n        <\/div>\n    <\/div>\n<\/section>\n\n\n<p><\/p>\n\n\n\n<p><\/p>\n\n\n\n<p><\/p>\n","protected":false},"excerpt":{"rendered":"","protected":false},"author":7,"featured_media":0,"parent":1251,"menu_order":0,"comment_status":"closed","ping_status":"closed","template":"template-side-menu.php","meta":{"_acf_changed":false,"_monsterinsights_skip_tracking":false,"_monsterinsights_sitenote_active":false,"_monsterinsights_sitenote_note":"","_monsterinsights_sitenote_category":0,"footnotes":""},"class_list":["post-1946","page","type-page","status-publish","hentry"],"acf":[],"yoast_head":"<!-- This site is optimized with the Yoast SEO plugin v27.2 - https:\/\/yoast.com\/product\/yoast-seo-wordpress\/ -->\n<title>Underst\u00f6dsstiftelsen - DHR - G\u00f6teborg<\/title>\n<meta name=\"robots\" content=\"index, follow, max-snippet:-1, max-image-preview:large, max-video-preview:-1\" \/>\n<link rel=\"canonical\" href=\"https:\/\/dhr.se\/goteborg\/vi-arbetar-med\/understodsstiftelsen\/\" \/>\n<meta property=\"og:locale\" content=\"sv_SE\" \/>\n<meta property=\"og:type\" content=\"article\" \/>\n<meta property=\"og:title\" content=\"Underst\u00f6dsstiftelsen - DHR - G\u00f6teborg\" \/>\n<meta property=\"og:url\" content=\"https:\/\/dhr.se\/goteborg\/vi-arbetar-med\/understodsstiftelsen\/\" \/>\n<meta property=\"og:site_name\" content=\"DHR - G\u00f6teborg\" \/>\n<meta property=\"article:modified_time\" content=\"2026-03-31T12:56:45+00:00\" \/>\n<meta name=\"twitter:card\" content=\"summary_large_image\" \/>\n<script type=\"application\/ld+json\" class=\"yoast-schema-graph\">{\"@context\":\"https:\/\/schema.org\",\"@graph\":[{\"@type\":\"WebPage\",\"@id\":\"https:\/\/dhr.se\/goteborg\/vi-arbetar-med\/understodsstiftelsen\/\",\"url\":\"https:\/\/dhr.se\/goteborg\/vi-arbetar-med\/understodsstiftelsen\/\",\"name\":\"Underst\u00f6dsstiftelsen - DHR - G\u00f6teborg\",\"isPartOf\":{\"@id\":\"https:\/\/dhr.se\/goteborg\/#website\"},\"datePublished\":\"2020-04-20T06:59:00+00:00\",\"dateModified\":\"2026-03-31T12:56:45+00:00\",\"breadcrumb\":{\"@id\":\"https:\/\/dhr.se\/goteborg\/vi-arbetar-med\/understodsstiftelsen\/#breadcrumb\"},\"inLanguage\":\"sv-SE\",\"potentialAction\":[{\"@type\":\"ReadAction\",\"target\":[\"https:\/\/dhr.se\/goteborg\/vi-arbetar-med\/understodsstiftelsen\/\"]}]},{\"@type\":\"BreadcrumbList\",\"@id\":\"https:\/\/dhr.se\/goteborg\/vi-arbetar-med\/understodsstiftelsen\/#breadcrumb\",\"itemListElement\":[{\"@type\":\"ListItem\",\"position\":1,\"name\":\"Hem\",\"item\":\"https:\/\/dhr.se\/goteborg\/\"},{\"@type\":\"ListItem\",\"position\":2,\"name\":\"Vi arbetar med\",\"item\":\"https:\/\/dhr.se\/goteborg\/vi-arbetar-med\/\"},{\"@type\":\"ListItem\",\"position\":3,\"name\":\"Underst\u00f6dsstiftelsen\"}]},{\"@type\":\"WebSite\",\"@id\":\"https:\/\/dhr.se\/goteborg\/#website\",\"url\":\"https:\/\/dhr.se\/goteborg\/\",\"name\":\"DHR - G\u00f6teborg\",\"description\":\"Delaktighet, r\u00f6relsefrihet och handlingskraft\",\"potentialAction\":[{\"@type\":\"SearchAction\",\"target\":{\"@type\":\"EntryPoint\",\"urlTemplate\":\"https:\/\/dhr.se\/goteborg\/?s={search_term_string}\"},\"query-input\":{\"@type\":\"PropertyValueSpecification\",\"valueRequired\":true,\"valueName\":\"search_term_string\"}}],\"inLanguage\":\"sv-SE\"}]}<\/script>\n<!-- \/ Yoast SEO plugin. -->","yoast_head_json":{"title":"Underst\u00f6dsstiftelsen - DHR - G\u00f6teborg","robots":{"index":"index","follow":"follow","max-snippet":"max-snippet:-1","max-image-preview":"max-image-preview:large","max-video-preview":"max-video-preview:-1"},"canonical":"https:\/\/dhr.se\/goteborg\/vi-arbetar-med\/understodsstiftelsen\/","og_locale":"sv_SE","og_type":"article","og_title":"Underst\u00f6dsstiftelsen - DHR - G\u00f6teborg","og_url":"https:\/\/dhr.se\/goteborg\/vi-arbetar-med\/understodsstiftelsen\/","og_site_name":"DHR - G\u00f6teborg","article_modified_time":"2026-03-31T12:56:45+00:00","twitter_card":"summary_large_image","schema":{"@context":"https:\/\/schema.org","@graph":[{"@type":"WebPage","@id":"https:\/\/dhr.se\/goteborg\/vi-arbetar-med\/understodsstiftelsen\/","url":"https:\/\/dhr.se\/goteborg\/vi-arbetar-med\/understodsstiftelsen\/","name":"Underst\u00f6dsstiftelsen - DHR - G\u00f6teborg","isPartOf":{"@id":"https:\/\/dhr.se\/goteborg\/#website"},"datePublished":"2020-04-20T06:59:00+00:00","dateModified":"2026-03-31T12:56:45+00:00","breadcrumb":{"@id":"https:\/\/dhr.se\/goteborg\/vi-arbetar-med\/understodsstiftelsen\/#breadcrumb"},"inLanguage":"sv-SE","potentialAction":[{"@type":"ReadAction","target":["https:\/\/dhr.se\/goteborg\/vi-arbetar-med\/understodsstiftelsen\/"]}]},{"@type":"BreadcrumbList","@id":"https:\/\/dhr.se\/goteborg\/vi-arbetar-med\/understodsstiftelsen\/#breadcrumb","itemListElement":[{"@type":"ListItem","position":1,"name":"Hem","item":"https:\/\/dhr.se\/goteborg\/"},{"@type":"ListItem","position":2,"name":"Vi arbetar med","item":"https:\/\/dhr.se\/goteborg\/vi-arbetar-med\/"},{"@type":"ListItem","position":3,"name":"Underst\u00f6dsstiftelsen"}]},{"@type":"WebSite","@id":"https:\/\/dhr.se\/goteborg\/#website","url":"https:\/\/dhr.se\/goteborg\/","name":"DHR - G\u00f6teborg","description":"Delaktighet, r\u00f6relsefrihet och handlingskraft","potentialAction":[{"@type":"SearchAction","target":{"@type":"EntryPoint","urlTemplate":"https:\/\/dhr.se\/goteborg\/?s={search_term_string}"},"query-input":{"@type":"PropertyValueSpecification","valueRequired":true,"valueName":"search_term_string"}}],"inLanguage":"sv-SE"}]}},"publishpress_future_workflow_manual_trigger":{"enabledWorkflows":[]},"_links":{"self":[{"href":"https:\/\/dhr.se\/goteborg\/wp-json\/wp\/v2\/pages\/1946","targetHints":{"allow":["GET"]}}],"collection":[{"href":"https:\/\/dhr.se\/goteborg\/wp-json\/wp\/v2\/pages"}],"about":[{"href":"https:\/\/dhr.se\/goteborg\/wp-json\/wp\/v2\/types\/page"}],"author":[{"embeddable":true,"href":"https:\/\/dhr.se\/goteborg\/wp-json\/wp\/v2\/users\/7"}],"replies":[{"embeddable":true,"href":"https:\/\/dhr.se\/goteborg\/wp-json\/wp\/v2\/comments?post=1946"}],"version-history":[{"count":1,"href":"https:\/\/dhr.se\/goteborg\/wp-json\/wp\/v2\/pages\/1946\/revisions"}],"predecessor-version":[{"id":5307,"href":"https:\/\/dhr.se\/goteborg\/wp-json\/wp\/v2\/pages\/1946\/revisions\/5307"}],"up":[{"embeddable":true,"href":"https:\/\/dhr.se\/goteborg\/wp-json\/wp\/v2\/pages\/1251"}],"wp:attachment":[{"href":"https:\/\/dhr.se\/goteborg\/wp-json\/wp\/v2\/media?parent=1946"}],"curies":[{"name":"wp","href":"https:\/\/api.w.org\/{rel}","templated":true}]}}