{"id":2351,"date":"2021-04-15T12:38:10","date_gmt":"2021-04-15T10:38:10","guid":{"rendered":"http:\/\/dhr.se\/goteborg\/?page_id=2351"},"modified":"2021-04-15T12:38:15","modified_gmt":"2021-04-15T10:38:15","slug":"nyheter","status":"publish","type":"page","link":"https:\/\/dhr.se\/goteborg\/nyheter\/","title":{"rendered":"Nyheter"},"content":{"rendered":"<section class=\"block-all-news\">\n    <div class=\"drivhuset-spinner-overlay\"><div class=\"drivhuset-spinner\"><\/div><\/div>\n    <div class=\"main\">\n        <div class=\"main-inner\">\n            <div id=\"all-news-container\" class=\"flex-container\">\n\n                                        \n                                <div class=\"one-post\">\n                                                                            <a href=\"https:\/\/dhr.se\/goteborg\/l\/\">\n                                            <img loading=\"lazy\" decoding=\"async\" width=\"1134\" height=\"1512\" src=\"https:\/\/dhr.se\/goteborg\/wp-content\/uploads\/sites\/3\/2025\/10\/PO-rapport.jpg\" class=\"attachment-post-thumbnail size-post-thumbnail wp-post-image\" alt=\"Alt=&quot;&quot;\" srcset=\"https:\/\/dhr.se\/goteborg\/wp-content\/uploads\/sites\/3\/2025\/10\/PO-rapport.jpg 1134w, https:\/\/dhr.se\/goteborg\/wp-content\/uploads\/sites\/3\/2025\/10\/PO-rapport-225x300.jpg 225w, https:\/\/dhr.se\/goteborg\/wp-content\/uploads\/sites\/3\/2025\/10\/PO-rapport-768x1024.jpg 768w, https:\/\/dhr.se\/goteborg\/wp-content\/uploads\/sites\/3\/2025\/10\/PO-rapport-50x67.jpg 50w\" sizes=\"auto, (max-width: 1134px) 100vw, 1134px\" \/>                                        <\/a>\n                                                                        <h3>L\u00e4s v\u00e5r senaste bok<\/h3>\n                                    <p class=\"excerpt\"><\/p>\n\n                                    <a class=\"small-button text-link\" href=\"https:\/\/dhr.se\/goteborg\/l\/\">L\u00e4s mer<\/a>\n                                <\/div>\n                        \n                                                \n                                <div class=\"one-post\">\n                                                                        <h3>Hemtj\u00e4nst. Vad inneb\u00e4r det f\u00f6r dem som brukar den?<\/h3>\n                                    <p class=\"excerpt\"><\/p>\n\n                                    <a class=\"small-button text-link\" href=\"https:\/\/dhr.se\/goteborg\/dhr-goteborgspodden\/\">L\u00e4s mer<\/a>\n                                <\/div>\n                        \n                                                \n                                <div class=\"one-post\">\n                                                                            <a href=\"https:\/\/dhr.se\/goteborg\/skattetvang-for-handikappanpassade-fordon-kritiseras\/\">\n                                            <img loading=\"lazy\" decoding=\"async\" width=\"240\" height=\"320\" src=\"https:\/\/dhr.se\/goteborg\/wp-content\/uploads\/sites\/3\/2021\/05\/Micke-2.jpg\" class=\"attachment-post-thumbnail size-post-thumbnail wp-post-image\" alt=\"\" srcset=\"https:\/\/dhr.se\/goteborg\/wp-content\/uploads\/sites\/3\/2021\/05\/Micke-2.jpg 240w, https:\/\/dhr.se\/goteborg\/wp-content\/uploads\/sites\/3\/2021\/05\/Micke-2-225x300.jpg 225w\" sizes=\"auto, (max-width: 240px) 100vw, 240px\" \/>                                        <\/a>\n                                                                        <h3>Skattetv\u00e5ng f\u00f6r handikappanpassade fordon kritiseras<\/h3>\n                                    <p class=\"excerpt\"><\/p>\n\n                                    <a class=\"small-button text-link\" href=\"https:\/\/dhr.se\/goteborg\/skattetvang-for-handikappanpassade-fordon-kritiseras\/\">L\u00e4s mer<\/a>\n                                <\/div>\n                        \n                           \n            <\/div>\n\n                        \n        <\/div>\n    <\/div>\n<\/section>","protected":false},"excerpt":{"rendered":"","protected":false},"author":1,"featured_media":0,"parent":0,"menu_order":0,"comment_status":"closed","ping_status":"closed","template":"","meta":{"_acf_changed":false,"_monsterinsights_skip_tracking":false,"_monsterinsights_sitenote_active":false,"_monsterinsights_sitenote_note":"","_monsterinsights_sitenote_category":0,"footnotes":""},"class_list":["post-2351","page","type-page","status-publish","hentry"],"acf":[],"yoast_head":"<!-- This site is optimized with the Yoast SEO plugin v27.2 - https:\/\/yoast.com\/product\/yoast-seo-wordpress\/ -->\n<title>Nyheter - DHR - G\u00f6teborg<\/title>\n<meta name=\"robots\" content=\"index, follow, max-snippet:-1, max-image-preview:large, max-video-preview:-1\" \/>\n<link rel=\"canonical\" href=\"https:\/\/dhr.se\/goteborg\/nyheter\/\" \/>\n<meta property=\"og:locale\" content=\"sv_SE\" \/>\n<meta property=\"og:type\" content=\"article\" \/>\n<meta property=\"og:title\" content=\"Nyheter - DHR - G\u00f6teborg\" \/>\n<meta property=\"og:url\" content=\"https:\/\/dhr.se\/goteborg\/nyheter\/\" \/>\n<meta property=\"og:site_name\" content=\"DHR - G\u00f6teborg\" \/>\n<meta property=\"article:modified_time\" content=\"2021-04-15T10:38:15+00:00\" \/>\n<meta name=\"twitter:card\" content=\"summary_large_image\" \/>\n<script type=\"application\/ld+json\" class=\"yoast-schema-graph\">{\"@context\":\"https:\/\/schema.org\",\"@graph\":[{\"@type\":\"WebPage\",\"@id\":\"https:\/\/dhr.se\/goteborg\/nyheter\/\",\"url\":\"https:\/\/dhr.se\/goteborg\/nyheter\/\",\"name\":\"Nyheter - DHR - G\u00f6teborg\",\"isPartOf\":{\"@id\":\"https:\/\/dhr.se\/goteborg\/#website\"},\"datePublished\":\"2021-04-15T10:38:10+00:00\",\"dateModified\":\"2021-04-15T10:38:15+00:00\",\"breadcrumb\":{\"@id\":\"https:\/\/dhr.se\/goteborg\/nyheter\/#breadcrumb\"},\"inLanguage\":\"sv-SE\",\"potentialAction\":[{\"@type\":\"ReadAction\",\"target\":[\"https:\/\/dhr.se\/goteborg\/nyheter\/\"]}]},{\"@type\":\"BreadcrumbList\",\"@id\":\"https:\/\/dhr.se\/goteborg\/nyheter\/#breadcrumb\",\"itemListElement\":[{\"@type\":\"ListItem\",\"position\":1,\"name\":\"Hem\",\"item\":\"https:\/\/dhr.se\/goteborg\/\"},{\"@type\":\"ListItem\",\"position\":2,\"name\":\"Nyheter\"}]},{\"@type\":\"WebSite\",\"@id\":\"https:\/\/dhr.se\/goteborg\/#website\",\"url\":\"https:\/\/dhr.se\/goteborg\/\",\"name\":\"DHR - G\u00f6teborg\",\"description\":\"Delaktighet, r\u00f6relsefrihet och handlingskraft\",\"potentialAction\":[{\"@type\":\"SearchAction\",\"target\":{\"@type\":\"EntryPoint\",\"urlTemplate\":\"https:\/\/dhr.se\/goteborg\/?s={search_term_string}\"},\"query-input\":{\"@type\":\"PropertyValueSpecification\",\"valueRequired\":true,\"valueName\":\"search_term_string\"}}],\"inLanguage\":\"sv-SE\"}]}<\/script>\n<!-- \/ Yoast SEO plugin. -->","yoast_head_json":{"title":"Nyheter - DHR - G\u00f6teborg","robots":{"index":"index","follow":"follow","max-snippet":"max-snippet:-1","max-image-preview":"max-image-preview:large","max-video-preview":"max-video-preview:-1"},"canonical":"https:\/\/dhr.se\/goteborg\/nyheter\/","og_locale":"sv_SE","og_type":"article","og_title":"Nyheter - DHR - G\u00f6teborg","og_url":"https:\/\/dhr.se\/goteborg\/nyheter\/","og_site_name":"DHR - G\u00f6teborg","article_modified_time":"2021-04-15T10:38:15+00:00","twitter_card":"summary_large_image","schema":{"@context":"https:\/\/schema.org","@graph":[{"@type":"WebPage","@id":"https:\/\/dhr.se\/goteborg\/nyheter\/","url":"https:\/\/dhr.se\/goteborg\/nyheter\/","name":"Nyheter - DHR - G\u00f6teborg","isPartOf":{"@id":"https:\/\/dhr.se\/goteborg\/#website"},"datePublished":"2021-04-15T10:38:10+00:00","dateModified":"2021-04-15T10:38:15+00:00","breadcrumb":{"@id":"https:\/\/dhr.se\/goteborg\/nyheter\/#breadcrumb"},"inLanguage":"sv-SE","potentialAction":[{"@type":"ReadAction","target":["https:\/\/dhr.se\/goteborg\/nyheter\/"]}]},{"@type":"BreadcrumbList","@id":"https:\/\/dhr.se\/goteborg\/nyheter\/#breadcrumb","itemListElement":[{"@type":"ListItem","position":1,"name":"Hem","item":"https:\/\/dhr.se\/goteborg\/"},{"@type":"ListItem","position":2,"name":"Nyheter"}]},{"@type":"WebSite","@id":"https:\/\/dhr.se\/goteborg\/#website","url":"https:\/\/dhr.se\/goteborg\/","name":"DHR - G\u00f6teborg","description":"Delaktighet, r\u00f6relsefrihet och handlingskraft","potentialAction":[{"@type":"SearchAction","target":{"@type":"EntryPoint","urlTemplate":"https:\/\/dhr.se\/goteborg\/?s={search_term_string}"},"query-input":{"@type":"PropertyValueSpecification","valueRequired":true,"valueName":"search_term_string"}}],"inLanguage":"sv-SE"}]}},"publishpress_future_workflow_manual_trigger":{"enabledWorkflows":[]},"_links":{"self":[{"href":"https:\/\/dhr.se\/goteborg\/wp-json\/wp\/v2\/pages\/2351","targetHints":{"allow":["GET"]}}],"collection":[{"href":"https:\/\/dhr.se\/goteborg\/wp-json\/wp\/v2\/pages"}],"about":[{"href":"https:\/\/dhr.se\/goteborg\/wp-json\/wp\/v2\/types\/page"}],"author":[{"embeddable":true,"href":"https:\/\/dhr.se\/goteborg\/wp-json\/wp\/v2\/users\/1"}],"replies":[{"embeddable":true,"href":"https:\/\/dhr.se\/goteborg\/wp-json\/wp\/v2\/comments?post=2351"}],"version-history":[{"count":0,"href":"https:\/\/dhr.se\/goteborg\/wp-json\/wp\/v2\/pages\/2351\/revisions"}],"wp:attachment":[{"href":"https:\/\/dhr.se\/goteborg\/wp-json\/wp\/v2\/media?parent=2351"}],"curies":[{"name":"wp","href":"https:\/\/api.w.org\/{rel}","templated":true}]}}