{"id":2443,"date":"2022-11-23T22:52:19","date_gmt":"2022-11-23T21:52:19","guid":{"rendered":"https:\/\/dhr.se\/goteborg\/?page_id=2443"},"modified":"2026-03-31T12:57:57","modified_gmt":"2026-03-31T10:57:57","slug":"ordforandens-ruta","status":"publish","type":"page","link":"https:\/\/dhr.se\/goteborg\/ordforandens-ruta\/","title":{"rendered":"Ordf\u00f6randens ruta"},"content":{"rendered":"<section class=\"block-simple-text\">\n    <div class=\"main\">\n        <div class=\"main-inner\">\n            <div class=\"ingress text-darker\"><\/div>\n            <div class=\"content\"><p><img loading=\"lazy\" decoding=\"async\" class=\"alignnone wp-image-5248\" src=\"https:\/\/dhr.se\/goteborg\/wp-content\/uploads\/sites\/3\/2026\/02\/Lejla-Selman-239x300.jpg\" alt=\"Bild p\u00e5 Lejla Selman\" width=\"134\" height=\"168\" srcset=\"https:\/\/dhr.se\/goteborg\/wp-content\/uploads\/sites\/3\/2026\/02\/Lejla-Selman-239x300.jpg 239w, https:\/\/dhr.se\/goteborg\/wp-content\/uploads\/sites\/3\/2026\/02\/Lejla-Selman-817x1024.jpg 817w, https:\/\/dhr.se\/goteborg\/wp-content\/uploads\/sites\/3\/2026\/02\/Lejla-Selman-768x963.jpg 768w, https:\/\/dhr.se\/goteborg\/wp-content\/uploads\/sites\/3\/2026\/02\/Lejla-Selman-1226x1536.jpg 1226w, https:\/\/dhr.se\/goteborg\/wp-content\/uploads\/sites\/3\/2026\/02\/Lejla-Selman-50x63.jpg 50w, https:\/\/dhr.se\/goteborg\/wp-content\/uploads\/sites\/3\/2026\/02\/Lejla-Selman.jpg 1279w\" sizes=\"auto, (max-width: 134px) 100vw, 134px\" \/><\/p>\n<p><span data-contrast=\"auto\">K\u00e4ra medlemmar.<\/span><span data-ccp-props=\"{&quot;134233117&quot;:false,&quot;134233118&quot;:false,&quot;201341983&quot;:0,&quot;335559738&quot;:0,&quot;335559739&quot;:160,&quot;335559740&quot;:254}\">\u00a0<\/span><\/p>\n<p><span data-contrast=\"auto\">Efter en l\u00e5n och kall februari g\u00e5r vi \u00e4ntligen mot ljusare tider. Sn\u00f6n har varit v\u00e4lkommen men nu tycker jag att den f\u00e5r tacka f\u00f6r sig.\u00a0<\/span><\/p>\n<p>Under februari avrundande vi \u00e5rets bokcirkel med f\u00f6rfattarbes\u00f6k av Margaretha Persson som har skrivit boken Styvsystrar i vilken hon visar hur kvinnor\u00f6relsens tidningar skrivit om funktionshinder sedan f\u00f6rra sekelskiftet. Detta \u00e4r Margaretha Perssons andra bes\u00f6k hos oss p\u00e5 DHR G\u00f6teborgsavdelningen.<\/p>\n<p>Nu till v\u00e5ren har vi m\u00e5nga sp\u00e4nnande aktiviteter f\u00f6r v\u00e5ra medlemmar. Aktiviteter som den dansbaserade grupptr\u00e4ningen zumba med Ett Gott Liv. och musikalen Miss Saigon med MSK. Hoppas ni hittar n\u00e5gra aktiviteter ni har m\u00f6jlighet att delta i.<\/p>\n<p>Den 29 mars \u00e4r det \u00e5rsm\u00f6te och vi DHR G\u00f6teborgsavdelningen v\u00e4lkomnar er till att delta. I \u00e5r v\u00e4ljer vi en ny ordf\u00f6rande och nya styrelseledam\u00f6ter.<\/p>\n<p>Tillsammans forts\u00e4tter vi att driva viktiga fr\u00e5gor g\u00e4llande v\u00e5ra medlemmar. Kom g\u00e4rna med synpunkter och tankar p\u00e5 vad ni sj\u00e4lva tycker b\u00f6r lyftas.<\/p>\n<p>Vi p\u00e5 DHR G\u00f6teborgsavdelningen \u00f6nskar v\u00e5ra medlemmar en Glad P\u00e5sk med god mat och trevligt umg\u00e4nge.<\/p>\n<p><span data-contrast=\"auto\">Lejla Selman<\/span><span data-ccp-props=\"{&quot;134233117&quot;:false,&quot;134233118&quot;:false,&quot;201341983&quot;:0,&quot;335559738&quot;:0,&quot;335559739&quot;:160,&quot;335559740&quot;:254}\">\u00a0<\/span><\/p>\n<\/div>\n        <\/div>\n    <\/div>\n<\/section>","protected":false},"excerpt":{"rendered":"","protected":false},"author":7,"featured_media":0,"parent":0,"menu_order":0,"comment_status":"closed","ping_status":"closed","template":"","meta":{"_acf_changed":false,"_monsterinsights_skip_tracking":false,"_monsterinsights_sitenote_active":false,"_monsterinsights_sitenote_note":"","_monsterinsights_sitenote_category":0,"footnotes":""},"class_list":["post-2443","page","type-page","status-publish","hentry"],"acf":[],"yoast_head":"<!-- This site is optimized with the Yoast SEO plugin v27.2 - https:\/\/yoast.com\/product\/yoast-seo-wordpress\/ -->\n<title>Ordf\u00f6randens ruta - DHR - G\u00f6teborg<\/title>\n<meta name=\"robots\" content=\"index, follow, max-snippet:-1, max-image-preview:large, max-video-preview:-1\" \/>\n<link rel=\"canonical\" href=\"https:\/\/dhr.se\/goteborg\/ordforandens-ruta\/\" \/>\n<meta property=\"og:locale\" content=\"sv_SE\" \/>\n<meta property=\"og:type\" content=\"article\" \/>\n<meta property=\"og:title\" content=\"Ordf\u00f6randens ruta - DHR - G\u00f6teborg\" \/>\n<meta property=\"og:url\" content=\"https:\/\/dhr.se\/goteborg\/ordforandens-ruta\/\" \/>\n<meta property=\"og:site_name\" content=\"DHR - G\u00f6teborg\" \/>\n<meta property=\"article:modified_time\" content=\"2026-03-31T10:57:57+00:00\" \/>\n<meta name=\"twitter:card\" content=\"summary_large_image\" \/>\n<script type=\"application\/ld+json\" class=\"yoast-schema-graph\">{\"@context\":\"https:\/\/schema.org\",\"@graph\":[{\"@type\":\"WebPage\",\"@id\":\"https:\/\/dhr.se\/goteborg\/ordforandens-ruta\/\",\"url\":\"https:\/\/dhr.se\/goteborg\/ordforandens-ruta\/\",\"name\":\"Ordf\u00f6randens ruta - DHR - G\u00f6teborg\",\"isPartOf\":{\"@id\":\"https:\/\/dhr.se\/goteborg\/#website\"},\"datePublished\":\"2022-11-23T21:52:19+00:00\",\"dateModified\":\"2026-03-31T10:57:57+00:00\",\"breadcrumb\":{\"@id\":\"https:\/\/dhr.se\/goteborg\/ordforandens-ruta\/#breadcrumb\"},\"inLanguage\":\"sv-SE\",\"potentialAction\":[{\"@type\":\"ReadAction\",\"target\":[\"https:\/\/dhr.se\/goteborg\/ordforandens-ruta\/\"]}]},{\"@type\":\"BreadcrumbList\",\"@id\":\"https:\/\/dhr.se\/goteborg\/ordforandens-ruta\/#breadcrumb\",\"itemListElement\":[{\"@type\":\"ListItem\",\"position\":1,\"name\":\"Hem\",\"item\":\"https:\/\/dhr.se\/goteborg\/\"},{\"@type\":\"ListItem\",\"position\":2,\"name\":\"Ordf\u00f6randens ruta\"}]},{\"@type\":\"WebSite\",\"@id\":\"https:\/\/dhr.se\/goteborg\/#website\",\"url\":\"https:\/\/dhr.se\/goteborg\/\",\"name\":\"DHR - G\u00f6teborg\",\"description\":\"Delaktighet, r\u00f6relsefrihet och handlingskraft\",\"potentialAction\":[{\"@type\":\"SearchAction\",\"target\":{\"@type\":\"EntryPoint\",\"urlTemplate\":\"https:\/\/dhr.se\/goteborg\/?s={search_term_string}\"},\"query-input\":{\"@type\":\"PropertyValueSpecification\",\"valueRequired\":true,\"valueName\":\"search_term_string\"}}],\"inLanguage\":\"sv-SE\"}]}<\/script>\n<!-- \/ Yoast SEO plugin. -->","yoast_head_json":{"title":"Ordf\u00f6randens ruta - DHR - G\u00f6teborg","robots":{"index":"index","follow":"follow","max-snippet":"max-snippet:-1","max-image-preview":"max-image-preview:large","max-video-preview":"max-video-preview:-1"},"canonical":"https:\/\/dhr.se\/goteborg\/ordforandens-ruta\/","og_locale":"sv_SE","og_type":"article","og_title":"Ordf\u00f6randens ruta - DHR - G\u00f6teborg","og_url":"https:\/\/dhr.se\/goteborg\/ordforandens-ruta\/","og_site_name":"DHR - G\u00f6teborg","article_modified_time":"2026-03-31T10:57:57+00:00","twitter_card":"summary_large_image","schema":{"@context":"https:\/\/schema.org","@graph":[{"@type":"WebPage","@id":"https:\/\/dhr.se\/goteborg\/ordforandens-ruta\/","url":"https:\/\/dhr.se\/goteborg\/ordforandens-ruta\/","name":"Ordf\u00f6randens ruta - DHR - G\u00f6teborg","isPartOf":{"@id":"https:\/\/dhr.se\/goteborg\/#website"},"datePublished":"2022-11-23T21:52:19+00:00","dateModified":"2026-03-31T10:57:57+00:00","breadcrumb":{"@id":"https:\/\/dhr.se\/goteborg\/ordforandens-ruta\/#breadcrumb"},"inLanguage":"sv-SE","potentialAction":[{"@type":"ReadAction","target":["https:\/\/dhr.se\/goteborg\/ordforandens-ruta\/"]}]},{"@type":"BreadcrumbList","@id":"https:\/\/dhr.se\/goteborg\/ordforandens-ruta\/#breadcrumb","itemListElement":[{"@type":"ListItem","position":1,"name":"Hem","item":"https:\/\/dhr.se\/goteborg\/"},{"@type":"ListItem","position":2,"name":"Ordf\u00f6randens ruta"}]},{"@type":"WebSite","@id":"https:\/\/dhr.se\/goteborg\/#website","url":"https:\/\/dhr.se\/goteborg\/","name":"DHR - G\u00f6teborg","description":"Delaktighet, r\u00f6relsefrihet och handlingskraft","potentialAction":[{"@type":"SearchAction","target":{"@type":"EntryPoint","urlTemplate":"https:\/\/dhr.se\/goteborg\/?s={search_term_string}"},"query-input":{"@type":"PropertyValueSpecification","valueRequired":true,"valueName":"search_term_string"}}],"inLanguage":"sv-SE"}]}},"publishpress_future_workflow_manual_trigger":{"enabledWorkflows":[]},"_links":{"self":[{"href":"https:\/\/dhr.se\/goteborg\/wp-json\/wp\/v2\/pages\/2443","targetHints":{"allow":["GET"]}}],"collection":[{"href":"https:\/\/dhr.se\/goteborg\/wp-json\/wp\/v2\/pages"}],"about":[{"href":"https:\/\/dhr.se\/goteborg\/wp-json\/wp\/v2\/types\/page"}],"author":[{"embeddable":true,"href":"https:\/\/dhr.se\/goteborg\/wp-json\/wp\/v2\/users\/7"}],"replies":[{"embeddable":true,"href":"https:\/\/dhr.se\/goteborg\/wp-json\/wp\/v2\/comments?post=2443"}],"version-history":[{"count":3,"href":"https:\/\/dhr.se\/goteborg\/wp-json\/wp\/v2\/pages\/2443\/revisions"}],"predecessor-version":[{"id":5303,"href":"https:\/\/dhr.se\/goteborg\/wp-json\/wp\/v2\/pages\/2443\/revisions\/5303"}],"wp:attachment":[{"href":"https:\/\/dhr.se\/goteborg\/wp-json\/wp\/v2\/media?parent=2443"}],"curies":[{"name":"wp","href":"https:\/\/api.w.org\/{rel}","templated":true}]}}