{"id":2445,"date":"2021-04-28T14:44:27","date_gmt":"2021-04-28T12:44:27","guid":{"rendered":"https:\/\/dhr.se\/goteborg\/?page_id=2445"},"modified":"2021-04-28T14:44:28","modified_gmt":"2021-04-28T12:44:28","slug":"2445-2","status":"publish","type":"page","link":"https:\/\/dhr.se\/goteborg\/2445-2\/","title":{"rendered":""},"content":{"rendered":"<section class=\"block-image-and-text left white\">\n    <div class=\"main\">\n        <div class=\"main-inner\">\n            <div class=\"left-col\" style=\"background-image: url(https:\/\/dhr.se\/goteborg\/wp-content\/uploads\/sites\/3\/2021\/04\/martinradberg1.png);\"><\/div>\n\n            <div class=\"right-col\">\n                <h2><\/h2>\n                <p class=\"text\">Jag heter Martin R\u00e5dberg och \u00e4r 54 \u00e5r. Jag bor i V\u00e4stra Fr\u00f6lunda tillsammans med min fru Karin.<br \/>\r\nSedan \u00e5rsm\u00f6tet \u00e4r jag nybliven ordf\u00f6rande i DHR G\u00f6teborg. Innan detta har jag suttit i styrelsen i ett \u00e5r. Som<br \/>\r\nen engagerad medlem i f\u00f6reningen under m\u00e5nga \u00e5r har jag framf\u00f6r allt engagerat mig i den medlemssociala<br \/>\r\nverksamheten.<br \/>\r\n<br \/>\r\nJag \u00e4r v\u00e4ldigt tacksam f\u00f6r att jag genom f\u00f6reningslivet fick tr\u00e4ffa Karin som jag idag delar mitt liv med.<br \/>\r\nKarin \u00e4r en av de stora drivkrafterna f\u00f6r mitt engagemang i DHR, d\u00e5 hon ofta anv\u00e4nder rullstol f\u00f6r att ta sig<br \/>\r\nfram, och att jag ser hur b\u00f6kigt och or\u00e4ttvist det \u00e4r. Jag brinner mycket f\u00f6r den medlemssociala och medlemsst\u00f6djande verksamheten. Gemenskapen i en f\u00f6rening \u00e4r oerh\u00f6rt viktig och det \u00e4r tillsammans med<br \/>\r\nf\u00f6reningens kamrater som vi g\u00f6r DHR starkt Jag \u00e4r ocks\u00e5 engagerad i nattvandrarverksamheten.<br \/>\r\nUngdomar beh\u00f6ver vuxna p\u00e5 stan. N\u00e4r jag inte \u00e4gnar mig \u00e5t f\u00f6reningsliv s\u00e5 arbetar jag som undersk\u00f6terska<br \/>\r\ninom \u00e4ldreomsorgen. <br \/>\r\n<br \/>\r\nSom person tror jag man skulle kunna s\u00e4ga att jag \u00e4r en g\u00f6rare mer \u00e4n en pratare. Jag vill d\u00e4rf\u00f6r finnas till f\u00f6r dig som medlem och du ska veta att jag som ordf\u00f6rande vill driva linjen att DHR st\u00e4ller upp f\u00f6r sina medlemmar i v\u00e5tt och torrt. Detta g\u00e4ller naturligtvis ocks\u00e5 mig som ordf\u00f6rande.<br \/>\r\n<br \/>\r\nTack f\u00f6r att jag f\u00e5tt Ert f\u00f6rtroende.<br \/>\r\nVi syns i verksamheten\/<br \/>\r\nMartin<\/p>\n\n                            <\/div>\n\n        <\/div>\n    <\/div>\n<\/section>","protected":false},"excerpt":{"rendered":"","protected":false},"author":7,"featured_media":0,"parent":0,"menu_order":0,"comment_status":"closed","ping_status":"closed","template":"","meta":{"_acf_changed":false,"_monsterinsights_skip_tracking":false,"_monsterinsights_sitenote_active":false,"_monsterinsights_sitenote_note":"","_monsterinsights_sitenote_category":0,"footnotes":""},"class_list":["post-2445","page","type-page","status-publish","hentry"],"acf":[],"yoast_head":"<!-- This site is optimized with the Yoast SEO plugin v27.2 - https:\/\/yoast.com\/product\/yoast-seo-wordpress\/ -->\n<title>- DHR - G\u00f6teborg<\/title>\n<meta name=\"robots\" content=\"index, follow, max-snippet:-1, max-image-preview:large, max-video-preview:-1\" \/>\n<link rel=\"canonical\" href=\"https:\/\/dhr.se\/goteborg\/2445-2\/\" \/>\n<meta property=\"og:locale\" content=\"sv_SE\" \/>\n<meta property=\"og:type\" content=\"article\" \/>\n<meta property=\"og:title\" content=\"- DHR - G\u00f6teborg\" \/>\n<meta property=\"og:url\" content=\"https:\/\/dhr.se\/goteborg\/2445-2\/\" \/>\n<meta property=\"og:site_name\" content=\"DHR - G\u00f6teborg\" \/>\n<meta property=\"article:modified_time\" content=\"2021-04-28T12:44:28+00:00\" \/>\n<meta name=\"twitter:card\" content=\"summary_large_image\" \/>\n<script type=\"application\/ld+json\" class=\"yoast-schema-graph\">{\"@context\":\"https:\/\/schema.org\",\"@graph\":[{\"@type\":\"WebPage\",\"@id\":\"https:\/\/dhr.se\/goteborg\/2445-2\/\",\"url\":\"https:\/\/dhr.se\/goteborg\/2445-2\/\",\"name\":\"- DHR - G\u00f6teborg\",\"isPartOf\":{\"@id\":\"https:\/\/dhr.se\/goteborg\/#website\"},\"datePublished\":\"2021-04-28T12:44:27+00:00\",\"dateModified\":\"2021-04-28T12:44:28+00:00\",\"inLanguage\":\"sv-SE\",\"potentialAction\":[{\"@type\":\"ReadAction\",\"target\":[\"https:\/\/dhr.se\/goteborg\/2445-2\/\"]}]},{\"@type\":\"WebSite\",\"@id\":\"https:\/\/dhr.se\/goteborg\/#website\",\"url\":\"https:\/\/dhr.se\/goteborg\/\",\"name\":\"DHR - G\u00f6teborg\",\"description\":\"Delaktighet, r\u00f6relsefrihet och handlingskraft\",\"potentialAction\":[{\"@type\":\"SearchAction\",\"target\":{\"@type\":\"EntryPoint\",\"urlTemplate\":\"https:\/\/dhr.se\/goteborg\/?s={search_term_string}\"},\"query-input\":{\"@type\":\"PropertyValueSpecification\",\"valueRequired\":true,\"valueName\":\"search_term_string\"}}],\"inLanguage\":\"sv-SE\"}]}<\/script>\n<!-- \/ Yoast SEO plugin. -->","yoast_head_json":{"title":"- DHR - G\u00f6teborg","robots":{"index":"index","follow":"follow","max-snippet":"max-snippet:-1","max-image-preview":"max-image-preview:large","max-video-preview":"max-video-preview:-1"},"canonical":"https:\/\/dhr.se\/goteborg\/2445-2\/","og_locale":"sv_SE","og_type":"article","og_title":"- DHR - G\u00f6teborg","og_url":"https:\/\/dhr.se\/goteborg\/2445-2\/","og_site_name":"DHR - G\u00f6teborg","article_modified_time":"2021-04-28T12:44:28+00:00","twitter_card":"summary_large_image","schema":{"@context":"https:\/\/schema.org","@graph":[{"@type":"WebPage","@id":"https:\/\/dhr.se\/goteborg\/2445-2\/","url":"https:\/\/dhr.se\/goteborg\/2445-2\/","name":"- DHR - G\u00f6teborg","isPartOf":{"@id":"https:\/\/dhr.se\/goteborg\/#website"},"datePublished":"2021-04-28T12:44:27+00:00","dateModified":"2021-04-28T12:44:28+00:00","inLanguage":"sv-SE","potentialAction":[{"@type":"ReadAction","target":["https:\/\/dhr.se\/goteborg\/2445-2\/"]}]},{"@type":"WebSite","@id":"https:\/\/dhr.se\/goteborg\/#website","url":"https:\/\/dhr.se\/goteborg\/","name":"DHR - G\u00f6teborg","description":"Delaktighet, r\u00f6relsefrihet och handlingskraft","potentialAction":[{"@type":"SearchAction","target":{"@type":"EntryPoint","urlTemplate":"https:\/\/dhr.se\/goteborg\/?s={search_term_string}"},"query-input":{"@type":"PropertyValueSpecification","valueRequired":true,"valueName":"search_term_string"}}],"inLanguage":"sv-SE"}]}},"publishpress_future_workflow_manual_trigger":{"enabledWorkflows":[]},"_links":{"self":[{"href":"https:\/\/dhr.se\/goteborg\/wp-json\/wp\/v2\/pages\/2445","targetHints":{"allow":["GET"]}}],"collection":[{"href":"https:\/\/dhr.se\/goteborg\/wp-json\/wp\/v2\/pages"}],"about":[{"href":"https:\/\/dhr.se\/goteborg\/wp-json\/wp\/v2\/types\/page"}],"author":[{"embeddable":true,"href":"https:\/\/dhr.se\/goteborg\/wp-json\/wp\/v2\/users\/7"}],"replies":[{"embeddable":true,"href":"https:\/\/dhr.se\/goteborg\/wp-json\/wp\/v2\/comments?post=2445"}],"version-history":[{"count":0,"href":"https:\/\/dhr.se\/goteborg\/wp-json\/wp\/v2\/pages\/2445\/revisions"}],"wp:attachment":[{"href":"https:\/\/dhr.se\/goteborg\/wp-json\/wp\/v2\/media?parent=2445"}],"curies":[{"name":"wp","href":"https:\/\/api.w.org\/{rel}","templated":true}]}}