{"id":2580,"date":"2022-11-23T22:53:21","date_gmt":"2022-11-23T21:53:21","guid":{"rendered":"https:\/\/dhr.se\/goteborg\/?page_id=2580"},"modified":"2024-05-22T14:41:26","modified_gmt":"2024-05-22T12:41:26","slug":"lankar","status":"publish","type":"page","link":"https:\/\/dhr.se\/goteborg\/om-dhr-goteborg\/lankar\/","title":{"rendered":"L\u00e4nkar"},"content":{"rendered":"<section class=\"block-simple-text\">\n    <div class=\"main\">\n        <div class=\"main-inner\">\n            <div class=\"ingress text-darker\"><p><a href=\"http:\/\/www.dhr.se\" target=\"_blank\" rel=\"noopener\">DHR F\u00f6rbundet<\/a><br \/>\n<a href=\"http:\/\/www.dhr.se\/vastragotaland\" target=\"_blank\" rel=\"noopener\">DHR V\u00e4stra G\u00f6taland<\/a><\/p>\n<p><a href=\"https:\/\/goteborg.se\/wps\/portal\/start\/trafik-och-resor\/fardtjanst\">G\u00f6teborgs f\u00e4rdtj\u00e4nst<\/a><br \/>\n<a href=\"https:\/\/goteborg.se\/wps\/portal\/start\">G\u00f6teborgs stad<\/a><br \/>\n<a href=\"http:\/\/www.forsakringskassan.se\" target=\"_blank\" rel=\"noopener\">F\u00f6rs\u00e4kringskassan<\/a><\/p>\n<p><a href=\"http:\/\/www.570000.se\" target=\"_blank\" rel=\"noopener\">570 000<\/a><br \/>\n<a href=\"http:\/\/www.autoadapt.se\" target=\"_blank\" rel=\"noopener\">Autoadapt<\/a><br \/>\n<a href=\"https:\/\/www.skatteverket.se\/privat\/skatter\/bilochtrafik\/trangselskatt\/kontaktomtrangselskattochtillaggsavgift\/ansokaombefrielsefranskattepliktfortrangselskatt.4.6bef7d451695d90def4b61.html?q=Tr%C3%A4ngselskatt\">Befrielse fr\u00e5n tr\u00e4ngselskatt<\/a><br \/>\n<a href=\"https:\/\/www.forsakringskassan.se\/wps\/wcm\/connect\/db9820f8-9555-4087-a86a-ef49074ea209\/fk3222-013-f-003.pdf?MOD=AJPERES&amp;CVID=\" target=\"_blank\" rel=\"noopener\">L\u00e4karintyg f\u00f6r bilanpassning<\/a><br \/>\n<a href=\"https:\/\/goteborg.se\/wps\/portal\/start\/trafik-och-resor\/parkering\/parkeringstillstand\/parkeringstillstand-for-rorelsehindrade\/ansok-om-parkeringstillstand-for-rorelsehindrade\" target=\"_blank\" rel=\"noopener\">Parkeringstillst\u00e5nd f\u00f6r r\u00f6relsehindrade i G\u00f6teborg<\/a><\/p>\n<p><a href=\"https:\/\/www.eurokey.ch\/?fbclid=IwAR33N8vMSAyOdEzPq9tDMPkWl3flSnmv0qul0Z7S8hjz6edEyh85y8HHOK0\">Eu-nyckel till toaletter i Europa<\/a><br \/>\n<a href=\"http:\/\/www.mankraft.com\">Mankraft i V\u00e4st<\/a><br \/>\n<a href=\"https:\/\/vgregion.amsystem.com\/eZgHBCRL5Kx7M3y4TV7cKvPWFMExCBukHHVk9yxPPlIF2yoBxTjgIybTKgpYR\" target=\"_blank\" rel=\"noopener\">Felanm\u00e4l ditt hj\u00e4lpmedel till Hj\u00e4lpmedelscentralen<\/a><br \/>\n<a href=\"http:\/\/www.bortmedhindret.se\">Anm\u00e4l ett enkelt avhj\u00e4lpt hinder<\/a><\/p>\n<\/div>\n            <div class=\"content\"><\/div>\n        <\/div>\n    <\/div>\n<\/section>","protected":false},"excerpt":{"rendered":"","protected":false},"author":7,"featured_media":0,"parent":936,"menu_order":0,"comment_status":"closed","ping_status":"closed","template":"","meta":{"_acf_changed":false,"_monsterinsights_skip_tracking":false,"_monsterinsights_sitenote_active":false,"_monsterinsights_sitenote_note":"","_monsterinsights_sitenote_category":0,"footnotes":""},"class_list":["post-2580","page","type-page","status-publish","hentry"],"acf":[],"yoast_head":"<!-- This site is optimized with the Yoast SEO plugin v27.2 - https:\/\/yoast.com\/product\/yoast-seo-wordpress\/ -->\n<title>L\u00e4nkar - DHR - G\u00f6teborg<\/title>\n<meta name=\"robots\" content=\"index, follow, max-snippet:-1, max-image-preview:large, max-video-preview:-1\" \/>\n<link rel=\"canonical\" href=\"https:\/\/dhr.se\/goteborg\/om-dhr-goteborg\/lankar\/\" \/>\n<meta property=\"og:locale\" content=\"sv_SE\" \/>\n<meta property=\"og:type\" content=\"article\" \/>\n<meta property=\"og:title\" content=\"L\u00e4nkar - DHR - G\u00f6teborg\" \/>\n<meta property=\"og:url\" content=\"https:\/\/dhr.se\/goteborg\/om-dhr-goteborg\/lankar\/\" \/>\n<meta property=\"og:site_name\" content=\"DHR - G\u00f6teborg\" \/>\n<meta property=\"article:modified_time\" content=\"2024-05-22T12:41:26+00:00\" \/>\n<meta name=\"twitter:card\" content=\"summary_large_image\" \/>\n<script type=\"application\/ld+json\" class=\"yoast-schema-graph\">{\"@context\":\"https:\/\/schema.org\",\"@graph\":[{\"@type\":\"WebPage\",\"@id\":\"https:\/\/dhr.se\/goteborg\/om-dhr-goteborg\/lankar\/\",\"url\":\"https:\/\/dhr.se\/goteborg\/om-dhr-goteborg\/lankar\/\",\"name\":\"L\u00e4nkar - DHR - G\u00f6teborg\",\"isPartOf\":{\"@id\":\"https:\/\/dhr.se\/goteborg\/#website\"},\"datePublished\":\"2022-11-23T21:53:21+00:00\",\"dateModified\":\"2024-05-22T12:41:26+00:00\",\"breadcrumb\":{\"@id\":\"https:\/\/dhr.se\/goteborg\/om-dhr-goteborg\/lankar\/#breadcrumb\"},\"inLanguage\":\"sv-SE\",\"potentialAction\":[{\"@type\":\"ReadAction\",\"target\":[\"https:\/\/dhr.se\/goteborg\/om-dhr-goteborg\/lankar\/\"]}]},{\"@type\":\"BreadcrumbList\",\"@id\":\"https:\/\/dhr.se\/goteborg\/om-dhr-goteborg\/lankar\/#breadcrumb\",\"itemListElement\":[{\"@type\":\"ListItem\",\"position\":1,\"name\":\"Hem\",\"item\":\"https:\/\/dhr.se\/goteborg\/\"},{\"@type\":\"ListItem\",\"position\":2,\"name\":\"Om DHR G\u00f6teborg\",\"item\":\"https:\/\/dhr.se\/goteborg\/om-dhr-goteborg\/\"},{\"@type\":\"ListItem\",\"position\":3,\"name\":\"L\u00e4nkar\"}]},{\"@type\":\"WebSite\",\"@id\":\"https:\/\/dhr.se\/goteborg\/#website\",\"url\":\"https:\/\/dhr.se\/goteborg\/\",\"name\":\"DHR - G\u00f6teborg\",\"description\":\"Delaktighet, r\u00f6relsefrihet och handlingskraft\",\"potentialAction\":[{\"@type\":\"SearchAction\",\"target\":{\"@type\":\"EntryPoint\",\"urlTemplate\":\"https:\/\/dhr.se\/goteborg\/?s={search_term_string}\"},\"query-input\":{\"@type\":\"PropertyValueSpecification\",\"valueRequired\":true,\"valueName\":\"search_term_string\"}}],\"inLanguage\":\"sv-SE\"}]}<\/script>\n<!-- \/ Yoast SEO plugin. -->","yoast_head_json":{"title":"L\u00e4nkar - DHR - G\u00f6teborg","robots":{"index":"index","follow":"follow","max-snippet":"max-snippet:-1","max-image-preview":"max-image-preview:large","max-video-preview":"max-video-preview:-1"},"canonical":"https:\/\/dhr.se\/goteborg\/om-dhr-goteborg\/lankar\/","og_locale":"sv_SE","og_type":"article","og_title":"L\u00e4nkar - DHR - G\u00f6teborg","og_url":"https:\/\/dhr.se\/goteborg\/om-dhr-goteborg\/lankar\/","og_site_name":"DHR - G\u00f6teborg","article_modified_time":"2024-05-22T12:41:26+00:00","twitter_card":"summary_large_image","schema":{"@context":"https:\/\/schema.org","@graph":[{"@type":"WebPage","@id":"https:\/\/dhr.se\/goteborg\/om-dhr-goteborg\/lankar\/","url":"https:\/\/dhr.se\/goteborg\/om-dhr-goteborg\/lankar\/","name":"L\u00e4nkar - DHR - G\u00f6teborg","isPartOf":{"@id":"https:\/\/dhr.se\/goteborg\/#website"},"datePublished":"2022-11-23T21:53:21+00:00","dateModified":"2024-05-22T12:41:26+00:00","breadcrumb":{"@id":"https:\/\/dhr.se\/goteborg\/om-dhr-goteborg\/lankar\/#breadcrumb"},"inLanguage":"sv-SE","potentialAction":[{"@type":"ReadAction","target":["https:\/\/dhr.se\/goteborg\/om-dhr-goteborg\/lankar\/"]}]},{"@type":"BreadcrumbList","@id":"https:\/\/dhr.se\/goteborg\/om-dhr-goteborg\/lankar\/#breadcrumb","itemListElement":[{"@type":"ListItem","position":1,"name":"Hem","item":"https:\/\/dhr.se\/goteborg\/"},{"@type":"ListItem","position":2,"name":"Om DHR G\u00f6teborg","item":"https:\/\/dhr.se\/goteborg\/om-dhr-goteborg\/"},{"@type":"ListItem","position":3,"name":"L\u00e4nkar"}]},{"@type":"WebSite","@id":"https:\/\/dhr.se\/goteborg\/#website","url":"https:\/\/dhr.se\/goteborg\/","name":"DHR - G\u00f6teborg","description":"Delaktighet, r\u00f6relsefrihet och handlingskraft","potentialAction":[{"@type":"SearchAction","target":{"@type":"EntryPoint","urlTemplate":"https:\/\/dhr.se\/goteborg\/?s={search_term_string}"},"query-input":{"@type":"PropertyValueSpecification","valueRequired":true,"valueName":"search_term_string"}}],"inLanguage":"sv-SE"}]}},"publishpress_future_workflow_manual_trigger":{"enabledWorkflows":[]},"_links":{"self":[{"href":"https:\/\/dhr.se\/goteborg\/wp-json\/wp\/v2\/pages\/2580","targetHints":{"allow":["GET"]}}],"collection":[{"href":"https:\/\/dhr.se\/goteborg\/wp-json\/wp\/v2\/pages"}],"about":[{"href":"https:\/\/dhr.se\/goteborg\/wp-json\/wp\/v2\/types\/page"}],"author":[{"embeddable":true,"href":"https:\/\/dhr.se\/goteborg\/wp-json\/wp\/v2\/users\/7"}],"replies":[{"embeddable":true,"href":"https:\/\/dhr.se\/goteborg\/wp-json\/wp\/v2\/comments?post=2580"}],"version-history":[{"count":0,"href":"https:\/\/dhr.se\/goteborg\/wp-json\/wp\/v2\/pages\/2580\/revisions"}],"up":[{"embeddable":true,"href":"https:\/\/dhr.se\/goteborg\/wp-json\/wp\/v2\/pages\/936"}],"wp:attachment":[{"href":"https:\/\/dhr.se\/goteborg\/wp-json\/wp\/v2\/media?parent=2580"}],"curies":[{"name":"wp","href":"https:\/\/api.w.org\/{rel}","templated":true}]}}