{"id":2888,"date":"2021-11-11T11:51:23","date_gmt":"2021-11-11T10:51:23","guid":{"rendered":"https:\/\/dhr.se\/goteborg\/?page_id=2888"},"modified":"2021-11-11T11:51:28","modified_gmt":"2021-11-11T10:51:28","slug":"2888-2","status":"publish","type":"page","link":"https:\/\/dhr.se\/goteborg\/2888-2\/","title":{"rendered":""},"content":{"rendered":"<section class=\"block-simple-text\">\n    <div class=\"main\">\n        <div class=\"main-inner\">\n            <div class=\"ingress text-darker\"><p style=\"text-align: center\"><strong>V\u00e4lkommen till Viljans IF:s sedvanliga Julgr\u00f6t<br \/>\n<\/strong><br \/>\nDen 10 december 2021. Klockan 18.00\u201321:00<br \/>\ni V\u00e4lens klubbstuga Klubbv\u00e4gen 31.<br \/>\nVi kommer sj\u00e4lvklart diskutera Viljans IF \u00e5ret som g\u00e5tt och fram\u00f6ver.<br \/>\nVad kommer h\u00e4nda med V\u00e4lenomr\u00e5det?<br \/>\nOch vad vi g\u00f6ra och hitta p\u00e5 i klubblokalen p\u00e5 V\u00e4len?<br \/>\nGr\u00f6t med skinksm\u00f6rg\u00e5s samt L\u00e4ttare fika, (gl\u00f6gg)<br \/>\nserveras under kv\u00e4llen.<br \/>\nAnm\u00e4lan \u00e4r bindande och sker till<br \/>\ngoteborg@dhr.se eller telefonnummer: 031-704 60 50<br \/>\nKostnad 50 kr, betalas in vid anm\u00e4lan.<br \/>\nDu kan betala med swishnummer: 123 208 58 50<br \/>\nm\u00e4rk betalningen med \u201djulgr\u00f6t\u201d och dina initialer.<br \/>\nDu kan \u00e4ven betala in p\u00e5 DHRG:s postgiro: 122 02-8,<br \/>\nm\u00e4rk betalningen med \u201djulgr\u00f6t\u201d och dina initialer.<br \/>\nOBS! senast: Onsdagen den 8 december 2021<br \/>\nEventuella fr\u00e5gor besvaras av:<br \/>\nPia By, tfn:0703-31 40 16 eller <a href=\"mailto:piajarvinen53@gmail.com\">piajarvinen53@gmail.com<\/a><br \/>\nAnna-Karin, tfn: 0704-97 89 33<br \/>\neller e-post: <a href=\"mailto:ankivia@hotmail.com\">ankivia@hotmail.com<\/a><br \/>\nV\u00e4lkomna!<br \/>\nH\u00e4lsar styrelsen:<br \/>\nPia, Robert, Anna-Karin, Pia, K-G, Lena &amp; Helena<\/p>\n<\/div>\n            <div class=\"content\"><\/div>\n        <\/div>\n    <\/div>\n<\/section>","protected":false},"excerpt":{"rendered":"","protected":false},"author":7,"featured_media":0,"parent":0,"menu_order":0,"comment_status":"closed","ping_status":"closed","template":"","meta":{"_acf_changed":false,"_monsterinsights_skip_tracking":false,"_monsterinsights_sitenote_active":false,"_monsterinsights_sitenote_note":"","_monsterinsights_sitenote_category":0,"footnotes":""},"class_list":["post-2888","page","type-page","status-publish","hentry"],"acf":[],"yoast_head":"<!-- This site is optimized with the Yoast SEO plugin v27.2 - https:\/\/yoast.com\/product\/yoast-seo-wordpress\/ -->\n<title>- DHR - G\u00f6teborg<\/title>\n<meta name=\"robots\" content=\"index, follow, max-snippet:-1, max-image-preview:large, max-video-preview:-1\" \/>\n<link rel=\"canonical\" href=\"https:\/\/dhr.se\/goteborg\/2888-2\/\" \/>\n<meta property=\"og:locale\" content=\"sv_SE\" \/>\n<meta property=\"og:type\" content=\"article\" \/>\n<meta property=\"og:title\" content=\"- DHR - G\u00f6teborg\" \/>\n<meta property=\"og:url\" content=\"https:\/\/dhr.se\/goteborg\/2888-2\/\" \/>\n<meta property=\"og:site_name\" content=\"DHR - G\u00f6teborg\" \/>\n<meta property=\"article:modified_time\" content=\"2021-11-11T10:51:28+00:00\" \/>\n<meta name=\"twitter:card\" content=\"summary_large_image\" \/>\n<script type=\"application\/ld+json\" class=\"yoast-schema-graph\">{\"@context\":\"https:\/\/schema.org\",\"@graph\":[{\"@type\":\"WebPage\",\"@id\":\"https:\/\/dhr.se\/goteborg\/2888-2\/\",\"url\":\"https:\/\/dhr.se\/goteborg\/2888-2\/\",\"name\":\"- DHR - G\u00f6teborg\",\"isPartOf\":{\"@id\":\"https:\/\/dhr.se\/goteborg\/#website\"},\"datePublished\":\"2021-11-11T10:51:23+00:00\",\"dateModified\":\"2021-11-11T10:51:28+00:00\",\"inLanguage\":\"sv-SE\",\"potentialAction\":[{\"@type\":\"ReadAction\",\"target\":[\"https:\/\/dhr.se\/goteborg\/2888-2\/\"]}]},{\"@type\":\"WebSite\",\"@id\":\"https:\/\/dhr.se\/goteborg\/#website\",\"url\":\"https:\/\/dhr.se\/goteborg\/\",\"name\":\"DHR - G\u00f6teborg\",\"description\":\"Delaktighet, r\u00f6relsefrihet och handlingskraft\",\"potentialAction\":[{\"@type\":\"SearchAction\",\"target\":{\"@type\":\"EntryPoint\",\"urlTemplate\":\"https:\/\/dhr.se\/goteborg\/?s={search_term_string}\"},\"query-input\":{\"@type\":\"PropertyValueSpecification\",\"valueRequired\":true,\"valueName\":\"search_term_string\"}}],\"inLanguage\":\"sv-SE\"}]}<\/script>\n<!-- \/ Yoast SEO plugin. -->","yoast_head_json":{"title":"- DHR - G\u00f6teborg","robots":{"index":"index","follow":"follow","max-snippet":"max-snippet:-1","max-image-preview":"max-image-preview:large","max-video-preview":"max-video-preview:-1"},"canonical":"https:\/\/dhr.se\/goteborg\/2888-2\/","og_locale":"sv_SE","og_type":"article","og_title":"- DHR - G\u00f6teborg","og_url":"https:\/\/dhr.se\/goteborg\/2888-2\/","og_site_name":"DHR - G\u00f6teborg","article_modified_time":"2021-11-11T10:51:28+00:00","twitter_card":"summary_large_image","schema":{"@context":"https:\/\/schema.org","@graph":[{"@type":"WebPage","@id":"https:\/\/dhr.se\/goteborg\/2888-2\/","url":"https:\/\/dhr.se\/goteborg\/2888-2\/","name":"- DHR - G\u00f6teborg","isPartOf":{"@id":"https:\/\/dhr.se\/goteborg\/#website"},"datePublished":"2021-11-11T10:51:23+00:00","dateModified":"2021-11-11T10:51:28+00:00","inLanguage":"sv-SE","potentialAction":[{"@type":"ReadAction","target":["https:\/\/dhr.se\/goteborg\/2888-2\/"]}]},{"@type":"WebSite","@id":"https:\/\/dhr.se\/goteborg\/#website","url":"https:\/\/dhr.se\/goteborg\/","name":"DHR - G\u00f6teborg","description":"Delaktighet, r\u00f6relsefrihet och handlingskraft","potentialAction":[{"@type":"SearchAction","target":{"@type":"EntryPoint","urlTemplate":"https:\/\/dhr.se\/goteborg\/?s={search_term_string}"},"query-input":{"@type":"PropertyValueSpecification","valueRequired":true,"valueName":"search_term_string"}}],"inLanguage":"sv-SE"}]}},"publishpress_future_workflow_manual_trigger":{"enabledWorkflows":[]},"_links":{"self":[{"href":"https:\/\/dhr.se\/goteborg\/wp-json\/wp\/v2\/pages\/2888","targetHints":{"allow":["GET"]}}],"collection":[{"href":"https:\/\/dhr.se\/goteborg\/wp-json\/wp\/v2\/pages"}],"about":[{"href":"https:\/\/dhr.se\/goteborg\/wp-json\/wp\/v2\/types\/page"}],"author":[{"embeddable":true,"href":"https:\/\/dhr.se\/goteborg\/wp-json\/wp\/v2\/users\/7"}],"replies":[{"embeddable":true,"href":"https:\/\/dhr.se\/goteborg\/wp-json\/wp\/v2\/comments?post=2888"}],"version-history":[{"count":0,"href":"https:\/\/dhr.se\/goteborg\/wp-json\/wp\/v2\/pages\/2888\/revisions"}],"wp:attachment":[{"href":"https:\/\/dhr.se\/goteborg\/wp-json\/wp\/v2\/media?parent=2888"}],"curies":[{"name":"wp","href":"https:\/\/api.w.org\/{rel}","templated":true}]}}