{"id":3011,"date":"2022-03-03T13:12:08","date_gmt":"2022-03-03T12:12:08","guid":{"rendered":"https:\/\/dhr.se\/goteborg\/?page_id=3011"},"modified":"2022-11-30T16:28:33","modified_gmt":"2022-11-30T15:28:33","slug":"tillgangliga-laddstolpar","status":"publish","type":"page","link":"https:\/\/dhr.se\/goteborg\/vi-arbetar-med\/tillgangliga-laddstolpar\/","title":{"rendered":"Tillg\u00e4ngliga laddstolpar"},"content":{"rendered":"<section class=\"block-simple-text\">\n    <div class=\"main\">\n        <div class=\"main-inner\">\n            <div class=\"ingress text-darker\"><p>Nu n\u00e4r det byggs laddstolplar f\u00f6r brinnande livet runt om i landet s\u00e5 har vi inom handikappr\u00f6relsen snabbt kunnat konstatera att man inte har t\u00e4nkt p\u00e5 personer i rullstol n\u00e4r man utformar dessa. Det byggs alldeles f\u00f6r m\u00e5nga laddstolpar som vi dessv\u00e4rre kan konstatera \u00e4r helt om\u00f6jliga att n\u00e5 om man sitter i rullstol.<br \/>\nP\u00e5 v\u00e5rt <a href=\"https:\/\/www.facebook.com\/dhrforbundet\/photos\/?ref=page_internal\" target=\"_blank\" rel=\"noopener\">f\u00f6rbunds Facebook-sida<\/a> kan man hitta ett flertal bilder runtom i landet som inte kommer att fungera. (Du f\u00e5r scrolla ner en bit f\u00f6r att hitta bilderna.)<br \/>\nDetta vill vi f\u00f6rs\u00f6ka att \u00e4ndra p\u00e5 genom att sprida information om hur man b\u00f6r utforma framtidens laddstationer.<\/p>\n<p>Vi visar d\u00e4rf\u00f6r n\u00e5gra bilder p\u00e5 dels laddstationer som kommer att bli sv\u00e5ra att n\u00e5. Men vi vill \u00e4ven visa n\u00e5gra bra exempel p\u00e5 hur man kan bygga tillg\u00e4ngligt.<\/p>\n<p>Vi rekommenderar att ni tar del av denna <a href=\"https:\/\/dhr.se\/goteborg\/wp-content\/uploads\/sites\/3\/2022\/03\/Tillgangliga-laddstationer.pdf\" target=\"_blank\" rel=\"noopener\">broschyr<\/a> f\u00f6r att f\u00e5 bra tips om hur man ska utforma laddstationerna fram\u00f6ver.<\/p>\n<\/div>\n            <div class=\"content\"><p><img loading=\"lazy\" decoding=\"async\" class=\"alignnone size-medium wp-image-3045\" src=\"https:\/\/dhr.se\/goteborg\/wp-content\/uploads\/sites\/3\/2022\/03\/laddstation1-2-225x300.jpg\" alt=\"\" width=\"225\" height=\"300\" srcset=\"https:\/\/dhr.se\/goteborg\/wp-content\/uploads\/sites\/3\/2022\/03\/laddstation1-2-225x300.jpg 225w, https:\/\/dhr.se\/goteborg\/wp-content\/uploads\/sites\/3\/2022\/03\/laddstation1-2-768x1024.jpg 768w, https:\/\/dhr.se\/goteborg\/wp-content\/uploads\/sites\/3\/2022\/03\/laddstation1-2.jpg 1000w\" sizes=\"auto, (max-width: 225px) 100vw, 225px\" \/>\u00a0 \u00a0 \u00a0 <img loading=\"lazy\" decoding=\"async\" class=\"alignnone size-medium wp-image-3016\" src=\"https:\/\/dhr.se\/goteborg\/wp-content\/uploads\/sites\/3\/2022\/03\/Bild-3-225x300.jpg\" alt=\"\" width=\"225\" height=\"300\" srcset=\"https:\/\/dhr.se\/goteborg\/wp-content\/uploads\/sites\/3\/2022\/03\/Bild-3-225x300.jpg 225w, https:\/\/dhr.se\/goteborg\/wp-content\/uploads\/sites\/3\/2022\/03\/Bild-3.jpg 480w\" sizes=\"auto, (max-width: 225px) 100vw, 225px\" \/><br \/>\nDen h\u00e4r typen av laddstation\u00a0 \u00a0 \u00a0 \u00a0 \u00a0 \u00a0Medans den h\u00e4r skulle fungera<br \/>\nvill vi inte ha.\u00a0 \u00a0 \u00a0 \u00a0 \u00a0 \u00a0 \u00a0 \u00a0 \u00a0 \u00a0 \u00a0 \u00a0 \u00a0 \u00a0 \u00a0 \u00a0 \u00a0 \u00a0 \u00a0 \u00a0utm\u00e4rkt.<\/p>\n<\/div>\n        <\/div>\n    <\/div>\n<\/section>\n\n\n<div class=\"wp-block-columns is-layout-flex wp-container-core-columns-is-layout-9d6595d7 wp-block-columns-is-layout-flex\">\n<div class=\"wp-block-column is-layout-flow wp-block-column-is-layout-flow\" style=\"flex-basis:100%\"><\/div>\n<\/div>\n","protected":false},"excerpt":{"rendered":"","protected":false},"author":7,"featured_media":0,"parent":1251,"menu_order":0,"comment_status":"closed","ping_status":"closed","template":"template-side-menu.php","meta":{"_acf_changed":false,"_monsterinsights_skip_tracking":false,"_monsterinsights_sitenote_active":false,"_monsterinsights_sitenote_note":"","_monsterinsights_sitenote_category":0,"footnotes":""},"class_list":["post-3011","page","type-page","status-publish","hentry"],"acf":[],"yoast_head":"<!-- This site is optimized with the Yoast SEO plugin v27.2 - https:\/\/yoast.com\/product\/yoast-seo-wordpress\/ -->\n<title>Tillg\u00e4ngliga laddstolpar - DHR - G\u00f6teborg<\/title>\n<meta name=\"robots\" content=\"index, follow, max-snippet:-1, max-image-preview:large, max-video-preview:-1\" \/>\n<link rel=\"canonical\" href=\"https:\/\/dhr.se\/goteborg\/vi-arbetar-med\/tillgangliga-laddstolpar\/\" \/>\n<meta property=\"og:locale\" content=\"sv_SE\" \/>\n<meta property=\"og:type\" content=\"article\" \/>\n<meta property=\"og:title\" content=\"Tillg\u00e4ngliga laddstolpar - DHR - G\u00f6teborg\" \/>\n<meta property=\"og:url\" content=\"https:\/\/dhr.se\/goteborg\/vi-arbetar-med\/tillgangliga-laddstolpar\/\" \/>\n<meta property=\"og:site_name\" content=\"DHR - G\u00f6teborg\" \/>\n<meta property=\"article:modified_time\" content=\"2022-11-30T15:28:33+00:00\" \/>\n<meta name=\"twitter:card\" content=\"summary_large_image\" \/>\n<script type=\"application\/ld+json\" class=\"yoast-schema-graph\">{\"@context\":\"https:\/\/schema.org\",\"@graph\":[{\"@type\":\"WebPage\",\"@id\":\"https:\/\/dhr.se\/goteborg\/vi-arbetar-med\/tillgangliga-laddstolpar\/\",\"url\":\"https:\/\/dhr.se\/goteborg\/vi-arbetar-med\/tillgangliga-laddstolpar\/\",\"name\":\"Tillg\u00e4ngliga laddstolpar - DHR - G\u00f6teborg\",\"isPartOf\":{\"@id\":\"https:\/\/dhr.se\/goteborg\/#website\"},\"datePublished\":\"2022-03-03T12:12:08+00:00\",\"dateModified\":\"2022-11-30T15:28:33+00:00\",\"breadcrumb\":{\"@id\":\"https:\/\/dhr.se\/goteborg\/vi-arbetar-med\/tillgangliga-laddstolpar\/#breadcrumb\"},\"inLanguage\":\"sv-SE\",\"potentialAction\":[{\"@type\":\"ReadAction\",\"target\":[\"https:\/\/dhr.se\/goteborg\/vi-arbetar-med\/tillgangliga-laddstolpar\/\"]}]},{\"@type\":\"BreadcrumbList\",\"@id\":\"https:\/\/dhr.se\/goteborg\/vi-arbetar-med\/tillgangliga-laddstolpar\/#breadcrumb\",\"itemListElement\":[{\"@type\":\"ListItem\",\"position\":1,\"name\":\"Hem\",\"item\":\"https:\/\/dhr.se\/goteborg\/\"},{\"@type\":\"ListItem\",\"position\":2,\"name\":\"Vi arbetar med\",\"item\":\"https:\/\/dhr.se\/goteborg\/vi-arbetar-med\/\"},{\"@type\":\"ListItem\",\"position\":3,\"name\":\"Tillg\u00e4ngliga laddstolpar\"}]},{\"@type\":\"WebSite\",\"@id\":\"https:\/\/dhr.se\/goteborg\/#website\",\"url\":\"https:\/\/dhr.se\/goteborg\/\",\"name\":\"DHR - G\u00f6teborg\",\"description\":\"Delaktighet, r\u00f6relsefrihet och handlingskraft\",\"potentialAction\":[{\"@type\":\"SearchAction\",\"target\":{\"@type\":\"EntryPoint\",\"urlTemplate\":\"https:\/\/dhr.se\/goteborg\/?s={search_term_string}\"},\"query-input\":{\"@type\":\"PropertyValueSpecification\",\"valueRequired\":true,\"valueName\":\"search_term_string\"}}],\"inLanguage\":\"sv-SE\"}]}<\/script>\n<!-- \/ Yoast SEO plugin. -->","yoast_head_json":{"title":"Tillg\u00e4ngliga laddstolpar - DHR - G\u00f6teborg","robots":{"index":"index","follow":"follow","max-snippet":"max-snippet:-1","max-image-preview":"max-image-preview:large","max-video-preview":"max-video-preview:-1"},"canonical":"https:\/\/dhr.se\/goteborg\/vi-arbetar-med\/tillgangliga-laddstolpar\/","og_locale":"sv_SE","og_type":"article","og_title":"Tillg\u00e4ngliga laddstolpar - DHR - G\u00f6teborg","og_url":"https:\/\/dhr.se\/goteborg\/vi-arbetar-med\/tillgangliga-laddstolpar\/","og_site_name":"DHR - G\u00f6teborg","article_modified_time":"2022-11-30T15:28:33+00:00","twitter_card":"summary_large_image","schema":{"@context":"https:\/\/schema.org","@graph":[{"@type":"WebPage","@id":"https:\/\/dhr.se\/goteborg\/vi-arbetar-med\/tillgangliga-laddstolpar\/","url":"https:\/\/dhr.se\/goteborg\/vi-arbetar-med\/tillgangliga-laddstolpar\/","name":"Tillg\u00e4ngliga laddstolpar - DHR - G\u00f6teborg","isPartOf":{"@id":"https:\/\/dhr.se\/goteborg\/#website"},"datePublished":"2022-03-03T12:12:08+00:00","dateModified":"2022-11-30T15:28:33+00:00","breadcrumb":{"@id":"https:\/\/dhr.se\/goteborg\/vi-arbetar-med\/tillgangliga-laddstolpar\/#breadcrumb"},"inLanguage":"sv-SE","potentialAction":[{"@type":"ReadAction","target":["https:\/\/dhr.se\/goteborg\/vi-arbetar-med\/tillgangliga-laddstolpar\/"]}]},{"@type":"BreadcrumbList","@id":"https:\/\/dhr.se\/goteborg\/vi-arbetar-med\/tillgangliga-laddstolpar\/#breadcrumb","itemListElement":[{"@type":"ListItem","position":1,"name":"Hem","item":"https:\/\/dhr.se\/goteborg\/"},{"@type":"ListItem","position":2,"name":"Vi arbetar med","item":"https:\/\/dhr.se\/goteborg\/vi-arbetar-med\/"},{"@type":"ListItem","position":3,"name":"Tillg\u00e4ngliga laddstolpar"}]},{"@type":"WebSite","@id":"https:\/\/dhr.se\/goteborg\/#website","url":"https:\/\/dhr.se\/goteborg\/","name":"DHR - G\u00f6teborg","description":"Delaktighet, r\u00f6relsefrihet och handlingskraft","potentialAction":[{"@type":"SearchAction","target":{"@type":"EntryPoint","urlTemplate":"https:\/\/dhr.se\/goteborg\/?s={search_term_string}"},"query-input":{"@type":"PropertyValueSpecification","valueRequired":true,"valueName":"search_term_string"}}],"inLanguage":"sv-SE"}]}},"publishpress_future_workflow_manual_trigger":{"enabledWorkflows":[]},"_links":{"self":[{"href":"https:\/\/dhr.se\/goteborg\/wp-json\/wp\/v2\/pages\/3011","targetHints":{"allow":["GET"]}}],"collection":[{"href":"https:\/\/dhr.se\/goteborg\/wp-json\/wp\/v2\/pages"}],"about":[{"href":"https:\/\/dhr.se\/goteborg\/wp-json\/wp\/v2\/types\/page"}],"author":[{"embeddable":true,"href":"https:\/\/dhr.se\/goteborg\/wp-json\/wp\/v2\/users\/7"}],"replies":[{"embeddable":true,"href":"https:\/\/dhr.se\/goteborg\/wp-json\/wp\/v2\/comments?post=3011"}],"version-history":[{"count":0,"href":"https:\/\/dhr.se\/goteborg\/wp-json\/wp\/v2\/pages\/3011\/revisions"}],"up":[{"embeddable":true,"href":"https:\/\/dhr.se\/goteborg\/wp-json\/wp\/v2\/pages\/1251"}],"wp:attachment":[{"href":"https:\/\/dhr.se\/goteborg\/wp-json\/wp\/v2\/media?parent=3011"}],"curies":[{"name":"wp","href":"https:\/\/api.w.org\/{rel}","templated":true}]}}