{"id":3305,"date":"2022-06-29T13:09:20","date_gmt":"2022-06-29T11:09:20","guid":{"rendered":"https:\/\/dhr.se\/goteborg\/?page_id=3305"},"modified":"2025-10-02T10:45:16","modified_gmt":"2025-10-02T08:45:16","slug":"din-vardag-var-politik","status":"publish","type":"page","link":"https:\/\/dhr.se\/goteborg\/vi-arbetar-med\/din-vardag-var-politik\/","title":{"rendered":"Din Vardag v\u00e5r politik"},"content":{"rendered":"<section class=\"block-simple-text\">\n    <div class=\"main\">\n        <div class=\"main-inner\">\n            <div class=\"ingress text-darker\"><p>Under \u00e5ren 2011 till 2014 drev avdelningen ett projekt som vi kallade f\u00f6r V\u00e5r vardag\u00a0 &#8211; Din politik.<br \/>\nProjektet syftade till att belysa funktionshinderfr\u00e5gor ur olika perspektiv. Varje \u00e4mne &#8221;mynnade ut&#8221; i en rapport i respektive \u00e4mne. Dessa rapporter kan du ta del av h\u00e4r p\u00e5 hemsidan.<\/p>\n<p><a href=\"https:\/\/dhr.se\/goteborg\/wp-content\/uploads\/sites\/3\/2022\/06\/DHR-Delrapport1.pdf\" target=\"_blank\" rel=\"noopener\">Att v\u00e5ga arbeta<\/a><\/p>\n<p><a href=\"https:\/\/dhr.se\/goteborg\/wp-content\/uploads\/sites\/3\/2022\/06\/DHR-Delrapport-2.pdf\" target=\"_blank\" rel=\"noopener\">\u00c4r blod tjockare \u00e4n vatten<\/a><\/p>\n<p><a href=\"https:\/\/dhr.se\/goteborg\/wp-content\/uploads\/sites\/3\/2022\/06\/DHR-Delrapport-3.pdf\" target=\"_blank\" rel=\"noopener\">Dubbla hinder &#8211; Etnicitet och r\u00f6relsehinder<\/a><\/p>\n<p><a href=\"https:\/\/dhr.se\/goteborg\/wp-content\/uploads\/sites\/3\/2022\/06\/DHR-Delrapport-4.pdf\" target=\"_blank\" rel=\"noopener\">Assistans &#8211; Makt p\u00e5 lika vilkor<\/a><\/p>\n<p><a href=\"https:\/\/dhr.se\/goteborg\/wp-content\/uploads\/sites\/3\/2022\/06\/DHR-Delrapport-5.pdf\" target=\"_blank\" rel=\"noopener\">Stress vid myndighetskontakter<\/a><\/p>\n<p><a href=\"https:\/\/dhr.se\/goteborg\/wp-content\/uploads\/sites\/3\/2022\/06\/DHR-Delrapport-6.pdf\" target=\"_blank\" rel=\"noopener\">65+ om hinder i en pension\u00e4rstillvaro<\/a><\/p>\n<p><a href=\"https:\/\/dhr.se\/goteborg\/wp-content\/uploads\/sites\/3\/2022\/06\/DHR-Delrapport-7.pdf\" target=\"_blank\" rel=\"noopener\">Vardagens ekonomi ur ett funktionshinderperspektiv<\/a><\/p>\n<p><a href=\"https:\/\/dhr.se\/goteborg\/wp-content\/uploads\/sites\/3\/2022\/06\/DHR-Delrapport-8.pdf\" target=\"_blank\" rel=\"noopener\">Diskriminering<\/a><\/p>\n<p><a href=\"https:\/\/dhr.se\/goteborg\/wp-content\/uploads\/sites\/3\/2022\/06\/DHR-Delrapport9.pdf\" target=\"_blank\" rel=\"noopener\">Funktionshinder och partipolitik<\/a><\/p>\n<\/div>\n            <div class=\"content\"><\/div>\n        <\/div>\n    <\/div>\n<\/section>","protected":false},"excerpt":{"rendered":"","protected":false},"author":7,"featured_media":0,"parent":1251,"menu_order":0,"comment_status":"closed","ping_status":"closed","template":"template-side-menu.php","meta":{"_acf_changed":false,"_monsterinsights_skip_tracking":false,"_monsterinsights_sitenote_active":false,"_monsterinsights_sitenote_note":"","_monsterinsights_sitenote_category":0,"footnotes":""},"class_list":["post-3305","page","type-page","status-publish","hentry"],"acf":[],"yoast_head":"<!-- This site is optimized with the Yoast SEO plugin v27.2 - https:\/\/yoast.com\/product\/yoast-seo-wordpress\/ -->\n<title>Din Vardag v\u00e5r politik - DHR - G\u00f6teborg<\/title>\n<meta name=\"robots\" content=\"index, follow, max-snippet:-1, max-image-preview:large, max-video-preview:-1\" \/>\n<link rel=\"canonical\" href=\"https:\/\/dhr.se\/goteborg\/vi-arbetar-med\/din-vardag-var-politik\/\" \/>\n<meta property=\"og:locale\" content=\"sv_SE\" \/>\n<meta property=\"og:type\" content=\"article\" \/>\n<meta property=\"og:title\" content=\"Din Vardag v\u00e5r politik - DHR - G\u00f6teborg\" \/>\n<meta property=\"og:url\" content=\"https:\/\/dhr.se\/goteborg\/vi-arbetar-med\/din-vardag-var-politik\/\" \/>\n<meta property=\"og:site_name\" content=\"DHR - G\u00f6teborg\" \/>\n<meta property=\"article:modified_time\" content=\"2025-10-02T08:45:16+00:00\" \/>\n<meta name=\"twitter:card\" content=\"summary_large_image\" \/>\n<script type=\"application\/ld+json\" class=\"yoast-schema-graph\">{\"@context\":\"https:\/\/schema.org\",\"@graph\":[{\"@type\":\"WebPage\",\"@id\":\"https:\/\/dhr.se\/goteborg\/vi-arbetar-med\/din-vardag-var-politik\/\",\"url\":\"https:\/\/dhr.se\/goteborg\/vi-arbetar-med\/din-vardag-var-politik\/\",\"name\":\"Din Vardag v\u00e5r politik - DHR - G\u00f6teborg\",\"isPartOf\":{\"@id\":\"https:\/\/dhr.se\/goteborg\/#website\"},\"datePublished\":\"2022-06-29T11:09:20+00:00\",\"dateModified\":\"2025-10-02T08:45:16+00:00\",\"breadcrumb\":{\"@id\":\"https:\/\/dhr.se\/goteborg\/vi-arbetar-med\/din-vardag-var-politik\/#breadcrumb\"},\"inLanguage\":\"sv-SE\",\"potentialAction\":[{\"@type\":\"ReadAction\",\"target\":[\"https:\/\/dhr.se\/goteborg\/vi-arbetar-med\/din-vardag-var-politik\/\"]}]},{\"@type\":\"BreadcrumbList\",\"@id\":\"https:\/\/dhr.se\/goteborg\/vi-arbetar-med\/din-vardag-var-politik\/#breadcrumb\",\"itemListElement\":[{\"@type\":\"ListItem\",\"position\":1,\"name\":\"Hem\",\"item\":\"https:\/\/dhr.se\/goteborg\/\"},{\"@type\":\"ListItem\",\"position\":2,\"name\":\"Vi arbetar med\",\"item\":\"https:\/\/dhr.se\/goteborg\/vi-arbetar-med\/\"},{\"@type\":\"ListItem\",\"position\":3,\"name\":\"Din Vardag v\u00e5r politik\"}]},{\"@type\":\"WebSite\",\"@id\":\"https:\/\/dhr.se\/goteborg\/#website\",\"url\":\"https:\/\/dhr.se\/goteborg\/\",\"name\":\"DHR - G\u00f6teborg\",\"description\":\"Delaktighet, r\u00f6relsefrihet och handlingskraft\",\"potentialAction\":[{\"@type\":\"SearchAction\",\"target\":{\"@type\":\"EntryPoint\",\"urlTemplate\":\"https:\/\/dhr.se\/goteborg\/?s={search_term_string}\"},\"query-input\":{\"@type\":\"PropertyValueSpecification\",\"valueRequired\":true,\"valueName\":\"search_term_string\"}}],\"inLanguage\":\"sv-SE\"}]}<\/script>\n<!-- \/ Yoast SEO plugin. -->","yoast_head_json":{"title":"Din Vardag v\u00e5r politik - DHR - G\u00f6teborg","robots":{"index":"index","follow":"follow","max-snippet":"max-snippet:-1","max-image-preview":"max-image-preview:large","max-video-preview":"max-video-preview:-1"},"canonical":"https:\/\/dhr.se\/goteborg\/vi-arbetar-med\/din-vardag-var-politik\/","og_locale":"sv_SE","og_type":"article","og_title":"Din Vardag v\u00e5r politik - DHR - G\u00f6teborg","og_url":"https:\/\/dhr.se\/goteborg\/vi-arbetar-med\/din-vardag-var-politik\/","og_site_name":"DHR - G\u00f6teborg","article_modified_time":"2025-10-02T08:45:16+00:00","twitter_card":"summary_large_image","schema":{"@context":"https:\/\/schema.org","@graph":[{"@type":"WebPage","@id":"https:\/\/dhr.se\/goteborg\/vi-arbetar-med\/din-vardag-var-politik\/","url":"https:\/\/dhr.se\/goteborg\/vi-arbetar-med\/din-vardag-var-politik\/","name":"Din Vardag v\u00e5r politik - DHR - G\u00f6teborg","isPartOf":{"@id":"https:\/\/dhr.se\/goteborg\/#website"},"datePublished":"2022-06-29T11:09:20+00:00","dateModified":"2025-10-02T08:45:16+00:00","breadcrumb":{"@id":"https:\/\/dhr.se\/goteborg\/vi-arbetar-med\/din-vardag-var-politik\/#breadcrumb"},"inLanguage":"sv-SE","potentialAction":[{"@type":"ReadAction","target":["https:\/\/dhr.se\/goteborg\/vi-arbetar-med\/din-vardag-var-politik\/"]}]},{"@type":"BreadcrumbList","@id":"https:\/\/dhr.se\/goteborg\/vi-arbetar-med\/din-vardag-var-politik\/#breadcrumb","itemListElement":[{"@type":"ListItem","position":1,"name":"Hem","item":"https:\/\/dhr.se\/goteborg\/"},{"@type":"ListItem","position":2,"name":"Vi arbetar med","item":"https:\/\/dhr.se\/goteborg\/vi-arbetar-med\/"},{"@type":"ListItem","position":3,"name":"Din Vardag v\u00e5r politik"}]},{"@type":"WebSite","@id":"https:\/\/dhr.se\/goteborg\/#website","url":"https:\/\/dhr.se\/goteborg\/","name":"DHR - G\u00f6teborg","description":"Delaktighet, r\u00f6relsefrihet och handlingskraft","potentialAction":[{"@type":"SearchAction","target":{"@type":"EntryPoint","urlTemplate":"https:\/\/dhr.se\/goteborg\/?s={search_term_string}"},"query-input":{"@type":"PropertyValueSpecification","valueRequired":true,"valueName":"search_term_string"}}],"inLanguage":"sv-SE"}]}},"publishpress_future_workflow_manual_trigger":{"enabledWorkflows":[]},"_links":{"self":[{"href":"https:\/\/dhr.se\/goteborg\/wp-json\/wp\/v2\/pages\/3305","targetHints":{"allow":["GET"]}}],"collection":[{"href":"https:\/\/dhr.se\/goteborg\/wp-json\/wp\/v2\/pages"}],"about":[{"href":"https:\/\/dhr.se\/goteborg\/wp-json\/wp\/v2\/types\/page"}],"author":[{"embeddable":true,"href":"https:\/\/dhr.se\/goteborg\/wp-json\/wp\/v2\/users\/7"}],"replies":[{"embeddable":true,"href":"https:\/\/dhr.se\/goteborg\/wp-json\/wp\/v2\/comments?post=3305"}],"version-history":[{"count":0,"href":"https:\/\/dhr.se\/goteborg\/wp-json\/wp\/v2\/pages\/3305\/revisions"}],"up":[{"embeddable":true,"href":"https:\/\/dhr.se\/goteborg\/wp-json\/wp\/v2\/pages\/1251"}],"wp:attachment":[{"href":"https:\/\/dhr.se\/goteborg\/wp-json\/wp\/v2\/media?parent=3305"}],"curies":[{"name":"wp","href":"https:\/\/api.w.org\/{rel}","templated":true}]}}