{"id":3363,"date":"2022-08-23T10:08:14","date_gmt":"2022-08-23T08:08:14","guid":{"rendered":"https:\/\/dhr.se\/goteborg\/?page_id=3363"},"modified":"2025-04-24T13:26:17","modified_gmt":"2025-04-24T11:26:17","slug":"kontakta-oss","status":"publish","type":"page","link":"https:\/\/dhr.se\/goteborg\/kontakta-oss\/","title":{"rendered":"Kontakt"},"content":{"rendered":"<section class=\"block-hero\" style=\"background-image:url();\">\n\n<video autoplay loop playsinline muted loop>\n    <source src=\"\" type=\"video\/mp4\">\n    Your browser does not support HTML5 video.\n<\/video>\n\n<div class=\"overlay overlay-accent\"><\/div>\n    <div class=\"main\">\n        <div class=\"main-inner\">\n            <p class=\"small-title\"><\/p>\n            <h1>Kontakta oss<\/h1>\n            <p class=\"text\">Telefon: 031-704 60 50<br \/>\r\nE-post: goteborg@dhr.se<br \/>\r\n<br \/>\r\nOrganisationsnummer 857200-2940<br \/>\r\nPlusgiro 12202-8<br \/>\r\nSwish 123 208 58 50<\/p>\n\n\n            \n\n\n\n        <\/div>\n    <\/div>\n<\/section>\n\n<section class=\"block-contact-info\">\n    <div class=\"main\">\n        <div class=\"main-inner\">\n            <h2>Vi p\u00e5 kansliet<\/h2>\n\n            <div class=\"flex-container\">\n                <div class=\"col\">\n                    <p><img loading=\"lazy\" decoding=\"async\" class=\"\" src=\"https:\/\/dhr.se\/goteborg\/wp-content\/uploads\/sites\/3\/2022\/12\/Robert.jpg\" width=\"136\" height=\"167\" \/><br \/>\n<strong>Robert Kindberg<br \/>\n<\/strong><strong>Ombudsman<\/strong><\/p>\n<p>Telefon: 0768-75 25 11<br \/>\n<a href=\"mailto:robert.kindberg@dhr.se\">robert.kindberg@dhr.se<\/a><\/p>\n<p><em>Jag arbetar med kollektivtrafik och f\u00e4rdtj\u00e4nstfr\u00e5gor. Du kan \u00e4ven kontakta mig om du vill diskutera n\u00e5gon form av tillg\u00e4nglighetsfr\u00e5ga.<\/em><\/p>\n<p>Arbetar m\u00e5n \u2013 fre 9-15<\/p>\n<p>Telefontid:<br \/>\ntisdag 14-15<br \/>\nfredag 10-11<\/p>\n<p>&nbsp;<\/p>\n<p>&nbsp;<\/p>\n                <\/div>\n                <div class=\"col\">\n                    <p><img loading=\"lazy\" decoding=\"async\" src=\"https:\/\/dhr.se\/goteborg\/wp-content\/uploads\/sites\/3\/2022\/12\/Jonas.jpg\" width=\"136\" height=\"167\" \/><br \/>\n<strong>Jonas Andersson<br \/>\nKanslist<\/strong><\/p>\n<p>Telefon: 031- 704 60 50<br \/>\n<a href=\"mailto:jonas.andersson@dhr.se\">jonas.andersson@dhr.se<\/a><\/p>\n<p><em>Det \u00e4r jag som oftast svarar n\u00e4r du ringer. Jag tar emot anm\u00e4lningar och svarar p\u00e5 fr\u00e5gor.\u00a0<\/em><br \/>\n<em>Du kan \u00e4ven ringa mig om du vill diskutera bilst\u00f6d.<\/em><\/p>\n<p>Arbetar m\u00e5n \u2013 tors 9-17<\/p>\n                <\/div>\n                <div class=\"col\">\n                    <p><img loading=\"lazy\" decoding=\"async\" src=\"https:\/\/dhr.se\/goteborg\/wp-content\/uploads\/sites\/3\/2022\/12\/Linda.jpg\" width=\"136\" height=\"167\" \/><br \/>\n<strong>Linda Karlsson<br \/>\nVerksamhetsutvecklare<\/strong><\/p>\n<p>Telefon: 0732-36 02 73<br \/>\n<a href=\"mailto:linda.karlsson@dhr.se\">linda.karlsson@dhr.se<\/a><\/p>\n<p><em>Jag \u00e4r en digital spindel p\u00e5 n\u00e4tet. Med andra ord, s\u00e5 \u00e4r det mig du kan prata med om du har fr\u00e5gor om internet, sociala medier eller beh\u00f6ver support vid v\u00e5ra digitala m\u00f6ten.<\/em><\/p>\n<p><em>Jag representerar ofta avdelningen i olika fokusgrupper kring ny teknik, hj\u00e4lpmedel eller inom socialt arbete.<\/em><\/p>\n<p>Arbetar m\u00e5n \u2013 fre 10-17<\/p>\n                <\/div>\n                <div class=\"col\">\n                    <p>F\u00f6lj oss g\u00e4rna p\u00e5 Tvitter<br \/>\n<a href=\"http:\/\/(20) DHR G\u00f6teborg (@DHRGoteborg) \/ Twitter\">DHRG\u00f6teborgsavdelningen<\/a><\/p>\n                <\/div>\n            <\/div>\n        <\/div>\n    <\/div>\n<\/section>\n\n<section class=\"block-contact-info\">\n    <div class=\"main\">\n        <div class=\"main-inner\">\n            <h2>Styrelsen<\/h2>\n\n            <div class=\"flex-container\">\n                <div class=\"col\">\n                    <p><strong>Ordf\u00f6rande<\/strong><\/p>\n<p>Krister Frank<br \/>\n<a href=\"mailto:krister.frank@dhr.se\">krister.frank@dhr.se<\/a><\/p>\n<p><strong>Vice ordf\u00f6rande<\/strong><br \/>\nLejla Selman<br \/>\n<a href=\"mailto:lejla.selman@dhr.se\">lejla.selman@dhr.se<\/a><\/p>\n<p>&nbsp;<\/p>\n                <\/div>\n                <div class=\"col\">\n                    <p><strong>Ledam\u00f6ter<\/strong><\/p>\n<p>Martin R\u00e5dberg<br \/>\n<a href=\"mailto:claesmartineliasson@gmail.com\">claesmartineliasson@gmail.com<\/a><\/p>\n<p>\u00c5ke Gustavsson<br \/>\n<a href=\"mailto:akel.gustavsson@gmail.com\">akel.gustavsson@gmail.com<\/a><\/p>\n<p>Helene Palmen\u00e4s<br \/>\n<a href=\"mailto:helene.palmenas@dhr.se\">helene.palmenas@dhr.se<\/a><\/p>\n                <\/div>\n                <div class=\"col\">\n                    <p><strong>Styrelsesuppleant<\/strong><\/p>\n<p><strong>Revisor<\/strong><br \/>\nJoakim Berlin<\/p>\n<p><strong>Revisorsuppleant<\/strong><\/p>\n<p><strong>Adjungerad fr\u00e5n Unga R\u00f6relsehindrade<\/strong><br \/>\nAstrid Steen<\/p>\n                <\/div>\n                <div class=\"col\">\n                                    <\/div>\n            <\/div>\n        <\/div>\n    <\/div>\n<\/section>\n\n<section class=\"block-one-two\">\n    <div class=\"main\">\n        <div class=\"main-inner\">\n        <h2><\/h2>\n\n            <div class=\"flex-container\">\n                <div class=\"col-small\">\n                    <div class=\"content\"><\/div>\n                <\/div>\n                <div class=\"col-big\">\n                    <div class=\"content\"><p><strong>Hitta oss<\/strong><\/p>\n<p>Med bil:<br \/>\nF\u00f6lj skyltarna mot Stena Lines tysklandsterminal (Kiel). Tag av vid motet som tar dig till f\u00e4rjorna, sv\u00e4ng sedan v\u00e4nster mot Mariaplan. Du kommer d\u00e5 direkt in p\u00e5 Slottskogsgatan. Vi finns brevid Dalheimers hus, slottsskogsgatan 18.<\/p>\n<p>Med sp\u00e5rvagn:<br \/>\nV\u00e4lj vagn 3 eller 9:an till Jaegerdorffsplatsen eller nr 11 till Mariaplan. Det \u00e4r omkring 100 meters promenad fr\u00e5n b\u00e5da h\u00e5llplatserna.<\/p>\n<\/div>\n                <\/div>\n            <\/div>\n            \n        <\/div>\n    <\/div>\n<\/section>","protected":false},"excerpt":{"rendered":"","protected":false},"author":8,"featured_media":0,"parent":0,"menu_order":0,"comment_status":"closed","ping_status":"closed","template":"","meta":{"_acf_changed":false,"_monsterinsights_skip_tracking":false,"_monsterinsights_sitenote_active":false,"_monsterinsights_sitenote_note":"","_monsterinsights_sitenote_category":0,"footnotes":""},"class_list":["post-3363","page","type-page","status-publish","hentry"],"acf":[],"yoast_head":"<!-- This site is optimized with the Yoast SEO plugin v27.2 - https:\/\/yoast.com\/product\/yoast-seo-wordpress\/ -->\n<title>Kontakt - DHR - G\u00f6teborg<\/title>\n<meta name=\"robots\" content=\"index, follow, max-snippet:-1, max-image-preview:large, max-video-preview:-1\" \/>\n<link rel=\"canonical\" href=\"https:\/\/dhr.se\/goteborg\/kontakta-oss\/\" \/>\n<meta property=\"og:locale\" content=\"sv_SE\" \/>\n<meta property=\"og:type\" content=\"article\" \/>\n<meta property=\"og:title\" content=\"Kontakt - DHR - G\u00f6teborg\" \/>\n<meta property=\"og:url\" content=\"https:\/\/dhr.se\/goteborg\/kontakta-oss\/\" \/>\n<meta property=\"og:site_name\" content=\"DHR - G\u00f6teborg\" \/>\n<meta property=\"article:modified_time\" content=\"2025-04-24T11:26:17+00:00\" \/>\n<meta name=\"twitter:card\" content=\"summary_large_image\" \/>\n<script type=\"application\/ld+json\" class=\"yoast-schema-graph\">{\"@context\":\"https:\/\/schema.org\",\"@graph\":[{\"@type\":\"WebPage\",\"@id\":\"https:\/\/dhr.se\/goteborg\/kontakta-oss\/\",\"url\":\"https:\/\/dhr.se\/goteborg\/kontakta-oss\/\",\"name\":\"Kontakt - DHR - G\u00f6teborg\",\"isPartOf\":{\"@id\":\"https:\/\/dhr.se\/goteborg\/#website\"},\"datePublished\":\"2022-08-23T08:08:14+00:00\",\"dateModified\":\"2025-04-24T11:26:17+00:00\",\"breadcrumb\":{\"@id\":\"https:\/\/dhr.se\/goteborg\/kontakta-oss\/#breadcrumb\"},\"inLanguage\":\"sv-SE\",\"potentialAction\":[{\"@type\":\"ReadAction\",\"target\":[\"https:\/\/dhr.se\/goteborg\/kontakta-oss\/\"]}]},{\"@type\":\"BreadcrumbList\",\"@id\":\"https:\/\/dhr.se\/goteborg\/kontakta-oss\/#breadcrumb\",\"itemListElement\":[{\"@type\":\"ListItem\",\"position\":1,\"name\":\"Hem\",\"item\":\"https:\/\/dhr.se\/goteborg\/\"},{\"@type\":\"ListItem\",\"position\":2,\"name\":\"Kontakt\"}]},{\"@type\":\"WebSite\",\"@id\":\"https:\/\/dhr.se\/goteborg\/#website\",\"url\":\"https:\/\/dhr.se\/goteborg\/\",\"name\":\"DHR - G\u00f6teborg\",\"description\":\"Delaktighet, r\u00f6relsefrihet och handlingskraft\",\"potentialAction\":[{\"@type\":\"SearchAction\",\"target\":{\"@type\":\"EntryPoint\",\"urlTemplate\":\"https:\/\/dhr.se\/goteborg\/?s={search_term_string}\"},\"query-input\":{\"@type\":\"PropertyValueSpecification\",\"valueRequired\":true,\"valueName\":\"search_term_string\"}}],\"inLanguage\":\"sv-SE\"}]}<\/script>\n<!-- \/ Yoast SEO plugin. -->","yoast_head_json":{"title":"Kontakt - DHR - G\u00f6teborg","robots":{"index":"index","follow":"follow","max-snippet":"max-snippet:-1","max-image-preview":"max-image-preview:large","max-video-preview":"max-video-preview:-1"},"canonical":"https:\/\/dhr.se\/goteborg\/kontakta-oss\/","og_locale":"sv_SE","og_type":"article","og_title":"Kontakt - DHR - G\u00f6teborg","og_url":"https:\/\/dhr.se\/goteborg\/kontakta-oss\/","og_site_name":"DHR - G\u00f6teborg","article_modified_time":"2025-04-24T11:26:17+00:00","twitter_card":"summary_large_image","schema":{"@context":"https:\/\/schema.org","@graph":[{"@type":"WebPage","@id":"https:\/\/dhr.se\/goteborg\/kontakta-oss\/","url":"https:\/\/dhr.se\/goteborg\/kontakta-oss\/","name":"Kontakt - DHR - G\u00f6teborg","isPartOf":{"@id":"https:\/\/dhr.se\/goteborg\/#website"},"datePublished":"2022-08-23T08:08:14+00:00","dateModified":"2025-04-24T11:26:17+00:00","breadcrumb":{"@id":"https:\/\/dhr.se\/goteborg\/kontakta-oss\/#breadcrumb"},"inLanguage":"sv-SE","potentialAction":[{"@type":"ReadAction","target":["https:\/\/dhr.se\/goteborg\/kontakta-oss\/"]}]},{"@type":"BreadcrumbList","@id":"https:\/\/dhr.se\/goteborg\/kontakta-oss\/#breadcrumb","itemListElement":[{"@type":"ListItem","position":1,"name":"Hem","item":"https:\/\/dhr.se\/goteborg\/"},{"@type":"ListItem","position":2,"name":"Kontakt"}]},{"@type":"WebSite","@id":"https:\/\/dhr.se\/goteborg\/#website","url":"https:\/\/dhr.se\/goteborg\/","name":"DHR - G\u00f6teborg","description":"Delaktighet, r\u00f6relsefrihet och handlingskraft","potentialAction":[{"@type":"SearchAction","target":{"@type":"EntryPoint","urlTemplate":"https:\/\/dhr.se\/goteborg\/?s={search_term_string}"},"query-input":{"@type":"PropertyValueSpecification","valueRequired":true,"valueName":"search_term_string"}}],"inLanguage":"sv-SE"}]}},"publishpress_future_workflow_manual_trigger":{"enabledWorkflows":[]},"_links":{"self":[{"href":"https:\/\/dhr.se\/goteborg\/wp-json\/wp\/v2\/pages\/3363","targetHints":{"allow":["GET"]}}],"collection":[{"href":"https:\/\/dhr.se\/goteborg\/wp-json\/wp\/v2\/pages"}],"about":[{"href":"https:\/\/dhr.se\/goteborg\/wp-json\/wp\/v2\/types\/page"}],"author":[{"embeddable":true,"href":"https:\/\/dhr.se\/goteborg\/wp-json\/wp\/v2\/users\/8"}],"replies":[{"embeddable":true,"href":"https:\/\/dhr.se\/goteborg\/wp-json\/wp\/v2\/comments?post=3363"}],"version-history":[{"count":0,"href":"https:\/\/dhr.se\/goteborg\/wp-json\/wp\/v2\/pages\/3363\/revisions"}],"wp:attachment":[{"href":"https:\/\/dhr.se\/goteborg\/wp-json\/wp\/v2\/media?parent=3363"}],"curies":[{"name":"wp","href":"https:\/\/api.w.org\/{rel}","templated":true}]}}