{"id":3625,"date":"2022-12-01T12:49:28","date_gmt":"2022-12-01T11:49:28","guid":{"rendered":"https:\/\/dhr.se\/goteborg\/?page_id=3625"},"modified":"2026-02-10T13:40:06","modified_gmt":"2026-02-10T12:40:06","slug":"vara-projekt","status":"publish","type":"page","link":"https:\/\/dhr.se\/goteborg\/vi-arbetar-med\/sparvagnsrapport\/vara-projekt\/","title":{"rendered":"Projekt"},"content":{"rendered":"<section class=\"block-simple-text\">\n    <div class=\"main\">\n        <div class=\"main-inner\">\n            <div class=\"ingress text-darker\"><p>Vi har tidigare arbetat med olika projekt. Ni kan l\u00e4sa mer om dessa h\u00e4r:<\/p>\n<p><a href=\"https:\/\/dhr.se\/goteborg\/vad-vi-gor\/sparvagnsrapport\/\">Sp\u00e5rvagnprojekt\u00a0<\/a><br \/>\nI detta projekt unders\u00f6kte vi hur det verkligen fungerar att \u00e5ka sp\u00e5rvagn i G\u00f6teborg.<\/p>\n<p><a href=\"https:\/\/dhr.se\/goteborg\/en-fungerande-fardtjanst\/\">En fungerande f\u00e4rdtj\u00e4nst<\/a><br \/>\nH\u00e4r ber\u00e4ttar medlemmar i DHR G\u00f6teborgsavdelningen om problem, ol\u00e4genheter och bekymmer i samband med f\u00e4rdtj\u00e4nstresor.<\/p>\n<p><a href=\"https:\/\/dhrforbundet.sharepoint.com\/:b:\/s\/dhrgoteborgsavdelningenkansli\/IQDGc4OYqoYrRL7QSvZ6efbcAeFvvctrzZN_JfI9vQPGUUc?e=DeLRbt\" target=\"_blank\" rel=\"noopener\">Din Vardag v\u00e5r politik &#8211; en social dokument\u00e4r om samtid och framtid\u00a0<\/a><br \/>\nBoken \u00e4r en uppdatering av de projekt som avdelningen gjorde 2011-2014. Boken inneh\u00e5ller n\u00e5gra nyskrivna kapitel om h\u00e4lsofr\u00e5gor och intervjuer med anh\u00f6riga.<\/p>\n<\/div>\n            <div class=\"content\"><\/div>\n        <\/div>\n    <\/div>\n<\/section>","protected":false},"excerpt":{"rendered":"","protected":false},"author":7,"featured_media":0,"parent":3247,"menu_order":0,"comment_status":"closed","ping_status":"closed","template":"template-side-menu.php","meta":{"_acf_changed":false,"_monsterinsights_skip_tracking":false,"_monsterinsights_sitenote_active":false,"_monsterinsights_sitenote_note":"","_monsterinsights_sitenote_category":0,"footnotes":""},"class_list":["post-3625","page","type-page","status-publish","hentry"],"acf":[],"yoast_head":"<!-- This site is optimized with the Yoast SEO plugin v27.2 - https:\/\/yoast.com\/product\/yoast-seo-wordpress\/ -->\n<title>Projekt - DHR - G\u00f6teborg<\/title>\n<meta name=\"robots\" content=\"index, follow, max-snippet:-1, max-image-preview:large, max-video-preview:-1\" \/>\n<link rel=\"canonical\" href=\"https:\/\/dhr.se\/goteborg\/vi-arbetar-med\/sparvagnsrapport\/vara-projekt\/\" \/>\n<meta property=\"og:locale\" content=\"sv_SE\" \/>\n<meta property=\"og:type\" content=\"article\" \/>\n<meta property=\"og:title\" content=\"Projekt - DHR - G\u00f6teborg\" \/>\n<meta property=\"og:url\" content=\"https:\/\/dhr.se\/goteborg\/vi-arbetar-med\/sparvagnsrapport\/vara-projekt\/\" \/>\n<meta property=\"og:site_name\" content=\"DHR - G\u00f6teborg\" \/>\n<meta property=\"article:modified_time\" content=\"2026-02-10T12:40:06+00:00\" \/>\n<meta name=\"twitter:card\" content=\"summary_large_image\" \/>\n<script type=\"application\/ld+json\" class=\"yoast-schema-graph\">{\"@context\":\"https:\/\/schema.org\",\"@graph\":[{\"@type\":\"WebPage\",\"@id\":\"https:\/\/dhr.se\/goteborg\/vi-arbetar-med\/sparvagnsrapport\/vara-projekt\/\",\"url\":\"https:\/\/dhr.se\/goteborg\/vi-arbetar-med\/sparvagnsrapport\/vara-projekt\/\",\"name\":\"Projekt - DHR - G\u00f6teborg\",\"isPartOf\":{\"@id\":\"https:\/\/dhr.se\/goteborg\/#website\"},\"datePublished\":\"2022-12-01T11:49:28+00:00\",\"dateModified\":\"2026-02-10T12:40:06+00:00\",\"breadcrumb\":{\"@id\":\"https:\/\/dhr.se\/goteborg\/vi-arbetar-med\/sparvagnsrapport\/vara-projekt\/#breadcrumb\"},\"inLanguage\":\"sv-SE\",\"potentialAction\":[{\"@type\":\"ReadAction\",\"target\":[\"https:\/\/dhr.se\/goteborg\/vi-arbetar-med\/sparvagnsrapport\/vara-projekt\/\"]}]},{\"@type\":\"BreadcrumbList\",\"@id\":\"https:\/\/dhr.se\/goteborg\/vi-arbetar-med\/sparvagnsrapport\/vara-projekt\/#breadcrumb\",\"itemListElement\":[{\"@type\":\"ListItem\",\"position\":1,\"name\":\"Hem\",\"item\":\"https:\/\/dhr.se\/goteborg\/\"},{\"@type\":\"ListItem\",\"position\":2,\"name\":\"Vi arbetar med\",\"item\":\"https:\/\/dhr.se\/goteborg\/vi-arbetar-med\/\"},{\"@type\":\"ListItem\",\"position\":3,\"name\":\"Sp\u00e5rvagnsrapport\",\"item\":\"https:\/\/dhr.se\/goteborg\/vi-arbetar-med\/sparvagnsrapport\/\"},{\"@type\":\"ListItem\",\"position\":4,\"name\":\"Projekt\"}]},{\"@type\":\"WebSite\",\"@id\":\"https:\/\/dhr.se\/goteborg\/#website\",\"url\":\"https:\/\/dhr.se\/goteborg\/\",\"name\":\"DHR - G\u00f6teborg\",\"description\":\"Delaktighet, r\u00f6relsefrihet och handlingskraft\",\"potentialAction\":[{\"@type\":\"SearchAction\",\"target\":{\"@type\":\"EntryPoint\",\"urlTemplate\":\"https:\/\/dhr.se\/goteborg\/?s={search_term_string}\"},\"query-input\":{\"@type\":\"PropertyValueSpecification\",\"valueRequired\":true,\"valueName\":\"search_term_string\"}}],\"inLanguage\":\"sv-SE\"}]}<\/script>\n<!-- \/ Yoast SEO plugin. -->","yoast_head_json":{"title":"Projekt - DHR - G\u00f6teborg","robots":{"index":"index","follow":"follow","max-snippet":"max-snippet:-1","max-image-preview":"max-image-preview:large","max-video-preview":"max-video-preview:-1"},"canonical":"https:\/\/dhr.se\/goteborg\/vi-arbetar-med\/sparvagnsrapport\/vara-projekt\/","og_locale":"sv_SE","og_type":"article","og_title":"Projekt - DHR - G\u00f6teborg","og_url":"https:\/\/dhr.se\/goteborg\/vi-arbetar-med\/sparvagnsrapport\/vara-projekt\/","og_site_name":"DHR - G\u00f6teborg","article_modified_time":"2026-02-10T12:40:06+00:00","twitter_card":"summary_large_image","schema":{"@context":"https:\/\/schema.org","@graph":[{"@type":"WebPage","@id":"https:\/\/dhr.se\/goteborg\/vi-arbetar-med\/sparvagnsrapport\/vara-projekt\/","url":"https:\/\/dhr.se\/goteborg\/vi-arbetar-med\/sparvagnsrapport\/vara-projekt\/","name":"Projekt - DHR - G\u00f6teborg","isPartOf":{"@id":"https:\/\/dhr.se\/goteborg\/#website"},"datePublished":"2022-12-01T11:49:28+00:00","dateModified":"2026-02-10T12:40:06+00:00","breadcrumb":{"@id":"https:\/\/dhr.se\/goteborg\/vi-arbetar-med\/sparvagnsrapport\/vara-projekt\/#breadcrumb"},"inLanguage":"sv-SE","potentialAction":[{"@type":"ReadAction","target":["https:\/\/dhr.se\/goteborg\/vi-arbetar-med\/sparvagnsrapport\/vara-projekt\/"]}]},{"@type":"BreadcrumbList","@id":"https:\/\/dhr.se\/goteborg\/vi-arbetar-med\/sparvagnsrapport\/vara-projekt\/#breadcrumb","itemListElement":[{"@type":"ListItem","position":1,"name":"Hem","item":"https:\/\/dhr.se\/goteborg\/"},{"@type":"ListItem","position":2,"name":"Vi arbetar med","item":"https:\/\/dhr.se\/goteborg\/vi-arbetar-med\/"},{"@type":"ListItem","position":3,"name":"Sp\u00e5rvagnsrapport","item":"https:\/\/dhr.se\/goteborg\/vi-arbetar-med\/sparvagnsrapport\/"},{"@type":"ListItem","position":4,"name":"Projekt"}]},{"@type":"WebSite","@id":"https:\/\/dhr.se\/goteborg\/#website","url":"https:\/\/dhr.se\/goteborg\/","name":"DHR - G\u00f6teborg","description":"Delaktighet, r\u00f6relsefrihet och handlingskraft","potentialAction":[{"@type":"SearchAction","target":{"@type":"EntryPoint","urlTemplate":"https:\/\/dhr.se\/goteborg\/?s={search_term_string}"},"query-input":{"@type":"PropertyValueSpecification","valueRequired":true,"valueName":"search_term_string"}}],"inLanguage":"sv-SE"}]}},"publishpress_future_workflow_manual_trigger":{"enabledWorkflows":[]},"_links":{"self":[{"href":"https:\/\/dhr.se\/goteborg\/wp-json\/wp\/v2\/pages\/3625","targetHints":{"allow":["GET"]}}],"collection":[{"href":"https:\/\/dhr.se\/goteborg\/wp-json\/wp\/v2\/pages"}],"about":[{"href":"https:\/\/dhr.se\/goteborg\/wp-json\/wp\/v2\/types\/page"}],"author":[{"embeddable":true,"href":"https:\/\/dhr.se\/goteborg\/wp-json\/wp\/v2\/users\/7"}],"replies":[{"embeddable":true,"href":"https:\/\/dhr.se\/goteborg\/wp-json\/wp\/v2\/comments?post=3625"}],"version-history":[{"count":3,"href":"https:\/\/dhr.se\/goteborg\/wp-json\/wp\/v2\/pages\/3625\/revisions"}],"predecessor-version":[{"id":5244,"href":"https:\/\/dhr.se\/goteborg\/wp-json\/wp\/v2\/pages\/3625\/revisions\/5244"}],"up":[{"embeddable":true,"href":"https:\/\/dhr.se\/goteborg\/wp-json\/wp\/v2\/pages\/3247"}],"wp:attachment":[{"href":"https:\/\/dhr.se\/goteborg\/wp-json\/wp\/v2\/media?parent=3625"}],"curies":[{"name":"wp","href":"https:\/\/api.w.org\/{rel}","templated":true}]}}