{"id":3701,"date":"2023-02-09T15:08:10","date_gmt":"2023-02-09T14:08:10","guid":{"rendered":"https:\/\/dhr.se\/goteborg\/?page_id=3701"},"modified":"2023-10-25T13:29:35","modified_gmt":"2023-10-25T11:29:35","slug":"motespunkt-ii","status":"publish","type":"page","link":"https:\/\/dhr.se\/goteborg\/drivhuset-stockholm\/motespunkt-ii\/","title":{"rendered":"M\u00f6tesPunkt II"},"content":{"rendered":"<section class=\"block-simple-text\">\n    <div class=\"main\">\n        <div class=\"main-inner\">\n            <div class=\"ingress text-darker\"><p>H\u00e4r kan du l\u00e4sa v\u00e5rt senaste nummer av v\u00e5r medlemstidning M\u00f6tesPunkt. <a href=\"https:\/\/dhr.se\/goteborg\/motespunkt-2022\/\">Du kan fortfarande l\u00e4sa tidningarna fr\u00e5n 2022<\/a><\/p>\n<p><a href=\"https:\/\/dhr.se\/goteborg\/wp-content\/uploads\/sites\/3\/2023\/10\/Motespunkt_2023-6-2.pdf\"><img loading=\"lazy\" decoding=\"async\" class=\"alignnone\" src=\"https:\/\/dhr.se\/goteborg\/wp-content\/uploads\/sites\/3\/2023\/10\/MP6-2023.jpg\" alt=\"\" width=\"171\" height=\"221\" \/><\/a><a href=\"https:\/\/dhr.se\/goteborg\/wp-content\/uploads\/sites\/3\/2023\/09\/DHR-Motespunkt-nr-5.pdf\"><br \/>\n<\/a><a href=\"\/\/dhr.se\/goteborg\/wp-content\/uploads\/sites\/3\/2023\/10\/MP6-2023.jpg\"><br \/>\n<\/a><a href=\"https:\/\/dhr.se\/goteborg\/wp-content\/uploads\/sites\/3\/2023\/09\/DHR-Motespunkt-nr-5.pdf\"><img loading=\"lazy\" decoding=\"async\" class=\"alignnone\" src=\"https:\/\/dhr.se\/goteborg\/wp-content\/uploads\/sites\/3\/2023\/09\/mp5-2023.jpg\" alt=\"\" width=\"171\" height=\"221\" \/><\/a><\/p>\n<p><a href=\"https:\/\/dhr.se\/goteborg\/wp-content\/uploads\/sites\/3\/2023\/09\/DHR-Motespunkt-nr-5.pdf\"><br \/>\n<\/a><a href=\"https:\/\/dhr.se\/goteborg\/wp-content\/uploads\/sites\/3\/2023\/09\/DHR-Motespunkt-nr-5.pdf\"><img loading=\"lazy\" decoding=\"async\" class=\"alignnone\" src=\"https:\/\/dhr.se\/goteborg\/wp-content\/uploads\/sites\/3\/2023\/09\/mp5-2023.jpg\" alt=\"\" width=\"171\" height=\"221\" \/><\/a><\/p>\n<p><a href=\"https:\/\/dhr.se\/goteborg\/wp-content\/uploads\/sites\/3\/2023\/06\/DHR-Motespunkt-nr-4-2023.pdf\"><br \/>\n<\/a><a href=\"https:\/\/dhr.se\/goteborg\/wp-content\/uploads\/sites\/3\/2023\/06\/DHR-Motespunkt-nr-4-2023.pdf\"><img loading=\"lazy\" decoding=\"async\" class=\"alignnone\" src=\"https:\/\/dhr.se\/goteborg\/wp-content\/uploads\/sites\/3\/2023\/06\/MP-4-2023.jpg\" alt=\"\" width=\"171\" height=\"221\" \/><\/a><\/p>\n<p><a href=\"https:\/\/dhr.se\/goteborg\/wp-content\/uploads\/sites\/3\/2023\/05\/DHR-Motespunkt-nr-3-2023.pdf\"><img loading=\"lazy\" decoding=\"async\" class=\"alignnone size-medium wp-image-3871\" src=\"https:\/\/dhr.se\/goteborg\/wp-content\/uploads\/sites\/3\/2023\/05\/mp3-2023-232x300.jpg\" alt=\"\" width=\"171\" height=\"221\" srcset=\"https:\/\/dhr.se\/goteborg\/wp-content\/uploads\/sites\/3\/2023\/05\/mp3-2023-232x300.jpg 232w, https:\/\/dhr.se\/goteborg\/wp-content\/uploads\/sites\/3\/2023\/05\/mp3-2023.jpg 624w\" sizes=\"auto, (max-width: 171px) 100vw, 171px\" \/><\/a><\/p>\n<p><a href=\"https:\/\/dhr.se\/goteborg\/wp-content\/uploads\/sites\/3\/2023\/03\/DHR-Motespunkt-nr-2-2023.pdf\" target=\"_blank\" rel=\"noopener\"><img loading=\"lazy\" decoding=\"async\" class=\"\" src=\"https:\/\/dhr.se\/goteborg\/wp-content\/uploads\/sites\/3\/2023\/03\/mp2-2023.jpg\" width=\"171\" height=\"221\" \/><\/a><\/p>\n<p><a href=\"https:\/\/dhr.se\/goteborg\/wp-content\/uploads\/sites\/3\/2023\/02\/DHRMotespunktnr1-2023.pdf\" target=\"_blank\" rel=\"noopener\"><img loading=\"lazy\" decoding=\"async\" class=\"\" src=\"https:\/\/dhr.se\/goteborg\/wp-content\/uploads\/sites\/3\/2023\/02\/mp1-2023.jpg\" width=\"171\" height=\"221\" \/><\/a><\/p>\n<p>&nbsp;<\/p>\n<\/div>\n            <div class=\"content\"><\/div>\n        <\/div>\n    <\/div>\n<\/section>","protected":false},"excerpt":{"rendered":"","protected":false},"author":7,"featured_media":0,"parent":754,"menu_order":0,"comment_status":"closed","ping_status":"closed","template":"","meta":{"_acf_changed":false,"_monsterinsights_skip_tracking":false,"_monsterinsights_sitenote_active":false,"_monsterinsights_sitenote_note":"","_monsterinsights_sitenote_category":0,"footnotes":""},"class_list":["post-3701","page","type-page","status-publish","hentry"],"acf":[],"yoast_head":"<!-- This site is optimized with the Yoast SEO plugin v27.2 - https:\/\/yoast.com\/product\/yoast-seo-wordpress\/ -->\n<title>M\u00f6tesPunkt II - DHR - G\u00f6teborg<\/title>\n<meta name=\"robots\" content=\"index, follow, max-snippet:-1, max-image-preview:large, max-video-preview:-1\" \/>\n<link rel=\"canonical\" href=\"https:\/\/dhr.se\/goteborg\/drivhuset-stockholm\/motespunkt-ii\/\" \/>\n<meta property=\"og:locale\" content=\"sv_SE\" \/>\n<meta property=\"og:type\" content=\"article\" \/>\n<meta property=\"og:title\" content=\"M\u00f6tesPunkt II - DHR - G\u00f6teborg\" \/>\n<meta property=\"og:url\" content=\"https:\/\/dhr.se\/goteborg\/drivhuset-stockholm\/motespunkt-ii\/\" \/>\n<meta property=\"og:site_name\" content=\"DHR - G\u00f6teborg\" \/>\n<meta property=\"article:modified_time\" content=\"2023-10-25T11:29:35+00:00\" \/>\n<meta name=\"twitter:card\" content=\"summary_large_image\" \/>\n<script type=\"application\/ld+json\" class=\"yoast-schema-graph\">{\"@context\":\"https:\/\/schema.org\",\"@graph\":[{\"@type\":\"WebPage\",\"@id\":\"https:\/\/dhr.se\/goteborg\/drivhuset-stockholm\/motespunkt-ii\/\",\"url\":\"https:\/\/dhr.se\/goteborg\/drivhuset-stockholm\/motespunkt-ii\/\",\"name\":\"M\u00f6tesPunkt II - DHR - G\u00f6teborg\",\"isPartOf\":{\"@id\":\"https:\/\/dhr.se\/goteborg\/#website\"},\"datePublished\":\"2023-02-09T14:08:10+00:00\",\"dateModified\":\"2023-10-25T11:29:35+00:00\",\"breadcrumb\":{\"@id\":\"https:\/\/dhr.se\/goteborg\/drivhuset-stockholm\/motespunkt-ii\/#breadcrumb\"},\"inLanguage\":\"sv-SE\",\"potentialAction\":[{\"@type\":\"ReadAction\",\"target\":[\"https:\/\/dhr.se\/goteborg\/drivhuset-stockholm\/motespunkt-ii\/\"]}]},{\"@type\":\"BreadcrumbList\",\"@id\":\"https:\/\/dhr.se\/goteborg\/drivhuset-stockholm\/motespunkt-ii\/#breadcrumb\",\"itemListElement\":[{\"@type\":\"ListItem\",\"position\":1,\"name\":\"Hem\",\"item\":\"https:\/\/dhr.se\/goteborg\/\"},{\"@type\":\"ListItem\",\"position\":2,\"name\":\"DHR -G\u00f6teborg\",\"item\":\"https:\/\/dhr.se\/goteborg\/\"},{\"@type\":\"ListItem\",\"position\":3,\"name\":\"M\u00f6tesPunkt II\"}]},{\"@type\":\"WebSite\",\"@id\":\"https:\/\/dhr.se\/goteborg\/#website\",\"url\":\"https:\/\/dhr.se\/goteborg\/\",\"name\":\"DHR - G\u00f6teborg\",\"description\":\"Delaktighet, r\u00f6relsefrihet och handlingskraft\",\"potentialAction\":[{\"@type\":\"SearchAction\",\"target\":{\"@type\":\"EntryPoint\",\"urlTemplate\":\"https:\/\/dhr.se\/goteborg\/?s={search_term_string}\"},\"query-input\":{\"@type\":\"PropertyValueSpecification\",\"valueRequired\":true,\"valueName\":\"search_term_string\"}}],\"inLanguage\":\"sv-SE\"}]}<\/script>\n<!-- \/ Yoast SEO plugin. -->","yoast_head_json":{"title":"M\u00f6tesPunkt II - DHR - G\u00f6teborg","robots":{"index":"index","follow":"follow","max-snippet":"max-snippet:-1","max-image-preview":"max-image-preview:large","max-video-preview":"max-video-preview:-1"},"canonical":"https:\/\/dhr.se\/goteborg\/drivhuset-stockholm\/motespunkt-ii\/","og_locale":"sv_SE","og_type":"article","og_title":"M\u00f6tesPunkt II - DHR - G\u00f6teborg","og_url":"https:\/\/dhr.se\/goteborg\/drivhuset-stockholm\/motespunkt-ii\/","og_site_name":"DHR - G\u00f6teborg","article_modified_time":"2023-10-25T11:29:35+00:00","twitter_card":"summary_large_image","schema":{"@context":"https:\/\/schema.org","@graph":[{"@type":"WebPage","@id":"https:\/\/dhr.se\/goteborg\/drivhuset-stockholm\/motespunkt-ii\/","url":"https:\/\/dhr.se\/goteborg\/drivhuset-stockholm\/motespunkt-ii\/","name":"M\u00f6tesPunkt II - DHR - G\u00f6teborg","isPartOf":{"@id":"https:\/\/dhr.se\/goteborg\/#website"},"datePublished":"2023-02-09T14:08:10+00:00","dateModified":"2023-10-25T11:29:35+00:00","breadcrumb":{"@id":"https:\/\/dhr.se\/goteborg\/drivhuset-stockholm\/motespunkt-ii\/#breadcrumb"},"inLanguage":"sv-SE","potentialAction":[{"@type":"ReadAction","target":["https:\/\/dhr.se\/goteborg\/drivhuset-stockholm\/motespunkt-ii\/"]}]},{"@type":"BreadcrumbList","@id":"https:\/\/dhr.se\/goteborg\/drivhuset-stockholm\/motespunkt-ii\/#breadcrumb","itemListElement":[{"@type":"ListItem","position":1,"name":"Hem","item":"https:\/\/dhr.se\/goteborg\/"},{"@type":"ListItem","position":2,"name":"DHR -G\u00f6teborg","item":"https:\/\/dhr.se\/goteborg\/"},{"@type":"ListItem","position":3,"name":"M\u00f6tesPunkt II"}]},{"@type":"WebSite","@id":"https:\/\/dhr.se\/goteborg\/#website","url":"https:\/\/dhr.se\/goteborg\/","name":"DHR - G\u00f6teborg","description":"Delaktighet, r\u00f6relsefrihet och handlingskraft","potentialAction":[{"@type":"SearchAction","target":{"@type":"EntryPoint","urlTemplate":"https:\/\/dhr.se\/goteborg\/?s={search_term_string}"},"query-input":{"@type":"PropertyValueSpecification","valueRequired":true,"valueName":"search_term_string"}}],"inLanguage":"sv-SE"}]}},"publishpress_future_workflow_manual_trigger":{"enabledWorkflows":[]},"_links":{"self":[{"href":"https:\/\/dhr.se\/goteborg\/wp-json\/wp\/v2\/pages\/3701","targetHints":{"allow":["GET"]}}],"collection":[{"href":"https:\/\/dhr.se\/goteborg\/wp-json\/wp\/v2\/pages"}],"about":[{"href":"https:\/\/dhr.se\/goteborg\/wp-json\/wp\/v2\/types\/page"}],"author":[{"embeddable":true,"href":"https:\/\/dhr.se\/goteborg\/wp-json\/wp\/v2\/users\/7"}],"replies":[{"embeddable":true,"href":"https:\/\/dhr.se\/goteborg\/wp-json\/wp\/v2\/comments?post=3701"}],"version-history":[{"count":0,"href":"https:\/\/dhr.se\/goteborg\/wp-json\/wp\/v2\/pages\/3701\/revisions"}],"up":[{"embeddable":true,"href":"https:\/\/dhr.se\/goteborg\/wp-json\/wp\/v2\/pages\/754"}],"wp:attachment":[{"href":"https:\/\/dhr.se\/goteborg\/wp-json\/wp\/v2\/media?parent=3701"}],"curies":[{"name":"wp","href":"https:\/\/api.w.org\/{rel}","templated":true}]}}